{"id":16487,"date":"2023-12-31T12:42:06","date_gmt":"2023-12-31T11:42:06","guid":{"rendered":"https:\/\/emf-consult.com\/nettbutikk\/?post_type=product&#038;p=16487"},"modified":"2026-02-08T02:15:14","modified_gmt":"2026-02-08T01:15:14","slug":"stralebeskyttende-tykk-beanie-sennepsgul","status":"publish","type":"product","link":"https:\/\/emf-consult.com\/nettbutikk\/produkt\/stralebeskyttende-tykk-beanie-sennepsgul\/","title":{"rendered":"Str\u00e5lebeskyttende Tykk Beanie (Sennepsgul)"},"content":{"rendered":"<p>Str\u00e5lebeskyttende tykk beanie (lue) fra Leblok med 99,94% reduksjon av elektromagnetisk str\u00e5ling!<\/p>\n<p>Laget av sertifisert organisk bomull foret med skjermende materiale med s\u00f8lv fiber. Perfekt for shopping, reise og generell utend\u00f8rs bruk<\/p>\n<p><span id=\"result_box\" lang=\"no\">Strechstoffet gj\u00f8r at skjerming forblir relativt konstant, selv n\u00e5r den strekkes.\u00a0<\/span> &#8211;\u00a0Materialvalget er av ekstremt\u00a0h\u00f8y kvalitet som sikrer komforten under alle forhold.<\/p>\n<p><span id=\"result_box\" lang=\"no\">Kan maskinvaskes.<\/span><\/p>\n","protected":false},"excerpt":{"rendered":"<p>Materialer:<br \/>\nUtvendig: Sertifisert organisk bomull<br \/>\nInnvendig skjermende f\u00f3r: 4o% s\u00f8lv fibre, 50% Bambusfiber og 10%\u00a0 Spandex<br \/>\nDemper 34dB\/99.94%+ @ 1 GHz<\/p>\n<p>Tilgjengelige farger:<br \/>\nSvart, gr\u00e5, sennepsgul, marinebl\u00e5, olivengr\u00f8nn og sandfarget<\/p>\n<p>St\u00f8rrelser:<br \/>\nEn st\u00f8rrelse passer alle (20cm h\u00f8y, pluss 6cm oppbrett og 42-60cm omkrets)<\/p>\n<p>Renhold:<br \/>\nM\u00e5 ikke t\u00f8rr-renses. Maskinvask kun ved 30\u00b0C. Bruk bare <a href=\"\/nettbutikk\/produkt\/texcare-vaskepulver-1kg\/\">godkjent vaskepulver<\/a>. (Andre vaskemidler kan ha en alvorlig effekt p\u00e5 skjermingsniv\u00e5et). Ikke h\u00e5ndvask. Ikke t\u00f8rk i t\u00f8rketrommel. Drypp t\u00f8rr. M\u00e5 ikke blekes.<\/p>\n","protected":false},"featured_media":16471,"comment_status":"open","ping_status":"closed","template":"","meta":[],"product_brand":[],"product_cat":[50],"product_tag":[],"class_list":{"0":"post-16487","1":"product","2":"type-product","3":"status-publish","4":"has-post-thumbnail","6":"product_cat-bekledning-klaer","8":"first","9":"instock","10":"taxable","11":"shipping-taxable","12":"purchasable","13":"product-type-simple"},"yoast_head":"<!-- This site is optimized with the Yoast SEO plugin v27.4 - https:\/\/yoast.com\/product\/yoast-seo-wordpress\/ -->\n<title>Str\u00e5lebeskyttende Tykk Beanie (Sennepsgul) - EMF Consult<\/title>\n<meta name=\"robots\" content=\"index, follow, max-snippet:-1, max-image-preview:large, max-video-preview:-1\" \/>\n<link rel=\"canonical\" href=\"https:\/\/emf-consult.com\/nettbutikk\/produkt\/stralebeskyttende-tykk-beanie-sennepsgul\/\" \/>\n<meta property=\"og:locale\" content=\"nb_NO\" \/>\n<meta property=\"og:type\" content=\"article\" \/>\n<meta property=\"og:title\" content=\"Str\u00e5lebeskyttende Tykk Beanie (Sennepsgul) - EMF Consult\" \/>\n<meta property=\"og:description\" content=\"Materialer: Utvendig: Sertifisert organisk bomull Innvendig skjermende f\u00f3r: 4o% s\u00f8lv fibre, 50% Bambusfiber og 10%\u00a0 Spandex Demper 34dB\/99.94%+ @ 1 GHz  Tilgjengelige farger: Svart, gr\u00e5, sennepsgul, marinebl\u00e5, olivengr\u00f8nn og sandfarget  St\u00f8rrelser: En st\u00f8rrelse passer alle (20cm h\u00f8y, pluss 6cm oppbrett og 42-60cm omkrets)  Renhold: M\u00e5 ikke t\u00f8rr-renses. Maskinvask kun ved 30\u00b0C. Bruk bare godkjent vaskepulver. (Andre vaskemidler kan ha en alvorlig effekt p\u00e5 skjermingsniv\u00e5et). Ikke h\u00e5ndvask. Ikke t\u00f8rk i t\u00f8rketrommel. Drypp t\u00f8rr. M\u00e5 ikke blekes.\" \/>\n<meta property=\"og:url\" content=\"https:\/\/emf-consult.com\/nettbutikk\/produkt\/stralebeskyttende-tykk-beanie-sennepsgul\/\" \/>\n<meta property=\"og:site_name\" content=\"EMF Consult\" \/>\n<meta property=\"article:publisher\" content=\"https:\/\/www.facebook.com\/emfconsult\" \/>\n<meta property=\"article:modified_time\" content=\"2026-02-08T01:15:14+00:00\" \/>\n<meta property=\"og:image\" content=\"https:\/\/emf-consult.com\/nettbutikk\/wp-content\/uploads\/2023\/12\/leblok-emf-protective-knitted-beanie-hat-mustard.jpg\" \/>\n\t<meta property=\"og:image:width\" content=\"886\" \/>\n\t<meta property=\"og:image:height\" content=\"1024\" \/>\n\t<meta property=\"og:image:type\" content=\"image\/jpeg\" \/>\n<meta name=\"twitter:card\" content=\"summary_large_image\" \/>\n<meta name=\"twitter:label1\" content=\"Ansl. lesetid\" \/>\n\t<meta name=\"twitter:data1\" content=\"1 minutt\" \/>\n<script type=\"application\/ld+json\" class=\"yoast-schema-graph\">{\"@context\":\"https:\\\/\\\/schema.org\",\"@graph\":[{\"@type\":\"WebPage\",\"@id\":\"https:\\\/\\\/emf-consult.com\\\/nettbutikk\\\/produkt\\\/stralebeskyttende-tykk-beanie-sennepsgul\\\/\",\"url\":\"https:\\\/\\\/emf-consult.com\\\/nettbutikk\\\/produkt\\\/stralebeskyttende-tykk-beanie-sennepsgul\\\/\",\"name\":\"Str\u00e5lebeskyttende Tykk Beanie (Sennepsgul) - EMF Consult\",\"isPartOf\":{\"@id\":\"https:\\\/\\\/emf-consult.com\\\/nettbutikk\\\/#website\"},\"primaryImageOfPage\":{\"@id\":\"https:\\\/\\\/emf-consult.com\\\/nettbutikk\\\/produkt\\\/stralebeskyttende-tykk-beanie-sennepsgul\\\/#primaryimage\"},\"image\":{\"@id\":\"https:\\\/\\\/emf-consult.com\\\/nettbutikk\\\/produkt\\\/stralebeskyttende-tykk-beanie-sennepsgul\\\/#primaryimage\"},\"thumbnailUrl\":\"https:\\\/\\\/emf-consult.com\\\/nettbutikk\\\/wp-content\\\/uploads\\\/2023\\\/12\\\/leblok-emf-protective-knitted-beanie-hat-mustard.jpg\",\"datePublished\":\"2023-12-31T11:42:06+00:00\",\"dateModified\":\"2026-02-08T01:15:14+00:00\",\"breadcrumb\":{\"@id\":\"https:\\\/\\\/emf-consult.com\\\/nettbutikk\\\/produkt\\\/stralebeskyttende-tykk-beanie-sennepsgul\\\/#breadcrumb\"},\"inLanguage\":\"nb-NO\",\"potentialAction\":[{\"@type\":\"ReadAction\",\"target\":[\"https:\\\/\\\/emf-consult.com\\\/nettbutikk\\\/produkt\\\/stralebeskyttende-tykk-beanie-sennepsgul\\\/\"]}]},{\"@type\":\"ImageObject\",\"inLanguage\":\"nb-NO\",\"@id\":\"https:\\\/\\\/emf-consult.com\\\/nettbutikk\\\/produkt\\\/stralebeskyttende-tykk-beanie-sennepsgul\\\/#primaryimage\",\"url\":\"https:\\\/\\\/emf-consult.com\\\/nettbutikk\\\/wp-content\\\/uploads\\\/2023\\\/12\\\/leblok-emf-protective-knitted-beanie-hat-mustard.jpg\",\"contentUrl\":\"https:\\\/\\\/emf-consult.com\\\/nettbutikk\\\/wp-content\\\/uploads\\\/2023\\\/12\\\/leblok-emf-protective-knitted-beanie-hat-mustard.jpg\",\"width\":886,\"height\":1024},{\"@type\":\"BreadcrumbList\",\"@id\":\"https:\\\/\\\/emf-consult.com\\\/nettbutikk\\\/produkt\\\/stralebeskyttende-tykk-beanie-sennepsgul\\\/#breadcrumb\",\"itemListElement\":[{\"@type\":\"ListItem\",\"position\":1,\"name\":\"Hjem\",\"item\":\"https:\\\/\\\/emf-consult.com\\\/nettbutikk\\\/\"},{\"@type\":\"ListItem\",\"position\":2,\"name\":\"Butikk\",\"item\":\"https:\\\/\\\/emf-consult.com\\\/nettbutikk\\\/butikk\\\/\"},{\"@type\":\"ListItem\",\"position\":3,\"name\":\"Str\u00e5lebeskyttende Tykk Beanie (Sennepsgul)\"}]},{\"@type\":\"WebSite\",\"@id\":\"https:\\\/\\\/emf-consult.com\\\/nettbutikk\\\/#website\",\"url\":\"https:\\\/\\\/emf-consult.com\\\/nettbutikk\\\/\",\"name\":\"EMF Consult\",\"description\":\"Nettbutikk - Beskyttelse mot str\u00e5ling\",\"publisher\":{\"@id\":\"https:\\\/\\\/emf-consult.com\\\/nettbutikk\\\/#organization\"},\"potentialAction\":[{\"@type\":\"SearchAction\",\"target\":{\"@type\":\"EntryPoint\",\"urlTemplate\":\"https:\\\/\\\/emf-consult.com\\\/nettbutikk\\\/?s={search_term_string}\"},\"query-input\":{\"@type\":\"PropertyValueSpecification\",\"valueRequired\":true,\"valueName\":\"search_term_string\"}}],\"inLanguage\":\"nb-NO\"},{\"@type\":\"Organization\",\"@id\":\"https:\\\/\\\/emf-consult.com\\\/nettbutikk\\\/#organization\",\"name\":\"EMF Consult AS\",\"url\":\"https:\\\/\\\/emf-consult.com\\\/nettbutikk\\\/\",\"logo\":{\"@type\":\"ImageObject\",\"inLanguage\":\"nb-NO\",\"@id\":\"https:\\\/\\\/emf-consult.com\\\/nettbutikk\\\/#\\\/schema\\\/logo\\\/image\\\/\",\"url\":\"https:\\\/\\\/emf-consult.com\\\/nettbutikk\\\/wp-content\\\/uploads\\\/2022\\\/07\\\/cropped-Favikon-rod-e1658786300694.png\",\"contentUrl\":\"https:\\\/\\\/emf-consult.com\\\/nettbutikk\\\/wp-content\\\/uploads\\\/2022\\\/07\\\/cropped-Favikon-rod-e1658786300694.png\",\"width\":150,\"height\":150,\"caption\":\"EMF Consult AS\"},\"image\":{\"@id\":\"https:\\\/\\\/emf-consult.com\\\/nettbutikk\\\/#\\\/schema\\\/logo\\\/image\\\/\"},\"sameAs\":[\"https:\\\/\\\/www.facebook.com\\\/emfconsult\",\"https:\\\/\\\/www.linkedin.com\\\/company\\\/emf-consult\\\/\"]}]}<\/script>\n<!-- \/ Yoast SEO plugin. -->","yoast_head_json":{"title":"Str\u00e5lebeskyttende Tykk Beanie (Sennepsgul) - EMF Consult","robots":{"index":"index","follow":"follow","max-snippet":"max-snippet:-1","max-image-preview":"max-image-preview:large","max-video-preview":"max-video-preview:-1"},"canonical":"https:\/\/emf-consult.com\/nettbutikk\/produkt\/stralebeskyttende-tykk-beanie-sennepsgul\/","og_locale":"nb_NO","og_type":"article","og_title":"Str\u00e5lebeskyttende Tykk Beanie (Sennepsgul) - EMF Consult","og_description":"Materialer: Utvendig: Sertifisert organisk bomull Innvendig skjermende f\u00f3r: 4o% s\u00f8lv fibre, 50% Bambusfiber og 10%\u00a0 Spandex Demper 34dB\/99.94%+ @ 1 GHz  Tilgjengelige farger: Svart, gr\u00e5, sennepsgul, marinebl\u00e5, olivengr\u00f8nn og sandfarget  St\u00f8rrelser: En st\u00f8rrelse passer alle (20cm h\u00f8y, pluss 6cm oppbrett og 42-60cm omkrets)  Renhold: M\u00e5 ikke t\u00f8rr-renses. Maskinvask kun ved 30\u00b0C. Bruk bare godkjent vaskepulver. (Andre vaskemidler kan ha en alvorlig effekt p\u00e5 skjermingsniv\u00e5et). Ikke h\u00e5ndvask. Ikke t\u00f8rk i t\u00f8rketrommel. Drypp t\u00f8rr. M\u00e5 ikke blekes.","og_url":"https:\/\/emf-consult.com\/nettbutikk\/produkt\/stralebeskyttende-tykk-beanie-sennepsgul\/","og_site_name":"EMF Consult","article_publisher":"https:\/\/www.facebook.com\/emfconsult","article_modified_time":"2026-02-08T01:15:14+00:00","og_image":[{"width":886,"height":1024,"url":"https:\/\/emf-consult.com\/nettbutikk\/wp-content\/uploads\/2023\/12\/leblok-emf-protective-knitted-beanie-hat-mustard.jpg","type":"image\/jpeg"}],"twitter_card":"summary_large_image","twitter_misc":{"Ansl. lesetid":"1 minutt"},"schema":{"@context":"https:\/\/schema.org","@graph":[{"@type":"WebPage","@id":"https:\/\/emf-consult.com\/nettbutikk\/produkt\/stralebeskyttende-tykk-beanie-sennepsgul\/","url":"https:\/\/emf-consult.com\/nettbutikk\/produkt\/stralebeskyttende-tykk-beanie-sennepsgul\/","name":"Str\u00e5lebeskyttende Tykk Beanie (Sennepsgul) - EMF Consult","isPartOf":{"@id":"https:\/\/emf-consult.com\/nettbutikk\/#website"},"primaryImageOfPage":{"@id":"https:\/\/emf-consult.com\/nettbutikk\/produkt\/stralebeskyttende-tykk-beanie-sennepsgul\/#primaryimage"},"image":{"@id":"https:\/\/emf-consult.com\/nettbutikk\/produkt\/stralebeskyttende-tykk-beanie-sennepsgul\/#primaryimage"},"thumbnailUrl":"https:\/\/emf-consult.com\/nettbutikk\/wp-content\/uploads\/2023\/12\/leblok-emf-protective-knitted-beanie-hat-mustard.jpg","datePublished":"2023-12-31T11:42:06+00:00","dateModified":"2026-02-08T01:15:14+00:00","breadcrumb":{"@id":"https:\/\/emf-consult.com\/nettbutikk\/produkt\/stralebeskyttende-tykk-beanie-sennepsgul\/#breadcrumb"},"inLanguage":"nb-NO","potentialAction":[{"@type":"ReadAction","target":["https:\/\/emf-consult.com\/nettbutikk\/produkt\/stralebeskyttende-tykk-beanie-sennepsgul\/"]}]},{"@type":"ImageObject","inLanguage":"nb-NO","@id":"https:\/\/emf-consult.com\/nettbutikk\/produkt\/stralebeskyttende-tykk-beanie-sennepsgul\/#primaryimage","url":"https:\/\/emf-consult.com\/nettbutikk\/wp-content\/uploads\/2023\/12\/leblok-emf-protective-knitted-beanie-hat-mustard.jpg","contentUrl":"https:\/\/emf-consult.com\/nettbutikk\/wp-content\/uploads\/2023\/12\/leblok-emf-protective-knitted-beanie-hat-mustard.jpg","width":886,"height":1024},{"@type":"BreadcrumbList","@id":"https:\/\/emf-consult.com\/nettbutikk\/produkt\/stralebeskyttende-tykk-beanie-sennepsgul\/#breadcrumb","itemListElement":[{"@type":"ListItem","position":1,"name":"Hjem","item":"https:\/\/emf-consult.com\/nettbutikk\/"},{"@type":"ListItem","position":2,"name":"Butikk","item":"https:\/\/emf-consult.com\/nettbutikk\/butikk\/"},{"@type":"ListItem","position":3,"name":"Str\u00e5lebeskyttende Tykk Beanie (Sennepsgul)"}]},{"@type":"WebSite","@id":"https:\/\/emf-consult.com\/nettbutikk\/#website","url":"https:\/\/emf-consult.com\/nettbutikk\/","name":"EMF Consult","description":"Nettbutikk - Beskyttelse mot str\u00e5ling","publisher":{"@id":"https:\/\/emf-consult.com\/nettbutikk\/#organization"},"potentialAction":[{"@type":"SearchAction","target":{"@type":"EntryPoint","urlTemplate":"https:\/\/emf-consult.com\/nettbutikk\/?s={search_term_string}"},"query-input":{"@type":"PropertyValueSpecification","valueRequired":true,"valueName":"search_term_string"}}],"inLanguage":"nb-NO"},{"@type":"Organization","@id":"https:\/\/emf-consult.com\/nettbutikk\/#organization","name":"EMF Consult AS","url":"https:\/\/emf-consult.com\/nettbutikk\/","logo":{"@type":"ImageObject","inLanguage":"nb-NO","@id":"https:\/\/emf-consult.com\/nettbutikk\/#\/schema\/logo\/image\/","url":"https:\/\/emf-consult.com\/nettbutikk\/wp-content\/uploads\/2022\/07\/cropped-Favikon-rod-e1658786300694.png","contentUrl":"https:\/\/emf-consult.com\/nettbutikk\/wp-content\/uploads\/2022\/07\/cropped-Favikon-rod-e1658786300694.png","width":150,"height":150,"caption":"EMF Consult AS"},"image":{"@id":"https:\/\/emf-consult.com\/nettbutikk\/#\/schema\/logo\/image\/"},"sameAs":["https:\/\/www.facebook.com\/emfconsult","https:\/\/www.linkedin.com\/company\/emf-consult\/"]}]}},"_links":{"self":[{"href":"https:\/\/emf-consult.com\/nettbutikk\/wp-json\/wp\/v2\/product\/16487","targetHints":{"allow":["GET"]}}],"collection":[{"href":"https:\/\/emf-consult.com\/nettbutikk\/wp-json\/wp\/v2\/product"}],"about":[{"href":"https:\/\/emf-consult.com\/nettbutikk\/wp-json\/wp\/v2\/types\/product"}],"replies":[{"embeddable":true,"href":"https:\/\/emf-consult.com\/nettbutikk\/wp-json\/wp\/v2\/comments?post=16487"}],"wp:featuredmedia":[{"embeddable":true,"href":"https:\/\/emf-consult.com\/nettbutikk\/wp-json\/wp\/v2\/media\/16471"}],"wp:attachment":[{"href":"https:\/\/emf-consult.com\/nettbutikk\/wp-json\/wp\/v2\/media?parent=16487"}],"wp:term":[{"taxonomy":"product_brand","embeddable":true,"href":"https:\/\/emf-consult.com\/nettbutikk\/wp-json\/wp\/v2\/product_brand?post=16487"},{"taxonomy":"product_cat","embeddable":true,"href":"https:\/\/emf-consult.com\/nettbutikk\/wp-json\/wp\/v2\/product_cat?post=16487"},{"taxonomy":"product_tag","embeddable":true,"href":"https:\/\/emf-consult.com\/nettbutikk\/wp-json\/wp\/v2\/product_tag?post=16487"}],"curies":[{"name":"wp","href":"https:\/\/api.w.org\/{rel}","templated":true}]}}