{"id":16453,"date":"2023-12-21T08:52:17","date_gmt":"2023-12-21T07:52:17","guid":{"rendered":"https:\/\/emf-consult.com\/nettbutikk\/?post_type=product&#038;p=16453"},"modified":"2026-02-03T19:13:13","modified_gmt":"2026-02-03T18:13:13","slug":"bordlampe-berlin-fleksibel-arm-trefot-18m-ledning-max-20w","status":"publish","type":"product","link":"https:\/\/emf-consult.com\/nettbutikk\/produkt\/bordlampe-berlin-fleksibel-arm-trefot-18m-ledning-max-20w\/","title":{"rendered":"Bordlampe Berlin, fleksibel arm, trefot, 1,8m ledning, max 20W"},"content":{"rendered":"<p>&#8220;Berlin&#8221; &#8211; bordlampe til stuen eller soverommet.<\/p>\n<p>Skjermet bordlampe laget av metall med trefot laget av bambus. Fleksibel nakke som beveger seg i alle retninger. Vri lampen i den retningen du \u00f8nsker og stillingen holdes.<\/p>\n<p>Moderne pulverlakkert bordlampe i hvit farge. Skjermet fra p\u00e6re til st\u00f8psel\u00a0for \u00e5 redusere de elektromagnetiske feltene til et minimum.<\/p>\n<ul>\n<li>Lampeskjerm og arm av metall.<\/li>\n<li>Sokkel i tre<\/li>\n<li>Skjermings spiral i rustfritt st\u00e5l rundt lyskilden<\/li>\n<li>Ekstra skjermet str\u00f8mkabel<\/li>\n<li>2-polet bryter<\/li>\n<\/ul>\n<p>Lampen har en 180 cm tilkoblingskabel. Av\/p\u00e5-bryteren er plassert p\u00e5 lampens fot. Leveres med LED-p\u00e6re G9.<\/p>\n","protected":false},"excerpt":{"rendered":"<ul>\n<li>Fot:\n<ul>\n<li>Diameter: 18 cm<\/li>\n<li>H\u00f8yde 46 cm<\/li>\n<li>Farge: Hvit og tre<\/li>\n<\/ul>\n<\/li>\n<li>Matespenning 230 V \/ 50 Hz<\/li>\n<li>Ledning: Hvit skjermet ledning p\u00e5 1,8 m med 2-pol bryter<\/li>\n<li>P\u00e6re: E14, maks. 20Watt<\/li>\n<\/ul>\n<p>&nbsp;<\/p>\n","protected":false},"featured_media":16464,"comment_status":"open","ping_status":"closed","template":"","meta":[],"product_brand":[],"product_cat":[38,28],"product_tag":[],"class_list":{"0":"post-16453","1":"product","2":"type-product","3":"status-publish","4":"has-post-thumbnail","6":"product_cat-belysning-lamper","7":"product_cat-lavstraleprodukter","8":"pa_farge-aluminium","9":"pa_farge-svart","11":"first","12":"instock","13":"taxable","14":"shipping-taxable","15":"purchasable","16":"product-type-simple"},"yoast_head":"<!-- This site is optimized with the Yoast SEO plugin v27.4 - https:\/\/yoast.com\/product\/yoast-seo-wordpress\/ -->\n<title>Bordlampe Berlin, fleksibel arm, trefot, 1,8m ledning, max 20W - EMF Consult<\/title>\n<meta name=\"robots\" content=\"index, follow, max-snippet:-1, max-image-preview:large, max-video-preview:-1\" \/>\n<link rel=\"canonical\" href=\"https:\/\/emf-consult.com\/nettbutikk\/produkt\/bordlampe-berlin-fleksibel-arm-trefot-18m-ledning-max-20w\/\" \/>\n<meta property=\"og:locale\" content=\"nb_NO\" \/>\n<meta property=\"og:type\" content=\"article\" \/>\n<meta property=\"og:title\" content=\"Bordlampe Berlin, fleksibel arm, trefot, 1,8m ledning, max 20W - EMF Consult\" \/>\n<meta property=\"og:description\" content=\"Fot:   Diameter: 18 cm  H\u00f8yde 46 cm  Farge: Hvit og tre    Matespenning 230 V \/ 50 Hz  Ledning: Hvit skjermet ledning p\u00e5 1,8 m med 2-pol bryter  P\u00e6re: E14, maks. 20Watt  &nbsp;\" \/>\n<meta property=\"og:url\" content=\"https:\/\/emf-consult.com\/nettbutikk\/produkt\/bordlampe-berlin-fleksibel-arm-trefot-18m-ledning-max-20w\/\" \/>\n<meta property=\"og:site_name\" content=\"EMF Consult\" \/>\n<meta property=\"article:publisher\" content=\"https:\/\/www.facebook.com\/emfconsult\" \/>\n<meta property=\"article:modified_time\" content=\"2026-02-03T18:13:13+00:00\" \/>\n<meta property=\"og:image\" content=\"https:\/\/emf-consult.com\/nettbutikk\/wp-content\/uploads\/2023\/12\/Berlin.jpg\" \/>\n\t<meta property=\"og:image:width\" content=\"540\" \/>\n\t<meta property=\"og:image:height\" content=\"540\" \/>\n\t<meta property=\"og:image:type\" content=\"image\/jpeg\" \/>\n<meta name=\"twitter:card\" content=\"summary_large_image\" \/>\n<meta name=\"twitter:label1\" content=\"Ansl. lesetid\" \/>\n\t<meta name=\"twitter:data1\" content=\"1 minutt\" \/>\n<script type=\"application\/ld+json\" class=\"yoast-schema-graph\">{\"@context\":\"https:\\\/\\\/schema.org\",\"@graph\":[{\"@type\":\"WebPage\",\"@id\":\"https:\\\/\\\/emf-consult.com\\\/nettbutikk\\\/produkt\\\/bordlampe-berlin-fleksibel-arm-trefot-18m-ledning-max-20w\\\/\",\"url\":\"https:\\\/\\\/emf-consult.com\\\/nettbutikk\\\/produkt\\\/bordlampe-berlin-fleksibel-arm-trefot-18m-ledning-max-20w\\\/\",\"name\":\"Bordlampe Berlin, fleksibel arm, trefot, 1,8m ledning, max 20W - EMF Consult\",\"isPartOf\":{\"@id\":\"https:\\\/\\\/emf-consult.com\\\/nettbutikk\\\/#website\"},\"primaryImageOfPage\":{\"@id\":\"https:\\\/\\\/emf-consult.com\\\/nettbutikk\\\/produkt\\\/bordlampe-berlin-fleksibel-arm-trefot-18m-ledning-max-20w\\\/#primaryimage\"},\"image\":{\"@id\":\"https:\\\/\\\/emf-consult.com\\\/nettbutikk\\\/produkt\\\/bordlampe-berlin-fleksibel-arm-trefot-18m-ledning-max-20w\\\/#primaryimage\"},\"thumbnailUrl\":\"https:\\\/\\\/emf-consult.com\\\/nettbutikk\\\/wp-content\\\/uploads\\\/2023\\\/12\\\/Berlin.jpg\",\"datePublished\":\"2023-12-21T07:52:17+00:00\",\"dateModified\":\"2026-02-03T18:13:13+00:00\",\"breadcrumb\":{\"@id\":\"https:\\\/\\\/emf-consult.com\\\/nettbutikk\\\/produkt\\\/bordlampe-berlin-fleksibel-arm-trefot-18m-ledning-max-20w\\\/#breadcrumb\"},\"inLanguage\":\"nb-NO\",\"potentialAction\":[{\"@type\":\"ReadAction\",\"target\":[\"https:\\\/\\\/emf-consult.com\\\/nettbutikk\\\/produkt\\\/bordlampe-berlin-fleksibel-arm-trefot-18m-ledning-max-20w\\\/\"]}]},{\"@type\":\"ImageObject\",\"inLanguage\":\"nb-NO\",\"@id\":\"https:\\\/\\\/emf-consult.com\\\/nettbutikk\\\/produkt\\\/bordlampe-berlin-fleksibel-arm-trefot-18m-ledning-max-20w\\\/#primaryimage\",\"url\":\"https:\\\/\\\/emf-consult.com\\\/nettbutikk\\\/wp-content\\\/uploads\\\/2023\\\/12\\\/Berlin.jpg\",\"contentUrl\":\"https:\\\/\\\/emf-consult.com\\\/nettbutikk\\\/wp-content\\\/uploads\\\/2023\\\/12\\\/Berlin.jpg\",\"width\":540,\"height\":540},{\"@type\":\"BreadcrumbList\",\"@id\":\"https:\\\/\\\/emf-consult.com\\\/nettbutikk\\\/produkt\\\/bordlampe-berlin-fleksibel-arm-trefot-18m-ledning-max-20w\\\/#breadcrumb\",\"itemListElement\":[{\"@type\":\"ListItem\",\"position\":1,\"name\":\"Hjem\",\"item\":\"https:\\\/\\\/emf-consult.com\\\/nettbutikk\\\/\"},{\"@type\":\"ListItem\",\"position\":2,\"name\":\"Butikk\",\"item\":\"https:\\\/\\\/emf-consult.com\\\/nettbutikk\\\/butikk\\\/\"},{\"@type\":\"ListItem\",\"position\":3,\"name\":\"Bordlampe Berlin, fleksibel arm, trefot, 1,8m ledning, max 20W\"}]},{\"@type\":\"WebSite\",\"@id\":\"https:\\\/\\\/emf-consult.com\\\/nettbutikk\\\/#website\",\"url\":\"https:\\\/\\\/emf-consult.com\\\/nettbutikk\\\/\",\"name\":\"EMF Consult\",\"description\":\"Nettbutikk - Beskyttelse mot str\u00e5ling\",\"publisher\":{\"@id\":\"https:\\\/\\\/emf-consult.com\\\/nettbutikk\\\/#organization\"},\"potentialAction\":[{\"@type\":\"SearchAction\",\"target\":{\"@type\":\"EntryPoint\",\"urlTemplate\":\"https:\\\/\\\/emf-consult.com\\\/nettbutikk\\\/?s={search_term_string}\"},\"query-input\":{\"@type\":\"PropertyValueSpecification\",\"valueRequired\":true,\"valueName\":\"search_term_string\"}}],\"inLanguage\":\"nb-NO\"},{\"@type\":\"Organization\",\"@id\":\"https:\\\/\\\/emf-consult.com\\\/nettbutikk\\\/#organization\",\"name\":\"EMF Consult AS\",\"url\":\"https:\\\/\\\/emf-consult.com\\\/nettbutikk\\\/\",\"logo\":{\"@type\":\"ImageObject\",\"inLanguage\":\"nb-NO\",\"@id\":\"https:\\\/\\\/emf-consult.com\\\/nettbutikk\\\/#\\\/schema\\\/logo\\\/image\\\/\",\"url\":\"https:\\\/\\\/emf-consult.com\\\/nettbutikk\\\/wp-content\\\/uploads\\\/2022\\\/07\\\/cropped-Favikon-rod-e1658786300694.png\",\"contentUrl\":\"https:\\\/\\\/emf-consult.com\\\/nettbutikk\\\/wp-content\\\/uploads\\\/2022\\\/07\\\/cropped-Favikon-rod-e1658786300694.png\",\"width\":150,\"height\":150,\"caption\":\"EMF Consult AS\"},\"image\":{\"@id\":\"https:\\\/\\\/emf-consult.com\\\/nettbutikk\\\/#\\\/schema\\\/logo\\\/image\\\/\"},\"sameAs\":[\"https:\\\/\\\/www.facebook.com\\\/emfconsult\",\"https:\\\/\\\/www.linkedin.com\\\/company\\\/emf-consult\\\/\"]}]}<\/script>\n<!-- \/ Yoast SEO plugin. -->","yoast_head_json":{"title":"Bordlampe Berlin, fleksibel arm, trefot, 1,8m ledning, max 20W - EMF Consult","robots":{"index":"index","follow":"follow","max-snippet":"max-snippet:-1","max-image-preview":"max-image-preview:large","max-video-preview":"max-video-preview:-1"},"canonical":"https:\/\/emf-consult.com\/nettbutikk\/produkt\/bordlampe-berlin-fleksibel-arm-trefot-18m-ledning-max-20w\/","og_locale":"nb_NO","og_type":"article","og_title":"Bordlampe Berlin, fleksibel arm, trefot, 1,8m ledning, max 20W - EMF Consult","og_description":"Fot:   Diameter: 18 cm  H\u00f8yde 46 cm  Farge: Hvit og tre    Matespenning 230 V \/ 50 Hz  Ledning: Hvit skjermet ledning p\u00e5 1,8 m med 2-pol bryter  P\u00e6re: E14, maks. 20Watt  &nbsp;","og_url":"https:\/\/emf-consult.com\/nettbutikk\/produkt\/bordlampe-berlin-fleksibel-arm-trefot-18m-ledning-max-20w\/","og_site_name":"EMF Consult","article_publisher":"https:\/\/www.facebook.com\/emfconsult","article_modified_time":"2026-02-03T18:13:13+00:00","og_image":[{"width":540,"height":540,"url":"https:\/\/emf-consult.com\/nettbutikk\/wp-content\/uploads\/2023\/12\/Berlin.jpg","type":"image\/jpeg"}],"twitter_card":"summary_large_image","twitter_misc":{"Ansl. lesetid":"1 minutt"},"schema":{"@context":"https:\/\/schema.org","@graph":[{"@type":"WebPage","@id":"https:\/\/emf-consult.com\/nettbutikk\/produkt\/bordlampe-berlin-fleksibel-arm-trefot-18m-ledning-max-20w\/","url":"https:\/\/emf-consult.com\/nettbutikk\/produkt\/bordlampe-berlin-fleksibel-arm-trefot-18m-ledning-max-20w\/","name":"Bordlampe Berlin, fleksibel arm, trefot, 1,8m ledning, max 20W - EMF Consult","isPartOf":{"@id":"https:\/\/emf-consult.com\/nettbutikk\/#website"},"primaryImageOfPage":{"@id":"https:\/\/emf-consult.com\/nettbutikk\/produkt\/bordlampe-berlin-fleksibel-arm-trefot-18m-ledning-max-20w\/#primaryimage"},"image":{"@id":"https:\/\/emf-consult.com\/nettbutikk\/produkt\/bordlampe-berlin-fleksibel-arm-trefot-18m-ledning-max-20w\/#primaryimage"},"thumbnailUrl":"https:\/\/emf-consult.com\/nettbutikk\/wp-content\/uploads\/2023\/12\/Berlin.jpg","datePublished":"2023-12-21T07:52:17+00:00","dateModified":"2026-02-03T18:13:13+00:00","breadcrumb":{"@id":"https:\/\/emf-consult.com\/nettbutikk\/produkt\/bordlampe-berlin-fleksibel-arm-trefot-18m-ledning-max-20w\/#breadcrumb"},"inLanguage":"nb-NO","potentialAction":[{"@type":"ReadAction","target":["https:\/\/emf-consult.com\/nettbutikk\/produkt\/bordlampe-berlin-fleksibel-arm-trefot-18m-ledning-max-20w\/"]}]},{"@type":"ImageObject","inLanguage":"nb-NO","@id":"https:\/\/emf-consult.com\/nettbutikk\/produkt\/bordlampe-berlin-fleksibel-arm-trefot-18m-ledning-max-20w\/#primaryimage","url":"https:\/\/emf-consult.com\/nettbutikk\/wp-content\/uploads\/2023\/12\/Berlin.jpg","contentUrl":"https:\/\/emf-consult.com\/nettbutikk\/wp-content\/uploads\/2023\/12\/Berlin.jpg","width":540,"height":540},{"@type":"BreadcrumbList","@id":"https:\/\/emf-consult.com\/nettbutikk\/produkt\/bordlampe-berlin-fleksibel-arm-trefot-18m-ledning-max-20w\/#breadcrumb","itemListElement":[{"@type":"ListItem","position":1,"name":"Hjem","item":"https:\/\/emf-consult.com\/nettbutikk\/"},{"@type":"ListItem","position":2,"name":"Butikk","item":"https:\/\/emf-consult.com\/nettbutikk\/butikk\/"},{"@type":"ListItem","position":3,"name":"Bordlampe Berlin, fleksibel arm, trefot, 1,8m ledning, max 20W"}]},{"@type":"WebSite","@id":"https:\/\/emf-consult.com\/nettbutikk\/#website","url":"https:\/\/emf-consult.com\/nettbutikk\/","name":"EMF Consult","description":"Nettbutikk - Beskyttelse mot str\u00e5ling","publisher":{"@id":"https:\/\/emf-consult.com\/nettbutikk\/#organization"},"potentialAction":[{"@type":"SearchAction","target":{"@type":"EntryPoint","urlTemplate":"https:\/\/emf-consult.com\/nettbutikk\/?s={search_term_string}"},"query-input":{"@type":"PropertyValueSpecification","valueRequired":true,"valueName":"search_term_string"}}],"inLanguage":"nb-NO"},{"@type":"Organization","@id":"https:\/\/emf-consult.com\/nettbutikk\/#organization","name":"EMF Consult AS","url":"https:\/\/emf-consult.com\/nettbutikk\/","logo":{"@type":"ImageObject","inLanguage":"nb-NO","@id":"https:\/\/emf-consult.com\/nettbutikk\/#\/schema\/logo\/image\/","url":"https:\/\/emf-consult.com\/nettbutikk\/wp-content\/uploads\/2022\/07\/cropped-Favikon-rod-e1658786300694.png","contentUrl":"https:\/\/emf-consult.com\/nettbutikk\/wp-content\/uploads\/2022\/07\/cropped-Favikon-rod-e1658786300694.png","width":150,"height":150,"caption":"EMF Consult AS"},"image":{"@id":"https:\/\/emf-consult.com\/nettbutikk\/#\/schema\/logo\/image\/"},"sameAs":["https:\/\/www.facebook.com\/emfconsult","https:\/\/www.linkedin.com\/company\/emf-consult\/"]}]}},"_links":{"self":[{"href":"https:\/\/emf-consult.com\/nettbutikk\/wp-json\/wp\/v2\/product\/16453","targetHints":{"allow":["GET"]}}],"collection":[{"href":"https:\/\/emf-consult.com\/nettbutikk\/wp-json\/wp\/v2\/product"}],"about":[{"href":"https:\/\/emf-consult.com\/nettbutikk\/wp-json\/wp\/v2\/types\/product"}],"replies":[{"embeddable":true,"href":"https:\/\/emf-consult.com\/nettbutikk\/wp-json\/wp\/v2\/comments?post=16453"}],"wp:featuredmedia":[{"embeddable":true,"href":"https:\/\/emf-consult.com\/nettbutikk\/wp-json\/wp\/v2\/media\/16464"}],"wp:attachment":[{"href":"https:\/\/emf-consult.com\/nettbutikk\/wp-json\/wp\/v2\/media?parent=16453"}],"wp:term":[{"taxonomy":"product_brand","embeddable":true,"href":"https:\/\/emf-consult.com\/nettbutikk\/wp-json\/wp\/v2\/product_brand?post=16453"},{"taxonomy":"product_cat","embeddable":true,"href":"https:\/\/emf-consult.com\/nettbutikk\/wp-json\/wp\/v2\/product_cat?post=16453"},{"taxonomy":"product_tag","embeddable":true,"href":"https:\/\/emf-consult.com\/nettbutikk\/wp-json\/wp\/v2\/product_tag?post=16453"}],"curies":[{"name":"wp","href":"https:\/\/api.w.org\/{rel}","templated":true}]}}