{"id":15877,"date":"2023-06-25T08:18:59","date_gmt":"2023-06-25T06:18:59","guid":{"rendered":"https:\/\/emf-consult.com\/nettbutikk\/?post_type=product&#038;p=15877"},"modified":"2025-05-02T17:08:22","modified_gmt":"2025-05-02T15:08:22","slug":"hf-lf-cornet-ed88tplus5g2-tri-mode-meter","status":"publish","type":"product","link":"https:\/\/emf-consult.com\/nettbutikk\/produkt\/hf-lf-cornet-ed88tplus5g2-tri-mode-meter\/","title":{"rendered":"HF-LF Cornet ED88TPlus5G2 Tri-mode meter"},"content":{"rendered":"<p><b>Denne modellen er UTSOLGT. \u00a0<\/b>Sjekk ut v\u00e5r nyeste modell <a href=\"https:\/\/emf-consult.com\/nettbutikk\/produkt\/hf-lf-cornet-ed98qpro5g-quad-mode-meter\/\"><strong>Cornet ED98QPro5G Quad-mode<\/strong><\/a><\/p>\n<p>&nbsp;<\/p>\n<p>&nbsp;<\/p>\n<p><strong>Denne nye modellen er like enkel \u00e5 bruke som tidligere modeller. Forbedringene er i all hovedsak tiltenkt de som bruker Cornet for \u00e5 logge og analysere data.\u00a0<\/strong><\/p>\n<p>Cornet ED88TPlus5G2 er et HF-\/LF meter i m\u00e5leomr\u00e5dene 100MHz-8GHz \/ 50Hz-10KHz. <strong>Med en samplingsrate p\u00e5 25.000 m\u00e5linger per sekund tillater det apparatet \u00e5 detektere h\u00f8yhastighets pulser fra de nye 5G basestasjonene (NB ikke millimeterb\u00f8lger)<\/strong>.<\/p>\n<p>En feltstyrkem\u00e5ler med b\u00e5de numerisk-, visuell-, lyd- og lys indikasjon.<br \/>\nKan logge og lagre inntil 1000 m\u00e5lepunkter hvert <strong>0,001 sek (1 millisekund)<\/strong>, o,5 sek, 1 sek, 10 sek, 1 min, eller 3 min. Dette tillater inntil 50 timer logging som kan vises direkte p\u00e5 skjerm eller overf\u00f8res til PC via USB.<\/p>\n<p>Et rimelig og godt alternativ for m\u00e5ling av str\u00e5lingen i ditt hjem, p\u00e5 din arbeidsplass eller ditt n\u00e6rmilj\u00f8, og en god reisevenn.<\/p>\n<p><strong>Funksjoner:<\/strong><\/p>\n<p>Elektromagnetisk feltstyrke m\u00e5ling. B\u00e5de lavfrekvent (LF) og h\u00f8yfrekvent (HF).<br \/>\nDeteksjon av tele-\/mobilkommunikasjon (TETRA, GSM, DECT, 3G, 4G og 5G).<br \/>\nDeteksjon av tr\u00e5dl\u00f8se nett (Wi-Fi 2.4GHz, 5.8GHz), WiFi6, Bluetooth, smart meter (AMS), spionkamera, mikrob\u00f8lgeovnlekkasje.<br \/>\nViser frekvensen til det dominerende signalet i m\u00e5leomr\u00e5det 100MHz &#8211; 4,2GHz.\u00a0 <strong>Dette inkluderer 700MHz og 3,5GHz b\u00e5ndene som benyttes til 5G i Norge i dag<\/strong>. NB: Viser kun frekvens n\u00e5r signalet er over 180 \u00b5W\/m2. Ved en blanding av forskjellige kilder kan denne frekvens verdien v\u00e6re noe ustabil.<\/p>\n<p>Viser effektniv\u00e5 p\u00e5 HF-str\u00e5ling, gjennomsnitt magnetfeltstyrke og elektrisk feltstyrke, RF-signalfrekvens, Hold, MAX, Topp gjennomsnitt, Gjennomsnitt, Lydutgang, lydalarm, tilpasset LED-niv\u00e5. Visning av driftssyklus (Duty Cycle), dvs at den viser hvor mange prosent av tiden det sendes aktivt.<\/p>\n<p>Nytt p\u00e5 denne modellen er forbedret funksjon for <strong>statistiske data.<\/strong> En ny sanntidsvisning av signal b\u00f8lgeform er lagt til. Denne funksjonen kan v\u00e6re til hjelp for de som \u00f8nsker \u00e5 analysere signalene mer inng\u00e5ende.<\/p>\n<p><img loading=\"lazy\" decoding=\"async\" class=\" wd-lazy-fade wp-image-14609 alignnone\" src=\"https:\/\/emf-consult.com\/nettbutikk\/wp-content\/themes\/woodmart\/images\/lazy.svg\" data-src=\"https:\/\/emf-consult.com\/nettbutikk\/wp-content\/uploads\/2022\/07\/Statistike-data.png\" alt=\"\" width=\"659\" height=\"199\" srcset=\"\" data-srcset=\"https:\/\/emf-consult.com\/nettbutikk\/wp-content\/uploads\/2022\/07\/Statistike-data.png 938w, https:\/\/emf-consult.com\/nettbutikk\/wp-content\/uploads\/2022\/07\/Statistike-data-300x91.png 300w, https:\/\/emf-consult.com\/nettbutikk\/wp-content\/uploads\/2022\/07\/Statistike-data-768x232.png 768w, https:\/\/emf-consult.com\/nettbutikk\/wp-content\/uploads\/2022\/07\/Statistike-data-150x45.png 150w\" sizes=\"auto, (max-width: 659px) 100vw, 659px\" \/><\/p>\n<p>&nbsp;<\/p>\n<p><strong>Nedlastninger:<\/strong><br \/>\nEngelsk bruksanvisning: <a href=\"https:\/\/emf-consult.com\/nettbutikk\/wp-content\/uploads\/2023\/06\/ED88TPlus5G2-UserManualQeng1.0.pdf\">ED88TPlus5G2 UserManual eng v2.0<\/a><br \/>\nEngelsk bruksanvisning &#8211; datalogging: <a href=\"https:\/\/emf-consult.com\/nettbutikk\/wp-content\/uploads\/2023\/06\/ED88TPlus5G2-Data-Logging-v1.0.pdf\">ED88TPlus5G2 Data Logging eng v1.0<\/a><br \/>\nNorsk bruksanvisning: <a href=\"https:\/\/emf-consult.com\/nettbutikk\/wp-content\/uploads\/2016\/11\/Bruksanvisning-Cornet-ED88TPlus-rev4.pdf\" target=\"_blank\" rel=\"noopener\">Bruksanvisning Cornet ED88TPlus<\/a>, Bruksanvisning for Plus5G2 kommer s\u00e5 snart vi har f\u00e5tt ferdigstilt denne.<br \/>\nUSB driver &#8211;&gt;\u00a0<a href=\"\/nettbutikk\/wp-content\/uploads\/2019\/11\/USBBridgeSetup_CA.zip\">USBBridgeSetup_CA<\/a><br \/>\nPC program &#8211;&gt;\u00a0<a href=\"\/nettbutikk\/wp-content\/uploads\/2019\/11\/Monitoring_Cornet.zip\">Monitoring_Cornet<\/a><br \/>\nTerminalprogram for PC &#8211;&gt;\u00a0<a href=\"https:\/\/emf-consult.com\/nettbutikk\/wp-content\/uploads\/2016\/11\/teraterm-4.101.zip\" target=\"_blank\" rel=\"noopener noreferrer\">teraterm-4.101<\/a> \u00a0(for den mer avanserte brukeren)<\/p>\n<p><strong>MERK:<\/strong><\/p>\n<ul>\n<li>ED88TPlus5G leveres uten <a href=\"\/nettbutikk\/produkt\/9v-batteri\/\">9V batteri<\/a>, dette m\u00e5 kj\u00f8pes separat. MERK: N\u00e5r ED88TPlus5G er tilkoblet PC via USB for langtidslogging vil denne bruke str\u00f8m fra USB.<\/li>\n<li>Det anbefales \u00e5 kj\u00f8pe med en <a href=\"\/nettbutikk\/produkt\/beskyttelses-veske-for-ed88t\/\">beskyttelsesveske<\/a> for sikker oppbevaring i vesken.<\/li>\n<\/ul>\n<p><strong><em>Dette m\u00e5leapparatet er designet for \u00e5 f\u00e5 en rask RF-str\u00e5lingsevaluering av ditt bomilj\u00f8 og er kun til referansebruk. Offisielle RF-m\u00e5lingsprosedyrer er komplisert og b\u00f8r h\u00e5ndteres av en trenet teknisk person med laboratorieinstrumenter. Vennligst ikke bruk apparatet i medisinske, juridiske, kommersielle form\u00e5l eller andre relaterte applikasjoner (kun til personlig bruk).<\/em><\/strong><\/p>\n","protected":false},"excerpt":{"rendered":"<p>Tre operasjonsmodus: HF Feltstyrke, LF Gauss meter modus og E-felt meter.<\/p>\n<p><strong>Frekvens:<\/strong><br \/>\n\u2022 HF: 100 MHz til 8 GHz (-60 dBm til +5 dBm), (0.5 \u00b5w\/m2 til 1.8 w\/m2), (14 mV\/m til 26.2 V\/m)<br \/>\n\u2022 Viser frekvens til sterkeste signal i frekvensomr\u00e5det 100MHz &#8211; 4,2GHz<br \/>\n\u2022 LF1: 50 til 10KHz (0.1 \u00b5T til 60 \u00b5T) \/ (1 mg til 600 mg), tilsvarende 100 nT til 60.000 nT<br \/>\n\u2022 LF2: 50 til 1 kHz (0.01 \u00b5T til 1 \u00b5T) \/ (0,1 mg til 10 mg), tilsvarende 10 nT til 1000 nT<br \/>\n\u2022 E-felt: 50 Hz til 50 kHz (10 V\/m til 1000 V\/m)<br \/>\n\u2022 LCD-skjerm med histogram og stolpediagram for \u00e5 vise felt tetthet.<br \/>\n\u2022 LCD-baklys: 15 sekunder auto-av og manuell p\u00e5\/av kontroll.<br \/>\n\u2022 Samplingrate: 25000\/sec.<br \/>\n\u2022 Skjerm oppdateringshastighet: 2 ganger per sekund.<br \/>\n\u2022 Feilrate: HF +\/- 3.5 dBm, LF: 20%, EField 25%<br \/>\n\u2022 Analog HF (AM, FM) og Digital HF (TETRA, GSM, 3G, 4G, 5G, DECT, Bluetooth, WiFi, WiMAX 2,4 GHz, 3,6 GHz, 5.8 GHz).<br \/>\n\u2022 Max og Hold funksjon, mW\/m2, V\/m, dBm, MG, \u00b5T.<br \/>\n\u2022 Gjennomsnittlig m\u00e5ling, lydutgang, kalibrering korreksjon.<br \/>\n\u2022 \u00d8replugg utgang, 3,5mm<br \/>\n\u2022 Lyd volumkontroll og programmerbar lydalarm trigger niv\u00e5.<br \/>\n\u2022 N\u00f8yaktig, lett \u00e5 bruke, utmerket for personlig elektrosmog eksponering og evaluering av bomilj\u00f8, for eksempel i n\u00e6rheten Mobiltelefon basestasjon eller transformatorstasjoner.<br \/>\n\u2022 Liten, kompakt h\u00e5ndholdt design, 69 mm x 110 mm.<br \/>\n\u2022 Batteridrevet (9V DC) &#8211; BATTERI M\u00c5 KJ\u00d8PES SEPARAT<\/p>\n<p>NB: Dette instrumentet er bra for m\u00e5ling av h\u00f8yfrekvens str\u00e5ling, og lavfrekvens magnetfelt fra huset str\u00f8mnett. ED88TPlus5G2 vil dog ikke kunne m\u00e5le lavfrekvens elektromagnetisk st\u00f8y fra for eksempel sparep\u00e6rer, lysstoffr\u00f8r, induksjonsovner, induktivt ladeutstyr og jernbane. Vi anbefaler derfor alltid \u00e5 supplere ED88tPlus5G2 med f.eks. <a href=\"\/nettbutikk\/produkt\/lf-analysator-me-3830b\/\">ME3830B<\/a>, et lavfrekvensinstrument i m\u00e5leomr\u00e5det 16Hz-100KHz<\/p>\n","protected":false},"featured_media":14589,"comment_status":"open","ping_status":"closed","template":"","meta":[],"product_brand":[],"product_cat":[22,20,21],"product_tag":[],"class_list":{"0":"post-15877","1":"product","2":"type-product","3":"status-publish","4":"has-post-thumbnail","6":"product_cat-maleinstrument-pakker-lf-hf","7":"product_cat-maleinstrumenter-hf","8":"product_cat-maleinstrumeter-lf","10":"first","11":"outofstock","12":"taxable","13":"shipping-taxable","14":"purchasable","15":"product-type-simple"},"yoast_head":"<!-- This site is optimized with the Yoast SEO plugin v27.4 - https:\/\/yoast.com\/product\/yoast-seo-wordpress\/ -->\n<title>HF-LF Cornet ED88TPlus5G2 Tri-mode meter - EMF Consult<\/title>\n<meta name=\"description\" content=\"NY OPPDATERT MODELL, N\u00c5 MED MULIGHET FOR RASKERE LOGGEINTERVAL OG SANNTIDS SIGNAL B\u00d8LGEFORM!\" \/>\n<meta name=\"robots\" content=\"index, follow, max-snippet:-1, max-image-preview:large, max-video-preview:-1\" \/>\n<link rel=\"canonical\" href=\"https:\/\/emf-consult.com\/nettbutikk\/produkt\/hf-lf-cornet-ed88tplus5g2-tri-mode-meter\/\" \/>\n<meta property=\"og:locale\" content=\"nb_NO\" \/>\n<meta property=\"og:type\" content=\"article\" \/>\n<meta property=\"og:title\" content=\"HF-LF Cornet ED88TPlus5G2 Tri-mode meter - EMF Consult\" \/>\n<meta property=\"og:description\" content=\"NY OPPDATERT MODELL, N\u00c5 MED MULIGHET FOR RASKERE LOGGEINTERVAL OG SANNTIDS SIGNAL B\u00d8LGEFORM!\" \/>\n<meta property=\"og:url\" content=\"https:\/\/emf-consult.com\/nettbutikk\/produkt\/hf-lf-cornet-ed88tplus5g2-tri-mode-meter\/\" \/>\n<meta property=\"og:site_name\" content=\"EMF Consult\" \/>\n<meta property=\"article:publisher\" content=\"https:\/\/www.facebook.com\/emfconsult\" \/>\n<meta property=\"article:modified_time\" content=\"2025-05-02T15:08:22+00:00\" \/>\n<meta property=\"og:image\" content=\"https:\/\/emf-consult.com\/nettbutikk\/wp-content\/uploads\/2022\/07\/ED88TPLus5G.png\" \/>\n\t<meta property=\"og:image:width\" content=\"399\" \/>\n\t<meta property=\"og:image:height\" content=\"400\" \/>\n\t<meta property=\"og:image:type\" content=\"image\/png\" \/>\n<meta name=\"twitter:card\" content=\"summary_large_image\" \/>\n<meta name=\"twitter:label1\" content=\"Ansl. lesetid\" \/>\n\t<meta name=\"twitter:data1\" content=\"3 minutter\" \/>\n<script type=\"application\/ld+json\" class=\"yoast-schema-graph\">{\"@context\":\"https:\\\/\\\/schema.org\",\"@graph\":[{\"@type\":\"WebPage\",\"@id\":\"https:\\\/\\\/emf-consult.com\\\/nettbutikk\\\/produkt\\\/hf-lf-cornet-ed88tplus5g2-tri-mode-meter\\\/\",\"url\":\"https:\\\/\\\/emf-consult.com\\\/nettbutikk\\\/produkt\\\/hf-lf-cornet-ed88tplus5g2-tri-mode-meter\\\/\",\"name\":\"HF-LF Cornet ED88TPlus5G2 Tri-mode meter - EMF Consult\",\"isPartOf\":{\"@id\":\"https:\\\/\\\/emf-consult.com\\\/nettbutikk\\\/#website\"},\"primaryImageOfPage\":{\"@id\":\"https:\\\/\\\/emf-consult.com\\\/nettbutikk\\\/produkt\\\/hf-lf-cornet-ed88tplus5g2-tri-mode-meter\\\/#primaryimage\"},\"image\":{\"@id\":\"https:\\\/\\\/emf-consult.com\\\/nettbutikk\\\/produkt\\\/hf-lf-cornet-ed88tplus5g2-tri-mode-meter\\\/#primaryimage\"},\"thumbnailUrl\":\"https:\\\/\\\/emf-consult.com\\\/nettbutikk\\\/wp-content\\\/uploads\\\/2022\\\/07\\\/ED88TPLus5G.png\",\"datePublished\":\"2023-06-25T06:18:59+00:00\",\"dateModified\":\"2025-05-02T15:08:22+00:00\",\"description\":\"NY OPPDATERT MODELL, N\u00c5 MED MULIGHET FOR RASKERE LOGGEINTERVAL OG SANNTIDS SIGNAL B\u00d8LGEFORM!\",\"breadcrumb\":{\"@id\":\"https:\\\/\\\/emf-consult.com\\\/nettbutikk\\\/produkt\\\/hf-lf-cornet-ed88tplus5g2-tri-mode-meter\\\/#breadcrumb\"},\"inLanguage\":\"nb-NO\",\"potentialAction\":[{\"@type\":\"ReadAction\",\"target\":[\"https:\\\/\\\/emf-consult.com\\\/nettbutikk\\\/produkt\\\/hf-lf-cornet-ed88tplus5g2-tri-mode-meter\\\/\"]}]},{\"@type\":\"ImageObject\",\"inLanguage\":\"nb-NO\",\"@id\":\"https:\\\/\\\/emf-consult.com\\\/nettbutikk\\\/produkt\\\/hf-lf-cornet-ed88tplus5g2-tri-mode-meter\\\/#primaryimage\",\"url\":\"https:\\\/\\\/emf-consult.com\\\/nettbutikk\\\/wp-content\\\/uploads\\\/2022\\\/07\\\/ED88TPLus5G.png\",\"contentUrl\":\"https:\\\/\\\/emf-consult.com\\\/nettbutikk\\\/wp-content\\\/uploads\\\/2022\\\/07\\\/ED88TPLus5G.png\",\"width\":399,\"height\":400},{\"@type\":\"BreadcrumbList\",\"@id\":\"https:\\\/\\\/emf-consult.com\\\/nettbutikk\\\/produkt\\\/hf-lf-cornet-ed88tplus5g2-tri-mode-meter\\\/#breadcrumb\",\"itemListElement\":[{\"@type\":\"ListItem\",\"position\":1,\"name\":\"Hjem\",\"item\":\"https:\\\/\\\/emf-consult.com\\\/nettbutikk\\\/\"},{\"@type\":\"ListItem\",\"position\":2,\"name\":\"Butikk\",\"item\":\"https:\\\/\\\/emf-consult.com\\\/nettbutikk\\\/butikk\\\/\"},{\"@type\":\"ListItem\",\"position\":3,\"name\":\"HF-LF Cornet ED88TPlus5G2 Tri-mode meter\"}]},{\"@type\":\"WebSite\",\"@id\":\"https:\\\/\\\/emf-consult.com\\\/nettbutikk\\\/#website\",\"url\":\"https:\\\/\\\/emf-consult.com\\\/nettbutikk\\\/\",\"name\":\"EMF Consult\",\"description\":\"Nettbutikk - Beskyttelse mot str\u00e5ling\",\"publisher\":{\"@id\":\"https:\\\/\\\/emf-consult.com\\\/nettbutikk\\\/#organization\"},\"potentialAction\":[{\"@type\":\"SearchAction\",\"target\":{\"@type\":\"EntryPoint\",\"urlTemplate\":\"https:\\\/\\\/emf-consult.com\\\/nettbutikk\\\/?s={search_term_string}\"},\"query-input\":{\"@type\":\"PropertyValueSpecification\",\"valueRequired\":true,\"valueName\":\"search_term_string\"}}],\"inLanguage\":\"nb-NO\"},{\"@type\":\"Organization\",\"@id\":\"https:\\\/\\\/emf-consult.com\\\/nettbutikk\\\/#organization\",\"name\":\"EMF Consult AS\",\"url\":\"https:\\\/\\\/emf-consult.com\\\/nettbutikk\\\/\",\"logo\":{\"@type\":\"ImageObject\",\"inLanguage\":\"nb-NO\",\"@id\":\"https:\\\/\\\/emf-consult.com\\\/nettbutikk\\\/#\\\/schema\\\/logo\\\/image\\\/\",\"url\":\"https:\\\/\\\/emf-consult.com\\\/nettbutikk\\\/wp-content\\\/uploads\\\/2022\\\/07\\\/cropped-Favikon-rod-e1658786300694.png\",\"contentUrl\":\"https:\\\/\\\/emf-consult.com\\\/nettbutikk\\\/wp-content\\\/uploads\\\/2022\\\/07\\\/cropped-Favikon-rod-e1658786300694.png\",\"width\":150,\"height\":150,\"caption\":\"EMF Consult AS\"},\"image\":{\"@id\":\"https:\\\/\\\/emf-consult.com\\\/nettbutikk\\\/#\\\/schema\\\/logo\\\/image\\\/\"},\"sameAs\":[\"https:\\\/\\\/www.facebook.com\\\/emfconsult\",\"https:\\\/\\\/www.linkedin.com\\\/company\\\/emf-consult\\\/\"]}]}<\/script>\n<!-- \/ Yoast SEO plugin. -->","yoast_head_json":{"title":"HF-LF Cornet ED88TPlus5G2 Tri-mode meter - EMF Consult","description":"NY OPPDATERT MODELL, N\u00c5 MED MULIGHET FOR RASKERE LOGGEINTERVAL OG SANNTIDS SIGNAL B\u00d8LGEFORM!","robots":{"index":"index","follow":"follow","max-snippet":"max-snippet:-1","max-image-preview":"max-image-preview:large","max-video-preview":"max-video-preview:-1"},"canonical":"https:\/\/emf-consult.com\/nettbutikk\/produkt\/hf-lf-cornet-ed88tplus5g2-tri-mode-meter\/","og_locale":"nb_NO","og_type":"article","og_title":"HF-LF Cornet ED88TPlus5G2 Tri-mode meter - EMF Consult","og_description":"NY OPPDATERT MODELL, N\u00c5 MED MULIGHET FOR RASKERE LOGGEINTERVAL OG SANNTIDS SIGNAL B\u00d8LGEFORM!","og_url":"https:\/\/emf-consult.com\/nettbutikk\/produkt\/hf-lf-cornet-ed88tplus5g2-tri-mode-meter\/","og_site_name":"EMF Consult","article_publisher":"https:\/\/www.facebook.com\/emfconsult","article_modified_time":"2025-05-02T15:08:22+00:00","og_image":[{"width":399,"height":400,"url":"https:\/\/emf-consult.com\/nettbutikk\/wp-content\/uploads\/2022\/07\/ED88TPLus5G.png","type":"image\/png"}],"twitter_card":"summary_large_image","twitter_misc":{"Ansl. lesetid":"3 minutter"},"schema":{"@context":"https:\/\/schema.org","@graph":[{"@type":"WebPage","@id":"https:\/\/emf-consult.com\/nettbutikk\/produkt\/hf-lf-cornet-ed88tplus5g2-tri-mode-meter\/","url":"https:\/\/emf-consult.com\/nettbutikk\/produkt\/hf-lf-cornet-ed88tplus5g2-tri-mode-meter\/","name":"HF-LF Cornet ED88TPlus5G2 Tri-mode meter - EMF Consult","isPartOf":{"@id":"https:\/\/emf-consult.com\/nettbutikk\/#website"},"primaryImageOfPage":{"@id":"https:\/\/emf-consult.com\/nettbutikk\/produkt\/hf-lf-cornet-ed88tplus5g2-tri-mode-meter\/#primaryimage"},"image":{"@id":"https:\/\/emf-consult.com\/nettbutikk\/produkt\/hf-lf-cornet-ed88tplus5g2-tri-mode-meter\/#primaryimage"},"thumbnailUrl":"https:\/\/emf-consult.com\/nettbutikk\/wp-content\/uploads\/2022\/07\/ED88TPLus5G.png","datePublished":"2023-06-25T06:18:59+00:00","dateModified":"2025-05-02T15:08:22+00:00","description":"NY OPPDATERT MODELL, N\u00c5 MED MULIGHET FOR RASKERE LOGGEINTERVAL OG SANNTIDS SIGNAL B\u00d8LGEFORM!","breadcrumb":{"@id":"https:\/\/emf-consult.com\/nettbutikk\/produkt\/hf-lf-cornet-ed88tplus5g2-tri-mode-meter\/#breadcrumb"},"inLanguage":"nb-NO","potentialAction":[{"@type":"ReadAction","target":["https:\/\/emf-consult.com\/nettbutikk\/produkt\/hf-lf-cornet-ed88tplus5g2-tri-mode-meter\/"]}]},{"@type":"ImageObject","inLanguage":"nb-NO","@id":"https:\/\/emf-consult.com\/nettbutikk\/produkt\/hf-lf-cornet-ed88tplus5g2-tri-mode-meter\/#primaryimage","url":"https:\/\/emf-consult.com\/nettbutikk\/wp-content\/uploads\/2022\/07\/ED88TPLus5G.png","contentUrl":"https:\/\/emf-consult.com\/nettbutikk\/wp-content\/uploads\/2022\/07\/ED88TPLus5G.png","width":399,"height":400},{"@type":"BreadcrumbList","@id":"https:\/\/emf-consult.com\/nettbutikk\/produkt\/hf-lf-cornet-ed88tplus5g2-tri-mode-meter\/#breadcrumb","itemListElement":[{"@type":"ListItem","position":1,"name":"Hjem","item":"https:\/\/emf-consult.com\/nettbutikk\/"},{"@type":"ListItem","position":2,"name":"Butikk","item":"https:\/\/emf-consult.com\/nettbutikk\/butikk\/"},{"@type":"ListItem","position":3,"name":"HF-LF Cornet ED88TPlus5G2 Tri-mode meter"}]},{"@type":"WebSite","@id":"https:\/\/emf-consult.com\/nettbutikk\/#website","url":"https:\/\/emf-consult.com\/nettbutikk\/","name":"EMF Consult","description":"Nettbutikk - Beskyttelse mot str\u00e5ling","publisher":{"@id":"https:\/\/emf-consult.com\/nettbutikk\/#organization"},"potentialAction":[{"@type":"SearchAction","target":{"@type":"EntryPoint","urlTemplate":"https:\/\/emf-consult.com\/nettbutikk\/?s={search_term_string}"},"query-input":{"@type":"PropertyValueSpecification","valueRequired":true,"valueName":"search_term_string"}}],"inLanguage":"nb-NO"},{"@type":"Organization","@id":"https:\/\/emf-consult.com\/nettbutikk\/#organization","name":"EMF Consult AS","url":"https:\/\/emf-consult.com\/nettbutikk\/","logo":{"@type":"ImageObject","inLanguage":"nb-NO","@id":"https:\/\/emf-consult.com\/nettbutikk\/#\/schema\/logo\/image\/","url":"https:\/\/emf-consult.com\/nettbutikk\/wp-content\/uploads\/2022\/07\/cropped-Favikon-rod-e1658786300694.png","contentUrl":"https:\/\/emf-consult.com\/nettbutikk\/wp-content\/uploads\/2022\/07\/cropped-Favikon-rod-e1658786300694.png","width":150,"height":150,"caption":"EMF Consult AS"},"image":{"@id":"https:\/\/emf-consult.com\/nettbutikk\/#\/schema\/logo\/image\/"},"sameAs":["https:\/\/www.facebook.com\/emfconsult","https:\/\/www.linkedin.com\/company\/emf-consult\/"]}]}},"_links":{"self":[{"href":"https:\/\/emf-consult.com\/nettbutikk\/wp-json\/wp\/v2\/product\/15877","targetHints":{"allow":["GET"]}}],"collection":[{"href":"https:\/\/emf-consult.com\/nettbutikk\/wp-json\/wp\/v2\/product"}],"about":[{"href":"https:\/\/emf-consult.com\/nettbutikk\/wp-json\/wp\/v2\/types\/product"}],"replies":[{"embeddable":true,"href":"https:\/\/emf-consult.com\/nettbutikk\/wp-json\/wp\/v2\/comments?post=15877"}],"wp:featuredmedia":[{"embeddable":true,"href":"https:\/\/emf-consult.com\/nettbutikk\/wp-json\/wp\/v2\/media\/14589"}],"wp:attachment":[{"href":"https:\/\/emf-consult.com\/nettbutikk\/wp-json\/wp\/v2\/media?parent=15877"}],"wp:term":[{"taxonomy":"product_brand","embeddable":true,"href":"https:\/\/emf-consult.com\/nettbutikk\/wp-json\/wp\/v2\/product_brand?post=15877"},{"taxonomy":"product_cat","embeddable":true,"href":"https:\/\/emf-consult.com\/nettbutikk\/wp-json\/wp\/v2\/product_cat?post=15877"},{"taxonomy":"product_tag","embeddable":true,"href":"https:\/\/emf-consult.com\/nettbutikk\/wp-json\/wp\/v2\/product_tag?post=15877"}],"curies":[{"name":"wp","href":"https:\/\/api.w.org\/{rel}","templated":true}]}}