{"id":15537,"date":"2023-02-27T09:24:06","date_gmt":"2023-02-27T08:24:06","guid":{"rendered":"https:\/\/emf-consult.com\/nettbutikk\/?post_type=product&#038;p=15537"},"modified":"2026-03-12T09:43:35","modified_gmt":"2026-03-12T08:43:35","slug":"hf-safe-and-sound-pro-ii","status":"publish","type":"product","link":"https:\/\/emf-consult.com\/nettbutikk\/produkt\/hf-safe-and-sound-pro-ii\/","title":{"rendered":"HF Safe and Sound Pro II"},"content":{"rendered":"<h4>Safe and Sound Pro II RF-m\u00e5ler, en kompakt, brukervennlig m\u00e5ler for radiofrekvens-\/mikrob\u00f8lgestr\u00e5ling. 5G-klar!<\/h4>\n<p><strong>Bruksomr\u00e5de:<\/strong><\/p>\n<p>Safe and Sound Pro II er laget for deg som \u00f8nsker \u00e5 ha et m\u00e5leapparat som gir deg en rask oversikt over den totale h\u00f8yfrekvens belastningen. Apparatet er meget hendig og enkelt \u00e5 bruke og apparatet er tilpasset el.overf\u00f8lsomme, dvs. lysindikeringen har bedre oppl\u00f8sning ved lave str\u00e5lingsverdier enn for h\u00f8ye verdier.<\/p>\n<p>M\u00e5leapparatet har et stort frekvensspenn, helt fra 200 MHz til 8 GHz. I dette frekvensomr\u00e5det finner vi de fleste moderne kommunikasjonssystemer, s\u00e5 som TETRA (n\u00f8dnettet) alle mobiltelefonsystemene fra 2G til 5G, smartm\u00e5lere for vann og str\u00f8m, tr\u00e5dl\u00f8se telefoner (DECT), BabyCall, alle WiFi systemene, osv.<\/p>\n<p>Safe and Sound Pro II reagerer raskt og er sv\u00e6rt godt egnet til \u00e5 f\u00e5 overblikk over str\u00e5lingen. Den hendige st\u00f8rrelsen gj\u00f8r det enkelt \u00e5 ta med seg p\u00e5 reiser og utflukter.<\/p>\n<p><strong>Funksjoner:<\/strong><\/p>\n<p>3. parts sertifisert RF-m\u00e5ler med +\/- 6 dB n\u00f8yaktighet fra 400 MHz til 7,2 GHz, og effektiv fra 200 MHz til 8 GHz! Inkluderer en premium OLED-skjerm for digitale avlesninger opp til 3.180.000 \u03bcW\/m\u00b2 og ned til 0,001 \u03bcW\/m\u00b2, Max Hold, Max Reset-knapp, USB-str\u00f8mkontakt for kontinuerlig overv\u00e5king, volumkontroll, hodetelefonkontakt, kalibreringssertifikat og mer!<\/p>\n<p>Apparatet m\u00e5ler toppverdien (peak) av str\u00e5lingen og signalstyrken indikeres ogs\u00e5 med 4 LED-dioder tilpasset, med indikasjon tilpasset Tysk byggbiologi-standard (SMB2015)<\/p>\n<p>Lysdiodenes respons ved 2.4 GHz:<\/p>\n<ul>\n<li>Gr\u00f8nt blinkende lys: &lt;1 \u00b5W\/m<sup>2<\/sup><\/li>\n<li>Gr\u00f8nt fast lys: 1-10 \u00b5W\/m<sup>2<\/sup><\/li>\n<li>Gult fast lys: 10\u2013100 \u00b5W\/m<sup>2<\/sup><\/li>\n<li>Oransje fast lys: 100\u20131000 \u00b5W\/m<sup>2<\/sup><\/li>\n<li>R\u00f8dt fast lys: 1000\u201310 000 \u00b5W\/m<sup>2<\/sup><\/li>\n<li>R\u00f8dt sakte blinkende lys: 10 000\u2013100 000 \u00b5W\/m<sup>2<\/sup><\/li>\n<li>R\u00f8dt raskt blinkende lys: &gt;100 000\u20131 000 000 \u00b5W\/m<sup>2<\/sup><\/li>\n<\/ul>\n<p>Apparatet har innebygd h\u00f8yttaler som gir et<a href=\"https:\/\/emf-consult.com\/maletips\/\" target=\"_blank\" rel=\"noopener\"> klart og tydelig lydsignal<\/a> slik at type RF-signal kan gjenkjennes. Alle lyder kan sl\u00e5s av\/p\u00e5.<\/p>\n<p><a href=\"https:\/\/emf-consult.com\/nettbutikk\/wp-content\/uploads\/2023\/03\/RFMeterSafeAndSoundProIIUserManual.pdf\" target=\"_blank\" rel=\"noopener\">Brukermanual (Engelsk)<\/a><br \/>\n<a href=\"https:\/\/emf-consult.com\/nettbutikk\/wp-content\/uploads\/2023\/02\/Bruksanvisning-Safe-and-Sound-Pro-II-rev01-web.pdf\" target=\"_blank\" rel=\"noopener\">Bruksanvisning Safe and Sound Pro II rev01 (Norsk)<\/a><br \/>\n<a href=\"https:\/\/emf-consult.com\/nettbutikk\/wp-content\/uploads\/2023\/03\/RFMeterSafeandSoundProIIFrequencyResponseCurve.pdf\" target=\"_blank\" rel=\"noopener\">Testrapport (Nemko)<\/a><\/p>\n<p><iframe loading=\"lazy\" title=\"Safe and Sound Pro II RF Meter - 2021 Version\" width=\"500\" height=\"281\" src=\"https:\/\/www.youtube.com\/embed\/8Rxy5h0jfYA?feature=oembed\" frameborder=\"0\" allow=\"accelerometer; autoplay; clipboard-write; encrypted-media; gyroscope; picture-in-picture; web-share\" referrerpolicy=\"strict-origin-when-cross-origin\" allowfullscreen><\/iframe><\/p>\n<p><strong><em>Dette m\u00e5leapparatet er designet for \u00e5 f\u00e5 en rask RF-str\u00e5lingsevaluering av ditt bomilj\u00f8 og er kun til referansebruk. Offisielle RF-m\u00e5lingsprosedyrer er komplisert og b\u00f8r h\u00e5ndteres av en trenet teknisk person med laboratorieinstrumenter. Vennligst ikke bruk apparatet i medisinske, juridiske, kommersielle form\u00e5l eller andre relaterte applikasjoner (kun til personlig bruk).<\/em><\/strong><\/p>\n","protected":false},"excerpt":{"rendered":"<p><strong>Spesifikasjoner:<\/strong><\/p>\n<p>Frekvensomr\u00e5de: \u00a0400 MHz \u2013 7.2 GHz (kan detektere signaler fra 200 MHz \u2013 8 GHz)<\/p>\n<p>M\u00e5leomr\u00e5de: 0,001 \u2013 3.180.000 \u00b5W\/m\u00b2 (Linj\u00e6r respons mellom 0.1\u00b5W\/m\u00b2 &#8211; 1,000,000\u00b5W\/m\u00b2), alternativt kan m\u00e5leverdi viser i V\/m.<\/p>\n<p>M\u00e5leprinsipp: Peak, Max og Gjennomsnitt<\/p>\n<p>Signalstyrke vises klart og tydelig p\u00e5 en lyssterk OLED skjerm<\/p>\n<p>Signalstyrken indikeres ogs\u00e5 med 4 LED-dioder tilpasset, med indikasjon tilpasset Tysk byggbiologi-standard (SMB2015)<\/p>\n<p>Audio analyse: Akustisk signal som gj\u00f8r at en kan gjenkjenne signaltyper. Kan h\u00f8res via den innebygde h\u00f8ykvalitets h\u00f8yttaleren eller via 3,5mm utgang for \u00f8repropp\/hodetelefon.<\/p>\n<p>Skannehastighet: &lt;5 \u03bcs (Tilsvarer opptil ca. 200 000 m\u00e5linger per sekund)<\/p>\n<p>N\u00f8yaktighet: \u00b1 6dB<\/p>\n<p>Sensor: Peak-verdi p\u00e5 pulssignaler<\/p>\n<p>Str\u00f8mforsyning: 2 x AA batteri (inkludert), gjennomsnittlig brukstid 12-15 timer. Skjermen viser batteristatus. Alternativt til batteri kan en bruke en Mikro-USB lader for kontinuerlig str\u00f8mforsyning (f\u00f8lger ikke med)<\/p>\n<p>Dimensjon: \u00a0110 x 170 x 40 mm<\/p>\n<p>Vekt: 0,3 kg inkl batteri<\/p>\n<p>Apparatet leveres komplett med f\u00f8lgende utstyr:\u00a0M\u00e5leapparat, batteri, engelsk bruksanvisning\u00a0 og oppbevaringsetui<\/p>\n<p>&nbsp;<\/p>\n","protected":false},"featured_media":19312,"comment_status":"open","ping_status":"closed","template":"","meta":[],"product_brand":[],"product_cat":[20],"product_tag":[],"class_list":{"0":"post-15537","1":"product","2":"type-product","3":"status-publish","4":"has-post-thumbnail","6":"product_cat-maleinstrumenter-hf","8":"first","9":"instock","10":"featured","11":"taxable","12":"shipping-taxable","13":"purchasable","14":"product-type-simple"},"yoast_head":"<!-- This site is optimized with the Yoast SEO plugin v27.3 - https:\/\/yoast.com\/product\/yoast-seo-wordpress\/ -->\n<title>RF-m\u00e5ler str\u00e5ling 5G \u2013 Safe and Sound Pro II<\/title>\n<meta name=\"description\" content=\"RF-m\u00e5ler str\u00e5ling 5G: Safe and Sound Pro II m\u00e5ler WiFi, mobil og DECT fra 200 MHz til 8 GHz. OLED-skjerm, kalibreringssertifikat og LED-indikator inkludert.\" \/>\n<meta name=\"robots\" content=\"index, follow, max-snippet:-1, max-image-preview:large, max-video-preview:-1\" \/>\n<link rel=\"canonical\" href=\"https:\/\/emf-consult.com\/nettbutikk\/produkt\/hf-safe-and-sound-pro-ii\/\" \/>\n<meta property=\"og:locale\" content=\"nb_NO\" \/>\n<meta property=\"og:type\" content=\"article\" \/>\n<meta property=\"og:title\" content=\"RF-m\u00e5ler str\u00e5ling 5G \u2013 Safe and Sound Pro II\" \/>\n<meta property=\"og:description\" content=\"RF-m\u00e5ler str\u00e5ling 5G: Safe and Sound Pro II m\u00e5ler WiFi, mobil og DECT fra 200 MHz til 8 GHz. OLED-skjerm, kalibreringssertifikat og LED-indikator inkludert.\" \/>\n<meta property=\"og:url\" content=\"https:\/\/emf-consult.com\/nettbutikk\/produkt\/hf-safe-and-sound-pro-ii\/\" \/>\n<meta property=\"og:site_name\" content=\"EMF Consult\" \/>\n<meta property=\"article:publisher\" content=\"https:\/\/www.facebook.com\/emfconsult\" \/>\n<meta property=\"article:modified_time\" content=\"2026-03-12T08:43:35+00:00\" \/>\n<meta property=\"og:image\" content=\"https:\/\/emf-consult.com\/nettbutikk\/wp-content\/uploads\/2023\/02\/safe-and-sound-pro-ii-rf-meter__69920.jpg\" \/>\n\t<meta property=\"og:image:width\" content=\"1080\" \/>\n\t<meta property=\"og:image:height\" content=\"1080\" \/>\n\t<meta property=\"og:image:type\" content=\"image\/jpeg\" \/>\n<meta name=\"twitter:card\" content=\"summary_large_image\" \/>\n<meta name=\"twitter:label1\" content=\"Ansl. lesetid\" \/>\n\t<meta name=\"twitter:data1\" content=\"3 minutter\" \/>\n<script type=\"application\/ld+json\" class=\"yoast-schema-graph\">{\"@context\":\"https:\\\/\\\/schema.org\",\"@graph\":[{\"@type\":\"WebPage\",\"@id\":\"https:\\\/\\\/emf-consult.com\\\/nettbutikk\\\/produkt\\\/hf-safe-and-sound-pro-ii\\\/\",\"url\":\"https:\\\/\\\/emf-consult.com\\\/nettbutikk\\\/produkt\\\/hf-safe-and-sound-pro-ii\\\/\",\"name\":\"RF-m\u00e5ler str\u00e5ling 5G \u2013 Safe and Sound Pro II\",\"isPartOf\":{\"@id\":\"https:\\\/\\\/emf-consult.com\\\/nettbutikk\\\/#website\"},\"primaryImageOfPage\":{\"@id\":\"https:\\\/\\\/emf-consult.com\\\/nettbutikk\\\/produkt\\\/hf-safe-and-sound-pro-ii\\\/#primaryimage\"},\"image\":{\"@id\":\"https:\\\/\\\/emf-consult.com\\\/nettbutikk\\\/produkt\\\/hf-safe-and-sound-pro-ii\\\/#primaryimage\"},\"thumbnailUrl\":\"https:\\\/\\\/emf-consult.com\\\/nettbutikk\\\/wp-content\\\/uploads\\\/2023\\\/02\\\/safe-and-sound-pro-ii-rf-meter__69920.jpg\",\"datePublished\":\"2023-02-27T08:24:06+00:00\",\"dateModified\":\"2026-03-12T08:43:35+00:00\",\"description\":\"RF-m\u00e5ler str\u00e5ling 5G: Safe and Sound Pro II m\u00e5ler WiFi, mobil og DECT fra 200 MHz til 8 GHz. OLED-skjerm, kalibreringssertifikat og LED-indikator inkludert.\",\"breadcrumb\":{\"@id\":\"https:\\\/\\\/emf-consult.com\\\/nettbutikk\\\/produkt\\\/hf-safe-and-sound-pro-ii\\\/#breadcrumb\"},\"inLanguage\":\"nb-NO\",\"potentialAction\":[{\"@type\":\"ReadAction\",\"target\":[\"https:\\\/\\\/emf-consult.com\\\/nettbutikk\\\/produkt\\\/hf-safe-and-sound-pro-ii\\\/\"]}]},{\"@type\":\"ImageObject\",\"inLanguage\":\"nb-NO\",\"@id\":\"https:\\\/\\\/emf-consult.com\\\/nettbutikk\\\/produkt\\\/hf-safe-and-sound-pro-ii\\\/#primaryimage\",\"url\":\"https:\\\/\\\/emf-consult.com\\\/nettbutikk\\\/wp-content\\\/uploads\\\/2023\\\/02\\\/safe-and-sound-pro-ii-rf-meter__69920.jpg\",\"contentUrl\":\"https:\\\/\\\/emf-consult.com\\\/nettbutikk\\\/wp-content\\\/uploads\\\/2023\\\/02\\\/safe-and-sound-pro-ii-rf-meter__69920.jpg\",\"width\":1080,\"height\":1080,\"caption\":\"Safe and Sound Pro II \u2013 RF-m\u00e5ler for str\u00e5ling og 5G\"},{\"@type\":\"BreadcrumbList\",\"@id\":\"https:\\\/\\\/emf-consult.com\\\/nettbutikk\\\/produkt\\\/hf-safe-and-sound-pro-ii\\\/#breadcrumb\",\"itemListElement\":[{\"@type\":\"ListItem\",\"position\":1,\"name\":\"Hjem\",\"item\":\"https:\\\/\\\/emf-consult.com\\\/nettbutikk\\\/\"},{\"@type\":\"ListItem\",\"position\":2,\"name\":\"Butikk\",\"item\":\"https:\\\/\\\/emf-consult.com\\\/nettbutikk\\\/butikk\\\/\"},{\"@type\":\"ListItem\",\"position\":3,\"name\":\"HF Safe and Sound Pro II\"}]},{\"@type\":\"WebSite\",\"@id\":\"https:\\\/\\\/emf-consult.com\\\/nettbutikk\\\/#website\",\"url\":\"https:\\\/\\\/emf-consult.com\\\/nettbutikk\\\/\",\"name\":\"EMF Consult\",\"description\":\"Nettbutikk - Beskyttelse mot str\u00e5ling\",\"publisher\":{\"@id\":\"https:\\\/\\\/emf-consult.com\\\/nettbutikk\\\/#organization\"},\"potentialAction\":[{\"@type\":\"SearchAction\",\"target\":{\"@type\":\"EntryPoint\",\"urlTemplate\":\"https:\\\/\\\/emf-consult.com\\\/nettbutikk\\\/?s={search_term_string}\"},\"query-input\":{\"@type\":\"PropertyValueSpecification\",\"valueRequired\":true,\"valueName\":\"search_term_string\"}}],\"inLanguage\":\"nb-NO\"},{\"@type\":\"Organization\",\"@id\":\"https:\\\/\\\/emf-consult.com\\\/nettbutikk\\\/#organization\",\"name\":\"EMF Consult AS\",\"url\":\"https:\\\/\\\/emf-consult.com\\\/nettbutikk\\\/\",\"logo\":{\"@type\":\"ImageObject\",\"inLanguage\":\"nb-NO\",\"@id\":\"https:\\\/\\\/emf-consult.com\\\/nettbutikk\\\/#\\\/schema\\\/logo\\\/image\\\/\",\"url\":\"https:\\\/\\\/emf-consult.com\\\/nettbutikk\\\/wp-content\\\/uploads\\\/2022\\\/07\\\/cropped-Favikon-rod-e1658786300694.png\",\"contentUrl\":\"https:\\\/\\\/emf-consult.com\\\/nettbutikk\\\/wp-content\\\/uploads\\\/2022\\\/07\\\/cropped-Favikon-rod-e1658786300694.png\",\"width\":150,\"height\":150,\"caption\":\"EMF Consult AS\"},\"image\":{\"@id\":\"https:\\\/\\\/emf-consult.com\\\/nettbutikk\\\/#\\\/schema\\\/logo\\\/image\\\/\"},\"sameAs\":[\"https:\\\/\\\/www.facebook.com\\\/emfconsult\",\"https:\\\/\\\/www.linkedin.com\\\/company\\\/emf-consult\\\/\"]}]}<\/script>\n<!-- \/ Yoast SEO plugin. -->","yoast_head_json":{"title":"RF-m\u00e5ler str\u00e5ling 5G \u2013 Safe and Sound Pro II","description":"RF-m\u00e5ler str\u00e5ling 5G: Safe and Sound Pro II m\u00e5ler WiFi, mobil og DECT fra 200 MHz til 8 GHz. OLED-skjerm, kalibreringssertifikat og LED-indikator inkludert.","robots":{"index":"index","follow":"follow","max-snippet":"max-snippet:-1","max-image-preview":"max-image-preview:large","max-video-preview":"max-video-preview:-1"},"canonical":"https:\/\/emf-consult.com\/nettbutikk\/produkt\/hf-safe-and-sound-pro-ii\/","og_locale":"nb_NO","og_type":"article","og_title":"RF-m\u00e5ler str\u00e5ling 5G \u2013 Safe and Sound Pro II","og_description":"RF-m\u00e5ler str\u00e5ling 5G: Safe and Sound Pro II m\u00e5ler WiFi, mobil og DECT fra 200 MHz til 8 GHz. OLED-skjerm, kalibreringssertifikat og LED-indikator inkludert.","og_url":"https:\/\/emf-consult.com\/nettbutikk\/produkt\/hf-safe-and-sound-pro-ii\/","og_site_name":"EMF Consult","article_publisher":"https:\/\/www.facebook.com\/emfconsult","article_modified_time":"2026-03-12T08:43:35+00:00","og_image":[{"width":1080,"height":1080,"url":"https:\/\/emf-consult.com\/nettbutikk\/wp-content\/uploads\/2023\/02\/safe-and-sound-pro-ii-rf-meter__69920.jpg","type":"image\/jpeg"}],"twitter_card":"summary_large_image","twitter_misc":{"Ansl. lesetid":"3 minutter"},"schema":{"@context":"https:\/\/schema.org","@graph":[{"@type":"WebPage","@id":"https:\/\/emf-consult.com\/nettbutikk\/produkt\/hf-safe-and-sound-pro-ii\/","url":"https:\/\/emf-consult.com\/nettbutikk\/produkt\/hf-safe-and-sound-pro-ii\/","name":"RF-m\u00e5ler str\u00e5ling 5G \u2013 Safe and Sound Pro II","isPartOf":{"@id":"https:\/\/emf-consult.com\/nettbutikk\/#website"},"primaryImageOfPage":{"@id":"https:\/\/emf-consult.com\/nettbutikk\/produkt\/hf-safe-and-sound-pro-ii\/#primaryimage"},"image":{"@id":"https:\/\/emf-consult.com\/nettbutikk\/produkt\/hf-safe-and-sound-pro-ii\/#primaryimage"},"thumbnailUrl":"https:\/\/emf-consult.com\/nettbutikk\/wp-content\/uploads\/2023\/02\/safe-and-sound-pro-ii-rf-meter__69920.jpg","datePublished":"2023-02-27T08:24:06+00:00","dateModified":"2026-03-12T08:43:35+00:00","description":"RF-m\u00e5ler str\u00e5ling 5G: Safe and Sound Pro II m\u00e5ler WiFi, mobil og DECT fra 200 MHz til 8 GHz. OLED-skjerm, kalibreringssertifikat og LED-indikator inkludert.","breadcrumb":{"@id":"https:\/\/emf-consult.com\/nettbutikk\/produkt\/hf-safe-and-sound-pro-ii\/#breadcrumb"},"inLanguage":"nb-NO","potentialAction":[{"@type":"ReadAction","target":["https:\/\/emf-consult.com\/nettbutikk\/produkt\/hf-safe-and-sound-pro-ii\/"]}]},{"@type":"ImageObject","inLanguage":"nb-NO","@id":"https:\/\/emf-consult.com\/nettbutikk\/produkt\/hf-safe-and-sound-pro-ii\/#primaryimage","url":"https:\/\/emf-consult.com\/nettbutikk\/wp-content\/uploads\/2023\/02\/safe-and-sound-pro-ii-rf-meter__69920.jpg","contentUrl":"https:\/\/emf-consult.com\/nettbutikk\/wp-content\/uploads\/2023\/02\/safe-and-sound-pro-ii-rf-meter__69920.jpg","width":1080,"height":1080,"caption":"Safe and Sound Pro II \u2013 RF-m\u00e5ler for str\u00e5ling og 5G"},{"@type":"BreadcrumbList","@id":"https:\/\/emf-consult.com\/nettbutikk\/produkt\/hf-safe-and-sound-pro-ii\/#breadcrumb","itemListElement":[{"@type":"ListItem","position":1,"name":"Hjem","item":"https:\/\/emf-consult.com\/nettbutikk\/"},{"@type":"ListItem","position":2,"name":"Butikk","item":"https:\/\/emf-consult.com\/nettbutikk\/butikk\/"},{"@type":"ListItem","position":3,"name":"HF Safe and Sound Pro II"}]},{"@type":"WebSite","@id":"https:\/\/emf-consult.com\/nettbutikk\/#website","url":"https:\/\/emf-consult.com\/nettbutikk\/","name":"EMF Consult","description":"Nettbutikk - Beskyttelse mot str\u00e5ling","publisher":{"@id":"https:\/\/emf-consult.com\/nettbutikk\/#organization"},"potentialAction":[{"@type":"SearchAction","target":{"@type":"EntryPoint","urlTemplate":"https:\/\/emf-consult.com\/nettbutikk\/?s={search_term_string}"},"query-input":{"@type":"PropertyValueSpecification","valueRequired":true,"valueName":"search_term_string"}}],"inLanguage":"nb-NO"},{"@type":"Organization","@id":"https:\/\/emf-consult.com\/nettbutikk\/#organization","name":"EMF Consult AS","url":"https:\/\/emf-consult.com\/nettbutikk\/","logo":{"@type":"ImageObject","inLanguage":"nb-NO","@id":"https:\/\/emf-consult.com\/nettbutikk\/#\/schema\/logo\/image\/","url":"https:\/\/emf-consult.com\/nettbutikk\/wp-content\/uploads\/2022\/07\/cropped-Favikon-rod-e1658786300694.png","contentUrl":"https:\/\/emf-consult.com\/nettbutikk\/wp-content\/uploads\/2022\/07\/cropped-Favikon-rod-e1658786300694.png","width":150,"height":150,"caption":"EMF Consult AS"},"image":{"@id":"https:\/\/emf-consult.com\/nettbutikk\/#\/schema\/logo\/image\/"},"sameAs":["https:\/\/www.facebook.com\/emfconsult","https:\/\/www.linkedin.com\/company\/emf-consult\/"]}]}},"_links":{"self":[{"href":"https:\/\/emf-consult.com\/nettbutikk\/wp-json\/wp\/v2\/product\/15537","targetHints":{"allow":["GET"]}}],"collection":[{"href":"https:\/\/emf-consult.com\/nettbutikk\/wp-json\/wp\/v2\/product"}],"about":[{"href":"https:\/\/emf-consult.com\/nettbutikk\/wp-json\/wp\/v2\/types\/product"}],"replies":[{"embeddable":true,"href":"https:\/\/emf-consult.com\/nettbutikk\/wp-json\/wp\/v2\/comments?post=15537"}],"wp:featuredmedia":[{"embeddable":true,"href":"https:\/\/emf-consult.com\/nettbutikk\/wp-json\/wp\/v2\/media\/19312"}],"wp:attachment":[{"href":"https:\/\/emf-consult.com\/nettbutikk\/wp-json\/wp\/v2\/media?parent=15537"}],"wp:term":[{"taxonomy":"product_brand","embeddable":true,"href":"https:\/\/emf-consult.com\/nettbutikk\/wp-json\/wp\/v2\/product_brand?post=15537"},{"taxonomy":"product_cat","embeddable":true,"href":"https:\/\/emf-consult.com\/nettbutikk\/wp-json\/wp\/v2\/product_cat?post=15537"},{"taxonomy":"product_tag","embeddable":true,"href":"https:\/\/emf-consult.com\/nettbutikk\/wp-json\/wp\/v2\/product_tag?post=15537"}],"curies":[{"name":"wp","href":"https:\/\/api.w.org\/{rel}","templated":true}]}}