{"id":15215,"date":"2022-12-30T15:48:01","date_gmt":"2022-12-30T14:48:01","guid":{"rendered":"https:\/\/emf-consult.com\/nettbutikk\/?post_type=product&#038;p=15215"},"modified":"2026-04-07T09:25:10","modified_gmt":"2026-04-07T07:25:10","slug":"tds-vanntester","status":"publish","type":"product","link":"https:\/\/emf-consult.com\/nettbutikk\/produkt\/tds-vanntester\/","title":{"rendered":"TDS-Vanntester"},"content":{"rendered":"<p>Med et TDS-meter kan du selv sjekke mengden av faste, oppl\u00f8ste stoffer (TDS) i lokalt drikkevann, flaskevann eller ditt destillerte vann.<\/p>\n<p>Du kan m\u00e5le hvor mange ppm (parts per million) oppl\u00f8ste stoffer drikkevannet ditt inneholder. Dette er et enkelt og nyttig verkt\u00f8y for de som \u00f8nsker \u00e5 se hvor stor mengden av oppl\u00f8ste stoffer er i sitt lokale springvann eller i flaskevann. Selv om springvannet ditt m\u00e5ler s\u00e5 lite som 20 ppm vil mange allikevel v\u00e6re sjokkerte over \u00e5 se hva som ligger igjen i en destillator etter en destillasjon.<\/p>\n<p>De som har destillator fra Megahome vil se at det destillerte vannet alltid m\u00e5ler null ppm. Det er alts\u00e5 h\u00f8yst sannsynlig helt rent H2O.<\/p>\n<p><strong>TDS-3 digitalt TDS- og temperatur-meter<\/strong><br \/>\n\u2022 brukes for \u00e5 m\u00e5lsette niv\u00e5et av Totalt Oppl\u00f8ste Faste Stoffer (TDS). Se under <strong>tilleggsinformasjon<\/strong> om hvordan du bruker TDS-meteret.<br \/>\n\u2022 kan bruke til \u00e5 sjekke ytelsen til vannfilter, teste kvaliteten p\u00e5 filteret vann, sjekk for hardhet og s\u00f8rg for at du drikker rent vann<br \/>\n\u2022 kan m\u00e5le temperaturen p\u00e5 vannet<\/p>\n<p>MERK: Et TDS-meter vil ikke fortelle deg hvilken mengde av klor, kloramin, kjemikalier, plast, bakterier eller virus som er i vannet.<\/p>\n","protected":false},"excerpt":{"rendered":"<p><strong>Tilleggsinformasjon<\/strong><br \/>\nFarge: Lys gr\u00e5<br \/>\nVekt: 30 gram<br \/>\nDimensjoner: 14 x 2,3 x 1 cm<br \/>\nApparatet leveres med batteri<\/p>\n<p><strong>Brukerveiledning.<\/strong><br \/>\nEt TDS-meter m\u00e5ler \u00abTotalt Oppl\u00f8ste Faste Stoffer\u00bb (TDS) i drikkevannet, og viser en verdi for alle uorganiske og organiske stoffer som er oppl\u00f8st i vann. De sv\u00e6rt vanlige uorganiske stoffene som finnes i vann er magnesium, kalsium og kalium. Et TDS-meter vil ikke fortelle deg hvilken mengde av klor, kloramin, kjemikalier, plast, bakterier eller virus som er i vannet.<\/p>\n<p>For \u00e5 m\u00e5le TDS-niv\u00e5et, f\u00f8lg de angitte instruksjonene:<\/p>\n<ul>\n<li>Fjern beskyttelseshetten.<\/li>\n<li>Sl\u00e5 P\u00c5 TDS-m\u00e5leren. Du vil finne p\u00e5 \/ av-bryteren er p\u00e5 panelet.<\/li>\n<li>Senk m\u00e5leren ned i vannet opp til maksimalt nedsenkningsniv\u00e5 (4-5 cm).<\/li>\n<li>R\u00f8r m\u00e5leren forsiktig for \u00e5 l\u00f8sne eventuelle luftbobler.<\/li>\n<li>Vent til lesingen stabiliseres (omtrent 5-10 sekunder).<\/li>\n<li>Les av mens du holder m\u00e5leren i vannet, eller trykk p\u00e5 HOLD-knappen og ta den ut av vannet for \u00e5 se lesingen.<\/li>\n<li>Etter bruk, rist av overfl\u00f8dig vann fra m\u00e5leren og sett p\u00e5 lokket.<\/li>\n<\/ul>\n<p>Forholdsregler:<\/p>\n<ol>\n<li>ikke dypp m\u00e5leren utover 4-5 cm fordi m\u00e5leren ikke er vanntett.<\/li>\n<li>ikke oppbevar m\u00e5leren p\u00e5 steder med h\u00f8y temperatur eller i direkte sollys.<\/li>\n<\/ol>\n<p>For mer info om TDS se denne engelske siden: <a href=\"https:\/\/theberkey.com\/blogs\/water-filter\/what-is-theacceptable-total-dissolved-solids-tds-level-in-drinking-water\" target=\"_blank\" rel=\"noopener\">https:\/\/theberkey.com\/blogs\/water-filter\/what-is-theacceptable-total-dissolved-solids-tds-level-in-drinking-water<\/a><\/p>\n","protected":false},"featured_media":15217,"comment_status":"open","ping_status":"closed","template":"","meta":[],"product_brand":[],"product_cat":[19],"product_tag":[],"class_list":{"0":"post-15215","1":"product","2":"type-product","3":"status-publish","4":"has-post-thumbnail","6":"product_cat-maleinstrumenter","8":"first","9":"instock","10":"taxable","11":"shipping-taxable","12":"purchasable","13":"product-type-simple"},"yoast_head":"<!-- This site is optimized with the Yoast SEO plugin v27.4 - https:\/\/yoast.com\/product\/yoast-seo-wordpress\/ -->\n<title>TDS-Vanntester - EMF Consult<\/title>\n<meta name=\"robots\" content=\"index, follow, max-snippet:-1, max-image-preview:large, max-video-preview:-1\" \/>\n<link rel=\"canonical\" href=\"https:\/\/emf-consult.com\/nettbutikk\/produkt\/tds-vanntester\/\" \/>\n<meta property=\"og:locale\" content=\"nb_NO\" \/>\n<meta property=\"og:type\" content=\"article\" \/>\n<meta property=\"og:title\" content=\"TDS-Vanntester - EMF Consult\" \/>\n<meta property=\"og:description\" content=\"Tilleggsinformasjon Farge: Lys gr\u00e5 Vekt: 30 gram Dimensjoner: 14 x 2,3 x 1 cm Apparatet leveres med batteri  Brukerveiledning. Et TDS-meter m\u00e5ler \u00abTotalt Oppl\u00f8ste Faste Stoffer\u00bb (TDS) i drikkevannet, og viser en verdi for alle uorganiske og organiske stoffer som er oppl\u00f8st i vann. De sv\u00e6rt vanlige uorganiske stoffene som finnes i vann er magnesium, kalsium og kalium. Et TDS-meter vil ikke fortelle deg hvilken mengde av klor, kloramin, kjemikalier, plast, bakterier eller virus som er i vannet.  For \u00e5 m\u00e5le TDS-niv\u00e5et, f\u00f8lg de angitte instruksjonene:   Fjern beskyttelseshetten.  Sl\u00e5 P\u00c5 TDS-m\u00e5leren. Du vil finne p\u00e5 \/ av-bryteren er p\u00e5 panelet.  Senk m\u00e5leren ned i vannet opp til maksimalt nedsenkningsniv\u00e5 (4-5 cm).  R\u00f8r m\u00e5leren forsiktig for \u00e5 l\u00f8sne eventuelle luftbobler.  Vent til lesingen stabiliseres (omtrent 5-10 sekunder).  Les av mens du holder m\u00e5leren i vannet, eller trykk p\u00e5 HOLD-knappen og ta den ut av vannet for \u00e5 se lesingen.  Etter bruk, rist av overfl\u00f8dig vann fra m\u00e5leren og sett p\u00e5 lokket.  Forholdsregler:   ikke dypp m\u00e5leren utover 4-5 cm fordi m\u00e5leren ikke er vanntett.  ikke oppbevar m\u00e5leren p\u00e5 steder med h\u00f8y temperatur eller i direkte sollys.  For mer info om TDS se denne engelske siden: https:\/\/theberkey.com\/blogs\/water-filter\/what-is-theacceptable-total-dissolved-solids-tds-level-in-drinking-water\" \/>\n<meta property=\"og:url\" content=\"https:\/\/emf-consult.com\/nettbutikk\/produkt\/tds-vanntester\/\" \/>\n<meta property=\"og:site_name\" content=\"EMF Consult\" \/>\n<meta property=\"article:publisher\" content=\"https:\/\/www.facebook.com\/emfconsult\" \/>\n<meta property=\"article:modified_time\" content=\"2026-04-07T07:25:10+00:00\" \/>\n<meta property=\"og:image\" content=\"https:\/\/emf-consult.com\/nettbutikk\/wp-content\/uploads\/2022\/12\/TSD-i-vannglass.jpg\" \/>\n\t<meta property=\"og:image:width\" content=\"259\" \/>\n\t<meta property=\"og:image:height\" content=\"259\" \/>\n\t<meta property=\"og:image:type\" content=\"image\/jpeg\" \/>\n<meta name=\"twitter:card\" content=\"summary_large_image\" \/>\n<meta name=\"twitter:label1\" content=\"Ansl. lesetid\" \/>\n\t<meta name=\"twitter:data1\" content=\"2 minutter\" \/>\n<script type=\"application\/ld+json\" class=\"yoast-schema-graph\">{\"@context\":\"https:\\\/\\\/schema.org\",\"@graph\":[{\"@type\":\"WebPage\",\"@id\":\"https:\\\/\\\/emf-consult.com\\\/nettbutikk\\\/produkt\\\/tds-vanntester\\\/\",\"url\":\"https:\\\/\\\/emf-consult.com\\\/nettbutikk\\\/produkt\\\/tds-vanntester\\\/\",\"name\":\"TDS-Vanntester - EMF Consult\",\"isPartOf\":{\"@id\":\"https:\\\/\\\/emf-consult.com\\\/nettbutikk\\\/#website\"},\"primaryImageOfPage\":{\"@id\":\"https:\\\/\\\/emf-consult.com\\\/nettbutikk\\\/produkt\\\/tds-vanntester\\\/#primaryimage\"},\"image\":{\"@id\":\"https:\\\/\\\/emf-consult.com\\\/nettbutikk\\\/produkt\\\/tds-vanntester\\\/#primaryimage\"},\"thumbnailUrl\":\"https:\\\/\\\/emf-consult.com\\\/nettbutikk\\\/wp-content\\\/uploads\\\/2022\\\/12\\\/TSD-i-vannglass.jpg\",\"datePublished\":\"2022-12-30T14:48:01+00:00\",\"dateModified\":\"2026-04-07T07:25:10+00:00\",\"breadcrumb\":{\"@id\":\"https:\\\/\\\/emf-consult.com\\\/nettbutikk\\\/produkt\\\/tds-vanntester\\\/#breadcrumb\"},\"inLanguage\":\"nb-NO\",\"potentialAction\":[{\"@type\":\"ReadAction\",\"target\":[\"https:\\\/\\\/emf-consult.com\\\/nettbutikk\\\/produkt\\\/tds-vanntester\\\/\"]}]},{\"@type\":\"ImageObject\",\"inLanguage\":\"nb-NO\",\"@id\":\"https:\\\/\\\/emf-consult.com\\\/nettbutikk\\\/produkt\\\/tds-vanntester\\\/#primaryimage\",\"url\":\"https:\\\/\\\/emf-consult.com\\\/nettbutikk\\\/wp-content\\\/uploads\\\/2022\\\/12\\\/TSD-i-vannglass.jpg\",\"contentUrl\":\"https:\\\/\\\/emf-consult.com\\\/nettbutikk\\\/wp-content\\\/uploads\\\/2022\\\/12\\\/TSD-i-vannglass.jpg\",\"width\":259,\"height\":259},{\"@type\":\"BreadcrumbList\",\"@id\":\"https:\\\/\\\/emf-consult.com\\\/nettbutikk\\\/produkt\\\/tds-vanntester\\\/#breadcrumb\",\"itemListElement\":[{\"@type\":\"ListItem\",\"position\":1,\"name\":\"Hjem\",\"item\":\"https:\\\/\\\/emf-consult.com\\\/nettbutikk\\\/\"},{\"@type\":\"ListItem\",\"position\":2,\"name\":\"Butikk\",\"item\":\"https:\\\/\\\/emf-consult.com\\\/nettbutikk\\\/butikk\\\/\"},{\"@type\":\"ListItem\",\"position\":3,\"name\":\"TDS-Vanntester\"}]},{\"@type\":\"WebSite\",\"@id\":\"https:\\\/\\\/emf-consult.com\\\/nettbutikk\\\/#website\",\"url\":\"https:\\\/\\\/emf-consult.com\\\/nettbutikk\\\/\",\"name\":\"EMF Consult\",\"description\":\"Nettbutikk - Beskyttelse mot str\u00e5ling\",\"publisher\":{\"@id\":\"https:\\\/\\\/emf-consult.com\\\/nettbutikk\\\/#organization\"},\"potentialAction\":[{\"@type\":\"SearchAction\",\"target\":{\"@type\":\"EntryPoint\",\"urlTemplate\":\"https:\\\/\\\/emf-consult.com\\\/nettbutikk\\\/?s={search_term_string}\"},\"query-input\":{\"@type\":\"PropertyValueSpecification\",\"valueRequired\":true,\"valueName\":\"search_term_string\"}}],\"inLanguage\":\"nb-NO\"},{\"@type\":\"Organization\",\"@id\":\"https:\\\/\\\/emf-consult.com\\\/nettbutikk\\\/#organization\",\"name\":\"EMF Consult AS\",\"url\":\"https:\\\/\\\/emf-consult.com\\\/nettbutikk\\\/\",\"logo\":{\"@type\":\"ImageObject\",\"inLanguage\":\"nb-NO\",\"@id\":\"https:\\\/\\\/emf-consult.com\\\/nettbutikk\\\/#\\\/schema\\\/logo\\\/image\\\/\",\"url\":\"https:\\\/\\\/emf-consult.com\\\/nettbutikk\\\/wp-content\\\/uploads\\\/2022\\\/07\\\/cropped-Favikon-rod-e1658786300694.png\",\"contentUrl\":\"https:\\\/\\\/emf-consult.com\\\/nettbutikk\\\/wp-content\\\/uploads\\\/2022\\\/07\\\/cropped-Favikon-rod-e1658786300694.png\",\"width\":150,\"height\":150,\"caption\":\"EMF Consult AS\"},\"image\":{\"@id\":\"https:\\\/\\\/emf-consult.com\\\/nettbutikk\\\/#\\\/schema\\\/logo\\\/image\\\/\"},\"sameAs\":[\"https:\\\/\\\/www.facebook.com\\\/emfconsult\",\"https:\\\/\\\/www.linkedin.com\\\/company\\\/emf-consult\\\/\"]}]}<\/script>\n<!-- \/ Yoast SEO plugin. -->","yoast_head_json":{"title":"TDS-Vanntester - EMF Consult","robots":{"index":"index","follow":"follow","max-snippet":"max-snippet:-1","max-image-preview":"max-image-preview:large","max-video-preview":"max-video-preview:-1"},"canonical":"https:\/\/emf-consult.com\/nettbutikk\/produkt\/tds-vanntester\/","og_locale":"nb_NO","og_type":"article","og_title":"TDS-Vanntester - EMF Consult","og_description":"Tilleggsinformasjon Farge: Lys gr\u00e5 Vekt: 30 gram Dimensjoner: 14 x 2,3 x 1 cm Apparatet leveres med batteri  Brukerveiledning. Et TDS-meter m\u00e5ler \u00abTotalt Oppl\u00f8ste Faste Stoffer\u00bb (TDS) i drikkevannet, og viser en verdi for alle uorganiske og organiske stoffer som er oppl\u00f8st i vann. De sv\u00e6rt vanlige uorganiske stoffene som finnes i vann er magnesium, kalsium og kalium. Et TDS-meter vil ikke fortelle deg hvilken mengde av klor, kloramin, kjemikalier, plast, bakterier eller virus som er i vannet.  For \u00e5 m\u00e5le TDS-niv\u00e5et, f\u00f8lg de angitte instruksjonene:   Fjern beskyttelseshetten.  Sl\u00e5 P\u00c5 TDS-m\u00e5leren. Du vil finne p\u00e5 \/ av-bryteren er p\u00e5 panelet.  Senk m\u00e5leren ned i vannet opp til maksimalt nedsenkningsniv\u00e5 (4-5 cm).  R\u00f8r m\u00e5leren forsiktig for \u00e5 l\u00f8sne eventuelle luftbobler.  Vent til lesingen stabiliseres (omtrent 5-10 sekunder).  Les av mens du holder m\u00e5leren i vannet, eller trykk p\u00e5 HOLD-knappen og ta den ut av vannet for \u00e5 se lesingen.  Etter bruk, rist av overfl\u00f8dig vann fra m\u00e5leren og sett p\u00e5 lokket.  Forholdsregler:   ikke dypp m\u00e5leren utover 4-5 cm fordi m\u00e5leren ikke er vanntett.  ikke oppbevar m\u00e5leren p\u00e5 steder med h\u00f8y temperatur eller i direkte sollys.  For mer info om TDS se denne engelske siden: https:\/\/theberkey.com\/blogs\/water-filter\/what-is-theacceptable-total-dissolved-solids-tds-level-in-drinking-water","og_url":"https:\/\/emf-consult.com\/nettbutikk\/produkt\/tds-vanntester\/","og_site_name":"EMF Consult","article_publisher":"https:\/\/www.facebook.com\/emfconsult","article_modified_time":"2026-04-07T07:25:10+00:00","og_image":[{"width":259,"height":259,"url":"https:\/\/emf-consult.com\/nettbutikk\/wp-content\/uploads\/2022\/12\/TSD-i-vannglass.jpg","type":"image\/jpeg"}],"twitter_card":"summary_large_image","twitter_misc":{"Ansl. lesetid":"2 minutter"},"schema":{"@context":"https:\/\/schema.org","@graph":[{"@type":"WebPage","@id":"https:\/\/emf-consult.com\/nettbutikk\/produkt\/tds-vanntester\/","url":"https:\/\/emf-consult.com\/nettbutikk\/produkt\/tds-vanntester\/","name":"TDS-Vanntester - EMF Consult","isPartOf":{"@id":"https:\/\/emf-consult.com\/nettbutikk\/#website"},"primaryImageOfPage":{"@id":"https:\/\/emf-consult.com\/nettbutikk\/produkt\/tds-vanntester\/#primaryimage"},"image":{"@id":"https:\/\/emf-consult.com\/nettbutikk\/produkt\/tds-vanntester\/#primaryimage"},"thumbnailUrl":"https:\/\/emf-consult.com\/nettbutikk\/wp-content\/uploads\/2022\/12\/TSD-i-vannglass.jpg","datePublished":"2022-12-30T14:48:01+00:00","dateModified":"2026-04-07T07:25:10+00:00","breadcrumb":{"@id":"https:\/\/emf-consult.com\/nettbutikk\/produkt\/tds-vanntester\/#breadcrumb"},"inLanguage":"nb-NO","potentialAction":[{"@type":"ReadAction","target":["https:\/\/emf-consult.com\/nettbutikk\/produkt\/tds-vanntester\/"]}]},{"@type":"ImageObject","inLanguage":"nb-NO","@id":"https:\/\/emf-consult.com\/nettbutikk\/produkt\/tds-vanntester\/#primaryimage","url":"https:\/\/emf-consult.com\/nettbutikk\/wp-content\/uploads\/2022\/12\/TSD-i-vannglass.jpg","contentUrl":"https:\/\/emf-consult.com\/nettbutikk\/wp-content\/uploads\/2022\/12\/TSD-i-vannglass.jpg","width":259,"height":259},{"@type":"BreadcrumbList","@id":"https:\/\/emf-consult.com\/nettbutikk\/produkt\/tds-vanntester\/#breadcrumb","itemListElement":[{"@type":"ListItem","position":1,"name":"Hjem","item":"https:\/\/emf-consult.com\/nettbutikk\/"},{"@type":"ListItem","position":2,"name":"Butikk","item":"https:\/\/emf-consult.com\/nettbutikk\/butikk\/"},{"@type":"ListItem","position":3,"name":"TDS-Vanntester"}]},{"@type":"WebSite","@id":"https:\/\/emf-consult.com\/nettbutikk\/#website","url":"https:\/\/emf-consult.com\/nettbutikk\/","name":"EMF Consult","description":"Nettbutikk - Beskyttelse mot str\u00e5ling","publisher":{"@id":"https:\/\/emf-consult.com\/nettbutikk\/#organization"},"potentialAction":[{"@type":"SearchAction","target":{"@type":"EntryPoint","urlTemplate":"https:\/\/emf-consult.com\/nettbutikk\/?s={search_term_string}"},"query-input":{"@type":"PropertyValueSpecification","valueRequired":true,"valueName":"search_term_string"}}],"inLanguage":"nb-NO"},{"@type":"Organization","@id":"https:\/\/emf-consult.com\/nettbutikk\/#organization","name":"EMF Consult AS","url":"https:\/\/emf-consult.com\/nettbutikk\/","logo":{"@type":"ImageObject","inLanguage":"nb-NO","@id":"https:\/\/emf-consult.com\/nettbutikk\/#\/schema\/logo\/image\/","url":"https:\/\/emf-consult.com\/nettbutikk\/wp-content\/uploads\/2022\/07\/cropped-Favikon-rod-e1658786300694.png","contentUrl":"https:\/\/emf-consult.com\/nettbutikk\/wp-content\/uploads\/2022\/07\/cropped-Favikon-rod-e1658786300694.png","width":150,"height":150,"caption":"EMF Consult AS"},"image":{"@id":"https:\/\/emf-consult.com\/nettbutikk\/#\/schema\/logo\/image\/"},"sameAs":["https:\/\/www.facebook.com\/emfconsult","https:\/\/www.linkedin.com\/company\/emf-consult\/"]}]}},"_links":{"self":[{"href":"https:\/\/emf-consult.com\/nettbutikk\/wp-json\/wp\/v2\/product\/15215","targetHints":{"allow":["GET"]}}],"collection":[{"href":"https:\/\/emf-consult.com\/nettbutikk\/wp-json\/wp\/v2\/product"}],"about":[{"href":"https:\/\/emf-consult.com\/nettbutikk\/wp-json\/wp\/v2\/types\/product"}],"replies":[{"embeddable":true,"href":"https:\/\/emf-consult.com\/nettbutikk\/wp-json\/wp\/v2\/comments?post=15215"}],"wp:featuredmedia":[{"embeddable":true,"href":"https:\/\/emf-consult.com\/nettbutikk\/wp-json\/wp\/v2\/media\/15217"}],"wp:attachment":[{"href":"https:\/\/emf-consult.com\/nettbutikk\/wp-json\/wp\/v2\/media?parent=15215"}],"wp:term":[{"taxonomy":"product_brand","embeddable":true,"href":"https:\/\/emf-consult.com\/nettbutikk\/wp-json\/wp\/v2\/product_brand?post=15215"},{"taxonomy":"product_cat","embeddable":true,"href":"https:\/\/emf-consult.com\/nettbutikk\/wp-json\/wp\/v2\/product_cat?post=15215"},{"taxonomy":"product_tag","embeddable":true,"href":"https:\/\/emf-consult.com\/nettbutikk\/wp-json\/wp\/v2\/product_tag?post=15215"}],"curies":[{"name":"wp","href":"https:\/\/api.w.org\/{rel}","templated":true}]}}