{"id":15166,"date":"2022-12-16T16:37:18","date_gmt":"2022-12-16T15:37:18","guid":{"rendered":"https:\/\/emf-consult.com\/nettbutikk\/?post_type=product&#038;p=15166"},"modified":"2026-04-18T13:02:11","modified_gmt":"2026-04-18T11:02:11","slug":"megahome-sitronsyre","status":"publish","type":"product","link":"https:\/\/emf-consult.com\/nettbutikk\/produkt\/megahome-sitronsyre\/","title":{"rendered":"Megahome Sitronsyre"},"content":{"rendered":"<p>300 gram sitronsyre for bruk til rens av destillator og andre rustfrie kjeler<\/p>\n<p>Har du destillator, kjeler, kaffemaskiner eller lignende i rustfritt st\u00e5l, med fastbrent smuss? Da kan du enkelt koke dette ut ved \u00e5 benytte et par skjeer med sitronsyre. Koker du vann og sitronsyre i 15-20 minutter blir kjelen din like blank som ny.<\/p>\n<p>Sitronsyren er fri for GMO.<\/p>\n","protected":false},"excerpt":{"rendered":"<p><strong>Hvordan bruker man sitronsyre?<\/strong><\/p>\n<p>For \u00e5 oppn\u00e5 effektiv rengj\u00f8ring blander man en passende mengde sitronsyre per liter vann. Fyll apparatet slik at l\u00f8sningen dekker omr\u00e5dene med belegg, og kj\u00f8r en oppvarming eller kok i 5\u201320 minutter. Deretter skal blandingen helles ut, og apparatet skylles godt med rent vann. Blandingen trenger normalt ikke \u00e5 st\u00e5 i apparatet etter oppvarming, men den kan gjerne st\u00e5 lengre hvis man \u00f8nsker ekstra virkning. Ved hardt eller tykt belegg kan det v\u00e6re n\u00f8dvendig med flere runder med rensing.<\/p>\n<p><strong>Hvor ofte b\u00f8r man rense?<\/strong><\/p>\n<p>Behovet for rengj\u00f8ring avhenger av vannkvaliteten der du bor. Har du mye mineraler i springvannet, anbefales hyppigere rensing \u2013 for eksempel etter hver 30.\u201350. liter destillert vann. P\u00e5 steder med mykere vann kan intervallene v\u00e6re lengre, men det er viktig \u00e5 f\u00f8lge med p\u00e5 ansamlinger av sedimenter. Varmeelementer i vanndestillatorer m\u00e5 f.eks ikke dekkes til med et tykt lag av sedimenter (opp mot 5mm) slik at elementet skades eller \u00f8delegges.<\/p>\n<p><strong>Tilleggsinformasjon<\/strong><\/p>\n<p>Vekt: 0,320 kg<br \/>\nDimensjoner: 20 x 14 x 3 cm<\/p>\n","protected":false},"featured_media":15169,"comment_status":"open","ping_status":"closed","template":"","meta":[],"product_brand":[],"product_cat":[16],"product_tag":[],"class_list":{"0":"post-15166","1":"product","2":"type-product","3":"status-publish","4":"has-post-thumbnail","6":"product_cat-ukategorisert","8":"first","9":"instock","10":"taxable","11":"shipping-taxable","12":"purchasable","13":"product-type-simple"},"yoast_head":"<!-- This site is optimized with the Yoast SEO plugin v27.4 - https:\/\/yoast.com\/product\/yoast-seo-wordpress\/ -->\n<title>Megahome Sitronsyre - EMF Consult<\/title>\n<meta name=\"robots\" content=\"index, follow, max-snippet:-1, max-image-preview:large, max-video-preview:-1\" \/>\n<link rel=\"canonical\" href=\"https:\/\/emf-consult.com\/nettbutikk\/produkt\/megahome-sitronsyre\/\" \/>\n<meta property=\"og:locale\" content=\"nb_NO\" \/>\n<meta property=\"og:type\" content=\"article\" \/>\n<meta property=\"og:title\" content=\"Megahome Sitronsyre - EMF Consult\" \/>\n<meta property=\"og:description\" content=\"Hvordan bruker man sitronsyre?  For \u00e5 oppn\u00e5 effektiv rengj\u00f8ring blander man en passende mengde sitronsyre per liter vann. Fyll apparatet slik at l\u00f8sningen dekker omr\u00e5dene med belegg, og kj\u00f8r en oppvarming eller kok i 5\u201320 minutter. Deretter skal blandingen helles ut, og apparatet skylles godt med rent vann. Blandingen trenger normalt ikke \u00e5 st\u00e5 i apparatet etter oppvarming, men den kan gjerne st\u00e5 lengre hvis man \u00f8nsker ekstra virkning. Ved hardt eller tykt belegg kan det v\u00e6re n\u00f8dvendig med flere runder med rensing.  Hvor ofte b\u00f8r man rense?  Behovet for rengj\u00f8ring avhenger av vannkvaliteten der du bor. Har du mye mineraler i springvannet, anbefales hyppigere rensing \u2013 for eksempel etter hver 30.\u201350. liter destillert vann. P\u00e5 steder med mykere vann kan intervallene v\u00e6re lengre, men det er viktig \u00e5 f\u00f8lge med p\u00e5 ansamlinger av sedimenter. Varmeelementer i vanndestillatorer m\u00e5 f.eks ikke dekkes til med et tykt lag av sedimenter (opp mot 5mm) slik at elementet skades eller \u00f8delegges.  Tilleggsinformasjon  Vekt: 0,320 kg Dimensjoner: 20 x 14 x 3 cm\" \/>\n<meta property=\"og:url\" content=\"https:\/\/emf-consult.com\/nettbutikk\/produkt\/megahome-sitronsyre\/\" \/>\n<meta property=\"og:site_name\" content=\"EMF Consult\" \/>\n<meta property=\"article:publisher\" content=\"https:\/\/www.facebook.com\/emfconsult\" \/>\n<meta property=\"article:modified_time\" content=\"2026-04-18T11:02:11+00:00\" \/>\n<meta property=\"og:image\" content=\"https:\/\/emf-consult.com\/nettbutikk\/wp-content\/uploads\/2022\/12\/Citric-Acid.jpg\" \/>\n\t<meta property=\"og:image:width\" content=\"1080\" \/>\n\t<meta property=\"og:image:height\" content=\"1080\" \/>\n\t<meta property=\"og:image:type\" content=\"image\/jpeg\" \/>\n<meta name=\"twitter:card\" content=\"summary_large_image\" \/>\n<meta name=\"twitter:label1\" content=\"Ansl. lesetid\" \/>\n\t<meta name=\"twitter:data1\" content=\"1 minutt\" \/>\n<script type=\"application\/ld+json\" class=\"yoast-schema-graph\">{\"@context\":\"https:\\\/\\\/schema.org\",\"@graph\":[{\"@type\":\"WebPage\",\"@id\":\"https:\\\/\\\/emf-consult.com\\\/nettbutikk\\\/produkt\\\/megahome-sitronsyre\\\/\",\"url\":\"https:\\\/\\\/emf-consult.com\\\/nettbutikk\\\/produkt\\\/megahome-sitronsyre\\\/\",\"name\":\"Megahome Sitronsyre - EMF Consult\",\"isPartOf\":{\"@id\":\"https:\\\/\\\/emf-consult.com\\\/nettbutikk\\\/#website\"},\"primaryImageOfPage\":{\"@id\":\"https:\\\/\\\/emf-consult.com\\\/nettbutikk\\\/produkt\\\/megahome-sitronsyre\\\/#primaryimage\"},\"image\":{\"@id\":\"https:\\\/\\\/emf-consult.com\\\/nettbutikk\\\/produkt\\\/megahome-sitronsyre\\\/#primaryimage\"},\"thumbnailUrl\":\"https:\\\/\\\/emf-consult.com\\\/nettbutikk\\\/wp-content\\\/uploads\\\/2022\\\/12\\\/Citric-Acid.jpg\",\"datePublished\":\"2022-12-16T15:37:18+00:00\",\"dateModified\":\"2026-04-18T11:02:11+00:00\",\"breadcrumb\":{\"@id\":\"https:\\\/\\\/emf-consult.com\\\/nettbutikk\\\/produkt\\\/megahome-sitronsyre\\\/#breadcrumb\"},\"inLanguage\":\"nb-NO\",\"potentialAction\":[{\"@type\":\"ReadAction\",\"target\":[\"https:\\\/\\\/emf-consult.com\\\/nettbutikk\\\/produkt\\\/megahome-sitronsyre\\\/\"]}]},{\"@type\":\"ImageObject\",\"inLanguage\":\"nb-NO\",\"@id\":\"https:\\\/\\\/emf-consult.com\\\/nettbutikk\\\/produkt\\\/megahome-sitronsyre\\\/#primaryimage\",\"url\":\"https:\\\/\\\/emf-consult.com\\\/nettbutikk\\\/wp-content\\\/uploads\\\/2022\\\/12\\\/Citric-Acid.jpg\",\"contentUrl\":\"https:\\\/\\\/emf-consult.com\\\/nettbutikk\\\/wp-content\\\/uploads\\\/2022\\\/12\\\/Citric-Acid.jpg\",\"width\":1080,\"height\":1080},{\"@type\":\"BreadcrumbList\",\"@id\":\"https:\\\/\\\/emf-consult.com\\\/nettbutikk\\\/produkt\\\/megahome-sitronsyre\\\/#breadcrumb\",\"itemListElement\":[{\"@type\":\"ListItem\",\"position\":1,\"name\":\"Hjem\",\"item\":\"https:\\\/\\\/emf-consult.com\\\/nettbutikk\\\/\"},{\"@type\":\"ListItem\",\"position\":2,\"name\":\"Butikk\",\"item\":\"https:\\\/\\\/emf-consult.com\\\/nettbutikk\\\/butikk\\\/\"},{\"@type\":\"ListItem\",\"position\":3,\"name\":\"Megahome Sitronsyre\"}]},{\"@type\":\"WebSite\",\"@id\":\"https:\\\/\\\/emf-consult.com\\\/nettbutikk\\\/#website\",\"url\":\"https:\\\/\\\/emf-consult.com\\\/nettbutikk\\\/\",\"name\":\"EMF Consult\",\"description\":\"Nettbutikk - Beskyttelse mot str\u00e5ling\",\"publisher\":{\"@id\":\"https:\\\/\\\/emf-consult.com\\\/nettbutikk\\\/#organization\"},\"potentialAction\":[{\"@type\":\"SearchAction\",\"target\":{\"@type\":\"EntryPoint\",\"urlTemplate\":\"https:\\\/\\\/emf-consult.com\\\/nettbutikk\\\/?s={search_term_string}\"},\"query-input\":{\"@type\":\"PropertyValueSpecification\",\"valueRequired\":true,\"valueName\":\"search_term_string\"}}],\"inLanguage\":\"nb-NO\"},{\"@type\":\"Organization\",\"@id\":\"https:\\\/\\\/emf-consult.com\\\/nettbutikk\\\/#organization\",\"name\":\"EMF Consult AS\",\"url\":\"https:\\\/\\\/emf-consult.com\\\/nettbutikk\\\/\",\"logo\":{\"@type\":\"ImageObject\",\"inLanguage\":\"nb-NO\",\"@id\":\"https:\\\/\\\/emf-consult.com\\\/nettbutikk\\\/#\\\/schema\\\/logo\\\/image\\\/\",\"url\":\"https:\\\/\\\/emf-consult.com\\\/nettbutikk\\\/wp-content\\\/uploads\\\/2022\\\/07\\\/cropped-Favikon-rod-e1658786300694.png\",\"contentUrl\":\"https:\\\/\\\/emf-consult.com\\\/nettbutikk\\\/wp-content\\\/uploads\\\/2022\\\/07\\\/cropped-Favikon-rod-e1658786300694.png\",\"width\":150,\"height\":150,\"caption\":\"EMF Consult AS\"},\"image\":{\"@id\":\"https:\\\/\\\/emf-consult.com\\\/nettbutikk\\\/#\\\/schema\\\/logo\\\/image\\\/\"},\"sameAs\":[\"https:\\\/\\\/www.facebook.com\\\/emfconsult\",\"https:\\\/\\\/www.linkedin.com\\\/company\\\/emf-consult\\\/\"]}]}<\/script>\n<!-- \/ Yoast SEO plugin. -->","yoast_head_json":{"title":"Megahome Sitronsyre - EMF Consult","robots":{"index":"index","follow":"follow","max-snippet":"max-snippet:-1","max-image-preview":"max-image-preview:large","max-video-preview":"max-video-preview:-1"},"canonical":"https:\/\/emf-consult.com\/nettbutikk\/produkt\/megahome-sitronsyre\/","og_locale":"nb_NO","og_type":"article","og_title":"Megahome Sitronsyre - EMF Consult","og_description":"Hvordan bruker man sitronsyre?  For \u00e5 oppn\u00e5 effektiv rengj\u00f8ring blander man en passende mengde sitronsyre per liter vann. Fyll apparatet slik at l\u00f8sningen dekker omr\u00e5dene med belegg, og kj\u00f8r en oppvarming eller kok i 5\u201320 minutter. Deretter skal blandingen helles ut, og apparatet skylles godt med rent vann. Blandingen trenger normalt ikke \u00e5 st\u00e5 i apparatet etter oppvarming, men den kan gjerne st\u00e5 lengre hvis man \u00f8nsker ekstra virkning. Ved hardt eller tykt belegg kan det v\u00e6re n\u00f8dvendig med flere runder med rensing.  Hvor ofte b\u00f8r man rense?  Behovet for rengj\u00f8ring avhenger av vannkvaliteten der du bor. Har du mye mineraler i springvannet, anbefales hyppigere rensing \u2013 for eksempel etter hver 30.\u201350. liter destillert vann. P\u00e5 steder med mykere vann kan intervallene v\u00e6re lengre, men det er viktig \u00e5 f\u00f8lge med p\u00e5 ansamlinger av sedimenter. Varmeelementer i vanndestillatorer m\u00e5 f.eks ikke dekkes til med et tykt lag av sedimenter (opp mot 5mm) slik at elementet skades eller \u00f8delegges.  Tilleggsinformasjon  Vekt: 0,320 kg Dimensjoner: 20 x 14 x 3 cm","og_url":"https:\/\/emf-consult.com\/nettbutikk\/produkt\/megahome-sitronsyre\/","og_site_name":"EMF Consult","article_publisher":"https:\/\/www.facebook.com\/emfconsult","article_modified_time":"2026-04-18T11:02:11+00:00","og_image":[{"width":1080,"height":1080,"url":"https:\/\/emf-consult.com\/nettbutikk\/wp-content\/uploads\/2022\/12\/Citric-Acid.jpg","type":"image\/jpeg"}],"twitter_card":"summary_large_image","twitter_misc":{"Ansl. lesetid":"1 minutt"},"schema":{"@context":"https:\/\/schema.org","@graph":[{"@type":"WebPage","@id":"https:\/\/emf-consult.com\/nettbutikk\/produkt\/megahome-sitronsyre\/","url":"https:\/\/emf-consult.com\/nettbutikk\/produkt\/megahome-sitronsyre\/","name":"Megahome Sitronsyre - EMF Consult","isPartOf":{"@id":"https:\/\/emf-consult.com\/nettbutikk\/#website"},"primaryImageOfPage":{"@id":"https:\/\/emf-consult.com\/nettbutikk\/produkt\/megahome-sitronsyre\/#primaryimage"},"image":{"@id":"https:\/\/emf-consult.com\/nettbutikk\/produkt\/megahome-sitronsyre\/#primaryimage"},"thumbnailUrl":"https:\/\/emf-consult.com\/nettbutikk\/wp-content\/uploads\/2022\/12\/Citric-Acid.jpg","datePublished":"2022-12-16T15:37:18+00:00","dateModified":"2026-04-18T11:02:11+00:00","breadcrumb":{"@id":"https:\/\/emf-consult.com\/nettbutikk\/produkt\/megahome-sitronsyre\/#breadcrumb"},"inLanguage":"nb-NO","potentialAction":[{"@type":"ReadAction","target":["https:\/\/emf-consult.com\/nettbutikk\/produkt\/megahome-sitronsyre\/"]}]},{"@type":"ImageObject","inLanguage":"nb-NO","@id":"https:\/\/emf-consult.com\/nettbutikk\/produkt\/megahome-sitronsyre\/#primaryimage","url":"https:\/\/emf-consult.com\/nettbutikk\/wp-content\/uploads\/2022\/12\/Citric-Acid.jpg","contentUrl":"https:\/\/emf-consult.com\/nettbutikk\/wp-content\/uploads\/2022\/12\/Citric-Acid.jpg","width":1080,"height":1080},{"@type":"BreadcrumbList","@id":"https:\/\/emf-consult.com\/nettbutikk\/produkt\/megahome-sitronsyre\/#breadcrumb","itemListElement":[{"@type":"ListItem","position":1,"name":"Hjem","item":"https:\/\/emf-consult.com\/nettbutikk\/"},{"@type":"ListItem","position":2,"name":"Butikk","item":"https:\/\/emf-consult.com\/nettbutikk\/butikk\/"},{"@type":"ListItem","position":3,"name":"Megahome Sitronsyre"}]},{"@type":"WebSite","@id":"https:\/\/emf-consult.com\/nettbutikk\/#website","url":"https:\/\/emf-consult.com\/nettbutikk\/","name":"EMF Consult","description":"Nettbutikk - Beskyttelse mot str\u00e5ling","publisher":{"@id":"https:\/\/emf-consult.com\/nettbutikk\/#organization"},"potentialAction":[{"@type":"SearchAction","target":{"@type":"EntryPoint","urlTemplate":"https:\/\/emf-consult.com\/nettbutikk\/?s={search_term_string}"},"query-input":{"@type":"PropertyValueSpecification","valueRequired":true,"valueName":"search_term_string"}}],"inLanguage":"nb-NO"},{"@type":"Organization","@id":"https:\/\/emf-consult.com\/nettbutikk\/#organization","name":"EMF Consult AS","url":"https:\/\/emf-consult.com\/nettbutikk\/","logo":{"@type":"ImageObject","inLanguage":"nb-NO","@id":"https:\/\/emf-consult.com\/nettbutikk\/#\/schema\/logo\/image\/","url":"https:\/\/emf-consult.com\/nettbutikk\/wp-content\/uploads\/2022\/07\/cropped-Favikon-rod-e1658786300694.png","contentUrl":"https:\/\/emf-consult.com\/nettbutikk\/wp-content\/uploads\/2022\/07\/cropped-Favikon-rod-e1658786300694.png","width":150,"height":150,"caption":"EMF Consult AS"},"image":{"@id":"https:\/\/emf-consult.com\/nettbutikk\/#\/schema\/logo\/image\/"},"sameAs":["https:\/\/www.facebook.com\/emfconsult","https:\/\/www.linkedin.com\/company\/emf-consult\/"]}]}},"_links":{"self":[{"href":"https:\/\/emf-consult.com\/nettbutikk\/wp-json\/wp\/v2\/product\/15166","targetHints":{"allow":["GET"]}}],"collection":[{"href":"https:\/\/emf-consult.com\/nettbutikk\/wp-json\/wp\/v2\/product"}],"about":[{"href":"https:\/\/emf-consult.com\/nettbutikk\/wp-json\/wp\/v2\/types\/product"}],"replies":[{"embeddable":true,"href":"https:\/\/emf-consult.com\/nettbutikk\/wp-json\/wp\/v2\/comments?post=15166"}],"wp:featuredmedia":[{"embeddable":true,"href":"https:\/\/emf-consult.com\/nettbutikk\/wp-json\/wp\/v2\/media\/15169"}],"wp:attachment":[{"href":"https:\/\/emf-consult.com\/nettbutikk\/wp-json\/wp\/v2\/media?parent=15166"}],"wp:term":[{"taxonomy":"product_brand","embeddable":true,"href":"https:\/\/emf-consult.com\/nettbutikk\/wp-json\/wp\/v2\/product_brand?post=15166"},{"taxonomy":"product_cat","embeddable":true,"href":"https:\/\/emf-consult.com\/nettbutikk\/wp-json\/wp\/v2\/product_cat?post=15166"},{"taxonomy":"product_tag","embeddable":true,"href":"https:\/\/emf-consult.com\/nettbutikk\/wp-json\/wp\/v2\/product_tag?post=15166"}],"curies":[{"name":"wp","href":"https:\/\/api.w.org\/{rel}","templated":true}]}}