{"id":1512,"date":"2017-04-13T23:13:14","date_gmt":"2017-04-13T21:13:14","guid":{"rendered":"https:\/\/emfconsult.nyside.net\/nettbutikk\/produkt\/skjerming-magnetfelt-mcl61\/"},"modified":"2025-02-03T16:37:20","modified_gmt":"2025-02-03T15:37:20","slug":"skjerming-magnetfelt-mcl61","status":"publish","type":"product","link":"https:\/\/emf-consult.com\/nettbutikk\/produkt\/skjerming-magnetfelt-mcl61\/","title":{"rendered":"Skjerming magnetfelt MCL61"},"content":{"rendered":"<p><strong><span id=\"result_box\" lang=\"no\"><span title=\"MCL61 is our novel magnetic shielding film made from an amorphous cobalt alloy for shielding of low-frequency alternating magnetic fields.\">Utg\u00e5tt produkt. Erstattet med <a href=\"https:\/\/emf-consult.com\/nettbutikk\/produkt\/skjerming-magnetfelt-m6l-85\/\">M6L-85<\/a><\/span><\/span><\/strong><\/p>\n<p>&nbsp;<\/p>\n<p><span id=\"result_box\" lang=\"no\"><span title=\"MCL61 is our novel magnetic shielding film made from an amorphous cobalt alloy for shielding of low-frequency alternating magnetic fields.\">MCL61 er v\u00e5r skjermings film laget av en amorf kobolt-legering for skjerming av lav-frekvens vekslende magnetiske felt. <\/span><span title=\"Also shields low-frequency electric alternating fields (LF) and high-frequency fields (HF). \">Skjermer ogs\u00e5 lavfrekvente elektriske vekselfelt (LF) og h\u00f8y-frekvensfelt (HF). Reduserer ca. 47dB ved 40GHz og vil fungere godt som skjerming mot millimeterb\u00f8lger (5G).<\/span><\/span><\/p>\n<p><span title=\"Statical magnetic fields: Other than stated in the headline, this product is not MUMETALL\u00ae.\">Statiske magnetfelt: dette produktet er ikke\u00a0MUMETALL\u00ae. <\/span><span title=\"We are utilizing a newer alloy which provides a better shielding.\">Vi benytter en nyere legering som gir en bedre skjerming. <\/span><span title=\"MUMETALL\u00ae is promoted to shield statical magnetic fields, refered to the usually used foils (material thickness 0.1 mm) the effect of the shielding is quite low indeed.\">MUMETALL\u00ae er laget for \u00e5 skjerme statiske magnetfelt, henvist til de vanligvis anvendte folier (metalltykkelse 0,1 mm) effekten av skjerming er ganske lav faktisk. <\/span><span title=\"We are using cobalt based alloy which attenuation is increasing from strength to strength of the velocity of the magnetic fields.\">Vi bruker koboltbasert legering\u00a0hvor dempning \u00f8ker i styrke avhengig av hastigheten av de magnetiske felter. <\/span><span title=\"There are no velocities by statical magnetic fields or by permanent magnets, that is why this product won\u00b4t shield those. \">Det er ingen hastigheter ved statiske magnetfelt eller ved permanente magneter, det er derfor dette produktet ikke kan skjerme disse.<\/span><\/p>\n<p><span title=\"In comparison with MUMETALL\u00ae our new MCL61 has many advantages: MUMETALL\u00ae is soft and sensitive, on bending, to shocks and on processing it looses the attenuation very fast.\">I sammenligning med MUMETALL\u00ae har v\u00e5r nye MCL61 mange fordeler: MUMETALL\u00ae er myk og f\u00f8lsom, p\u00e5 b\u00f8ying, for sjokk og i foredling av den mister demping veldig fort. <\/span><span title=\"The cobalt strips in our MCL61 are flexible but hard even at small bending radii.\">Kobolt strimler i v\u00e5r MCL61 er fleksible, men\u00a0fast selv ved sm\u00e5 b\u00f8yeradius. <\/span><span title=\"The attenuation remains constant even at high mechanical stress.\">Dempningen forblir konstant, selv ved h\u00f8ye mekaniske p\u00e5kjenninger. <\/span><span title=\"Because the cobalt strips are only 20 \u00b5m thin, 50 mm width and sharp like a knife, we laminate it for protection.\">Fordi kobolt folien er bare 20 um tynn, 50 mm bred og skarp som en kniv, er den laminert for beskyttelse. <\/span><span title=\"Due to the lamination MCL61 is corrosion-resistant even in humid environments.\">P\u00e5 grunn av lamineringen er\u00a0MCL61 korrosjonsresistent, selv i fuktige omgivelser. <\/span><span title=\"With a width of 61 cm big areas are shielded faster compared to 15 cm width MUMETALL\u00ae-strips.\">Med en bredde p\u00e5 61 cm skjermes st\u00f8rre omr\u00e5der raskere sammenlignet med 15 cm bredde MUMETALL\u00ae-strimler. <\/span><span title=\"MCL61 can easily be cut with scissors. \">MCL61 kan let\u00a0kuttes med saks.<\/span><\/p>\n<p><span title=\"MCL61 can easily be cut with scissors. \"><span title=\"The attenuation depends on the number of phases, cable twisting, the size of the area, etc.;\">Dempningen av magnetfelt er avhengig av antall faser, kabel vridning, st\u00f8rrelsen p\u00e5 omr\u00e5det, etc .; <\/span><span title=\"Work in large areas: Shield cables with 1-2 sheets, fuse-boxes with 2-4 sheets; \">Skjerm kabler med 1-2 lag, sikringsbokser med 2-4 lag. magnetfelt g\u00e5r i &#8220;sirkler&#8221; ut fra kilden og det er derfor viktig \u00e5 dekke et st\u00f8rre omr\u00e5de rundt kilden, eller &#8220;pakk inn&#8221; kilden i MLC61 for \u00e5 oppn\u00e5 oppgitt skjermingseffekt. Brukes flere strimler ved siden av hverandre m\u00e5 disse overlappe med minimum 3-5cm.<\/span><br \/>\n<\/span><span title=\"\u2022Materials: Polyester, Co69, Fe4, Mo4, Nb1, Si16, B7 \"><br \/>\n<\/span><strong><span title=\"Processing \">H\u00e5ndtering<\/span><\/strong><\/p>\n<p><span id=\"result_box\" lang=\"no\"><span title=\"Warning: The cutting edges are sharp like a knife!\"><strong>Advarsel:<\/strong> kanten er skarp som en kniv! <\/span><\/span><\/p>\n<p><span id=\"result_box\" lang=\"no\"><span title=\"Important: Its difficult to glue the film free of creases, best cover the area with solid wall coverings.\"><strong>Viktig:<\/strong> Det er vanskelige \u00e5 lime filmen uten \u00e5 f\u00e5\u00a0skrukker, det er derfor best \u00e5 dekke omr\u00e5det med faste veggkledning. <\/span><\/span><\/p>\n<p><span id=\"result_box\" lang=\"no\"><span title=\"Wall, ceiling, floor: Best use a high-viscous assembly adhesive, that adheres to non-absorbent substrates.\"><strong>Vegg, tak, gulv:<\/strong> Det er anbefalt \u00e5\u00a0bruke en h\u00f8y-visk\u00f8s monterings klebemiddel, som fester seg til ikke-absorberende material. <\/span><span title=\"Smooth the glue, lay up the film, smooth with a pressure roller or squeegee.\">Glatt ut lim, legge opp filmen, glatt med en trykkvalse eller nal. <\/span><span title=\"The sheets of MCL61 should be overlapped, level out the overlappings, paint it over with any commercial synthetic dispersion paint.\">Arkene med MCL61 skal overlappes,\u00a0jevn ut overlappingene, male den over med en hvilken som helst kommersielt syntetisk dispersjonsmaling. <\/span><span title=\"Please pay attention that the film is a water vapour barrier on wall areas! \">V\u00e6r oppmerksom p\u00e5 at filmen vil opptre som\u00a0en\u00a0fuktsperre p\u00e5 vegg omr\u00e5der!<\/span><\/span><\/p>\n<p><strong><span title=\"Grounding \">Jording: <\/span><\/strong><span title=\"MCL61 is electrically isolated.\">MCL61 er elektrisk isolert. <\/span><span title=\"To ground it, every strip has to be screwed with a chopper disk, that penetrates the polyester film.\">For \u00e5 jorde det m\u00e5 hver ark\/strimmel skrus sammen med tannskiver, som trenger gjennom polyesterfilmen.\u00a0<\/span><\/p>\n<p><span title=\"Shielding attenuation \"><strong>Skjerming demping:<\/strong> <\/span><span title=\"The shielding attenuations are regularly tested in our own laboratory, HF due to ASTM D4935-10, the LF magnetic field due to ASTM A698\/A698M-07.\">Skjerming reduksjon blir jevnlig testet i YShield sitt eget laboratorium, HF ved hjelp av ASTM D4935-10, LF magnetfelt ved hjelp av ASTM A698 \/ A698M-07. <\/span><\/p>\n","protected":false},"excerpt":{"rendered":"<p><span title=\"Technical data \"><strong>Tekniske data<\/strong><br \/>\n<\/span><span title=\"\u2022Width: 61 cm \">\u2022 Bredde: 61 cm<br \/>\n<\/span><span title=\"\u2022Length: By the meter \/ 20 m roll \/ 290 m roll;\">\u2022 Lengde: l\u00f8pemeter \/ 20 m rull ; <\/span><span title=\"Because of the high production costs, we allow to divide up the ordered quantity! \">P\u00e5 grunn av de h\u00f8ye produksjonskostnader, tillater vi \u00e5 dele opp det bestilte kvantum!<br \/>\n<\/span><span title=\"\u2022Attenuation LF magnetic field: 30 dB (97 %);\">\u2022 Demping LF magnetfelt: opp til 30 dB (97%)<\/span><span title=\"Work in large areas: Shield cables with 1-2 sheets, fuse-boxes with 2-4 sheets; \"><br \/>\n<\/span><span title=\"\u2022Attenuation HF: 75 dB \">\u2022 Demping HF: 75 dB<br \/>\n<\/span><span title=\"\u2022Weight: 265 g\/m\u00b2;\">\u2022 Vekt: 265 g \/ m\u00b2; <\/span><span title=\"Material thickness: 0.1 mm;\">Materialtykkelse: 0,1 mm; <\/span><br \/>\n<span title=\"Color: Silver \">\u2022 Farge: S\u00f8lv<br \/>\n<\/span><span title=\"\u2022Permeability: \u00b5 2 = 10,000;\">\u2022 Permeabilitet: \u03bc 2 = 10000; <\/span><span title=\"\u00b5 4 = 25,000;\">\u03bc 4 = 25 000; <\/span><span title=\"\u00b5 max.\">\u03bc maks. <\/span><span title=\"= 100,000; \">= 100 000;<br \/>\n<\/span><span title=\"\u2022Saturation polarization Bs: 0.55 T \">\u2022 Metning polarisering B: 0,55 T<br \/>\n<\/span><span title=\"\u2022Coercive field strength Hc: 0.5 A\/m \">\u2022 koersitivfeltstyrke Hc: 0,5 A \/ m<br \/>\n<\/span><span title=\"\u2022Remanence Br\/Bs: 0.7 \">\u2022 remanence Br \/ B: 0,7<br \/>\n<\/span><span title=\"\u2022Curie temperature Tc: 225 \u00b0C \">\u2022 Curie-temperaturen Tc: 225 \u00b0 C<br \/>\n<\/span><span title=\"\u2022Materials: Polyester, Co69, Fe4, Mo4, Nb1, Si16, B7 \">\u2022 Materialer: Polyester, Co69, Fe4, Mo4, NB1, Si16, B7<\/span><\/p>\n","protected":false},"featured_media":1513,"comment_status":"open","ping_status":"closed","template":"","meta":[],"product_brand":[],"product_cat":[49],"product_tag":[],"class_list":{"0":"post-1512","1":"product","2":"type-product","3":"status-publish","4":"has-post-thumbnail","6":"product_cat-folier-netting-fleece","8":"first","9":"outofstock","10":"taxable","11":"shipping-taxable","12":"purchasable","13":"product-type-variable"},"yoast_head":"<!-- This site is optimized with the Yoast SEO plugin v27.3 - https:\/\/yoast.com\/product\/yoast-seo-wordpress\/ -->\n<title>Skjerming magnetfelt MCL61 - EMF Consult<\/title>\n<meta name=\"robots\" content=\"index, follow, max-snippet:-1, max-image-preview:large, max-video-preview:-1\" \/>\n<link rel=\"canonical\" href=\"https:\/\/emf-consult.com\/nettbutikk\/produkt\/skjerming-magnetfelt-mcl61\/\" \/>\n<meta property=\"og:locale\" content=\"nb_NO\" \/>\n<meta property=\"og:type\" content=\"article\" \/>\n<meta property=\"og:title\" content=\"Skjerming magnetfelt MCL61 - EMF Consult\" \/>\n<meta property=\"og:description\" content=\"Tekniske data \u2022 Bredde: 61 cm \u2022 Lengde: l\u00f8pemeter \/ 20 m rull ; P\u00e5 grunn av de h\u00f8ye produksjonskostnader, tillater vi \u00e5 dele opp det bestilte kvantum! \u2022 Demping LF magnetfelt: opp til 30 dB (97%) \u2022 Demping HF: 75 dB \u2022 Vekt: 265 g \/ m\u00b2; Materialtykkelse: 0,1 mm;  \u2022 Farge: S\u00f8lv \u2022 Permeabilitet: \u03bc 2 = 10000; \u03bc 4 = 25 000; \u03bc maks. = 100 000; \u2022 Metning polarisering B: 0,55 T \u2022 koersitivfeltstyrke Hc: 0,5 A \/ m \u2022 remanence Br \/ B: 0,7 \u2022 Curie-temperaturen Tc: 225 \u00b0 C \u2022 Materialer: Polyester, Co69, Fe4, Mo4, NB1, Si16, B7\" \/>\n<meta property=\"og:url\" content=\"https:\/\/emf-consult.com\/nettbutikk\/produkt\/skjerming-magnetfelt-mcl61\/\" \/>\n<meta property=\"og:site_name\" content=\"EMF Consult\" \/>\n<meta property=\"article:publisher\" content=\"https:\/\/www.facebook.com\/emfconsult\" \/>\n<meta property=\"article:modified_time\" content=\"2025-02-03T15:37:20+00:00\" \/>\n<meta property=\"og:image\" content=\"https:\/\/emf-consult.com\/nettbutikk\/wp-content\/uploads\/2019\/11\/YSHIELD-A-MCL61.jpg\" \/>\n\t<meta property=\"og:image:width\" content=\"1890\" \/>\n\t<meta property=\"og:image:height\" content=\"1891\" \/>\n\t<meta property=\"og:image:type\" content=\"image\/jpeg\" \/>\n<meta name=\"twitter:card\" content=\"summary_large_image\" \/>\n<meta name=\"twitter:label1\" content=\"Ansl. lesetid\" \/>\n\t<meta name=\"twitter:data1\" content=\"3 minutter\" \/>\n<script type=\"application\/ld+json\" class=\"yoast-schema-graph\">{\"@context\":\"https:\\\/\\\/schema.org\",\"@graph\":[{\"@type\":\"WebPage\",\"@id\":\"https:\\\/\\\/emf-consult.com\\\/nettbutikk\\\/produkt\\\/skjerming-magnetfelt-mcl61\\\/\",\"url\":\"https:\\\/\\\/emf-consult.com\\\/nettbutikk\\\/produkt\\\/skjerming-magnetfelt-mcl61\\\/\",\"name\":\"Skjerming magnetfelt MCL61 - EMF Consult\",\"isPartOf\":{\"@id\":\"https:\\\/\\\/emf-consult.com\\\/nettbutikk\\\/#website\"},\"primaryImageOfPage\":{\"@id\":\"https:\\\/\\\/emf-consult.com\\\/nettbutikk\\\/produkt\\\/skjerming-magnetfelt-mcl61\\\/#primaryimage\"},\"image\":{\"@id\":\"https:\\\/\\\/emf-consult.com\\\/nettbutikk\\\/produkt\\\/skjerming-magnetfelt-mcl61\\\/#primaryimage\"},\"thumbnailUrl\":\"https:\\\/\\\/emf-consult.com\\\/nettbutikk\\\/wp-content\\\/uploads\\\/2019\\\/11\\\/YSHIELD-A-MCL61.jpg\",\"datePublished\":\"2017-04-13T21:13:14+00:00\",\"dateModified\":\"2025-02-03T15:37:20+00:00\",\"breadcrumb\":{\"@id\":\"https:\\\/\\\/emf-consult.com\\\/nettbutikk\\\/produkt\\\/skjerming-magnetfelt-mcl61\\\/#breadcrumb\"},\"inLanguage\":\"nb-NO\",\"potentialAction\":[{\"@type\":\"ReadAction\",\"target\":[\"https:\\\/\\\/emf-consult.com\\\/nettbutikk\\\/produkt\\\/skjerming-magnetfelt-mcl61\\\/\"]}]},{\"@type\":\"ImageObject\",\"inLanguage\":\"nb-NO\",\"@id\":\"https:\\\/\\\/emf-consult.com\\\/nettbutikk\\\/produkt\\\/skjerming-magnetfelt-mcl61\\\/#primaryimage\",\"url\":\"https:\\\/\\\/emf-consult.com\\\/nettbutikk\\\/wp-content\\\/uploads\\\/2019\\\/11\\\/YSHIELD-A-MCL61.jpg\",\"contentUrl\":\"https:\\\/\\\/emf-consult.com\\\/nettbutikk\\\/wp-content\\\/uploads\\\/2019\\\/11\\\/YSHIELD-A-MCL61.jpg\",\"width\":1890,\"height\":1891,\"caption\":\"Skjerming magnetfelt MCL61\"},{\"@type\":\"BreadcrumbList\",\"@id\":\"https:\\\/\\\/emf-consult.com\\\/nettbutikk\\\/produkt\\\/skjerming-magnetfelt-mcl61\\\/#breadcrumb\",\"itemListElement\":[{\"@type\":\"ListItem\",\"position\":1,\"name\":\"Hjem\",\"item\":\"https:\\\/\\\/emf-consult.com\\\/nettbutikk\\\/\"},{\"@type\":\"ListItem\",\"position\":2,\"name\":\"Butikk\",\"item\":\"https:\\\/\\\/emf-consult.com\\\/nettbutikk\\\/butikk\\\/\"},{\"@type\":\"ListItem\",\"position\":3,\"name\":\"Skjerming magnetfelt MCL61\"}]},{\"@type\":\"WebSite\",\"@id\":\"https:\\\/\\\/emf-consult.com\\\/nettbutikk\\\/#website\",\"url\":\"https:\\\/\\\/emf-consult.com\\\/nettbutikk\\\/\",\"name\":\"EMF Consult\",\"description\":\"Nettbutikk - Beskyttelse mot str\u00e5ling\",\"publisher\":{\"@id\":\"https:\\\/\\\/emf-consult.com\\\/nettbutikk\\\/#organization\"},\"potentialAction\":[{\"@type\":\"SearchAction\",\"target\":{\"@type\":\"EntryPoint\",\"urlTemplate\":\"https:\\\/\\\/emf-consult.com\\\/nettbutikk\\\/?s={search_term_string}\"},\"query-input\":{\"@type\":\"PropertyValueSpecification\",\"valueRequired\":true,\"valueName\":\"search_term_string\"}}],\"inLanguage\":\"nb-NO\"},{\"@type\":\"Organization\",\"@id\":\"https:\\\/\\\/emf-consult.com\\\/nettbutikk\\\/#organization\",\"name\":\"EMF Consult AS\",\"url\":\"https:\\\/\\\/emf-consult.com\\\/nettbutikk\\\/\",\"logo\":{\"@type\":\"ImageObject\",\"inLanguage\":\"nb-NO\",\"@id\":\"https:\\\/\\\/emf-consult.com\\\/nettbutikk\\\/#\\\/schema\\\/logo\\\/image\\\/\",\"url\":\"https:\\\/\\\/emf-consult.com\\\/nettbutikk\\\/wp-content\\\/uploads\\\/2022\\\/07\\\/cropped-Favikon-rod-e1658786300694.png\",\"contentUrl\":\"https:\\\/\\\/emf-consult.com\\\/nettbutikk\\\/wp-content\\\/uploads\\\/2022\\\/07\\\/cropped-Favikon-rod-e1658786300694.png\",\"width\":150,\"height\":150,\"caption\":\"EMF Consult AS\"},\"image\":{\"@id\":\"https:\\\/\\\/emf-consult.com\\\/nettbutikk\\\/#\\\/schema\\\/logo\\\/image\\\/\"},\"sameAs\":[\"https:\\\/\\\/www.facebook.com\\\/emfconsult\",\"https:\\\/\\\/www.linkedin.com\\\/company\\\/emf-consult\\\/\"]}]}<\/script>\n<!-- \/ Yoast SEO plugin. -->","yoast_head_json":{"title":"Skjerming magnetfelt MCL61 - EMF Consult","robots":{"index":"index","follow":"follow","max-snippet":"max-snippet:-1","max-image-preview":"max-image-preview:large","max-video-preview":"max-video-preview:-1"},"canonical":"https:\/\/emf-consult.com\/nettbutikk\/produkt\/skjerming-magnetfelt-mcl61\/","og_locale":"nb_NO","og_type":"article","og_title":"Skjerming magnetfelt MCL61 - EMF Consult","og_description":"Tekniske data \u2022 Bredde: 61 cm \u2022 Lengde: l\u00f8pemeter \/ 20 m rull ; P\u00e5 grunn av de h\u00f8ye produksjonskostnader, tillater vi \u00e5 dele opp det bestilte kvantum! \u2022 Demping LF magnetfelt: opp til 30 dB (97%) \u2022 Demping HF: 75 dB \u2022 Vekt: 265 g \/ m\u00b2; Materialtykkelse: 0,1 mm;  \u2022 Farge: S\u00f8lv \u2022 Permeabilitet: \u03bc 2 = 10000; \u03bc 4 = 25 000; \u03bc maks. = 100 000; \u2022 Metning polarisering B: 0,55 T \u2022 koersitivfeltstyrke Hc: 0,5 A \/ m \u2022 remanence Br \/ B: 0,7 \u2022 Curie-temperaturen Tc: 225 \u00b0 C \u2022 Materialer: Polyester, Co69, Fe4, Mo4, NB1, Si16, B7","og_url":"https:\/\/emf-consult.com\/nettbutikk\/produkt\/skjerming-magnetfelt-mcl61\/","og_site_name":"EMF Consult","article_publisher":"https:\/\/www.facebook.com\/emfconsult","article_modified_time":"2025-02-03T15:37:20+00:00","og_image":[{"width":1890,"height":1891,"url":"https:\/\/emf-consult.com\/nettbutikk\/wp-content\/uploads\/2019\/11\/YSHIELD-A-MCL61.jpg","type":"image\/jpeg"}],"twitter_card":"summary_large_image","twitter_misc":{"Ansl. lesetid":"3 minutter"},"schema":{"@context":"https:\/\/schema.org","@graph":[{"@type":"WebPage","@id":"https:\/\/emf-consult.com\/nettbutikk\/produkt\/skjerming-magnetfelt-mcl61\/","url":"https:\/\/emf-consult.com\/nettbutikk\/produkt\/skjerming-magnetfelt-mcl61\/","name":"Skjerming magnetfelt MCL61 - EMF Consult","isPartOf":{"@id":"https:\/\/emf-consult.com\/nettbutikk\/#website"},"primaryImageOfPage":{"@id":"https:\/\/emf-consult.com\/nettbutikk\/produkt\/skjerming-magnetfelt-mcl61\/#primaryimage"},"image":{"@id":"https:\/\/emf-consult.com\/nettbutikk\/produkt\/skjerming-magnetfelt-mcl61\/#primaryimage"},"thumbnailUrl":"https:\/\/emf-consult.com\/nettbutikk\/wp-content\/uploads\/2019\/11\/YSHIELD-A-MCL61.jpg","datePublished":"2017-04-13T21:13:14+00:00","dateModified":"2025-02-03T15:37:20+00:00","breadcrumb":{"@id":"https:\/\/emf-consult.com\/nettbutikk\/produkt\/skjerming-magnetfelt-mcl61\/#breadcrumb"},"inLanguage":"nb-NO","potentialAction":[{"@type":"ReadAction","target":["https:\/\/emf-consult.com\/nettbutikk\/produkt\/skjerming-magnetfelt-mcl61\/"]}]},{"@type":"ImageObject","inLanguage":"nb-NO","@id":"https:\/\/emf-consult.com\/nettbutikk\/produkt\/skjerming-magnetfelt-mcl61\/#primaryimage","url":"https:\/\/emf-consult.com\/nettbutikk\/wp-content\/uploads\/2019\/11\/YSHIELD-A-MCL61.jpg","contentUrl":"https:\/\/emf-consult.com\/nettbutikk\/wp-content\/uploads\/2019\/11\/YSHIELD-A-MCL61.jpg","width":1890,"height":1891,"caption":"Skjerming magnetfelt MCL61"},{"@type":"BreadcrumbList","@id":"https:\/\/emf-consult.com\/nettbutikk\/produkt\/skjerming-magnetfelt-mcl61\/#breadcrumb","itemListElement":[{"@type":"ListItem","position":1,"name":"Hjem","item":"https:\/\/emf-consult.com\/nettbutikk\/"},{"@type":"ListItem","position":2,"name":"Butikk","item":"https:\/\/emf-consult.com\/nettbutikk\/butikk\/"},{"@type":"ListItem","position":3,"name":"Skjerming magnetfelt MCL61"}]},{"@type":"WebSite","@id":"https:\/\/emf-consult.com\/nettbutikk\/#website","url":"https:\/\/emf-consult.com\/nettbutikk\/","name":"EMF Consult","description":"Nettbutikk - Beskyttelse mot str\u00e5ling","publisher":{"@id":"https:\/\/emf-consult.com\/nettbutikk\/#organization"},"potentialAction":[{"@type":"SearchAction","target":{"@type":"EntryPoint","urlTemplate":"https:\/\/emf-consult.com\/nettbutikk\/?s={search_term_string}"},"query-input":{"@type":"PropertyValueSpecification","valueRequired":true,"valueName":"search_term_string"}}],"inLanguage":"nb-NO"},{"@type":"Organization","@id":"https:\/\/emf-consult.com\/nettbutikk\/#organization","name":"EMF Consult AS","url":"https:\/\/emf-consult.com\/nettbutikk\/","logo":{"@type":"ImageObject","inLanguage":"nb-NO","@id":"https:\/\/emf-consult.com\/nettbutikk\/#\/schema\/logo\/image\/","url":"https:\/\/emf-consult.com\/nettbutikk\/wp-content\/uploads\/2022\/07\/cropped-Favikon-rod-e1658786300694.png","contentUrl":"https:\/\/emf-consult.com\/nettbutikk\/wp-content\/uploads\/2022\/07\/cropped-Favikon-rod-e1658786300694.png","width":150,"height":150,"caption":"EMF Consult AS"},"image":{"@id":"https:\/\/emf-consult.com\/nettbutikk\/#\/schema\/logo\/image\/"},"sameAs":["https:\/\/www.facebook.com\/emfconsult","https:\/\/www.linkedin.com\/company\/emf-consult\/"]}]}},"_links":{"self":[{"href":"https:\/\/emf-consult.com\/nettbutikk\/wp-json\/wp\/v2\/product\/1512","targetHints":{"allow":["GET"]}}],"collection":[{"href":"https:\/\/emf-consult.com\/nettbutikk\/wp-json\/wp\/v2\/product"}],"about":[{"href":"https:\/\/emf-consult.com\/nettbutikk\/wp-json\/wp\/v2\/types\/product"}],"replies":[{"embeddable":true,"href":"https:\/\/emf-consult.com\/nettbutikk\/wp-json\/wp\/v2\/comments?post=1512"}],"wp:featuredmedia":[{"embeddable":true,"href":"https:\/\/emf-consult.com\/nettbutikk\/wp-json\/wp\/v2\/media\/1513"}],"wp:attachment":[{"href":"https:\/\/emf-consult.com\/nettbutikk\/wp-json\/wp\/v2\/media?parent=1512"}],"wp:term":[{"taxonomy":"product_brand","embeddable":true,"href":"https:\/\/emf-consult.com\/nettbutikk\/wp-json\/wp\/v2\/product_brand?post=1512"},{"taxonomy":"product_cat","embeddable":true,"href":"https:\/\/emf-consult.com\/nettbutikk\/wp-json\/wp\/v2\/product_cat?post=1512"},{"taxonomy":"product_tag","embeddable":true,"href":"https:\/\/emf-consult.com\/nettbutikk\/wp-json\/wp\/v2\/product_tag?post=1512"}],"curies":[{"name":"wp","href":"https:\/\/api.w.org\/{rel}","templated":true}]}}