{"id":15079,"date":"2022-12-06T22:46:50","date_gmt":"2022-12-06T21:46:50","guid":{"rendered":"https:\/\/emf-consult.com\/nettbutikk\/?post_type=product&#038;p=15079"},"modified":"2024-06-05T20:06:56","modified_gmt":"2024-06-05T18:06:56","slug":"wavemon-lf-400","status":"publish","type":"product","link":"https:\/\/emf-consult.com\/nettbutikk\/produkt\/wavemon-lf-400\/","title":{"rendered":"WaveMon LF-400"},"content":{"rendered":"<p><strong>Bruksomr\u00e5de: <\/strong>Personlig overv\u00e5king av lavfrekvent (LF) eksponering for PROFESJONELT BRUK.<\/p>\n<p><img loading=\"lazy\" decoding=\"async\" class=\" wd-lazy-fade wp-image-15080 alignright\" src=\"https:\/\/emf-consult.com\/nettbutikk\/wp-content\/themes\/woodmart\/images\/lazy.svg\" data-src=\"https:\/\/emf-consult.com\/nettbutikk\/wp-content\/uploads\/2022\/12\/Wavemon-LF-400-animacion.gif\" alt=\"\" width=\"229\" height=\"366\" \/><\/p>\n<p>Din personlige eksponeringsalarm. WaveMon er liten, hendig og enkel \u00e5 b\u00e6re med seg hele tiden for \u00e5 f\u00e5 tidlig varsel om n\u00e5r du blir utsatt for statiske (DC) eller vekselstr\u00f8m (AC) magnetfelt. Wavemon brukes prim\u00e6rt for kontinuerlig overv\u00e5king av arbeidstakeres eksponering for EMF.\u00a0 WaveMon LF-400 overv\u00e5ker lavfrekvente felt opp til 400kHz og er ideell for HMS-overv\u00e5king av ansatte som jobber med MR-unders\u00f8kelser, i kraftkrevende industri og smelteverk,\u00a0 eller n\u00e6rt inntil kraftledninger og kraftproduserende utstyr. WaveMon vil advare deg visuelt, akustisk og ved vibrasjon, og vil holde oversikt over din eksponeringshistorie for senere evaluering. Slik at du ikke trenger \u00e5 v\u00e6re bekymret, og du kan konsentrere deg om arbeidet ditt.<\/p>\n<ul>\n<li style=\"list-style-type: none;\">\n<ul>\n<li>ADVARSEL OM OVEREKSPONERING<br \/>\nH\u00f8rbar, visuell alarm og vibrasjonsalarm<\/li>\n<li><a href=\"https:\/\/www.icnirp.org\/cms\/upload\/publications\/ICNIRPrfgdl2020.pdf\" target=\"_blank\" rel=\"noopener\">ICNIRP<\/a> eller <a href=\"https:\/\/emf-consult.com\/emf-info\/direktiv-201335eu\/\" target=\"_blank\" rel=\"noopener\">Direktiv 2013\/35\/EU<\/a><br \/>\nVelg mellom hvilken standard du \u00f8nsker \u00e5 benytte. Vektet respons p\u00e5 valgte standard. <strong>Egne instillinger for den generelle befolkningen, inkludert personer med medisinske implantat (f.eks. pacemaker).<\/strong><\/li>\n<li>EXPOSIMETER MED DATALOGGER<br \/>\nUSB-nedlasting og konfigurasjon<\/li>\n<li>SELE, BELTE ELLER ARMHOLDER<br \/>\nProfesjonell og praktisk<\/li>\n<\/ul>\n<\/li>\n<\/ul>\n<ul>\n<li style=\"list-style-type: none;\">\n<ul>\n<li style=\"list-style-type: none;\"><\/li>\n<\/ul>\n<\/li>\n<\/ul>\n<p>MERK: Wavemon er ikke et m\u00e5leapparat, kun en alarm. Om du \u00f8nsker \u00e5 vite feltstyrken du omgir deg med m\u00e5 du velge et av v\u00e5re m\u00e5leapparater.<\/p>\n<p>Datablad: <a href=\"https:\/\/emf-consult.com\/nettbutikk\/wp-content\/uploads\/2022\/12\/WaveMon_LF-400_Datasheet_EN.pdf\" target=\"_blank\" rel=\"noopener\">WaveMon LF-400 Datasheet (Engelsk)<\/a><\/p>\n<p>Bestillingsvare, med ca. 2-3 ukers leveringstid.<\/p>\n<p><iframe loading=\"lazy\" title=\"WaveMon LF-400 \u2013 The Personal EMF Monitor for the low frequencies\" width=\"500\" height=\"281\" src=\"https:\/\/www.youtube.com\/embed\/3WE1i0HJODY?feature=oembed\" frameborder=\"0\" allow=\"accelerometer; autoplay; clipboard-write; encrypted-media; gyroscope; picture-in-picture; web-share\" referrerpolicy=\"strict-origin-when-cross-origin\" allowfullscreen><\/iframe><\/p>\n<p>&nbsp;<\/p>\n<p>&nbsp;<\/p>\n","protected":false},"excerpt":{"rendered":"<p><strong>Spesifikasjoner:<\/strong><br \/>\nSensor type: Isotrop spoler og hall sensor<br \/>\nFrekvens: DC (0Hz) og 10Hz &#8211; 400kHz<br \/>\nRespons: Tilpasset den valgte standard<br \/>\nLogge intervall: 1 sekund opptil 60 minutter (justerbart)<br \/>\nBeskyttelsesgrad: IP54<br \/>\nTemperatur: -20 \/ +50 \u00baC<br \/>\nDriftsspenning: 2 x AA NiMH batteri oppladbare via USB<br \/>\nDimensjon (mm): B 42,5 x H 174 x D 33<br \/>\nVekt: 0,19 kg inkl batteri<br \/>\nLeveres med en hending oppbevaringsveske og bruksanvisning.<\/p>\n","protected":false},"featured_media":13891,"comment_status":"open","ping_status":"closed","template":"","meta":[],"product_brand":[],"product_cat":[21,53],"product_tag":[],"class_list":{"0":"post-15079","1":"product","2":"type-product","3":"status-publish","4":"has-post-thumbnail","6":"product_cat-maleinstrumeter-lf","7":"product_cat-nyheter","9":"first","10":"onbackorder","11":"taxable","12":"shipping-taxable","13":"purchasable","14":"product-type-simple"},"yoast_head":"<!-- This site is optimized with the Yoast SEO plugin v27.4 - https:\/\/yoast.com\/product\/yoast-seo-wordpress\/ -->\n<title>WaveMon LF-400 - EMF Consult<\/title>\n<meta name=\"robots\" content=\"index, follow, max-snippet:-1, max-image-preview:large, max-video-preview:-1\" \/>\n<link rel=\"canonical\" href=\"https:\/\/emf-consult.com\/nettbutikk\/produkt\/wavemon-lf-400\/\" \/>\n<meta property=\"og:locale\" content=\"nb_NO\" \/>\n<meta property=\"og:type\" content=\"article\" \/>\n<meta property=\"og:title\" content=\"WaveMon LF-400 - EMF Consult\" \/>\n<meta property=\"og:description\" content=\"Spesifikasjoner: Sensor type: Isotrop spoler og hall sensor Frekvens: DC (0Hz) og 10Hz - 400kHz Respons: Tilpasset den valgte standard Logge intervall: 1 sekund opptil 60 minutter (justerbart) Beskyttelsesgrad: IP54 Temperatur: -20 \/ +50 \u00baC Driftsspenning: 2 x AA NiMH batteri oppladbare via USB Dimensjon (mm): B 42,5 x H 174 x D 33 Vekt: 0,19 kg inkl batteri Leveres med en hending oppbevaringsveske og bruksanvisning.\" \/>\n<meta property=\"og:url\" content=\"https:\/\/emf-consult.com\/nettbutikk\/produkt\/wavemon-lf-400\/\" \/>\n<meta property=\"og:site_name\" content=\"EMF Consult\" \/>\n<meta property=\"article:publisher\" content=\"https:\/\/www.facebook.com\/emfconsult\" \/>\n<meta property=\"article:modified_time\" content=\"2024-06-05T18:06:56+00:00\" \/>\n<meta property=\"og:image\" content=\"https:\/\/emf-consult.com\/nettbutikk\/wp-content\/uploads\/2021\/12\/Wavemon-400-x-400.png\" \/>\n\t<meta property=\"og:image:width\" content=\"399\" \/>\n\t<meta property=\"og:image:height\" content=\"400\" \/>\n\t<meta property=\"og:image:type\" content=\"image\/png\" \/>\n<meta name=\"twitter:card\" content=\"summary_large_image\" \/>\n<meta name=\"twitter:label1\" content=\"Ansl. lesetid\" \/>\n\t<meta name=\"twitter:data1\" content=\"2 minutter\" \/>\n<script type=\"application\/ld+json\" class=\"yoast-schema-graph\">{\"@context\":\"https:\\\/\\\/schema.org\",\"@graph\":[{\"@type\":\"WebPage\",\"@id\":\"https:\\\/\\\/emf-consult.com\\\/nettbutikk\\\/produkt\\\/wavemon-lf-400\\\/\",\"url\":\"https:\\\/\\\/emf-consult.com\\\/nettbutikk\\\/produkt\\\/wavemon-lf-400\\\/\",\"name\":\"WaveMon LF-400 - EMF Consult\",\"isPartOf\":{\"@id\":\"https:\\\/\\\/emf-consult.com\\\/nettbutikk\\\/#website\"},\"primaryImageOfPage\":{\"@id\":\"https:\\\/\\\/emf-consult.com\\\/nettbutikk\\\/produkt\\\/wavemon-lf-400\\\/#primaryimage\"},\"image\":{\"@id\":\"https:\\\/\\\/emf-consult.com\\\/nettbutikk\\\/produkt\\\/wavemon-lf-400\\\/#primaryimage\"},\"thumbnailUrl\":\"https:\\\/\\\/emf-consult.com\\\/nettbutikk\\\/wp-content\\\/uploads\\\/2021\\\/12\\\/Wavemon-400-x-400.png\",\"datePublished\":\"2022-12-06T21:46:50+00:00\",\"dateModified\":\"2024-06-05T18:06:56+00:00\",\"breadcrumb\":{\"@id\":\"https:\\\/\\\/emf-consult.com\\\/nettbutikk\\\/produkt\\\/wavemon-lf-400\\\/#breadcrumb\"},\"inLanguage\":\"nb-NO\",\"potentialAction\":[{\"@type\":\"ReadAction\",\"target\":[\"https:\\\/\\\/emf-consult.com\\\/nettbutikk\\\/produkt\\\/wavemon-lf-400\\\/\"]}]},{\"@type\":\"ImageObject\",\"inLanguage\":\"nb-NO\",\"@id\":\"https:\\\/\\\/emf-consult.com\\\/nettbutikk\\\/produkt\\\/wavemon-lf-400\\\/#primaryimage\",\"url\":\"https:\\\/\\\/emf-consult.com\\\/nettbutikk\\\/wp-content\\\/uploads\\\/2021\\\/12\\\/Wavemon-400-x-400.png\",\"contentUrl\":\"https:\\\/\\\/emf-consult.com\\\/nettbutikk\\\/wp-content\\\/uploads\\\/2021\\\/12\\\/Wavemon-400-x-400.png\",\"width\":399,\"height\":400},{\"@type\":\"BreadcrumbList\",\"@id\":\"https:\\\/\\\/emf-consult.com\\\/nettbutikk\\\/produkt\\\/wavemon-lf-400\\\/#breadcrumb\",\"itemListElement\":[{\"@type\":\"ListItem\",\"position\":1,\"name\":\"Hjem\",\"item\":\"https:\\\/\\\/emf-consult.com\\\/nettbutikk\\\/\"},{\"@type\":\"ListItem\",\"position\":2,\"name\":\"Butikk\",\"item\":\"https:\\\/\\\/emf-consult.com\\\/nettbutikk\\\/butikk\\\/\"},{\"@type\":\"ListItem\",\"position\":3,\"name\":\"WaveMon LF-400\"}]},{\"@type\":\"WebSite\",\"@id\":\"https:\\\/\\\/emf-consult.com\\\/nettbutikk\\\/#website\",\"url\":\"https:\\\/\\\/emf-consult.com\\\/nettbutikk\\\/\",\"name\":\"EMF Consult\",\"description\":\"Nettbutikk - Beskyttelse mot str\u00e5ling\",\"publisher\":{\"@id\":\"https:\\\/\\\/emf-consult.com\\\/nettbutikk\\\/#organization\"},\"potentialAction\":[{\"@type\":\"SearchAction\",\"target\":{\"@type\":\"EntryPoint\",\"urlTemplate\":\"https:\\\/\\\/emf-consult.com\\\/nettbutikk\\\/?s={search_term_string}\"},\"query-input\":{\"@type\":\"PropertyValueSpecification\",\"valueRequired\":true,\"valueName\":\"search_term_string\"}}],\"inLanguage\":\"nb-NO\"},{\"@type\":\"Organization\",\"@id\":\"https:\\\/\\\/emf-consult.com\\\/nettbutikk\\\/#organization\",\"name\":\"EMF Consult AS\",\"url\":\"https:\\\/\\\/emf-consult.com\\\/nettbutikk\\\/\",\"logo\":{\"@type\":\"ImageObject\",\"inLanguage\":\"nb-NO\",\"@id\":\"https:\\\/\\\/emf-consult.com\\\/nettbutikk\\\/#\\\/schema\\\/logo\\\/image\\\/\",\"url\":\"https:\\\/\\\/emf-consult.com\\\/nettbutikk\\\/wp-content\\\/uploads\\\/2022\\\/07\\\/cropped-Favikon-rod-e1658786300694.png\",\"contentUrl\":\"https:\\\/\\\/emf-consult.com\\\/nettbutikk\\\/wp-content\\\/uploads\\\/2022\\\/07\\\/cropped-Favikon-rod-e1658786300694.png\",\"width\":150,\"height\":150,\"caption\":\"EMF Consult AS\"},\"image\":{\"@id\":\"https:\\\/\\\/emf-consult.com\\\/nettbutikk\\\/#\\\/schema\\\/logo\\\/image\\\/\"},\"sameAs\":[\"https:\\\/\\\/www.facebook.com\\\/emfconsult\",\"https:\\\/\\\/www.linkedin.com\\\/company\\\/emf-consult\\\/\"]}]}<\/script>\n<!-- \/ Yoast SEO plugin. -->","yoast_head_json":{"title":"WaveMon LF-400 - EMF Consult","robots":{"index":"index","follow":"follow","max-snippet":"max-snippet:-1","max-image-preview":"max-image-preview:large","max-video-preview":"max-video-preview:-1"},"canonical":"https:\/\/emf-consult.com\/nettbutikk\/produkt\/wavemon-lf-400\/","og_locale":"nb_NO","og_type":"article","og_title":"WaveMon LF-400 - EMF Consult","og_description":"Spesifikasjoner: Sensor type: Isotrop spoler og hall sensor Frekvens: DC (0Hz) og 10Hz - 400kHz Respons: Tilpasset den valgte standard Logge intervall: 1 sekund opptil 60 minutter (justerbart) Beskyttelsesgrad: IP54 Temperatur: -20 \/ +50 \u00baC Driftsspenning: 2 x AA NiMH batteri oppladbare via USB Dimensjon (mm): B 42,5 x H 174 x D 33 Vekt: 0,19 kg inkl batteri Leveres med en hending oppbevaringsveske og bruksanvisning.","og_url":"https:\/\/emf-consult.com\/nettbutikk\/produkt\/wavemon-lf-400\/","og_site_name":"EMF Consult","article_publisher":"https:\/\/www.facebook.com\/emfconsult","article_modified_time":"2024-06-05T18:06:56+00:00","og_image":[{"width":399,"height":400,"url":"https:\/\/emf-consult.com\/nettbutikk\/wp-content\/uploads\/2021\/12\/Wavemon-400-x-400.png","type":"image\/png"}],"twitter_card":"summary_large_image","twitter_misc":{"Ansl. lesetid":"2 minutter"},"schema":{"@context":"https:\/\/schema.org","@graph":[{"@type":"WebPage","@id":"https:\/\/emf-consult.com\/nettbutikk\/produkt\/wavemon-lf-400\/","url":"https:\/\/emf-consult.com\/nettbutikk\/produkt\/wavemon-lf-400\/","name":"WaveMon LF-400 - EMF Consult","isPartOf":{"@id":"https:\/\/emf-consult.com\/nettbutikk\/#website"},"primaryImageOfPage":{"@id":"https:\/\/emf-consult.com\/nettbutikk\/produkt\/wavemon-lf-400\/#primaryimage"},"image":{"@id":"https:\/\/emf-consult.com\/nettbutikk\/produkt\/wavemon-lf-400\/#primaryimage"},"thumbnailUrl":"https:\/\/emf-consult.com\/nettbutikk\/wp-content\/uploads\/2021\/12\/Wavemon-400-x-400.png","datePublished":"2022-12-06T21:46:50+00:00","dateModified":"2024-06-05T18:06:56+00:00","breadcrumb":{"@id":"https:\/\/emf-consult.com\/nettbutikk\/produkt\/wavemon-lf-400\/#breadcrumb"},"inLanguage":"nb-NO","potentialAction":[{"@type":"ReadAction","target":["https:\/\/emf-consult.com\/nettbutikk\/produkt\/wavemon-lf-400\/"]}]},{"@type":"ImageObject","inLanguage":"nb-NO","@id":"https:\/\/emf-consult.com\/nettbutikk\/produkt\/wavemon-lf-400\/#primaryimage","url":"https:\/\/emf-consult.com\/nettbutikk\/wp-content\/uploads\/2021\/12\/Wavemon-400-x-400.png","contentUrl":"https:\/\/emf-consult.com\/nettbutikk\/wp-content\/uploads\/2021\/12\/Wavemon-400-x-400.png","width":399,"height":400},{"@type":"BreadcrumbList","@id":"https:\/\/emf-consult.com\/nettbutikk\/produkt\/wavemon-lf-400\/#breadcrumb","itemListElement":[{"@type":"ListItem","position":1,"name":"Hjem","item":"https:\/\/emf-consult.com\/nettbutikk\/"},{"@type":"ListItem","position":2,"name":"Butikk","item":"https:\/\/emf-consult.com\/nettbutikk\/butikk\/"},{"@type":"ListItem","position":3,"name":"WaveMon LF-400"}]},{"@type":"WebSite","@id":"https:\/\/emf-consult.com\/nettbutikk\/#website","url":"https:\/\/emf-consult.com\/nettbutikk\/","name":"EMF Consult","description":"Nettbutikk - Beskyttelse mot str\u00e5ling","publisher":{"@id":"https:\/\/emf-consult.com\/nettbutikk\/#organization"},"potentialAction":[{"@type":"SearchAction","target":{"@type":"EntryPoint","urlTemplate":"https:\/\/emf-consult.com\/nettbutikk\/?s={search_term_string}"},"query-input":{"@type":"PropertyValueSpecification","valueRequired":true,"valueName":"search_term_string"}}],"inLanguage":"nb-NO"},{"@type":"Organization","@id":"https:\/\/emf-consult.com\/nettbutikk\/#organization","name":"EMF Consult AS","url":"https:\/\/emf-consult.com\/nettbutikk\/","logo":{"@type":"ImageObject","inLanguage":"nb-NO","@id":"https:\/\/emf-consult.com\/nettbutikk\/#\/schema\/logo\/image\/","url":"https:\/\/emf-consult.com\/nettbutikk\/wp-content\/uploads\/2022\/07\/cropped-Favikon-rod-e1658786300694.png","contentUrl":"https:\/\/emf-consult.com\/nettbutikk\/wp-content\/uploads\/2022\/07\/cropped-Favikon-rod-e1658786300694.png","width":150,"height":150,"caption":"EMF Consult AS"},"image":{"@id":"https:\/\/emf-consult.com\/nettbutikk\/#\/schema\/logo\/image\/"},"sameAs":["https:\/\/www.facebook.com\/emfconsult","https:\/\/www.linkedin.com\/company\/emf-consult\/"]}]}},"_links":{"self":[{"href":"https:\/\/emf-consult.com\/nettbutikk\/wp-json\/wp\/v2\/product\/15079","targetHints":{"allow":["GET"]}}],"collection":[{"href":"https:\/\/emf-consult.com\/nettbutikk\/wp-json\/wp\/v2\/product"}],"about":[{"href":"https:\/\/emf-consult.com\/nettbutikk\/wp-json\/wp\/v2\/types\/product"}],"replies":[{"embeddable":true,"href":"https:\/\/emf-consult.com\/nettbutikk\/wp-json\/wp\/v2\/comments?post=15079"}],"wp:featuredmedia":[{"embeddable":true,"href":"https:\/\/emf-consult.com\/nettbutikk\/wp-json\/wp\/v2\/media\/13891"}],"wp:attachment":[{"href":"https:\/\/emf-consult.com\/nettbutikk\/wp-json\/wp\/v2\/media?parent=15079"}],"wp:term":[{"taxonomy":"product_brand","embeddable":true,"href":"https:\/\/emf-consult.com\/nettbutikk\/wp-json\/wp\/v2\/product_brand?post=15079"},{"taxonomy":"product_cat","embeddable":true,"href":"https:\/\/emf-consult.com\/nettbutikk\/wp-json\/wp\/v2\/product_cat?post=15079"},{"taxonomy":"product_tag","embeddable":true,"href":"https:\/\/emf-consult.com\/nettbutikk\/wp-json\/wp\/v2\/product_tag?post=15079"}],"curies":[{"name":"wp","href":"https:\/\/api.w.org\/{rel}","templated":true}]}}