{"id":1496,"date":"2017-04-13T22:05:10","date_gmt":"2017-04-13T20:05:10","guid":{"rendered":"https:\/\/emfconsult.nyside.net\/nettbutikk\/produkt\/vindusfilm-rdf72-152cm\/"},"modified":"2025-11-27T14:34:39","modified_gmt":"2025-11-27T13:34:39","slug":"vindusfilm-rdf72-152cm","status":"publish","type":"product","link":"https:\/\/emf-consult.com\/nettbutikk\/produkt\/vindusfilm-rdf72-152cm\/","title":{"rendered":"Vindusfilm RDF72 &#8211; 152cm"},"content":{"rendered":"<p><span id=\"result_box\" lang=\"no\">Edelmetallbelagt og selvklebende folie for skjerming av vinduer og glassflater mot h\u00f8yfrekvent str\u00e5ling (HF). Premium-film som best\u00e5r av 12 metall-lag for de h\u00f8yeste krav.<\/span><\/p>\n<p><span id=\"result_box\" lang=\"no\">Eksklusiv for innend\u00f8rs anvendelse p\u00e5 ikke-varmeabsorberende glass. Anbefales kun n\u00e5r str\u00e5lingen er relativ lav. Demper 30 dB (99,9%) ved 1 GHz<\/span><\/p>\n<p><span id=\"result_box\" lang=\"no\">Innend\u00f8rs anvendelse, hovedsakelig p\u00e5 glassflater , men ogs\u00e5 p\u00e5 d\u00f8rer og andre rette flater.<br \/>\n<\/span><\/p>\n<p><span id=\"result_box\" lang=\"no\">MERK: Kun for innend\u00f8rs\u00a0p\u00e5f\u00f8ring p\u00e5 ikke varmedempende glass overflater! <\/span><\/p>\n<p><span id=\"result_box\" lang=\"no\">Bakgrunn: Varmedempende glass er allerede metallisert. N\u00e5r solstr\u00e5lene passerer\u00a0metalliseringen og deretter treffer vinduet folie, kan multirefleksjoner oppst\u00e5. Vindusrutene\u00a0blir\u00a0overopphetet\u00a0og kan\u00a0ved ekspansjon for\u00e5rsake lekkasjer eller sprekker i pakninger. Sjekk derfor ut hvilken type vindu p\u00e5 forh\u00e5nd!<\/span><span id=\"t-served-community-button\" class=\"trans-verified-button goog-toolbar-button\"><\/span><\/p>\n<p><a href=\"https:\/\/emf-consult.com\/nettbutikk\/wp-content\/uploads\/2022\/04\/Monteringsanvisning-YSHIELD-Vindusfilm-1.pdf\" target=\"_blank\" rel=\"noopener\">Monteringsanvisning YSHIELD Vindusfilm<\/a><\/p>\n<p>MERK: N\u00e5r du bestiller i l\u00f8pemeter blir produktet kuttet i henhold til dine spesifikasjoner og det er ikke mulig \u00e5 returnere eller kansellere ordre.<\/p>\n<p>Skjermende vindusfilm, vindusfolie for demping av elektromagnetisk str\u00e5ling<\/p>\n","protected":false},"excerpt":{"rendered":"<p><strong>Tekniske data:<\/strong><br \/>\n\u2022 Bredde: 152 cm.<br \/>\n\u2022 Lengde: Line\u00e6r meter.<br \/>\n\u2022 Demping: 30 dB ved 1 GHz<br \/>\n\u2022 Lys overf\u00f8ring: 72%.<br \/>\n\u2022 Farge dagslys: Lys gr\u00f8nn.<br \/>\n\u2022 Materialtykkelse : 75 pm<\/p>\n<p><strong>Montering:<\/strong><br \/>\nVann-aktivert trykkf\u00f8lsomt klebemiddel p\u00e5 baksiden.<\/p>\n","protected":false},"featured_media":1497,"comment_status":"open","ping_status":"closed","template":"","meta":[],"product_brand":[],"product_cat":[49],"product_tag":[],"class_list":{"0":"post-1496","1":"product","2":"type-product","3":"status-publish","4":"has-post-thumbnail","6":"product_cat-folier-netting-fleece","8":"first","9":"instock","10":"taxable","11":"shipping-taxable","12":"purchasable","13":"product-type-variable"},"yoast_head":"<!-- This site is optimized with the Yoast SEO plugin v27.4 - https:\/\/yoast.com\/product\/yoast-seo-wordpress\/ -->\n<title>Vindusfilm RDF72 - 152cm - EMF Consult<\/title>\n<meta name=\"robots\" content=\"index, follow, max-snippet:-1, max-image-preview:large, max-video-preview:-1\" \/>\n<link rel=\"canonical\" href=\"https:\/\/emf-consult.com\/nettbutikk\/produkt\/vindusfilm-rdf72-152cm\/\" \/>\n<meta property=\"og:locale\" content=\"nb_NO\" \/>\n<meta property=\"og:type\" content=\"article\" \/>\n<meta property=\"og:title\" content=\"Vindusfilm RDF72 - 152cm - EMF Consult\" \/>\n<meta property=\"og:description\" content=\"Tekniske data: \u2022 Bredde: 152 cm. \u2022 Lengde: Line\u00e6r meter. \u2022 Demping: 30 dB ved 1 GHz \u2022 Lys overf\u00f8ring: 72%. \u2022 Farge dagslys: Lys gr\u00f8nn. \u2022 Materialtykkelse : 75 pm  Montering: Vann-aktivert trykkf\u00f8lsomt klebemiddel p\u00e5 baksiden.\" \/>\n<meta property=\"og:url\" content=\"https:\/\/emf-consult.com\/nettbutikk\/produkt\/vindusfilm-rdf72-152cm\/\" \/>\n<meta property=\"og:site_name\" content=\"EMF Consult\" \/>\n<meta property=\"article:publisher\" content=\"https:\/\/www.facebook.com\/emfconsult\" \/>\n<meta property=\"article:modified_time\" content=\"2025-11-27T13:34:39+00:00\" \/>\n<meta property=\"og:image\" content=\"https:\/\/emf-consult.com\/nettbutikk\/wp-content\/uploads\/2019\/11\/YSHIELD-A-RDF72.jpg\" \/>\n\t<meta property=\"og:image:width\" content=\"1890\" \/>\n\t<meta property=\"og:image:height\" content=\"1891\" \/>\n\t<meta property=\"og:image:type\" content=\"image\/jpeg\" \/>\n<meta name=\"twitter:card\" content=\"summary_large_image\" \/>\n<meta name=\"twitter:label1\" content=\"Ansl. lesetid\" \/>\n\t<meta name=\"twitter:data1\" content=\"1 minutt\" \/>\n<script type=\"application\/ld+json\" class=\"yoast-schema-graph\">{\"@context\":\"https:\\\/\\\/schema.org\",\"@graph\":[{\"@type\":\"WebPage\",\"@id\":\"https:\\\/\\\/emf-consult.com\\\/nettbutikk\\\/produkt\\\/vindusfilm-rdf72-152cm\\\/\",\"url\":\"https:\\\/\\\/emf-consult.com\\\/nettbutikk\\\/produkt\\\/vindusfilm-rdf72-152cm\\\/\",\"name\":\"Vindusfilm RDF72 - 152cm - EMF Consult\",\"isPartOf\":{\"@id\":\"https:\\\/\\\/emf-consult.com\\\/nettbutikk\\\/#website\"},\"primaryImageOfPage\":{\"@id\":\"https:\\\/\\\/emf-consult.com\\\/nettbutikk\\\/produkt\\\/vindusfilm-rdf72-152cm\\\/#primaryimage\"},\"image\":{\"@id\":\"https:\\\/\\\/emf-consult.com\\\/nettbutikk\\\/produkt\\\/vindusfilm-rdf72-152cm\\\/#primaryimage\"},\"thumbnailUrl\":\"https:\\\/\\\/emf-consult.com\\\/nettbutikk\\\/wp-content\\\/uploads\\\/2019\\\/11\\\/YSHIELD-A-RDF72.jpg\",\"datePublished\":\"2017-04-13T20:05:10+00:00\",\"dateModified\":\"2025-11-27T13:34:39+00:00\",\"breadcrumb\":{\"@id\":\"https:\\\/\\\/emf-consult.com\\\/nettbutikk\\\/produkt\\\/vindusfilm-rdf72-152cm\\\/#breadcrumb\"},\"inLanguage\":\"nb-NO\",\"potentialAction\":[{\"@type\":\"ReadAction\",\"target\":[\"https:\\\/\\\/emf-consult.com\\\/nettbutikk\\\/produkt\\\/vindusfilm-rdf72-152cm\\\/\"]}]},{\"@type\":\"ImageObject\",\"inLanguage\":\"nb-NO\",\"@id\":\"https:\\\/\\\/emf-consult.com\\\/nettbutikk\\\/produkt\\\/vindusfilm-rdf72-152cm\\\/#primaryimage\",\"url\":\"https:\\\/\\\/emf-consult.com\\\/nettbutikk\\\/wp-content\\\/uploads\\\/2019\\\/11\\\/YSHIELD-A-RDF72.jpg\",\"contentUrl\":\"https:\\\/\\\/emf-consult.com\\\/nettbutikk\\\/wp-content\\\/uploads\\\/2019\\\/11\\\/YSHIELD-A-RDF72.jpg\",\"width\":1890,\"height\":1891,\"caption\":\"Vindusfilm RDF72 - 152cm\"},{\"@type\":\"BreadcrumbList\",\"@id\":\"https:\\\/\\\/emf-consult.com\\\/nettbutikk\\\/produkt\\\/vindusfilm-rdf72-152cm\\\/#breadcrumb\",\"itemListElement\":[{\"@type\":\"ListItem\",\"position\":1,\"name\":\"Hjem\",\"item\":\"https:\\\/\\\/emf-consult.com\\\/nettbutikk\\\/\"},{\"@type\":\"ListItem\",\"position\":2,\"name\":\"Butikk\",\"item\":\"https:\\\/\\\/emf-consult.com\\\/nettbutikk\\\/butikk\\\/\"},{\"@type\":\"ListItem\",\"position\":3,\"name\":\"Vindusfilm RDF72 &#8211; 152cm\"}]},{\"@type\":\"WebSite\",\"@id\":\"https:\\\/\\\/emf-consult.com\\\/nettbutikk\\\/#website\",\"url\":\"https:\\\/\\\/emf-consult.com\\\/nettbutikk\\\/\",\"name\":\"EMF Consult\",\"description\":\"Nettbutikk - Beskyttelse mot str\u00e5ling\",\"publisher\":{\"@id\":\"https:\\\/\\\/emf-consult.com\\\/nettbutikk\\\/#organization\"},\"potentialAction\":[{\"@type\":\"SearchAction\",\"target\":{\"@type\":\"EntryPoint\",\"urlTemplate\":\"https:\\\/\\\/emf-consult.com\\\/nettbutikk\\\/?s={search_term_string}\"},\"query-input\":{\"@type\":\"PropertyValueSpecification\",\"valueRequired\":true,\"valueName\":\"search_term_string\"}}],\"inLanguage\":\"nb-NO\"},{\"@type\":\"Organization\",\"@id\":\"https:\\\/\\\/emf-consult.com\\\/nettbutikk\\\/#organization\",\"name\":\"EMF Consult AS\",\"url\":\"https:\\\/\\\/emf-consult.com\\\/nettbutikk\\\/\",\"logo\":{\"@type\":\"ImageObject\",\"inLanguage\":\"nb-NO\",\"@id\":\"https:\\\/\\\/emf-consult.com\\\/nettbutikk\\\/#\\\/schema\\\/logo\\\/image\\\/\",\"url\":\"https:\\\/\\\/emf-consult.com\\\/nettbutikk\\\/wp-content\\\/uploads\\\/2022\\\/07\\\/cropped-Favikon-rod-e1658786300694.png\",\"contentUrl\":\"https:\\\/\\\/emf-consult.com\\\/nettbutikk\\\/wp-content\\\/uploads\\\/2022\\\/07\\\/cropped-Favikon-rod-e1658786300694.png\",\"width\":150,\"height\":150,\"caption\":\"EMF Consult AS\"},\"image\":{\"@id\":\"https:\\\/\\\/emf-consult.com\\\/nettbutikk\\\/#\\\/schema\\\/logo\\\/image\\\/\"},\"sameAs\":[\"https:\\\/\\\/www.facebook.com\\\/emfconsult\",\"https:\\\/\\\/www.linkedin.com\\\/company\\\/emf-consult\\\/\"]}]}<\/script>\n<!-- \/ Yoast SEO plugin. -->","yoast_head_json":{"title":"Vindusfilm RDF72 - 152cm - EMF Consult","robots":{"index":"index","follow":"follow","max-snippet":"max-snippet:-1","max-image-preview":"max-image-preview:large","max-video-preview":"max-video-preview:-1"},"canonical":"https:\/\/emf-consult.com\/nettbutikk\/produkt\/vindusfilm-rdf72-152cm\/","og_locale":"nb_NO","og_type":"article","og_title":"Vindusfilm RDF72 - 152cm - EMF Consult","og_description":"Tekniske data: \u2022 Bredde: 152 cm. \u2022 Lengde: Line\u00e6r meter. \u2022 Demping: 30 dB ved 1 GHz \u2022 Lys overf\u00f8ring: 72%. \u2022 Farge dagslys: Lys gr\u00f8nn. \u2022 Materialtykkelse : 75 pm  Montering: Vann-aktivert trykkf\u00f8lsomt klebemiddel p\u00e5 baksiden.","og_url":"https:\/\/emf-consult.com\/nettbutikk\/produkt\/vindusfilm-rdf72-152cm\/","og_site_name":"EMF Consult","article_publisher":"https:\/\/www.facebook.com\/emfconsult","article_modified_time":"2025-11-27T13:34:39+00:00","og_image":[{"width":1890,"height":1891,"url":"https:\/\/emf-consult.com\/nettbutikk\/wp-content\/uploads\/2019\/11\/YSHIELD-A-RDF72.jpg","type":"image\/jpeg"}],"twitter_card":"summary_large_image","twitter_misc":{"Ansl. lesetid":"1 minutt"},"schema":{"@context":"https:\/\/schema.org","@graph":[{"@type":"WebPage","@id":"https:\/\/emf-consult.com\/nettbutikk\/produkt\/vindusfilm-rdf72-152cm\/","url":"https:\/\/emf-consult.com\/nettbutikk\/produkt\/vindusfilm-rdf72-152cm\/","name":"Vindusfilm RDF72 - 152cm - EMF Consult","isPartOf":{"@id":"https:\/\/emf-consult.com\/nettbutikk\/#website"},"primaryImageOfPage":{"@id":"https:\/\/emf-consult.com\/nettbutikk\/produkt\/vindusfilm-rdf72-152cm\/#primaryimage"},"image":{"@id":"https:\/\/emf-consult.com\/nettbutikk\/produkt\/vindusfilm-rdf72-152cm\/#primaryimage"},"thumbnailUrl":"https:\/\/emf-consult.com\/nettbutikk\/wp-content\/uploads\/2019\/11\/YSHIELD-A-RDF72.jpg","datePublished":"2017-04-13T20:05:10+00:00","dateModified":"2025-11-27T13:34:39+00:00","breadcrumb":{"@id":"https:\/\/emf-consult.com\/nettbutikk\/produkt\/vindusfilm-rdf72-152cm\/#breadcrumb"},"inLanguage":"nb-NO","potentialAction":[{"@type":"ReadAction","target":["https:\/\/emf-consult.com\/nettbutikk\/produkt\/vindusfilm-rdf72-152cm\/"]}]},{"@type":"ImageObject","inLanguage":"nb-NO","@id":"https:\/\/emf-consult.com\/nettbutikk\/produkt\/vindusfilm-rdf72-152cm\/#primaryimage","url":"https:\/\/emf-consult.com\/nettbutikk\/wp-content\/uploads\/2019\/11\/YSHIELD-A-RDF72.jpg","contentUrl":"https:\/\/emf-consult.com\/nettbutikk\/wp-content\/uploads\/2019\/11\/YSHIELD-A-RDF72.jpg","width":1890,"height":1891,"caption":"Vindusfilm RDF72 - 152cm"},{"@type":"BreadcrumbList","@id":"https:\/\/emf-consult.com\/nettbutikk\/produkt\/vindusfilm-rdf72-152cm\/#breadcrumb","itemListElement":[{"@type":"ListItem","position":1,"name":"Hjem","item":"https:\/\/emf-consult.com\/nettbutikk\/"},{"@type":"ListItem","position":2,"name":"Butikk","item":"https:\/\/emf-consult.com\/nettbutikk\/butikk\/"},{"@type":"ListItem","position":3,"name":"Vindusfilm RDF72 &#8211; 152cm"}]},{"@type":"WebSite","@id":"https:\/\/emf-consult.com\/nettbutikk\/#website","url":"https:\/\/emf-consult.com\/nettbutikk\/","name":"EMF Consult","description":"Nettbutikk - Beskyttelse mot str\u00e5ling","publisher":{"@id":"https:\/\/emf-consult.com\/nettbutikk\/#organization"},"potentialAction":[{"@type":"SearchAction","target":{"@type":"EntryPoint","urlTemplate":"https:\/\/emf-consult.com\/nettbutikk\/?s={search_term_string}"},"query-input":{"@type":"PropertyValueSpecification","valueRequired":true,"valueName":"search_term_string"}}],"inLanguage":"nb-NO"},{"@type":"Organization","@id":"https:\/\/emf-consult.com\/nettbutikk\/#organization","name":"EMF Consult AS","url":"https:\/\/emf-consult.com\/nettbutikk\/","logo":{"@type":"ImageObject","inLanguage":"nb-NO","@id":"https:\/\/emf-consult.com\/nettbutikk\/#\/schema\/logo\/image\/","url":"https:\/\/emf-consult.com\/nettbutikk\/wp-content\/uploads\/2022\/07\/cropped-Favikon-rod-e1658786300694.png","contentUrl":"https:\/\/emf-consult.com\/nettbutikk\/wp-content\/uploads\/2022\/07\/cropped-Favikon-rod-e1658786300694.png","width":150,"height":150,"caption":"EMF Consult AS"},"image":{"@id":"https:\/\/emf-consult.com\/nettbutikk\/#\/schema\/logo\/image\/"},"sameAs":["https:\/\/www.facebook.com\/emfconsult","https:\/\/www.linkedin.com\/company\/emf-consult\/"]}]}},"_links":{"self":[{"href":"https:\/\/emf-consult.com\/nettbutikk\/wp-json\/wp\/v2\/product\/1496","targetHints":{"allow":["GET"]}}],"collection":[{"href":"https:\/\/emf-consult.com\/nettbutikk\/wp-json\/wp\/v2\/product"}],"about":[{"href":"https:\/\/emf-consult.com\/nettbutikk\/wp-json\/wp\/v2\/types\/product"}],"replies":[{"embeddable":true,"href":"https:\/\/emf-consult.com\/nettbutikk\/wp-json\/wp\/v2\/comments?post=1496"}],"wp:featuredmedia":[{"embeddable":true,"href":"https:\/\/emf-consult.com\/nettbutikk\/wp-json\/wp\/v2\/media\/1497"}],"wp:attachment":[{"href":"https:\/\/emf-consult.com\/nettbutikk\/wp-json\/wp\/v2\/media?parent=1496"}],"wp:term":[{"taxonomy":"product_brand","embeddable":true,"href":"https:\/\/emf-consult.com\/nettbutikk\/wp-json\/wp\/v2\/product_brand?post=1496"},{"taxonomy":"product_cat","embeddable":true,"href":"https:\/\/emf-consult.com\/nettbutikk\/wp-json\/wp\/v2\/product_cat?post=1496"},{"taxonomy":"product_tag","embeddable":true,"href":"https:\/\/emf-consult.com\/nettbutikk\/wp-json\/wp\/v2\/product_tag?post=1496"}],"curies":[{"name":"wp","href":"https:\/\/api.w.org\/{rel}","templated":true}]}}