{"id":1493,"date":"2017-04-13T18:05:15","date_gmt":"2017-04-13T18:05:15","guid":{"rendered":"https:\/\/emfconsult.nyside.net\/nettbutikk\/produkt\/texcare-vaskemiddel-1-liter\/"},"modified":"2026-03-30T10:14:57","modified_gmt":"2026-03-30T08:14:57","slug":"texcare-vaskemiddel-1-liter","status":"publish","type":"product","link":"https:\/\/emf-consult.com\/nettbutikk\/produkt\/texcare-vaskemiddel-1-liter\/","title":{"rendered":"TEXCARE vaskemiddel 1 liter"},"content":{"rendered":"<p><span id=\"result_box\" lang=\"no\"><span title=\"Special washing detergents for the care of our shielding textiles with silver- and stainless steel threads.\">Spesielle vaskemidler for pleie av v\u00e5re skjermings tekstiler med s\u00f8lv- og rustfritt st\u00e5l tr\u00e5der. <\/span><span title=\"The special recipes developed by us, preserves the shielding fabrics amd achieves the shielding attenuation on washing.\">Den spesielle oppskriften utviklet av YShield, bevarer skjermings tekstiler og opprettholder skjermings demping etter vask. <\/span><span title=\"Perfect cleannes and hygiene yet at 30\u00b0C.\">Perfekt renhet\u00a0og hygiene, selv\u00a0ved 30 \u00b0 C. <\/span><span title=\"The only authorized washing detergents we can recommend for all our shielding fabrics.\">De eneste godkjente vaskemidler vi kan anbefale for alle v\u00e5re skjerming tekstiler. \u00d8nsker du \u00e5 v\u00e6re p\u00e5 den trygge siden anbefaler vi at du bruker dette<\/span><span title=\"Play it safe and use it! \">!<\/span><\/span><\/p>\n<p><span title=\"Background \"><strong>Bakgrunn<\/strong><br \/>\n<\/span><span title=\"As we made extensive washing tests with many different laundry detergens, we found out that some laundry detergents are bad for the shielding attenuation.\">Ettersom\u00a0vi har gjort omfattende vasketester med mange forskjellige tekstilvaskemidler, fant vi ut at noen vaskemidler er d\u00e5rlig for skjerming demping. <\/span><span title=\"In addition we got many customers feedback, that e.g.\">I tillegg fikk vi mange kunder tilbakemeldinger, som f.eks\u00a0<\/span><span title=\"soap nuts would cause smell with silver fabrics.\">enkelte s\u00e5per\u00a0for\u00e5rsaket lukt sammen med s\u00f8lv stoffer. P\u00e5 dette grunnlag\u00a0<\/span><span title=\"For this reasons we have developed laundry detergents together with a manufacturer of eco-detergents, that will not react with our shielding fabrics anymore. \">har vi utviklet vaskemidler sammen med en produsent av \u00f8ko-vaskemidler, som ikke vil reagere med v\u00e5re skjerming tekstiler lenger.<\/span><\/p>\n<p><span title=\"For allergy sufferers \"><strong>For allergikere<\/strong><br \/>\n<\/span><span title=\"TEXCARE detergents not only protect our shielding textiles and the environment: They contain no fragrances, colouring agents, complexing agents, preservatives, enzymes, genetic engineering, petrochemicals, all ingredients are 100 % biodegradable. \">TEXCARE vaskemidler ikke bare beskytte skjerming tekstiler og milj\u00f8et: De inneholder ingen duftstoffer, fargestoffer, kompleksdannende midler, konserveringsmidler, enzymer, genteknologi, petrokjemi, alle ingredienser er 100% biologisk nedbrytbare.<\/span><\/p>\n<p><span title=\"Yield \/ Dosage \/ Application \"><strong>Mengde\u00a0\/ Dosering \/ Bruk<\/strong><br \/>\n<\/span><span title=\"1 kg yield for 20 loads.\">1\u00a0liter\u00a0holder til 20 vask. <\/span><span title=\"The dosage is independent of the water hardness.\">Doseringen er uavhengig av vannets hardhet. <\/span><span title=\"Pour 50 g TEXCARE per wash in the detergent drawer or put it straight in the drum.\">Hell 50 ml TEXCARE per vask i s\u00e5pebeholderen eller\u00a0direkte i trommelen. Ved vask av kun ett eller noen f\u00e5 plagg kan du benytte mindre mengder TEXCARE. <\/span><span title=\"Select delecates program with washing at 30\u00b0C.\">Velg\u00a0sk\u00e5nvask program og vask ved 30\u00b0C. <\/span><span title=\"Please take a note on the care label of the fabric also, respective to ironing and drying!\">Vennligst se p\u00e5\u00a0etiketten av stoffet ogs\u00e5,\u00a0i forhold til\u00a0stryking og t\u00f8rking! <\/span><\/p>\n<p><span id=\"result_box\" lang=\"no\"><span title=\"Tip: If you wish some \u201efresh\u201c smell, just add some drops of an essential oil. \"><strong>Tips:<\/strong> Hvis du \u00f8nsker\u00a0en \u201cfrisk\u201d lukt, kan du bare legge til noen dr\u00e5per av en eterisk olje sammen med\u00a0vaskepulveret.<\/span><\/span><\/p>\n<p>&nbsp;<\/p>\n","protected":false},"excerpt":{"rendered":"<p><span title=\"Ingredients \"><strong>Ingredienser:<\/strong><\/span><\/p>\n<p><span title=\"EC 648\/2004: Zeolite, sodium soap, sodium citrate, coco glucoside, sodium carbonate, sodium silicate, sodium bicarbonate, Quillaja saponaria.\"><span id=\"result_box\" lang=\"no\">S\u00e5pe fra rapsolje 5-15%, sukker overflateaktivt middel 5-15%, kokosn\u00f8ttolje alkoholsulfat 5-15%, vegetabilsk alkohol (etanol) 1-5%, sulfatert ricinusolje &lt;1%, sitrat &lt;1%, vann opptil 100%.\u00a0 Ingredienser INCI: Aqua, Kalium S\u00e5pe, alkylpoly-glukosid C8-16, Sodium C 8-14 fettalkoholsulfat , Alkohol, sulfat Castor Oil, Potassium sitrat.<\/span><\/span><\/p>\n","protected":false},"featured_media":13873,"comment_status":"open","ping_status":"closed","template":"","meta":[],"product_brand":[],"product_cat":[45,50,43],"product_tag":[],"class_list":{"0":"post-1493","1":"product","2":"type-product","3":"status-publish","4":"has-post-thumbnail","6":"product_cat-baldakiner-soveposer","7":"product_cat-bekledning-klaer","8":"product_cat-stoff-gardiner","10":"first","11":"instock","12":"taxable","13":"shipping-taxable","14":"purchasable","15":"product-type-simple"},"yoast_head":"<!-- This site is optimized with the Yoast SEO plugin v27.3 - https:\/\/yoast.com\/product\/yoast-seo-wordpress\/ -->\n<title>TEXCARE vaskemiddel 1 liter - EMF Consult<\/title>\n<meta name=\"robots\" content=\"index, follow, max-snippet:-1, max-image-preview:large, max-video-preview:-1\" \/>\n<link rel=\"canonical\" href=\"https:\/\/emf-consult.com\/nettbutikk\/produkt\/texcare-vaskemiddel-1-liter\/\" \/>\n<meta property=\"og:locale\" content=\"nb_NO\" \/>\n<meta property=\"og:type\" content=\"article\" \/>\n<meta property=\"og:title\" content=\"TEXCARE vaskemiddel 1 liter - EMF Consult\" \/>\n<meta property=\"og:description\" content=\"Ingredienser:  S\u00e5pe fra rapsolje 5-15%, sukker overflateaktivt middel 5-15%, kokosn\u00f8ttolje alkoholsulfat 5-15%, vegetabilsk alkohol (etanol) 1-5%, sulfatert ricinusolje &lt;1%, sitrat &lt;1%, vann opptil 100%.\u00a0 Ingredienser INCI: Aqua, Kalium S\u00e5pe, alkylpoly-glukosid C8-16, Sodium C 8-14 fettalkoholsulfat , Alkohol, sulfat Castor Oil, Potassium sitrat.\" \/>\n<meta property=\"og:url\" content=\"https:\/\/emf-consult.com\/nettbutikk\/produkt\/texcare-vaskemiddel-1-liter\/\" \/>\n<meta property=\"og:site_name\" content=\"EMF Consult\" \/>\n<meta property=\"article:publisher\" content=\"https:\/\/www.facebook.com\/emfconsult\" \/>\n<meta property=\"article:modified_time\" content=\"2026-03-30T08:14:57+00:00\" \/>\n<meta property=\"og:image\" content=\"https:\/\/emf-consult.com\/nettbutikk\/wp-content\/uploads\/2017\/04\/YSHIELD-A-TEXCARE-F.jpg\" \/>\n\t<meta property=\"og:image:width\" content=\"1000\" \/>\n\t<meta property=\"og:image:height\" content=\"1000\" \/>\n\t<meta property=\"og:image:type\" content=\"image\/jpeg\" \/>\n<meta name=\"twitter:card\" content=\"summary_large_image\" \/>\n<meta name=\"twitter:label1\" content=\"Ansl. lesetid\" \/>\n\t<meta name=\"twitter:data1\" content=\"1 minutt\" \/>\n<script type=\"application\/ld+json\" class=\"yoast-schema-graph\">{\"@context\":\"https:\\\/\\\/schema.org\",\"@graph\":[{\"@type\":\"WebPage\",\"@id\":\"https:\\\/\\\/emf-consult.com\\\/nettbutikk\\\/produkt\\\/texcare-vaskemiddel-1-liter\\\/\",\"url\":\"https:\\\/\\\/emf-consult.com\\\/nettbutikk\\\/produkt\\\/texcare-vaskemiddel-1-liter\\\/\",\"name\":\"TEXCARE vaskemiddel 1 liter - EMF Consult\",\"isPartOf\":{\"@id\":\"https:\\\/\\\/emf-consult.com\\\/nettbutikk\\\/#website\"},\"primaryImageOfPage\":{\"@id\":\"https:\\\/\\\/emf-consult.com\\\/nettbutikk\\\/produkt\\\/texcare-vaskemiddel-1-liter\\\/#primaryimage\"},\"image\":{\"@id\":\"https:\\\/\\\/emf-consult.com\\\/nettbutikk\\\/produkt\\\/texcare-vaskemiddel-1-liter\\\/#primaryimage\"},\"thumbnailUrl\":\"https:\\\/\\\/emf-consult.com\\\/nettbutikk\\\/wp-content\\\/uploads\\\/2017\\\/04\\\/YSHIELD-A-TEXCARE-F.jpg\",\"datePublished\":\"2017-04-13T18:05:15+00:00\",\"dateModified\":\"2026-03-30T08:14:57+00:00\",\"breadcrumb\":{\"@id\":\"https:\\\/\\\/emf-consult.com\\\/nettbutikk\\\/produkt\\\/texcare-vaskemiddel-1-liter\\\/#breadcrumb\"},\"inLanguage\":\"nb-NO\",\"potentialAction\":[{\"@type\":\"ReadAction\",\"target\":[\"https:\\\/\\\/emf-consult.com\\\/nettbutikk\\\/produkt\\\/texcare-vaskemiddel-1-liter\\\/\"]}]},{\"@type\":\"ImageObject\",\"inLanguage\":\"nb-NO\",\"@id\":\"https:\\\/\\\/emf-consult.com\\\/nettbutikk\\\/produkt\\\/texcare-vaskemiddel-1-liter\\\/#primaryimage\",\"url\":\"https:\\\/\\\/emf-consult.com\\\/nettbutikk\\\/wp-content\\\/uploads\\\/2017\\\/04\\\/YSHIELD-A-TEXCARE-F.jpg\",\"contentUrl\":\"https:\\\/\\\/emf-consult.com\\\/nettbutikk\\\/wp-content\\\/uploads\\\/2017\\\/04\\\/YSHIELD-A-TEXCARE-F.jpg\",\"width\":1000,\"height\":1000},{\"@type\":\"BreadcrumbList\",\"@id\":\"https:\\\/\\\/emf-consult.com\\\/nettbutikk\\\/produkt\\\/texcare-vaskemiddel-1-liter\\\/#breadcrumb\",\"itemListElement\":[{\"@type\":\"ListItem\",\"position\":1,\"name\":\"Hjem\",\"item\":\"https:\\\/\\\/emf-consult.com\\\/nettbutikk\\\/\"},{\"@type\":\"ListItem\",\"position\":2,\"name\":\"Butikk\",\"item\":\"https:\\\/\\\/emf-consult.com\\\/nettbutikk\\\/butikk\\\/\"},{\"@type\":\"ListItem\",\"position\":3,\"name\":\"TEXCARE vaskemiddel 1 liter\"}]},{\"@type\":\"WebSite\",\"@id\":\"https:\\\/\\\/emf-consult.com\\\/nettbutikk\\\/#website\",\"url\":\"https:\\\/\\\/emf-consult.com\\\/nettbutikk\\\/\",\"name\":\"EMF Consult\",\"description\":\"Nettbutikk - Beskyttelse mot str\u00e5ling\",\"publisher\":{\"@id\":\"https:\\\/\\\/emf-consult.com\\\/nettbutikk\\\/#organization\"},\"potentialAction\":[{\"@type\":\"SearchAction\",\"target\":{\"@type\":\"EntryPoint\",\"urlTemplate\":\"https:\\\/\\\/emf-consult.com\\\/nettbutikk\\\/?s={search_term_string}\"},\"query-input\":{\"@type\":\"PropertyValueSpecification\",\"valueRequired\":true,\"valueName\":\"search_term_string\"}}],\"inLanguage\":\"nb-NO\"},{\"@type\":\"Organization\",\"@id\":\"https:\\\/\\\/emf-consult.com\\\/nettbutikk\\\/#organization\",\"name\":\"EMF Consult AS\",\"url\":\"https:\\\/\\\/emf-consult.com\\\/nettbutikk\\\/\",\"logo\":{\"@type\":\"ImageObject\",\"inLanguage\":\"nb-NO\",\"@id\":\"https:\\\/\\\/emf-consult.com\\\/nettbutikk\\\/#\\\/schema\\\/logo\\\/image\\\/\",\"url\":\"https:\\\/\\\/emf-consult.com\\\/nettbutikk\\\/wp-content\\\/uploads\\\/2022\\\/07\\\/cropped-Favikon-rod-e1658786300694.png\",\"contentUrl\":\"https:\\\/\\\/emf-consult.com\\\/nettbutikk\\\/wp-content\\\/uploads\\\/2022\\\/07\\\/cropped-Favikon-rod-e1658786300694.png\",\"width\":150,\"height\":150,\"caption\":\"EMF Consult AS\"},\"image\":{\"@id\":\"https:\\\/\\\/emf-consult.com\\\/nettbutikk\\\/#\\\/schema\\\/logo\\\/image\\\/\"},\"sameAs\":[\"https:\\\/\\\/www.facebook.com\\\/emfconsult\",\"https:\\\/\\\/www.linkedin.com\\\/company\\\/emf-consult\\\/\"]}]}<\/script>\n<!-- \/ Yoast SEO plugin. -->","yoast_head_json":{"title":"TEXCARE vaskemiddel 1 liter - EMF Consult","robots":{"index":"index","follow":"follow","max-snippet":"max-snippet:-1","max-image-preview":"max-image-preview:large","max-video-preview":"max-video-preview:-1"},"canonical":"https:\/\/emf-consult.com\/nettbutikk\/produkt\/texcare-vaskemiddel-1-liter\/","og_locale":"nb_NO","og_type":"article","og_title":"TEXCARE vaskemiddel 1 liter - EMF Consult","og_description":"Ingredienser:  S\u00e5pe fra rapsolje 5-15%, sukker overflateaktivt middel 5-15%, kokosn\u00f8ttolje alkoholsulfat 5-15%, vegetabilsk alkohol (etanol) 1-5%, sulfatert ricinusolje &lt;1%, sitrat &lt;1%, vann opptil 100%.\u00a0 Ingredienser INCI: Aqua, Kalium S\u00e5pe, alkylpoly-glukosid C8-16, Sodium C 8-14 fettalkoholsulfat , Alkohol, sulfat Castor Oil, Potassium sitrat.","og_url":"https:\/\/emf-consult.com\/nettbutikk\/produkt\/texcare-vaskemiddel-1-liter\/","og_site_name":"EMF Consult","article_publisher":"https:\/\/www.facebook.com\/emfconsult","article_modified_time":"2026-03-30T08:14:57+00:00","og_image":[{"width":1000,"height":1000,"url":"https:\/\/emf-consult.com\/nettbutikk\/wp-content\/uploads\/2017\/04\/YSHIELD-A-TEXCARE-F.jpg","type":"image\/jpeg"}],"twitter_card":"summary_large_image","twitter_misc":{"Ansl. lesetid":"1 minutt"},"schema":{"@context":"https:\/\/schema.org","@graph":[{"@type":"WebPage","@id":"https:\/\/emf-consult.com\/nettbutikk\/produkt\/texcare-vaskemiddel-1-liter\/","url":"https:\/\/emf-consult.com\/nettbutikk\/produkt\/texcare-vaskemiddel-1-liter\/","name":"TEXCARE vaskemiddel 1 liter - EMF Consult","isPartOf":{"@id":"https:\/\/emf-consult.com\/nettbutikk\/#website"},"primaryImageOfPage":{"@id":"https:\/\/emf-consult.com\/nettbutikk\/produkt\/texcare-vaskemiddel-1-liter\/#primaryimage"},"image":{"@id":"https:\/\/emf-consult.com\/nettbutikk\/produkt\/texcare-vaskemiddel-1-liter\/#primaryimage"},"thumbnailUrl":"https:\/\/emf-consult.com\/nettbutikk\/wp-content\/uploads\/2017\/04\/YSHIELD-A-TEXCARE-F.jpg","datePublished":"2017-04-13T18:05:15+00:00","dateModified":"2026-03-30T08:14:57+00:00","breadcrumb":{"@id":"https:\/\/emf-consult.com\/nettbutikk\/produkt\/texcare-vaskemiddel-1-liter\/#breadcrumb"},"inLanguage":"nb-NO","potentialAction":[{"@type":"ReadAction","target":["https:\/\/emf-consult.com\/nettbutikk\/produkt\/texcare-vaskemiddel-1-liter\/"]}]},{"@type":"ImageObject","inLanguage":"nb-NO","@id":"https:\/\/emf-consult.com\/nettbutikk\/produkt\/texcare-vaskemiddel-1-liter\/#primaryimage","url":"https:\/\/emf-consult.com\/nettbutikk\/wp-content\/uploads\/2017\/04\/YSHIELD-A-TEXCARE-F.jpg","contentUrl":"https:\/\/emf-consult.com\/nettbutikk\/wp-content\/uploads\/2017\/04\/YSHIELD-A-TEXCARE-F.jpg","width":1000,"height":1000},{"@type":"BreadcrumbList","@id":"https:\/\/emf-consult.com\/nettbutikk\/produkt\/texcare-vaskemiddel-1-liter\/#breadcrumb","itemListElement":[{"@type":"ListItem","position":1,"name":"Hjem","item":"https:\/\/emf-consult.com\/nettbutikk\/"},{"@type":"ListItem","position":2,"name":"Butikk","item":"https:\/\/emf-consult.com\/nettbutikk\/butikk\/"},{"@type":"ListItem","position":3,"name":"TEXCARE vaskemiddel 1 liter"}]},{"@type":"WebSite","@id":"https:\/\/emf-consult.com\/nettbutikk\/#website","url":"https:\/\/emf-consult.com\/nettbutikk\/","name":"EMF Consult","description":"Nettbutikk - Beskyttelse mot str\u00e5ling","publisher":{"@id":"https:\/\/emf-consult.com\/nettbutikk\/#organization"},"potentialAction":[{"@type":"SearchAction","target":{"@type":"EntryPoint","urlTemplate":"https:\/\/emf-consult.com\/nettbutikk\/?s={search_term_string}"},"query-input":{"@type":"PropertyValueSpecification","valueRequired":true,"valueName":"search_term_string"}}],"inLanguage":"nb-NO"},{"@type":"Organization","@id":"https:\/\/emf-consult.com\/nettbutikk\/#organization","name":"EMF Consult AS","url":"https:\/\/emf-consult.com\/nettbutikk\/","logo":{"@type":"ImageObject","inLanguage":"nb-NO","@id":"https:\/\/emf-consult.com\/nettbutikk\/#\/schema\/logo\/image\/","url":"https:\/\/emf-consult.com\/nettbutikk\/wp-content\/uploads\/2022\/07\/cropped-Favikon-rod-e1658786300694.png","contentUrl":"https:\/\/emf-consult.com\/nettbutikk\/wp-content\/uploads\/2022\/07\/cropped-Favikon-rod-e1658786300694.png","width":150,"height":150,"caption":"EMF Consult AS"},"image":{"@id":"https:\/\/emf-consult.com\/nettbutikk\/#\/schema\/logo\/image\/"},"sameAs":["https:\/\/www.facebook.com\/emfconsult","https:\/\/www.linkedin.com\/company\/emf-consult\/"]}]}},"_links":{"self":[{"href":"https:\/\/emf-consult.com\/nettbutikk\/wp-json\/wp\/v2\/product\/1493","targetHints":{"allow":["GET"]}}],"collection":[{"href":"https:\/\/emf-consult.com\/nettbutikk\/wp-json\/wp\/v2\/product"}],"about":[{"href":"https:\/\/emf-consult.com\/nettbutikk\/wp-json\/wp\/v2\/types\/product"}],"replies":[{"embeddable":true,"href":"https:\/\/emf-consult.com\/nettbutikk\/wp-json\/wp\/v2\/comments?post=1493"}],"wp:featuredmedia":[{"embeddable":true,"href":"https:\/\/emf-consult.com\/nettbutikk\/wp-json\/wp\/v2\/media\/13873"}],"wp:attachment":[{"href":"https:\/\/emf-consult.com\/nettbutikk\/wp-json\/wp\/v2\/media?parent=1493"}],"wp:term":[{"taxonomy":"product_brand","embeddable":true,"href":"https:\/\/emf-consult.com\/nettbutikk\/wp-json\/wp\/v2\/product_brand?post=1493"},{"taxonomy":"product_cat","embeddable":true,"href":"https:\/\/emf-consult.com\/nettbutikk\/wp-json\/wp\/v2\/product_cat?post=1493"},{"taxonomy":"product_tag","embeddable":true,"href":"https:\/\/emf-consult.com\/nettbutikk\/wp-json\/wp\/v2\/product_tag?post=1493"}],"curies":[{"name":"wp","href":"https:\/\/api.w.org\/{rel}","templated":true}]}}