{"id":14801,"date":"2022-09-26T22:18:47","date_gmt":"2022-09-26T20:18:47","guid":{"rendered":"https:\/\/emf-consult.com\/nettbutikk\/?post_type=product&#038;p=14801"},"modified":"2026-02-21T17:56:27","modified_gmt":"2026-02-21T16:56:27","slug":"universelt-stralingsbeskyttende-mobildeksel-antimikrobiell","status":"publish","type":"product","link":"https:\/\/emf-consult.com\/nettbutikk\/produkt\/universelt-stralingsbeskyttende-mobildeksel-antimikrobiell\/","title":{"rendered":"Universelt str\u00e5lingsbeskyttende mobildeksel &#8211; antimikrobiell"},"content":{"rendered":"<p>Safesleeve EMF-str\u00e5lingsbeskyttende mobildeksel reduserer inntil 99% av str\u00e5lingen fra fronten av din mobiltelefonen.<img loading=\"lazy\" decoding=\"async\" class=\" wd-lazy-fade wp-image-14810 alignright\" src=\"https:\/\/emf-consult.com\/nettbutikk\/wp-content\/themes\/woodmart\/images\/lazy.svg\" data-src=\"https:\/\/emf-consult.com\/nettbutikk\/wp-content\/uploads\/2022\/09\/How_it_works_ANIMATED-1.gif\" alt=\"\" width=\"502\" height=\"307\" \/><\/p>\n<p>Ved hjelp av flere lag med avansert skjerming reduserer Safesleeve-dekselet opptil 99% av tr\u00e5dl\u00f8s radiofrekvensstr\u00e5ling (RF) som sendes ut fra mobiltelefonens front, uten \u00e5 p\u00e5virke mobiltelefonservice eller tilkobling.<\/p>\n<p>Funksjon:<\/p>\n<ul>\n<li>Flerlags skjerming blokkerer opptil 99% av tr\u00e5dl\u00f8s RF-str\u00e5ling og inntil 92% av\u00a0 LF-magnetfelt<\/li>\n<li>Slitesterkt ytre stoff med magnetisk lukking<\/li>\n<li>3 RFID blokkerende kredittkortlommer<\/li>\n<li>For bruk med mobiltelefoner opptil 6,5 tommer.<\/li>\n<\/ul>\n<p>For \u00e5 beskytte deg mot tr\u00e5dl\u00f8s EMF-str\u00e5ling, men fortsatt motta telefonsamtaler eller meldinger, plasserer du telefonen i dekslet. N\u00e5r du bruker telefonen plasserer du en skjermende siden (frontlokket) inn mot kroppen. Enheten din vil da fortsatt kunne fungere mens kroppen din vil bli beskyttet mot un\u00f8dvendig EMF-belastning.<\/p>\n<p>For \u00f8kt trygghet, er mobildekslet en god l\u00f8sning for for travle mennesker som er avhengig av \u00e5 ha mobiltelefonen lett tilgjengelig.<\/p>\n<p>Sjekk ut testdata her <a href=\"https:\/\/www.safesleevecases.com\/pages\/lab-tested\" target=\"_blank\" rel=\"noopener\">https:\/\/www.safesleevecases.com\/pages\/lab-tested\u00a0<\/a><\/p>\n<p><strong>Tilgjengelig i to st\u00f8rrelser:<\/strong><\/p>\n<ul>\n<li>Liten &#8211; Passer til telefoner opp til 5,7&#8243; x 3&#8243; (14,25cm x 7,5cm)<\/li>\n<li>Stor &#8211; Passer til telefoner opp til 6,2&#8243; x 3,1&#8243; (15,50cm x 7,75cm)<\/li>\n<\/ul>\n<p>Passer til de fleste mobiltelefon modellene til iPhone, Samsung, LG, Huawai, HTC, Motorola og Nokia.<\/p>\n","protected":false},"excerpt":{"rendered":"<p>Mobildekselet leveres med selvheftende tape. <strong>Det er viktig at mobiltelefonen rengj\u00f8res skikkelig f\u00f8r montasje. Vi anbefaler \u00e5 sjekke ut at kamerat p\u00e5 din mobiltelefon rekker over dekselet f\u00f8r du taper telefonen fast i mobildekselet. N\u00e5r du har posisjonert telefonen p\u00e5 tapen er det viktig at du holder fast trykk p\u00e5 telefon mot tapen i minimum ett minutt for \u00e5 sikre god kontakt. Hvis ikke risikerer du at mobiltelefonen kan l\u00f8sne fra dekselet og at tapen mister heftevne.<\/strong><\/p>\n<p>N\u00e5r du bruker mobiltelefonen, er det bare \u00e5 holde det avskjermede frontdekselet mellom kroppen din og mobiltelefonen. Ved \u00e5 holde det skjermede frontdekselet lukket og inn mot kroppen din, er det opprettet en barriere for \u00e5 beskytte mot et bredt spekter av potensielt skadelige str\u00e5ler fra mobiltelefoner.<br \/>\nDekselet er laget av Antimikrobiell ytre materiale som naturlig dreper og avviser over 99% av bakterier og mikrober.<\/p>\n<p>MERK: siden dette beskyttelsesdekselet er laget for alle typer mobiltelefoner er det ikke stanset ut hull for kamera. Skal du ta bilde skyver du enkelt telefonen opp til toppen av dekselet, tar bilde, og dytter mobilen tilbake i dekselet.<\/p>\n<p>Spesifikasjoner for Lite deksel:<br \/>\nVekt (g): 100<br \/>\nM\u00e5l (cm): 14,4 x 8,1 x 1,1<br \/>\nPasser til telefoner opp til 5,7&#8243; x 3&#8243; (14,25cm x 7,5cm)<br \/>\nFarge: Svart<br \/>\nAntimikrobiell<\/p>\n<p>Spesifikasjoner for Stort deksel:<br \/>\nVekt (g): 110<br \/>\nM\u00e5l (cm): 16,56 x 8,1 x 1,1<br \/>\nPasser til telefoner opp til 6,5&#8243; x 3,2&#8243; (16,25cm x 8cm)<br \/>\nFarge: Svart<\/p>\n","protected":false},"featured_media":14806,"comment_status":"open","ping_status":"closed","template":"","meta":[],"product_brand":[],"product_cat":[29],"product_tag":[],"class_list":{"0":"post-14801","1":"product","2":"type-product","3":"status-publish","4":"has-post-thumbnail","6":"product_cat-data-tele","7":"pa_storrelse-liten-passer-til-telefoner-opp-til-57-x-3-1425cm-x-75cm","8":"pa_storrelse-stor-passer-til-telefoner-opp-til-65-x-32-1625cm-x-8cm","10":"first","11":"outofstock","12":"taxable","13":"shipping-taxable","14":"purchasable","15":"product-type-variable"},"yoast_head":"<!-- This site is optimized with the Yoast SEO plugin v27.4 - https:\/\/yoast.com\/product\/yoast-seo-wordpress\/ -->\n<title>Universelt str\u00e5lingsbeskyttende mobildeksel - antimikrobiell - EMF Consult<\/title>\n<meta name=\"robots\" content=\"index, follow, max-snippet:-1, max-image-preview:large, max-video-preview:-1\" \/>\n<link rel=\"canonical\" href=\"https:\/\/emf-consult.com\/nettbutikk\/produkt\/universelt-stralingsbeskyttende-mobildeksel-antimikrobiell\/\" \/>\n<meta property=\"og:locale\" content=\"nb_NO\" \/>\n<meta property=\"og:type\" content=\"article\" \/>\n<meta property=\"og:title\" content=\"Universelt str\u00e5lingsbeskyttende mobildeksel - antimikrobiell - EMF Consult\" \/>\n<meta property=\"og:description\" content=\"Mobildekselet leveres med selvheftende tape. Det er viktig at mobiltelefonen rengj\u00f8res skikkelig f\u00f8r montasje. Vi anbefaler \u00e5 sjekke ut at kamerat p\u00e5 din mobiltelefon rekker over dekselet f\u00f8r du taper telefonen fast i mobildekselet. N\u00e5r du har posisjonert telefonen p\u00e5 tapen er det viktig at du holder fast trykk p\u00e5 telefon mot tapen i minimum ett minutt for \u00e5 sikre god kontakt. Hvis ikke risikerer du at mobiltelefonen kan l\u00f8sne fra dekselet og at tapen mister heftevne.  N\u00e5r du bruker mobiltelefonen, er det bare \u00e5 holde det avskjermede frontdekselet mellom kroppen din og mobiltelefonen. Ved \u00e5 holde det skjermede frontdekselet lukket og inn mot kroppen din, er det opprettet en barriere for \u00e5 beskytte mot et bredt spekter av potensielt skadelige str\u00e5ler fra mobiltelefoner. Dekselet er laget av Antimikrobiell ytre materiale som naturlig dreper og avviser over 99% av bakterier og mikrober.  MERK: siden dette beskyttelsesdekselet er laget for alle typer mobiltelefoner er det ikke stanset ut hull for kamera. Skal du ta bilde skyver du enkelt telefonen opp til toppen av dekselet, tar bilde, og dytter mobilen tilbake i dekselet.  Spesifikasjoner for Lite deksel: Vekt (g): 100 M\u00e5l (cm): 14,4 x 8,1 x 1,1 Passer til telefoner opp til 5,7&quot; x 3&quot; (14,25cm x 7,5cm) Farge: Svart Antimikrobiell  Spesifikasjoner for Stort deksel: Vekt (g): 110 M\u00e5l (cm): 16,56 x 8,1 x 1,1 Passer til telefoner opp til 6,5&quot; x 3,2&quot; (16,25cm x 8cm) Farge: Svart\" \/>\n<meta property=\"og:url\" content=\"https:\/\/emf-consult.com\/nettbutikk\/produkt\/universelt-stralingsbeskyttende-mobildeksel-antimikrobiell\/\" \/>\n<meta property=\"og:site_name\" content=\"EMF Consult\" \/>\n<meta property=\"article:publisher\" content=\"https:\/\/www.facebook.com\/emfconsult\" \/>\n<meta property=\"article:modified_time\" content=\"2026-02-21T16:56:27+00:00\" \/>\n<meta property=\"og:image\" content=\"https:\/\/emf-consult.com\/nettbutikk\/wp-content\/uploads\/2022\/09\/Un-L-Bl-AM-01_1800x1800.jpg\" \/>\n\t<meta property=\"og:image:width\" content=\"1000\" \/>\n\t<meta property=\"og:image:height\" content=\"1000\" \/>\n\t<meta property=\"og:image:type\" content=\"image\/jpeg\" \/>\n<meta name=\"twitter:card\" content=\"summary_large_image\" \/>\n<meta name=\"twitter:label1\" content=\"Ansl. lesetid\" \/>\n\t<meta name=\"twitter:data1\" content=\"2 minutter\" \/>\n<script type=\"application\/ld+json\" class=\"yoast-schema-graph\">{\"@context\":\"https:\\\/\\\/schema.org\",\"@graph\":[{\"@type\":\"WebPage\",\"@id\":\"https:\\\/\\\/emf-consult.com\\\/nettbutikk\\\/produkt\\\/universelt-stralingsbeskyttende-mobildeksel-antimikrobiell\\\/\",\"url\":\"https:\\\/\\\/emf-consult.com\\\/nettbutikk\\\/produkt\\\/universelt-stralingsbeskyttende-mobildeksel-antimikrobiell\\\/\",\"name\":\"Universelt str\u00e5lingsbeskyttende mobildeksel - antimikrobiell - EMF Consult\",\"isPartOf\":{\"@id\":\"https:\\\/\\\/emf-consult.com\\\/nettbutikk\\\/#website\"},\"primaryImageOfPage\":{\"@id\":\"https:\\\/\\\/emf-consult.com\\\/nettbutikk\\\/produkt\\\/universelt-stralingsbeskyttende-mobildeksel-antimikrobiell\\\/#primaryimage\"},\"image\":{\"@id\":\"https:\\\/\\\/emf-consult.com\\\/nettbutikk\\\/produkt\\\/universelt-stralingsbeskyttende-mobildeksel-antimikrobiell\\\/#primaryimage\"},\"thumbnailUrl\":\"https:\\\/\\\/emf-consult.com\\\/nettbutikk\\\/wp-content\\\/uploads\\\/2022\\\/09\\\/Un-L-Bl-AM-01_1800x1800.jpg\",\"datePublished\":\"2022-09-26T20:18:47+00:00\",\"dateModified\":\"2026-02-21T16:56:27+00:00\",\"breadcrumb\":{\"@id\":\"https:\\\/\\\/emf-consult.com\\\/nettbutikk\\\/produkt\\\/universelt-stralingsbeskyttende-mobildeksel-antimikrobiell\\\/#breadcrumb\"},\"inLanguage\":\"nb-NO\",\"potentialAction\":[{\"@type\":\"ReadAction\",\"target\":[\"https:\\\/\\\/emf-consult.com\\\/nettbutikk\\\/produkt\\\/universelt-stralingsbeskyttende-mobildeksel-antimikrobiell\\\/\"]}]},{\"@type\":\"ImageObject\",\"inLanguage\":\"nb-NO\",\"@id\":\"https:\\\/\\\/emf-consult.com\\\/nettbutikk\\\/produkt\\\/universelt-stralingsbeskyttende-mobildeksel-antimikrobiell\\\/#primaryimage\",\"url\":\"https:\\\/\\\/emf-consult.com\\\/nettbutikk\\\/wp-content\\\/uploads\\\/2022\\\/09\\\/Un-L-Bl-AM-01_1800x1800.jpg\",\"contentUrl\":\"https:\\\/\\\/emf-consult.com\\\/nettbutikk\\\/wp-content\\\/uploads\\\/2022\\\/09\\\/Un-L-Bl-AM-01_1800x1800.jpg\",\"width\":1000,\"height\":1000},{\"@type\":\"BreadcrumbList\",\"@id\":\"https:\\\/\\\/emf-consult.com\\\/nettbutikk\\\/produkt\\\/universelt-stralingsbeskyttende-mobildeksel-antimikrobiell\\\/#breadcrumb\",\"itemListElement\":[{\"@type\":\"ListItem\",\"position\":1,\"name\":\"Hjem\",\"item\":\"https:\\\/\\\/emf-consult.com\\\/nettbutikk\\\/\"},{\"@type\":\"ListItem\",\"position\":2,\"name\":\"Butikk\",\"item\":\"https:\\\/\\\/emf-consult.com\\\/nettbutikk\\\/butikk\\\/\"},{\"@type\":\"ListItem\",\"position\":3,\"name\":\"Universelt str\u00e5lingsbeskyttende mobildeksel &#8211; antimikrobiell\"}]},{\"@type\":\"WebSite\",\"@id\":\"https:\\\/\\\/emf-consult.com\\\/nettbutikk\\\/#website\",\"url\":\"https:\\\/\\\/emf-consult.com\\\/nettbutikk\\\/\",\"name\":\"EMF Consult\",\"description\":\"Nettbutikk - Beskyttelse mot str\u00e5ling\",\"publisher\":{\"@id\":\"https:\\\/\\\/emf-consult.com\\\/nettbutikk\\\/#organization\"},\"potentialAction\":[{\"@type\":\"SearchAction\",\"target\":{\"@type\":\"EntryPoint\",\"urlTemplate\":\"https:\\\/\\\/emf-consult.com\\\/nettbutikk\\\/?s={search_term_string}\"},\"query-input\":{\"@type\":\"PropertyValueSpecification\",\"valueRequired\":true,\"valueName\":\"search_term_string\"}}],\"inLanguage\":\"nb-NO\"},{\"@type\":\"Organization\",\"@id\":\"https:\\\/\\\/emf-consult.com\\\/nettbutikk\\\/#organization\",\"name\":\"EMF Consult AS\",\"url\":\"https:\\\/\\\/emf-consult.com\\\/nettbutikk\\\/\",\"logo\":{\"@type\":\"ImageObject\",\"inLanguage\":\"nb-NO\",\"@id\":\"https:\\\/\\\/emf-consult.com\\\/nettbutikk\\\/#\\\/schema\\\/logo\\\/image\\\/\",\"url\":\"https:\\\/\\\/emf-consult.com\\\/nettbutikk\\\/wp-content\\\/uploads\\\/2022\\\/07\\\/cropped-Favikon-rod-e1658786300694.png\",\"contentUrl\":\"https:\\\/\\\/emf-consult.com\\\/nettbutikk\\\/wp-content\\\/uploads\\\/2022\\\/07\\\/cropped-Favikon-rod-e1658786300694.png\",\"width\":150,\"height\":150,\"caption\":\"EMF Consult AS\"},\"image\":{\"@id\":\"https:\\\/\\\/emf-consult.com\\\/nettbutikk\\\/#\\\/schema\\\/logo\\\/image\\\/\"},\"sameAs\":[\"https:\\\/\\\/www.facebook.com\\\/emfconsult\",\"https:\\\/\\\/www.linkedin.com\\\/company\\\/emf-consult\\\/\"]}]}<\/script>\n<!-- \/ Yoast SEO plugin. -->","yoast_head_json":{"title":"Universelt str\u00e5lingsbeskyttende mobildeksel - antimikrobiell - EMF Consult","robots":{"index":"index","follow":"follow","max-snippet":"max-snippet:-1","max-image-preview":"max-image-preview:large","max-video-preview":"max-video-preview:-1"},"canonical":"https:\/\/emf-consult.com\/nettbutikk\/produkt\/universelt-stralingsbeskyttende-mobildeksel-antimikrobiell\/","og_locale":"nb_NO","og_type":"article","og_title":"Universelt str\u00e5lingsbeskyttende mobildeksel - antimikrobiell - EMF Consult","og_description":"Mobildekselet leveres med selvheftende tape. Det er viktig at mobiltelefonen rengj\u00f8res skikkelig f\u00f8r montasje. Vi anbefaler \u00e5 sjekke ut at kamerat p\u00e5 din mobiltelefon rekker over dekselet f\u00f8r du taper telefonen fast i mobildekselet. N\u00e5r du har posisjonert telefonen p\u00e5 tapen er det viktig at du holder fast trykk p\u00e5 telefon mot tapen i minimum ett minutt for \u00e5 sikre god kontakt. Hvis ikke risikerer du at mobiltelefonen kan l\u00f8sne fra dekselet og at tapen mister heftevne.  N\u00e5r du bruker mobiltelefonen, er det bare \u00e5 holde det avskjermede frontdekselet mellom kroppen din og mobiltelefonen. Ved \u00e5 holde det skjermede frontdekselet lukket og inn mot kroppen din, er det opprettet en barriere for \u00e5 beskytte mot et bredt spekter av potensielt skadelige str\u00e5ler fra mobiltelefoner. Dekselet er laget av Antimikrobiell ytre materiale som naturlig dreper og avviser over 99% av bakterier og mikrober.  MERK: siden dette beskyttelsesdekselet er laget for alle typer mobiltelefoner er det ikke stanset ut hull for kamera. Skal du ta bilde skyver du enkelt telefonen opp til toppen av dekselet, tar bilde, og dytter mobilen tilbake i dekselet.  Spesifikasjoner for Lite deksel: Vekt (g): 100 M\u00e5l (cm): 14,4 x 8,1 x 1,1 Passer til telefoner opp til 5,7\" x 3\" (14,25cm x 7,5cm) Farge: Svart Antimikrobiell  Spesifikasjoner for Stort deksel: Vekt (g): 110 M\u00e5l (cm): 16,56 x 8,1 x 1,1 Passer til telefoner opp til 6,5\" x 3,2\" (16,25cm x 8cm) Farge: Svart","og_url":"https:\/\/emf-consult.com\/nettbutikk\/produkt\/universelt-stralingsbeskyttende-mobildeksel-antimikrobiell\/","og_site_name":"EMF Consult","article_publisher":"https:\/\/www.facebook.com\/emfconsult","article_modified_time":"2026-02-21T16:56:27+00:00","og_image":[{"width":1000,"height":1000,"url":"https:\/\/emf-consult.com\/nettbutikk\/wp-content\/uploads\/2022\/09\/Un-L-Bl-AM-01_1800x1800.jpg","type":"image\/jpeg"}],"twitter_card":"summary_large_image","twitter_misc":{"Ansl. lesetid":"2 minutter"},"schema":{"@context":"https:\/\/schema.org","@graph":[{"@type":"WebPage","@id":"https:\/\/emf-consult.com\/nettbutikk\/produkt\/universelt-stralingsbeskyttende-mobildeksel-antimikrobiell\/","url":"https:\/\/emf-consult.com\/nettbutikk\/produkt\/universelt-stralingsbeskyttende-mobildeksel-antimikrobiell\/","name":"Universelt str\u00e5lingsbeskyttende mobildeksel - antimikrobiell - EMF Consult","isPartOf":{"@id":"https:\/\/emf-consult.com\/nettbutikk\/#website"},"primaryImageOfPage":{"@id":"https:\/\/emf-consult.com\/nettbutikk\/produkt\/universelt-stralingsbeskyttende-mobildeksel-antimikrobiell\/#primaryimage"},"image":{"@id":"https:\/\/emf-consult.com\/nettbutikk\/produkt\/universelt-stralingsbeskyttende-mobildeksel-antimikrobiell\/#primaryimage"},"thumbnailUrl":"https:\/\/emf-consult.com\/nettbutikk\/wp-content\/uploads\/2022\/09\/Un-L-Bl-AM-01_1800x1800.jpg","datePublished":"2022-09-26T20:18:47+00:00","dateModified":"2026-02-21T16:56:27+00:00","breadcrumb":{"@id":"https:\/\/emf-consult.com\/nettbutikk\/produkt\/universelt-stralingsbeskyttende-mobildeksel-antimikrobiell\/#breadcrumb"},"inLanguage":"nb-NO","potentialAction":[{"@type":"ReadAction","target":["https:\/\/emf-consult.com\/nettbutikk\/produkt\/universelt-stralingsbeskyttende-mobildeksel-antimikrobiell\/"]}]},{"@type":"ImageObject","inLanguage":"nb-NO","@id":"https:\/\/emf-consult.com\/nettbutikk\/produkt\/universelt-stralingsbeskyttende-mobildeksel-antimikrobiell\/#primaryimage","url":"https:\/\/emf-consult.com\/nettbutikk\/wp-content\/uploads\/2022\/09\/Un-L-Bl-AM-01_1800x1800.jpg","contentUrl":"https:\/\/emf-consult.com\/nettbutikk\/wp-content\/uploads\/2022\/09\/Un-L-Bl-AM-01_1800x1800.jpg","width":1000,"height":1000},{"@type":"BreadcrumbList","@id":"https:\/\/emf-consult.com\/nettbutikk\/produkt\/universelt-stralingsbeskyttende-mobildeksel-antimikrobiell\/#breadcrumb","itemListElement":[{"@type":"ListItem","position":1,"name":"Hjem","item":"https:\/\/emf-consult.com\/nettbutikk\/"},{"@type":"ListItem","position":2,"name":"Butikk","item":"https:\/\/emf-consult.com\/nettbutikk\/butikk\/"},{"@type":"ListItem","position":3,"name":"Universelt str\u00e5lingsbeskyttende mobildeksel &#8211; antimikrobiell"}]},{"@type":"WebSite","@id":"https:\/\/emf-consult.com\/nettbutikk\/#website","url":"https:\/\/emf-consult.com\/nettbutikk\/","name":"EMF Consult","description":"Nettbutikk - Beskyttelse mot str\u00e5ling","publisher":{"@id":"https:\/\/emf-consult.com\/nettbutikk\/#organization"},"potentialAction":[{"@type":"SearchAction","target":{"@type":"EntryPoint","urlTemplate":"https:\/\/emf-consult.com\/nettbutikk\/?s={search_term_string}"},"query-input":{"@type":"PropertyValueSpecification","valueRequired":true,"valueName":"search_term_string"}}],"inLanguage":"nb-NO"},{"@type":"Organization","@id":"https:\/\/emf-consult.com\/nettbutikk\/#organization","name":"EMF Consult AS","url":"https:\/\/emf-consult.com\/nettbutikk\/","logo":{"@type":"ImageObject","inLanguage":"nb-NO","@id":"https:\/\/emf-consult.com\/nettbutikk\/#\/schema\/logo\/image\/","url":"https:\/\/emf-consult.com\/nettbutikk\/wp-content\/uploads\/2022\/07\/cropped-Favikon-rod-e1658786300694.png","contentUrl":"https:\/\/emf-consult.com\/nettbutikk\/wp-content\/uploads\/2022\/07\/cropped-Favikon-rod-e1658786300694.png","width":150,"height":150,"caption":"EMF Consult AS"},"image":{"@id":"https:\/\/emf-consult.com\/nettbutikk\/#\/schema\/logo\/image\/"},"sameAs":["https:\/\/www.facebook.com\/emfconsult","https:\/\/www.linkedin.com\/company\/emf-consult\/"]}]}},"_links":{"self":[{"href":"https:\/\/emf-consult.com\/nettbutikk\/wp-json\/wp\/v2\/product\/14801","targetHints":{"allow":["GET"]}}],"collection":[{"href":"https:\/\/emf-consult.com\/nettbutikk\/wp-json\/wp\/v2\/product"}],"about":[{"href":"https:\/\/emf-consult.com\/nettbutikk\/wp-json\/wp\/v2\/types\/product"}],"replies":[{"embeddable":true,"href":"https:\/\/emf-consult.com\/nettbutikk\/wp-json\/wp\/v2\/comments?post=14801"}],"wp:featuredmedia":[{"embeddable":true,"href":"https:\/\/emf-consult.com\/nettbutikk\/wp-json\/wp\/v2\/media\/14806"}],"wp:attachment":[{"href":"https:\/\/emf-consult.com\/nettbutikk\/wp-json\/wp\/v2\/media?parent=14801"}],"wp:term":[{"taxonomy":"product_brand","embeddable":true,"href":"https:\/\/emf-consult.com\/nettbutikk\/wp-json\/wp\/v2\/product_brand?post=14801"},{"taxonomy":"product_cat","embeddable":true,"href":"https:\/\/emf-consult.com\/nettbutikk\/wp-json\/wp\/v2\/product_cat?post=14801"},{"taxonomy":"product_tag","embeddable":true,"href":"https:\/\/emf-consult.com\/nettbutikk\/wp-json\/wp\/v2\/product_tag?post=14801"}],"curies":[{"name":"wp","href":"https:\/\/api.w.org\/{rel}","templated":true}]}}