{"id":14794,"date":"2022-09-26T16:43:39","date_gmt":"2022-09-26T14:43:39","guid":{"rendered":"https:\/\/emf-consult.com\/nettbutikk\/?post_type=product&#038;p=14794"},"modified":"2026-04-15T08:18:51","modified_gmt":"2026-04-15T06:18:51","slug":"safesleeve-personvernveske-rfid-sikker-unnga-sporing-og-digitalt-tyveri","status":"publish","type":"product","link":"https:\/\/emf-consult.com\/nettbutikk\/produkt\/safesleeve-personvernveske-rfid-sikker-unnga-sporing-og-digitalt-tyveri\/","title":{"rendered":"Safesleeve personvernveske &#8211; RFID sikker, unng\u00e5 sporing og digitalt tyveri"},"content":{"rendered":"<p>I en moderne verden hvor datatyveri er en utfordring tar Safesleeve beskyttelse av personvern, sikkerhet og EMF-str\u00e5ling til et nytt niv\u00e5!<\/p>\n<p>G\u00e5 &#8220;off-grid&#8221; og beveg deg under radaren &#8211; mens du samtidig er beskyttet mot EMF-str\u00e5ling. Personvernvesken kan benyttes til \u00e5:<\/p>\n<ul>\n<li>Beskytte Pass og ID-informasjon<\/li>\n<li>Skjerme for elektromagnetisk str\u00e5ling, og tyveri av data fra mobiltelefonen<\/li>\n<li>Beskytte kredittkortinformasjon<\/li>\n<li>Forhindre hacking<\/li>\n<\/ul>\n<p>Safesleeve personvernveske inneholder avansert EMF-skjermingsteknologi, som er i stand til \u00e5 blokkere alle innkommende og utg\u00e5ende signaler fra elektroniske enheter, inkludert RFID, Mobiltelefon, GPS, WiFi og Bluetooth.<\/p>\n<p>Bare plasser mobiltelefonen, kredittkort, pass, ID-er eller andre sporbare gjenstander i Safesleeve personvernveskens innerste beskyttelsespose, lukk vesken godt og de blir uoppdagelige, helt usynlige for omverdenen.<\/p>\n<p>For \u00e5 beskytte deg mot tr\u00e5dl\u00f8s EMF-str\u00e5ling, men fortsatt motta telefonsamtaler eller meldinger, plasser du telefonen i frontlommen. Enheten din vil fortsatt kunne fungere mens kroppen din vil bli beskyttet mot tr\u00e5dl\u00f8se EMF-belastning.<\/p>\n<p>For \u00f8kt trygghet, er Safesleeve personvernveske en perfekt l\u00f8sning for reiser, pendling, skole, forretning og milit\u00e6re applikasjoner. I tillegg kan du bruke personvernvesken i overfylte offentlige rom, for eksempel festivaler, konserter eller forn\u00f8yelsesparker!<\/p>\n<p>&nbsp;<\/p>\n<p>&nbsp;<\/p>\n<p><iframe loading=\"lazy\" title=\"Get off the grid with the Privacy Pouch by SafeSleeve\" width=\"500\" height=\"281\" src=\"https:\/\/www.youtube.com\/embed\/RDZ9WD3SxpQ?start=1&#038;feature=oembed\" frameborder=\"0\" allow=\"accelerometer; autoplay; clipboard-write; encrypted-media; gyroscope; picture-in-picture; web-share\" referrerpolicy=\"strict-origin-when-cross-origin\" allowfullscreen><\/iframe><\/p>\n","protected":false},"excerpt":{"rendered":"<p><strong>Spesifikasjoner<\/strong>:<br \/>\nVekt (kg): 0,2<br \/>\nSt\u00f8rrelse (cm): 21,25 x 12,0 x 1,25<br \/>\nFarge: Svart<\/p>\n","protected":false},"featured_media":14799,"comment_status":"open","ping_status":"closed","template":"","meta":[],"product_brand":[],"product_cat":[29],"product_tag":[],"class_list":{"0":"post-14794","1":"product","2":"type-product","3":"status-publish","4":"has-post-thumbnail","6":"product_cat-data-tele","8":"first","9":"instock","10":"taxable","11":"shipping-taxable","12":"purchasable","13":"product-type-simple"},"yoast_head":"<!-- This site is optimized with the Yoast SEO plugin v27.4 - https:\/\/yoast.com\/product\/yoast-seo-wordpress\/ -->\n<title>Safesleeve personvernveske - RFID sikker, unng\u00e5 sporing og digitalt tyveri - EMF Consult<\/title>\n<meta name=\"robots\" content=\"index, follow, max-snippet:-1, max-image-preview:large, max-video-preview:-1\" \/>\n<link rel=\"canonical\" href=\"https:\/\/emf-consult.com\/nettbutikk\/produkt\/safesleeve-personvernveske-rfid-sikker-unnga-sporing-og-digitalt-tyveri\/\" \/>\n<meta property=\"og:locale\" content=\"nb_NO\" \/>\n<meta property=\"og:type\" content=\"article\" \/>\n<meta property=\"og:title\" content=\"Safesleeve personvernveske - RFID sikker, unng\u00e5 sporing og digitalt tyveri - EMF Consult\" \/>\n<meta property=\"og:description\" content=\"Spesifikasjoner: Vekt (kg): 0,2 St\u00f8rrelse (cm): 21,25 x 12,0 x 1,25 Farge: Svart\" \/>\n<meta property=\"og:url\" content=\"https:\/\/emf-consult.com\/nettbutikk\/produkt\/safesleeve-personvernveske-rfid-sikker-unnga-sporing-og-digitalt-tyveri\/\" \/>\n<meta property=\"og:site_name\" content=\"EMF Consult\" \/>\n<meta property=\"article:publisher\" content=\"https:\/\/www.facebook.com\/emfconsult\" \/>\n<meta property=\"article:modified_time\" content=\"2026-04-15T06:18:51+00:00\" \/>\n<meta property=\"og:image\" content=\"https:\/\/emf-consult.com\/nettbutikk\/wp-content\/uploads\/2022\/09\/privacy-pouch-hero-image-open-loop_2c55d31b-18a1-45f9-b569-83fc364f7722_1800x1800.webp\" \/>\n\t<meta property=\"og:image:width\" content=\"1000\" \/>\n\t<meta property=\"og:image:height\" content=\"1000\" \/>\n\t<meta property=\"og:image:type\" content=\"image\/webp\" \/>\n<meta name=\"twitter:card\" content=\"summary_large_image\" \/>\n<meta name=\"twitter:label1\" content=\"Ansl. lesetid\" \/>\n\t<meta name=\"twitter:data1\" content=\"2 minutter\" \/>\n<script type=\"application\/ld+json\" class=\"yoast-schema-graph\">{\"@context\":\"https:\\\/\\\/schema.org\",\"@graph\":[{\"@type\":\"WebPage\",\"@id\":\"https:\\\/\\\/emf-consult.com\\\/nettbutikk\\\/produkt\\\/safesleeve-personvernveske-rfid-sikker-unnga-sporing-og-digitalt-tyveri\\\/\",\"url\":\"https:\\\/\\\/emf-consult.com\\\/nettbutikk\\\/produkt\\\/safesleeve-personvernveske-rfid-sikker-unnga-sporing-og-digitalt-tyveri\\\/\",\"name\":\"Safesleeve personvernveske - RFID sikker, unng\u00e5 sporing og digitalt tyveri - EMF Consult\",\"isPartOf\":{\"@id\":\"https:\\\/\\\/emf-consult.com\\\/nettbutikk\\\/#website\"},\"primaryImageOfPage\":{\"@id\":\"https:\\\/\\\/emf-consult.com\\\/nettbutikk\\\/produkt\\\/safesleeve-personvernveske-rfid-sikker-unnga-sporing-og-digitalt-tyveri\\\/#primaryimage\"},\"image\":{\"@id\":\"https:\\\/\\\/emf-consult.com\\\/nettbutikk\\\/produkt\\\/safesleeve-personvernveske-rfid-sikker-unnga-sporing-og-digitalt-tyveri\\\/#primaryimage\"},\"thumbnailUrl\":\"https:\\\/\\\/emf-consult.com\\\/nettbutikk\\\/wp-content\\\/uploads\\\/2022\\\/09\\\/privacy-pouch-hero-image-open-loop_2c55d31b-18a1-45f9-b569-83fc364f7722_1800x1800.webp\",\"datePublished\":\"2022-09-26T14:43:39+00:00\",\"dateModified\":\"2026-04-15T06:18:51+00:00\",\"breadcrumb\":{\"@id\":\"https:\\\/\\\/emf-consult.com\\\/nettbutikk\\\/produkt\\\/safesleeve-personvernveske-rfid-sikker-unnga-sporing-og-digitalt-tyveri\\\/#breadcrumb\"},\"inLanguage\":\"nb-NO\",\"potentialAction\":[{\"@type\":\"ReadAction\",\"target\":[\"https:\\\/\\\/emf-consult.com\\\/nettbutikk\\\/produkt\\\/safesleeve-personvernveske-rfid-sikker-unnga-sporing-og-digitalt-tyveri\\\/\"]}]},{\"@type\":\"ImageObject\",\"inLanguage\":\"nb-NO\",\"@id\":\"https:\\\/\\\/emf-consult.com\\\/nettbutikk\\\/produkt\\\/safesleeve-personvernveske-rfid-sikker-unnga-sporing-og-digitalt-tyveri\\\/#primaryimage\",\"url\":\"https:\\\/\\\/emf-consult.com\\\/nettbutikk\\\/wp-content\\\/uploads\\\/2022\\\/09\\\/privacy-pouch-hero-image-open-loop_2c55d31b-18a1-45f9-b569-83fc364f7722_1800x1800.webp\",\"contentUrl\":\"https:\\\/\\\/emf-consult.com\\\/nettbutikk\\\/wp-content\\\/uploads\\\/2022\\\/09\\\/privacy-pouch-hero-image-open-loop_2c55d31b-18a1-45f9-b569-83fc364f7722_1800x1800.webp\",\"width\":1000,\"height\":1000},{\"@type\":\"BreadcrumbList\",\"@id\":\"https:\\\/\\\/emf-consult.com\\\/nettbutikk\\\/produkt\\\/safesleeve-personvernveske-rfid-sikker-unnga-sporing-og-digitalt-tyveri\\\/#breadcrumb\",\"itemListElement\":[{\"@type\":\"ListItem\",\"position\":1,\"name\":\"Hjem\",\"item\":\"https:\\\/\\\/emf-consult.com\\\/nettbutikk\\\/\"},{\"@type\":\"ListItem\",\"position\":2,\"name\":\"Butikk\",\"item\":\"https:\\\/\\\/emf-consult.com\\\/nettbutikk\\\/butikk\\\/\"},{\"@type\":\"ListItem\",\"position\":3,\"name\":\"Safesleeve personvernveske &#8211; RFID sikker, unng\u00e5 sporing og digitalt tyveri\"}]},{\"@type\":\"WebSite\",\"@id\":\"https:\\\/\\\/emf-consult.com\\\/nettbutikk\\\/#website\",\"url\":\"https:\\\/\\\/emf-consult.com\\\/nettbutikk\\\/\",\"name\":\"EMF Consult\",\"description\":\"Nettbutikk - Beskyttelse mot str\u00e5ling\",\"publisher\":{\"@id\":\"https:\\\/\\\/emf-consult.com\\\/nettbutikk\\\/#organization\"},\"potentialAction\":[{\"@type\":\"SearchAction\",\"target\":{\"@type\":\"EntryPoint\",\"urlTemplate\":\"https:\\\/\\\/emf-consult.com\\\/nettbutikk\\\/?s={search_term_string}\"},\"query-input\":{\"@type\":\"PropertyValueSpecification\",\"valueRequired\":true,\"valueName\":\"search_term_string\"}}],\"inLanguage\":\"nb-NO\"},{\"@type\":\"Organization\",\"@id\":\"https:\\\/\\\/emf-consult.com\\\/nettbutikk\\\/#organization\",\"name\":\"EMF Consult AS\",\"url\":\"https:\\\/\\\/emf-consult.com\\\/nettbutikk\\\/\",\"logo\":{\"@type\":\"ImageObject\",\"inLanguage\":\"nb-NO\",\"@id\":\"https:\\\/\\\/emf-consult.com\\\/nettbutikk\\\/#\\\/schema\\\/logo\\\/image\\\/\",\"url\":\"https:\\\/\\\/emf-consult.com\\\/nettbutikk\\\/wp-content\\\/uploads\\\/2022\\\/07\\\/cropped-Favikon-rod-e1658786300694.png\",\"contentUrl\":\"https:\\\/\\\/emf-consult.com\\\/nettbutikk\\\/wp-content\\\/uploads\\\/2022\\\/07\\\/cropped-Favikon-rod-e1658786300694.png\",\"width\":150,\"height\":150,\"caption\":\"EMF Consult AS\"},\"image\":{\"@id\":\"https:\\\/\\\/emf-consult.com\\\/nettbutikk\\\/#\\\/schema\\\/logo\\\/image\\\/\"},\"sameAs\":[\"https:\\\/\\\/www.facebook.com\\\/emfconsult\",\"https:\\\/\\\/www.linkedin.com\\\/company\\\/emf-consult\\\/\"]}]}<\/script>\n<!-- \/ Yoast SEO plugin. -->","yoast_head_json":{"title":"Safesleeve personvernveske - RFID sikker, unng\u00e5 sporing og digitalt tyveri - EMF Consult","robots":{"index":"index","follow":"follow","max-snippet":"max-snippet:-1","max-image-preview":"max-image-preview:large","max-video-preview":"max-video-preview:-1"},"canonical":"https:\/\/emf-consult.com\/nettbutikk\/produkt\/safesleeve-personvernveske-rfid-sikker-unnga-sporing-og-digitalt-tyveri\/","og_locale":"nb_NO","og_type":"article","og_title":"Safesleeve personvernveske - RFID sikker, unng\u00e5 sporing og digitalt tyveri - EMF Consult","og_description":"Spesifikasjoner: Vekt (kg): 0,2 St\u00f8rrelse (cm): 21,25 x 12,0 x 1,25 Farge: Svart","og_url":"https:\/\/emf-consult.com\/nettbutikk\/produkt\/safesleeve-personvernveske-rfid-sikker-unnga-sporing-og-digitalt-tyveri\/","og_site_name":"EMF Consult","article_publisher":"https:\/\/www.facebook.com\/emfconsult","article_modified_time":"2026-04-15T06:18:51+00:00","og_image":[{"width":1000,"height":1000,"url":"https:\/\/emf-consult.com\/nettbutikk\/wp-content\/uploads\/2022\/09\/privacy-pouch-hero-image-open-loop_2c55d31b-18a1-45f9-b569-83fc364f7722_1800x1800.webp","type":"image\/webp"}],"twitter_card":"summary_large_image","twitter_misc":{"Ansl. lesetid":"2 minutter"},"schema":{"@context":"https:\/\/schema.org","@graph":[{"@type":"WebPage","@id":"https:\/\/emf-consult.com\/nettbutikk\/produkt\/safesleeve-personvernveske-rfid-sikker-unnga-sporing-og-digitalt-tyveri\/","url":"https:\/\/emf-consult.com\/nettbutikk\/produkt\/safesleeve-personvernveske-rfid-sikker-unnga-sporing-og-digitalt-tyveri\/","name":"Safesleeve personvernveske - RFID sikker, unng\u00e5 sporing og digitalt tyveri - EMF Consult","isPartOf":{"@id":"https:\/\/emf-consult.com\/nettbutikk\/#website"},"primaryImageOfPage":{"@id":"https:\/\/emf-consult.com\/nettbutikk\/produkt\/safesleeve-personvernveske-rfid-sikker-unnga-sporing-og-digitalt-tyveri\/#primaryimage"},"image":{"@id":"https:\/\/emf-consult.com\/nettbutikk\/produkt\/safesleeve-personvernveske-rfid-sikker-unnga-sporing-og-digitalt-tyveri\/#primaryimage"},"thumbnailUrl":"https:\/\/emf-consult.com\/nettbutikk\/wp-content\/uploads\/2022\/09\/privacy-pouch-hero-image-open-loop_2c55d31b-18a1-45f9-b569-83fc364f7722_1800x1800.webp","datePublished":"2022-09-26T14:43:39+00:00","dateModified":"2026-04-15T06:18:51+00:00","breadcrumb":{"@id":"https:\/\/emf-consult.com\/nettbutikk\/produkt\/safesleeve-personvernveske-rfid-sikker-unnga-sporing-og-digitalt-tyveri\/#breadcrumb"},"inLanguage":"nb-NO","potentialAction":[{"@type":"ReadAction","target":["https:\/\/emf-consult.com\/nettbutikk\/produkt\/safesleeve-personvernveske-rfid-sikker-unnga-sporing-og-digitalt-tyveri\/"]}]},{"@type":"ImageObject","inLanguage":"nb-NO","@id":"https:\/\/emf-consult.com\/nettbutikk\/produkt\/safesleeve-personvernveske-rfid-sikker-unnga-sporing-og-digitalt-tyveri\/#primaryimage","url":"https:\/\/emf-consult.com\/nettbutikk\/wp-content\/uploads\/2022\/09\/privacy-pouch-hero-image-open-loop_2c55d31b-18a1-45f9-b569-83fc364f7722_1800x1800.webp","contentUrl":"https:\/\/emf-consult.com\/nettbutikk\/wp-content\/uploads\/2022\/09\/privacy-pouch-hero-image-open-loop_2c55d31b-18a1-45f9-b569-83fc364f7722_1800x1800.webp","width":1000,"height":1000},{"@type":"BreadcrumbList","@id":"https:\/\/emf-consult.com\/nettbutikk\/produkt\/safesleeve-personvernveske-rfid-sikker-unnga-sporing-og-digitalt-tyveri\/#breadcrumb","itemListElement":[{"@type":"ListItem","position":1,"name":"Hjem","item":"https:\/\/emf-consult.com\/nettbutikk\/"},{"@type":"ListItem","position":2,"name":"Butikk","item":"https:\/\/emf-consult.com\/nettbutikk\/butikk\/"},{"@type":"ListItem","position":3,"name":"Safesleeve personvernveske &#8211; RFID sikker, unng\u00e5 sporing og digitalt tyveri"}]},{"@type":"WebSite","@id":"https:\/\/emf-consult.com\/nettbutikk\/#website","url":"https:\/\/emf-consult.com\/nettbutikk\/","name":"EMF Consult","description":"Nettbutikk - Beskyttelse mot str\u00e5ling","publisher":{"@id":"https:\/\/emf-consult.com\/nettbutikk\/#organization"},"potentialAction":[{"@type":"SearchAction","target":{"@type":"EntryPoint","urlTemplate":"https:\/\/emf-consult.com\/nettbutikk\/?s={search_term_string}"},"query-input":{"@type":"PropertyValueSpecification","valueRequired":true,"valueName":"search_term_string"}}],"inLanguage":"nb-NO"},{"@type":"Organization","@id":"https:\/\/emf-consult.com\/nettbutikk\/#organization","name":"EMF Consult AS","url":"https:\/\/emf-consult.com\/nettbutikk\/","logo":{"@type":"ImageObject","inLanguage":"nb-NO","@id":"https:\/\/emf-consult.com\/nettbutikk\/#\/schema\/logo\/image\/","url":"https:\/\/emf-consult.com\/nettbutikk\/wp-content\/uploads\/2022\/07\/cropped-Favikon-rod-e1658786300694.png","contentUrl":"https:\/\/emf-consult.com\/nettbutikk\/wp-content\/uploads\/2022\/07\/cropped-Favikon-rod-e1658786300694.png","width":150,"height":150,"caption":"EMF Consult AS"},"image":{"@id":"https:\/\/emf-consult.com\/nettbutikk\/#\/schema\/logo\/image\/"},"sameAs":["https:\/\/www.facebook.com\/emfconsult","https:\/\/www.linkedin.com\/company\/emf-consult\/"]}]}},"_links":{"self":[{"href":"https:\/\/emf-consult.com\/nettbutikk\/wp-json\/wp\/v2\/product\/14794","targetHints":{"allow":["GET"]}}],"collection":[{"href":"https:\/\/emf-consult.com\/nettbutikk\/wp-json\/wp\/v2\/product"}],"about":[{"href":"https:\/\/emf-consult.com\/nettbutikk\/wp-json\/wp\/v2\/types\/product"}],"replies":[{"embeddable":true,"href":"https:\/\/emf-consult.com\/nettbutikk\/wp-json\/wp\/v2\/comments?post=14794"}],"wp:featuredmedia":[{"embeddable":true,"href":"https:\/\/emf-consult.com\/nettbutikk\/wp-json\/wp\/v2\/media\/14799"}],"wp:attachment":[{"href":"https:\/\/emf-consult.com\/nettbutikk\/wp-json\/wp\/v2\/media?parent=14794"}],"wp:term":[{"taxonomy":"product_brand","embeddable":true,"href":"https:\/\/emf-consult.com\/nettbutikk\/wp-json\/wp\/v2\/product_brand?post=14794"},{"taxonomy":"product_cat","embeddable":true,"href":"https:\/\/emf-consult.com\/nettbutikk\/wp-json\/wp\/v2\/product_cat?post=14794"},{"taxonomy":"product_tag","embeddable":true,"href":"https:\/\/emf-consult.com\/nettbutikk\/wp-json\/wp\/v2\/product_tag?post=14794"}],"curies":[{"name":"wp","href":"https:\/\/api.w.org\/{rel}","templated":true}]}}