{"id":14394,"date":"2022-04-27T10:28:29","date_gmt":"2022-04-27T08:28:29","guid":{"rendered":"https:\/\/emf-consult.com\/nettbutikk\/?post_type=product&#038;p=14394"},"modified":"2025-11-27T14:29:27","modified_gmt":"2025-11-27T13:29:27","slug":"vindusfilm-rdf25-152cm","status":"publish","type":"product","link":"https:\/\/emf-consult.com\/nettbutikk\/produkt\/vindusfilm-rdf25-152cm\/","title":{"rendered":"Vindusfilm RDF25 &#8211; 152cm"},"content":{"rendered":"<p><span id=\"result_box\" lang=\"no\">Edelmetallbelagt og selvklebende folie for skjerming av vinduer og glassflater mot h\u00f8yfrekvent str\u00e5ling (HF). Brun\/kobberfarget vindusfilm med 25 % lysgjennomf\u00f8ring. <\/span>Demper 35 dB (99,95%) ved 1 GHz.<\/p>\n<p>Anvendelse. For montering trenger du v\u00e5r plastskraper FVR10, monteringskonsentratet FMK30 og kantforseglingsmiddelet FL4. En monteringsinstruksjon er inkludert i leveransen. Merk: Ikke bruk kantforseglingsmiddelet f\u00f8r 8 uker etter installasjon av vindusfilmen, slik at overfl\u00f8dig vann kan fordampe!<\/p>\n<p>Utend\u00f8rs anvendelse, <span id=\"result_box\" lang=\"no\">kan benyttes p\u00e5 <\/span>varmeabsorberende glassflater. Denne vindusfilmen er spesielt designet for utend\u00f8rs bruk. Solstr\u00e5lingen er blokkert, dette er grunnen til at vinduet ikke kan varmes opp. Denne filmen er spesielt godkjent for varmeisolasjonsglass.<\/p>\n<p><span id=\"result_box\" lang=\"no\">Innend\u00f8rs anvendelse, hovedsakelig p\u00e5 glassflater , men ogs\u00e5 p\u00e5 d\u00f8rer og andre rette flater. Brukes ku<\/span><span id=\"result_box\" lang=\"no\">n p\u00e5 ikke varmedempende glass overflater! \u00c5rsak<\/span>: Varmedempende glass er allerede metallisert. N\u00e5r solstr\u00e5lene passerer\u00a0metalliseringen og deretter treffer vinduet folie, kan multirefleksjoner oppst\u00e5. Vindusrutene\u00a0blir\u00a0overopphetet\u00a0og kan\u00a0ved ekspansjon for\u00e5rsake lekkasjer eller sprekker i pakninger. Sjekk derfor ut hvilken type vindu p\u00e5 forh\u00e5nd!<\/p>\n<p><a href=\"https:\/\/emf-consult.com\/nettbutikk\/wp-content\/uploads\/2022\/04\/Monteringsanvisning-YSHIELD-Vindusfilm-1.pdf\" target=\"_blank\" rel=\"noopener\">Monteringsanvisning YSHIELD Vindusfilm<\/a><\/p>\n<p>MERK: N\u00e5r du bestiller i l\u00f8pemeter blir produktet kuttet i henhold til dine spesifikasjoner og det er ikke mulig \u00e5 returnere eller kansellere ordre.<\/p>\n<p>Skjermende vindusfilm, vindusfolie for demping av elektromagnetisk str\u00e5ling<\/p>\n","protected":false},"excerpt":{"rendered":"<p><strong>Tekniske data:<\/strong><br \/>\n\u2022 Bredde: 152 cm.<br \/>\n\u2022 Lengde: Line\u00e6r meter.<br \/>\n\u2022 Demping: 35 dB ved 1 GHz<br \/>\n\u2022 Lys overf\u00f8ring: 25%.<br \/>\n\u2022 Farge dagslys: Brun \/ kobber.<br \/>\n\u2022 Materialtykkelse : 50 um<\/p>\n<p><strong>Montering:<\/strong><br \/>\nVann-aktivert trykkf\u00f8lsomt klebemiddel p\u00e5 baksiden.<\/p>\n","protected":false},"featured_media":14400,"comment_status":"open","ping_status":"closed","template":"","meta":[],"product_brand":[],"product_cat":[49],"product_tag":[],"class_list":{"0":"post-14394","1":"product","2":"type-product","3":"status-publish","4":"has-post-thumbnail","6":"product_cat-folier-netting-fleece","8":"first","9":"outofstock","10":"taxable","11":"shipping-taxable","12":"purchasable","13":"product-type-variable"},"yoast_head":"<!-- This site is optimized with the Yoast SEO plugin v27.4 - https:\/\/yoast.com\/product\/yoast-seo-wordpress\/ -->\n<title>Vindusfilm RDF25 - 152cm - EMF Consult<\/title>\n<meta name=\"robots\" content=\"index, follow, max-snippet:-1, max-image-preview:large, max-video-preview:-1\" \/>\n<link rel=\"canonical\" href=\"https:\/\/emf-consult.com\/nettbutikk\/produkt\/vindusfilm-rdf25-152cm\/\" \/>\n<meta property=\"og:locale\" content=\"nb_NO\" \/>\n<meta property=\"og:type\" content=\"article\" \/>\n<meta property=\"og:title\" content=\"Vindusfilm RDF25 - 152cm - EMF Consult\" \/>\n<meta property=\"og:description\" content=\"Tekniske data: \u2022 Bredde: 152 cm. \u2022 Lengde: Line\u00e6r meter. \u2022 Demping: 35 dB ved 1 GHz \u2022 Lys overf\u00f8ring: 25%. \u2022 Farge dagslys: Brun \/ kobber. \u2022 Materialtykkelse : 50 um  Montering: Vann-aktivert trykkf\u00f8lsomt klebemiddel p\u00e5 baksiden.\" \/>\n<meta property=\"og:url\" content=\"https:\/\/emf-consult.com\/nettbutikk\/produkt\/vindusfilm-rdf25-152cm\/\" \/>\n<meta property=\"og:site_name\" content=\"EMF Consult\" \/>\n<meta property=\"article:publisher\" content=\"https:\/\/www.facebook.com\/emfconsult\" \/>\n<meta property=\"article:modified_time\" content=\"2025-11-27T13:29:27+00:00\" \/>\n<meta property=\"og:image\" content=\"https:\/\/emf-consult.com\/nettbutikk\/wp-content\/uploads\/2022\/04\/YSHIELD-A-RDF25.jpg\" \/>\n\t<meta property=\"og:image:width\" content=\"1000\" \/>\n\t<meta property=\"og:image:height\" content=\"1000\" \/>\n\t<meta property=\"og:image:type\" content=\"image\/jpeg\" \/>\n<meta name=\"twitter:card\" content=\"summary_large_image\" \/>\n<meta name=\"twitter:label1\" content=\"Ansl. lesetid\" \/>\n\t<meta name=\"twitter:data1\" content=\"2 minutter\" \/>\n<script type=\"application\/ld+json\" class=\"yoast-schema-graph\">{\"@context\":\"https:\\\/\\\/schema.org\",\"@graph\":[{\"@type\":\"WebPage\",\"@id\":\"https:\\\/\\\/emf-consult.com\\\/nettbutikk\\\/produkt\\\/vindusfilm-rdf25-152cm\\\/\",\"url\":\"https:\\\/\\\/emf-consult.com\\\/nettbutikk\\\/produkt\\\/vindusfilm-rdf25-152cm\\\/\",\"name\":\"Vindusfilm RDF25 - 152cm - EMF Consult\",\"isPartOf\":{\"@id\":\"https:\\\/\\\/emf-consult.com\\\/nettbutikk\\\/#website\"},\"primaryImageOfPage\":{\"@id\":\"https:\\\/\\\/emf-consult.com\\\/nettbutikk\\\/produkt\\\/vindusfilm-rdf25-152cm\\\/#primaryimage\"},\"image\":{\"@id\":\"https:\\\/\\\/emf-consult.com\\\/nettbutikk\\\/produkt\\\/vindusfilm-rdf25-152cm\\\/#primaryimage\"},\"thumbnailUrl\":\"https:\\\/\\\/emf-consult.com\\\/nettbutikk\\\/wp-content\\\/uploads\\\/2022\\\/04\\\/YSHIELD-A-RDF25.jpg\",\"datePublished\":\"2022-04-27T08:28:29+00:00\",\"dateModified\":\"2025-11-27T13:29:27+00:00\",\"breadcrumb\":{\"@id\":\"https:\\\/\\\/emf-consult.com\\\/nettbutikk\\\/produkt\\\/vindusfilm-rdf25-152cm\\\/#breadcrumb\"},\"inLanguage\":\"nb-NO\",\"potentialAction\":[{\"@type\":\"ReadAction\",\"target\":[\"https:\\\/\\\/emf-consult.com\\\/nettbutikk\\\/produkt\\\/vindusfilm-rdf25-152cm\\\/\"]}]},{\"@type\":\"ImageObject\",\"inLanguage\":\"nb-NO\",\"@id\":\"https:\\\/\\\/emf-consult.com\\\/nettbutikk\\\/produkt\\\/vindusfilm-rdf25-152cm\\\/#primaryimage\",\"url\":\"https:\\\/\\\/emf-consult.com\\\/nettbutikk\\\/wp-content\\\/uploads\\\/2022\\\/04\\\/YSHIELD-A-RDF25.jpg\",\"contentUrl\":\"https:\\\/\\\/emf-consult.com\\\/nettbutikk\\\/wp-content\\\/uploads\\\/2022\\\/04\\\/YSHIELD-A-RDF25.jpg\",\"width\":1000,\"height\":1000},{\"@type\":\"BreadcrumbList\",\"@id\":\"https:\\\/\\\/emf-consult.com\\\/nettbutikk\\\/produkt\\\/vindusfilm-rdf25-152cm\\\/#breadcrumb\",\"itemListElement\":[{\"@type\":\"ListItem\",\"position\":1,\"name\":\"Hjem\",\"item\":\"https:\\\/\\\/emf-consult.com\\\/nettbutikk\\\/\"},{\"@type\":\"ListItem\",\"position\":2,\"name\":\"Butikk\",\"item\":\"https:\\\/\\\/emf-consult.com\\\/nettbutikk\\\/butikk\\\/\"},{\"@type\":\"ListItem\",\"position\":3,\"name\":\"Vindusfilm RDF25 &#8211; 152cm\"}]},{\"@type\":\"WebSite\",\"@id\":\"https:\\\/\\\/emf-consult.com\\\/nettbutikk\\\/#website\",\"url\":\"https:\\\/\\\/emf-consult.com\\\/nettbutikk\\\/\",\"name\":\"EMF Consult\",\"description\":\"Nettbutikk - Beskyttelse mot str\u00e5ling\",\"publisher\":{\"@id\":\"https:\\\/\\\/emf-consult.com\\\/nettbutikk\\\/#organization\"},\"potentialAction\":[{\"@type\":\"SearchAction\",\"target\":{\"@type\":\"EntryPoint\",\"urlTemplate\":\"https:\\\/\\\/emf-consult.com\\\/nettbutikk\\\/?s={search_term_string}\"},\"query-input\":{\"@type\":\"PropertyValueSpecification\",\"valueRequired\":true,\"valueName\":\"search_term_string\"}}],\"inLanguage\":\"nb-NO\"},{\"@type\":\"Organization\",\"@id\":\"https:\\\/\\\/emf-consult.com\\\/nettbutikk\\\/#organization\",\"name\":\"EMF Consult AS\",\"url\":\"https:\\\/\\\/emf-consult.com\\\/nettbutikk\\\/\",\"logo\":{\"@type\":\"ImageObject\",\"inLanguage\":\"nb-NO\",\"@id\":\"https:\\\/\\\/emf-consult.com\\\/nettbutikk\\\/#\\\/schema\\\/logo\\\/image\\\/\",\"url\":\"https:\\\/\\\/emf-consult.com\\\/nettbutikk\\\/wp-content\\\/uploads\\\/2022\\\/07\\\/cropped-Favikon-rod-e1658786300694.png\",\"contentUrl\":\"https:\\\/\\\/emf-consult.com\\\/nettbutikk\\\/wp-content\\\/uploads\\\/2022\\\/07\\\/cropped-Favikon-rod-e1658786300694.png\",\"width\":150,\"height\":150,\"caption\":\"EMF Consult AS\"},\"image\":{\"@id\":\"https:\\\/\\\/emf-consult.com\\\/nettbutikk\\\/#\\\/schema\\\/logo\\\/image\\\/\"},\"sameAs\":[\"https:\\\/\\\/www.facebook.com\\\/emfconsult\",\"https:\\\/\\\/www.linkedin.com\\\/company\\\/emf-consult\\\/\"]}]}<\/script>\n<!-- \/ Yoast SEO plugin. -->","yoast_head_json":{"title":"Vindusfilm RDF25 - 152cm - EMF Consult","robots":{"index":"index","follow":"follow","max-snippet":"max-snippet:-1","max-image-preview":"max-image-preview:large","max-video-preview":"max-video-preview:-1"},"canonical":"https:\/\/emf-consult.com\/nettbutikk\/produkt\/vindusfilm-rdf25-152cm\/","og_locale":"nb_NO","og_type":"article","og_title":"Vindusfilm RDF25 - 152cm - EMF Consult","og_description":"Tekniske data: \u2022 Bredde: 152 cm. \u2022 Lengde: Line\u00e6r meter. \u2022 Demping: 35 dB ved 1 GHz \u2022 Lys overf\u00f8ring: 25%. \u2022 Farge dagslys: Brun \/ kobber. \u2022 Materialtykkelse : 50 um  Montering: Vann-aktivert trykkf\u00f8lsomt klebemiddel p\u00e5 baksiden.","og_url":"https:\/\/emf-consult.com\/nettbutikk\/produkt\/vindusfilm-rdf25-152cm\/","og_site_name":"EMF Consult","article_publisher":"https:\/\/www.facebook.com\/emfconsult","article_modified_time":"2025-11-27T13:29:27+00:00","og_image":[{"width":1000,"height":1000,"url":"https:\/\/emf-consult.com\/nettbutikk\/wp-content\/uploads\/2022\/04\/YSHIELD-A-RDF25.jpg","type":"image\/jpeg"}],"twitter_card":"summary_large_image","twitter_misc":{"Ansl. lesetid":"2 minutter"},"schema":{"@context":"https:\/\/schema.org","@graph":[{"@type":"WebPage","@id":"https:\/\/emf-consult.com\/nettbutikk\/produkt\/vindusfilm-rdf25-152cm\/","url":"https:\/\/emf-consult.com\/nettbutikk\/produkt\/vindusfilm-rdf25-152cm\/","name":"Vindusfilm RDF25 - 152cm - EMF Consult","isPartOf":{"@id":"https:\/\/emf-consult.com\/nettbutikk\/#website"},"primaryImageOfPage":{"@id":"https:\/\/emf-consult.com\/nettbutikk\/produkt\/vindusfilm-rdf25-152cm\/#primaryimage"},"image":{"@id":"https:\/\/emf-consult.com\/nettbutikk\/produkt\/vindusfilm-rdf25-152cm\/#primaryimage"},"thumbnailUrl":"https:\/\/emf-consult.com\/nettbutikk\/wp-content\/uploads\/2022\/04\/YSHIELD-A-RDF25.jpg","datePublished":"2022-04-27T08:28:29+00:00","dateModified":"2025-11-27T13:29:27+00:00","breadcrumb":{"@id":"https:\/\/emf-consult.com\/nettbutikk\/produkt\/vindusfilm-rdf25-152cm\/#breadcrumb"},"inLanguage":"nb-NO","potentialAction":[{"@type":"ReadAction","target":["https:\/\/emf-consult.com\/nettbutikk\/produkt\/vindusfilm-rdf25-152cm\/"]}]},{"@type":"ImageObject","inLanguage":"nb-NO","@id":"https:\/\/emf-consult.com\/nettbutikk\/produkt\/vindusfilm-rdf25-152cm\/#primaryimage","url":"https:\/\/emf-consult.com\/nettbutikk\/wp-content\/uploads\/2022\/04\/YSHIELD-A-RDF25.jpg","contentUrl":"https:\/\/emf-consult.com\/nettbutikk\/wp-content\/uploads\/2022\/04\/YSHIELD-A-RDF25.jpg","width":1000,"height":1000},{"@type":"BreadcrumbList","@id":"https:\/\/emf-consult.com\/nettbutikk\/produkt\/vindusfilm-rdf25-152cm\/#breadcrumb","itemListElement":[{"@type":"ListItem","position":1,"name":"Hjem","item":"https:\/\/emf-consult.com\/nettbutikk\/"},{"@type":"ListItem","position":2,"name":"Butikk","item":"https:\/\/emf-consult.com\/nettbutikk\/butikk\/"},{"@type":"ListItem","position":3,"name":"Vindusfilm RDF25 &#8211; 152cm"}]},{"@type":"WebSite","@id":"https:\/\/emf-consult.com\/nettbutikk\/#website","url":"https:\/\/emf-consult.com\/nettbutikk\/","name":"EMF Consult","description":"Nettbutikk - Beskyttelse mot str\u00e5ling","publisher":{"@id":"https:\/\/emf-consult.com\/nettbutikk\/#organization"},"potentialAction":[{"@type":"SearchAction","target":{"@type":"EntryPoint","urlTemplate":"https:\/\/emf-consult.com\/nettbutikk\/?s={search_term_string}"},"query-input":{"@type":"PropertyValueSpecification","valueRequired":true,"valueName":"search_term_string"}}],"inLanguage":"nb-NO"},{"@type":"Organization","@id":"https:\/\/emf-consult.com\/nettbutikk\/#organization","name":"EMF Consult AS","url":"https:\/\/emf-consult.com\/nettbutikk\/","logo":{"@type":"ImageObject","inLanguage":"nb-NO","@id":"https:\/\/emf-consult.com\/nettbutikk\/#\/schema\/logo\/image\/","url":"https:\/\/emf-consult.com\/nettbutikk\/wp-content\/uploads\/2022\/07\/cropped-Favikon-rod-e1658786300694.png","contentUrl":"https:\/\/emf-consult.com\/nettbutikk\/wp-content\/uploads\/2022\/07\/cropped-Favikon-rod-e1658786300694.png","width":150,"height":150,"caption":"EMF Consult AS"},"image":{"@id":"https:\/\/emf-consult.com\/nettbutikk\/#\/schema\/logo\/image\/"},"sameAs":["https:\/\/www.facebook.com\/emfconsult","https:\/\/www.linkedin.com\/company\/emf-consult\/"]}]}},"_links":{"self":[{"href":"https:\/\/emf-consult.com\/nettbutikk\/wp-json\/wp\/v2\/product\/14394","targetHints":{"allow":["GET"]}}],"collection":[{"href":"https:\/\/emf-consult.com\/nettbutikk\/wp-json\/wp\/v2\/product"}],"about":[{"href":"https:\/\/emf-consult.com\/nettbutikk\/wp-json\/wp\/v2\/types\/product"}],"replies":[{"embeddable":true,"href":"https:\/\/emf-consult.com\/nettbutikk\/wp-json\/wp\/v2\/comments?post=14394"}],"wp:featuredmedia":[{"embeddable":true,"href":"https:\/\/emf-consult.com\/nettbutikk\/wp-json\/wp\/v2\/media\/14400"}],"wp:attachment":[{"href":"https:\/\/emf-consult.com\/nettbutikk\/wp-json\/wp\/v2\/media?parent=14394"}],"wp:term":[{"taxonomy":"product_brand","embeddable":true,"href":"https:\/\/emf-consult.com\/nettbutikk\/wp-json\/wp\/v2\/product_brand?post=14394"},{"taxonomy":"product_cat","embeddable":true,"href":"https:\/\/emf-consult.com\/nettbutikk\/wp-json\/wp\/v2\/product_cat?post=14394"},{"taxonomy":"product_tag","embeddable":true,"href":"https:\/\/emf-consult.com\/nettbutikk\/wp-json\/wp\/v2\/product_tag?post=14394"}],"curies":[{"name":"wp","href":"https:\/\/api.w.org\/{rel}","templated":true}]}}