{"id":14167,"date":"2022-02-10T08:53:30","date_gmt":"2022-02-10T07:53:30","guid":{"rendered":"https:\/\/emf-consult.com\/nettbutikk\/?post_type=product&#038;p=14167"},"modified":"2025-11-02T20:45:14","modified_gmt":"2025-11-02T19:45:14","slug":"jordfeiltester-400v-tn","status":"publish","type":"product","link":"https:\/\/emf-consult.com\/nettbutikk\/produkt\/jordfeiltester-400v-tn\/","title":{"rendered":"Jordfeiltester 400V TN"},"content":{"rendered":"<p><strong>F\u00f8r man benytter skjermingstiltak som er avhengige av \u00e5 kobles til jord b\u00f8r man sjekke om det er &#8220;god&#8221; jording i boligen.<\/strong><\/p>\n<p>Dette kan man enkelt gj\u00f8re selv ved \u00e5 benytte denne enkle jordfeilindikatoren som identifiserer de vanligste ledningsfeilene i standard 230 Volt stikkontakter (400V TN-nett).<br \/>\nIndikatoren har en kompakt st\u00f8rrelse, lett vekt og praktisk \u00e5 bruke, selv for personer uten elektrikerbakgrunn, for raskt \u00e5 finne ut om det er jordfeil p\u00e5 boligens ledningsnett.<\/p>\n<p>Med 3 lettlest indikatorlamper for \u00e5 indikere feil som; ikke tilkoblet jord, ikke tilkoblet leder, ikke tilkoblet n\u00f8ytral og omvendt polaritet p\u00e5 leder\/n\u00f8ytral. Lysindikasjon er godt merket p\u00e5 fronten av selve enheten. Jordfeiltesteren viser ogs\u00e5 n\u00f8yaktig stikkontaktspenning p\u00e5 LCD-skjermen.<\/p>\n<p>Designet med RCD-testknapp for \u00e5 teste om lekkasjestr\u00f8mbryter fungerer som den skal. Ett trykk p\u00e5 testknappen for \u00e5 sjekke tilstanden til lekkasjebeskyttelsen. Perfekt for \u00e5 beskytte din sikkerhet mot risikoen for elektrisk st\u00f8t.<\/p>\n<p>Passer kun for 400V TN-nett. <strong>Kan IKKE brukes p\u00e5 230V IT-nett<\/strong>. Jordfeiltester for <a href=\"https:\/\/emf-consult.com\/nettbutikk\/produkt\/jordfeil-indikator-230v-it\/\">230V IT-nett finner du her<\/a>.<\/p>\n","protected":false},"excerpt":{"rendered":"<p>Farge: Svart<br \/>\nModell: EU-plugg<br \/>\nMateriale: Flammehemmende ABS<br \/>\nDriftsspenning: 90 ~ 250V \/ 45 ~ 65Hz<br \/>\nFasespenning: 90 ~ 250V \/ 45 ~ 65Hz<br \/>\nLekkasjespenning: 0 ~ 99V \/ 45 ~ 65Hz<br \/>\nN\u00f8yaktighet: \u00b1 (2,0% + 2)<br \/>\nRCD Test: m 30mA<br \/>\nRCD Arbeidsspenning: 220V \u00b1 20V<br \/>\nArbeidsmilj\u00f8: 0 \u2103 \uff5e 40 \u2103, 20% \uff5e 75% RH<br \/>\nLagringsmilj\u00f8: -10 \u2103 \uff5e 50 \u2103, 20% \uff5e 80% RH<br \/>\nVarest\u00f8rrelse: 68 x 65 x 60mm<br \/>\nVekt: 74 g<\/p>\n","protected":false},"featured_media":14169,"comment_status":"open","ping_status":"closed","template":"","meta":[],"product_brand":[],"product_cat":[23,21],"product_tag":[],"class_list":{"0":"post-14167","1":"product","2":"type-product","3":"status-publish","4":"has-post-thumbnail","6":"product_cat-el-installasjon","7":"product_cat-maleinstrumeter-lf","9":"first","10":"instock","11":"taxable","12":"shipping-taxable","13":"purchasable","14":"product-type-simple"},"yoast_head":"<!-- This site is optimized with the Yoast SEO plugin v27.4 - https:\/\/yoast.com\/product\/yoast-seo-wordpress\/ -->\n<title>Jordfeiltester 400V TN - EMF Consult<\/title>\n<meta name=\"robots\" content=\"index, follow, max-snippet:-1, max-image-preview:large, max-video-preview:-1\" \/>\n<link rel=\"canonical\" href=\"https:\/\/emf-consult.com\/nettbutikk\/produkt\/jordfeiltester-400v-tn\/\" \/>\n<meta property=\"og:locale\" content=\"nb_NO\" \/>\n<meta property=\"og:type\" content=\"article\" \/>\n<meta property=\"og:title\" content=\"Jordfeiltester 400V TN - EMF Consult\" \/>\n<meta property=\"og:description\" content=\"Farge: Svart Modell: EU-plugg Materiale: Flammehemmende ABS Driftsspenning: 90 ~ 250V \/ 45 ~ 65Hz Fasespenning: 90 ~ 250V \/ 45 ~ 65Hz Lekkasjespenning: 0 ~ 99V \/ 45 ~ 65Hz N\u00f8yaktighet: \u00b1 (2,0% + 2) RCD Test: m 30mA RCD Arbeidsspenning: 220V \u00b1 20V Arbeidsmilj\u00f8: 0 \u2103 \uff5e 40 \u2103, 20% \uff5e 75% RH Lagringsmilj\u00f8: -10 \u2103 \uff5e 50 \u2103, 20% \uff5e 80% RH Varest\u00f8rrelse: 68 x 65 x 60mm Vekt: 74 g\" \/>\n<meta property=\"og:url\" content=\"https:\/\/emf-consult.com\/nettbutikk\/produkt\/jordfeiltester-400v-tn\/\" \/>\n<meta property=\"og:site_name\" content=\"EMF Consult\" \/>\n<meta property=\"article:publisher\" content=\"https:\/\/www.facebook.com\/emfconsult\" \/>\n<meta property=\"article:modified_time\" content=\"2025-11-02T19:45:14+00:00\" \/>\n<meta property=\"og:image\" content=\"https:\/\/emf-consult.com\/nettbutikk\/wp-content\/uploads\/2022\/02\/HT107-400V-jordfeil-tester-2.jpg\" \/>\n\t<meta property=\"og:image:width\" content=\"400\" \/>\n\t<meta property=\"og:image:height\" content=\"400\" \/>\n\t<meta property=\"og:image:type\" content=\"image\/jpeg\" \/>\n<meta name=\"twitter:card\" content=\"summary_large_image\" \/>\n<meta name=\"twitter:label1\" content=\"Ansl. lesetid\" \/>\n\t<meta name=\"twitter:data1\" content=\"1 minutt\" \/>\n<script type=\"application\/ld+json\" class=\"yoast-schema-graph\">{\"@context\":\"https:\\\/\\\/schema.org\",\"@graph\":[{\"@type\":\"WebPage\",\"@id\":\"https:\\\/\\\/emf-consult.com\\\/nettbutikk\\\/produkt\\\/jordfeiltester-400v-tn\\\/\",\"url\":\"https:\\\/\\\/emf-consult.com\\\/nettbutikk\\\/produkt\\\/jordfeiltester-400v-tn\\\/\",\"name\":\"Jordfeiltester 400V TN - EMF Consult\",\"isPartOf\":{\"@id\":\"https:\\\/\\\/emf-consult.com\\\/nettbutikk\\\/#website\"},\"primaryImageOfPage\":{\"@id\":\"https:\\\/\\\/emf-consult.com\\\/nettbutikk\\\/produkt\\\/jordfeiltester-400v-tn\\\/#primaryimage\"},\"image\":{\"@id\":\"https:\\\/\\\/emf-consult.com\\\/nettbutikk\\\/produkt\\\/jordfeiltester-400v-tn\\\/#primaryimage\"},\"thumbnailUrl\":\"https:\\\/\\\/emf-consult.com\\\/nettbutikk\\\/wp-content\\\/uploads\\\/2022\\\/02\\\/HT107-400V-jordfeil-tester-2.jpg\",\"datePublished\":\"2022-02-10T07:53:30+00:00\",\"dateModified\":\"2025-11-02T19:45:14+00:00\",\"breadcrumb\":{\"@id\":\"https:\\\/\\\/emf-consult.com\\\/nettbutikk\\\/produkt\\\/jordfeiltester-400v-tn\\\/#breadcrumb\"},\"inLanguage\":\"nb-NO\",\"potentialAction\":[{\"@type\":\"ReadAction\",\"target\":[\"https:\\\/\\\/emf-consult.com\\\/nettbutikk\\\/produkt\\\/jordfeiltester-400v-tn\\\/\"]}]},{\"@type\":\"ImageObject\",\"inLanguage\":\"nb-NO\",\"@id\":\"https:\\\/\\\/emf-consult.com\\\/nettbutikk\\\/produkt\\\/jordfeiltester-400v-tn\\\/#primaryimage\",\"url\":\"https:\\\/\\\/emf-consult.com\\\/nettbutikk\\\/wp-content\\\/uploads\\\/2022\\\/02\\\/HT107-400V-jordfeil-tester-2.jpg\",\"contentUrl\":\"https:\\\/\\\/emf-consult.com\\\/nettbutikk\\\/wp-content\\\/uploads\\\/2022\\\/02\\\/HT107-400V-jordfeil-tester-2.jpg\",\"width\":400,\"height\":400,\"caption\":\"Jordfeiltester 400V TN\"},{\"@type\":\"BreadcrumbList\",\"@id\":\"https:\\\/\\\/emf-consult.com\\\/nettbutikk\\\/produkt\\\/jordfeiltester-400v-tn\\\/#breadcrumb\",\"itemListElement\":[{\"@type\":\"ListItem\",\"position\":1,\"name\":\"Hjem\",\"item\":\"https:\\\/\\\/emf-consult.com\\\/nettbutikk\\\/\"},{\"@type\":\"ListItem\",\"position\":2,\"name\":\"Butikk\",\"item\":\"https:\\\/\\\/emf-consult.com\\\/nettbutikk\\\/butikk\\\/\"},{\"@type\":\"ListItem\",\"position\":3,\"name\":\"Jordfeiltester 400V TN\"}]},{\"@type\":\"WebSite\",\"@id\":\"https:\\\/\\\/emf-consult.com\\\/nettbutikk\\\/#website\",\"url\":\"https:\\\/\\\/emf-consult.com\\\/nettbutikk\\\/\",\"name\":\"EMF Consult\",\"description\":\"Nettbutikk - Beskyttelse mot str\u00e5ling\",\"publisher\":{\"@id\":\"https:\\\/\\\/emf-consult.com\\\/nettbutikk\\\/#organization\"},\"potentialAction\":[{\"@type\":\"SearchAction\",\"target\":{\"@type\":\"EntryPoint\",\"urlTemplate\":\"https:\\\/\\\/emf-consult.com\\\/nettbutikk\\\/?s={search_term_string}\"},\"query-input\":{\"@type\":\"PropertyValueSpecification\",\"valueRequired\":true,\"valueName\":\"search_term_string\"}}],\"inLanguage\":\"nb-NO\"},{\"@type\":\"Organization\",\"@id\":\"https:\\\/\\\/emf-consult.com\\\/nettbutikk\\\/#organization\",\"name\":\"EMF Consult AS\",\"url\":\"https:\\\/\\\/emf-consult.com\\\/nettbutikk\\\/\",\"logo\":{\"@type\":\"ImageObject\",\"inLanguage\":\"nb-NO\",\"@id\":\"https:\\\/\\\/emf-consult.com\\\/nettbutikk\\\/#\\\/schema\\\/logo\\\/image\\\/\",\"url\":\"https:\\\/\\\/emf-consult.com\\\/nettbutikk\\\/wp-content\\\/uploads\\\/2022\\\/07\\\/cropped-Favikon-rod-e1658786300694.png\",\"contentUrl\":\"https:\\\/\\\/emf-consult.com\\\/nettbutikk\\\/wp-content\\\/uploads\\\/2022\\\/07\\\/cropped-Favikon-rod-e1658786300694.png\",\"width\":150,\"height\":150,\"caption\":\"EMF Consult AS\"},\"image\":{\"@id\":\"https:\\\/\\\/emf-consult.com\\\/nettbutikk\\\/#\\\/schema\\\/logo\\\/image\\\/\"},\"sameAs\":[\"https:\\\/\\\/www.facebook.com\\\/emfconsult\",\"https:\\\/\\\/www.linkedin.com\\\/company\\\/emf-consult\\\/\"]}]}<\/script>\n<!-- \/ Yoast SEO plugin. -->","yoast_head_json":{"title":"Jordfeiltester 400V TN - EMF Consult","robots":{"index":"index","follow":"follow","max-snippet":"max-snippet:-1","max-image-preview":"max-image-preview:large","max-video-preview":"max-video-preview:-1"},"canonical":"https:\/\/emf-consult.com\/nettbutikk\/produkt\/jordfeiltester-400v-tn\/","og_locale":"nb_NO","og_type":"article","og_title":"Jordfeiltester 400V TN - EMF Consult","og_description":"Farge: Svart Modell: EU-plugg Materiale: Flammehemmende ABS Driftsspenning: 90 ~ 250V \/ 45 ~ 65Hz Fasespenning: 90 ~ 250V \/ 45 ~ 65Hz Lekkasjespenning: 0 ~ 99V \/ 45 ~ 65Hz N\u00f8yaktighet: \u00b1 (2,0% + 2) RCD Test: m 30mA RCD Arbeidsspenning: 220V \u00b1 20V Arbeidsmilj\u00f8: 0 \u2103 \uff5e 40 \u2103, 20% \uff5e 75% RH Lagringsmilj\u00f8: -10 \u2103 \uff5e 50 \u2103, 20% \uff5e 80% RH Varest\u00f8rrelse: 68 x 65 x 60mm Vekt: 74 g","og_url":"https:\/\/emf-consult.com\/nettbutikk\/produkt\/jordfeiltester-400v-tn\/","og_site_name":"EMF Consult","article_publisher":"https:\/\/www.facebook.com\/emfconsult","article_modified_time":"2025-11-02T19:45:14+00:00","og_image":[{"width":400,"height":400,"url":"https:\/\/emf-consult.com\/nettbutikk\/wp-content\/uploads\/2022\/02\/HT107-400V-jordfeil-tester-2.jpg","type":"image\/jpeg"}],"twitter_card":"summary_large_image","twitter_misc":{"Ansl. lesetid":"1 minutt"},"schema":{"@context":"https:\/\/schema.org","@graph":[{"@type":"WebPage","@id":"https:\/\/emf-consult.com\/nettbutikk\/produkt\/jordfeiltester-400v-tn\/","url":"https:\/\/emf-consult.com\/nettbutikk\/produkt\/jordfeiltester-400v-tn\/","name":"Jordfeiltester 400V TN - EMF Consult","isPartOf":{"@id":"https:\/\/emf-consult.com\/nettbutikk\/#website"},"primaryImageOfPage":{"@id":"https:\/\/emf-consult.com\/nettbutikk\/produkt\/jordfeiltester-400v-tn\/#primaryimage"},"image":{"@id":"https:\/\/emf-consult.com\/nettbutikk\/produkt\/jordfeiltester-400v-tn\/#primaryimage"},"thumbnailUrl":"https:\/\/emf-consult.com\/nettbutikk\/wp-content\/uploads\/2022\/02\/HT107-400V-jordfeil-tester-2.jpg","datePublished":"2022-02-10T07:53:30+00:00","dateModified":"2025-11-02T19:45:14+00:00","breadcrumb":{"@id":"https:\/\/emf-consult.com\/nettbutikk\/produkt\/jordfeiltester-400v-tn\/#breadcrumb"},"inLanguage":"nb-NO","potentialAction":[{"@type":"ReadAction","target":["https:\/\/emf-consult.com\/nettbutikk\/produkt\/jordfeiltester-400v-tn\/"]}]},{"@type":"ImageObject","inLanguage":"nb-NO","@id":"https:\/\/emf-consult.com\/nettbutikk\/produkt\/jordfeiltester-400v-tn\/#primaryimage","url":"https:\/\/emf-consult.com\/nettbutikk\/wp-content\/uploads\/2022\/02\/HT107-400V-jordfeil-tester-2.jpg","contentUrl":"https:\/\/emf-consult.com\/nettbutikk\/wp-content\/uploads\/2022\/02\/HT107-400V-jordfeil-tester-2.jpg","width":400,"height":400,"caption":"Jordfeiltester 400V TN"},{"@type":"BreadcrumbList","@id":"https:\/\/emf-consult.com\/nettbutikk\/produkt\/jordfeiltester-400v-tn\/#breadcrumb","itemListElement":[{"@type":"ListItem","position":1,"name":"Hjem","item":"https:\/\/emf-consult.com\/nettbutikk\/"},{"@type":"ListItem","position":2,"name":"Butikk","item":"https:\/\/emf-consult.com\/nettbutikk\/butikk\/"},{"@type":"ListItem","position":3,"name":"Jordfeiltester 400V TN"}]},{"@type":"WebSite","@id":"https:\/\/emf-consult.com\/nettbutikk\/#website","url":"https:\/\/emf-consult.com\/nettbutikk\/","name":"EMF Consult","description":"Nettbutikk - Beskyttelse mot str\u00e5ling","publisher":{"@id":"https:\/\/emf-consult.com\/nettbutikk\/#organization"},"potentialAction":[{"@type":"SearchAction","target":{"@type":"EntryPoint","urlTemplate":"https:\/\/emf-consult.com\/nettbutikk\/?s={search_term_string}"},"query-input":{"@type":"PropertyValueSpecification","valueRequired":true,"valueName":"search_term_string"}}],"inLanguage":"nb-NO"},{"@type":"Organization","@id":"https:\/\/emf-consult.com\/nettbutikk\/#organization","name":"EMF Consult AS","url":"https:\/\/emf-consult.com\/nettbutikk\/","logo":{"@type":"ImageObject","inLanguage":"nb-NO","@id":"https:\/\/emf-consult.com\/nettbutikk\/#\/schema\/logo\/image\/","url":"https:\/\/emf-consult.com\/nettbutikk\/wp-content\/uploads\/2022\/07\/cropped-Favikon-rod-e1658786300694.png","contentUrl":"https:\/\/emf-consult.com\/nettbutikk\/wp-content\/uploads\/2022\/07\/cropped-Favikon-rod-e1658786300694.png","width":150,"height":150,"caption":"EMF Consult AS"},"image":{"@id":"https:\/\/emf-consult.com\/nettbutikk\/#\/schema\/logo\/image\/"},"sameAs":["https:\/\/www.facebook.com\/emfconsult","https:\/\/www.linkedin.com\/company\/emf-consult\/"]}]}},"_links":{"self":[{"href":"https:\/\/emf-consult.com\/nettbutikk\/wp-json\/wp\/v2\/product\/14167","targetHints":{"allow":["GET"]}}],"collection":[{"href":"https:\/\/emf-consult.com\/nettbutikk\/wp-json\/wp\/v2\/product"}],"about":[{"href":"https:\/\/emf-consult.com\/nettbutikk\/wp-json\/wp\/v2\/types\/product"}],"replies":[{"embeddable":true,"href":"https:\/\/emf-consult.com\/nettbutikk\/wp-json\/wp\/v2\/comments?post=14167"}],"wp:featuredmedia":[{"embeddable":true,"href":"https:\/\/emf-consult.com\/nettbutikk\/wp-json\/wp\/v2\/media\/14169"}],"wp:attachment":[{"href":"https:\/\/emf-consult.com\/nettbutikk\/wp-json\/wp\/v2\/media?parent=14167"}],"wp:term":[{"taxonomy":"product_brand","embeddable":true,"href":"https:\/\/emf-consult.com\/nettbutikk\/wp-json\/wp\/v2\/product_brand?post=14167"},{"taxonomy":"product_cat","embeddable":true,"href":"https:\/\/emf-consult.com\/nettbutikk\/wp-json\/wp\/v2\/product_cat?post=14167"},{"taxonomy":"product_tag","embeddable":true,"href":"https:\/\/emf-consult.com\/nettbutikk\/wp-json\/wp\/v2\/product_tag?post=14167"}],"curies":[{"name":"wp","href":"https:\/\/api.w.org\/{rel}","templated":true}]}}