{"id":13646,"date":"2021-11-01T10:35:02","date_gmt":"2021-11-01T09:35:02","guid":{"rendered":"https:\/\/emf-consult.com\/nettbutikk\/?post_type=product&#038;p=13646"},"modified":"2026-03-18T19:44:52","modified_gmt":"2026-03-18T18:44:52","slug":"safecave-reisebaldakin","status":"publish","type":"product","link":"https:\/\/emf-consult.com\/nettbutikk\/produkt\/safecave-reisebaldakin\/","title":{"rendered":"SAFECAVE &#8211; Reisebaldakin"},"content":{"rendered":"<p>Baldakin fra SAFECAVE-serien er laget for \u00e5 skjerme soveplass, oppholdssoner eller arbeidsomr\u00e5det. Som begrepet SAFECAVE allerede angir, lager du din egen sikre hule mot elektromagnetiske felt.<\/p>\n<p>Skjermet &#8220;pop-up&#8221; sovetelt for \u00e9n person som &#8220;pakker seg ut&#8221; helt av seg selv, uten omfattende montering. Teltet er lukket p\u00e5 alle sider med s\u00f8lvstoff og glidel\u00e5s har ekstra beskyttelse for perfekt skjerming. Et kostnadseffektivt produkt for \u00e5 skjerme soveomr\u00e5det ditt hjemme eller n\u00e5r du er p\u00e5 reise.\u00a0 Unikt i denne prisklassen er den h\u00f8ye skjermingsdempningen.\u00a0 Demper HF str\u00e5ling med 44 dB ved 1GHz<\/p>\n<p>St\u00f8rrelse: B 95 cm x L 210 cm x H 55 cm \u00a0(+\/- 5%\u00a0 toleranse)<\/p>\n<p>Inngang: Det er lett \u00e5 komme inn og ut av teltet via en stor \u00e5pning p\u00e5 siden, med glidel\u00e5s.<\/p>\n<p>SAFECAVE er halv-transparent og slipper inn lys.<\/p>\n<ul>\n<li>Et lett og luftig stoff med noe glans<\/li>\n<li>Puster godt og er mykt og behagelig<\/li>\n<li>Tekstilegenskaper: Vaskbart, lett \u00e5\u00a0bearbeide<\/li>\n<li>Meget h\u00f8y kvalitet<\/li>\n<\/ul>\n<p>Montering:<\/p>\n<ul>\n<li>Ingen montering er n\u00f8dvendig. bare ta baldakinen ut av oppbevaringsposen og s\u00e5 &#8220;monterer&#8221; det seg selv. Kan v\u00e6re noe plundret \u00e5 f\u00e5 lagt baldakin sammen etter bruk de f\u00f8rste gangene, inntil man har knekt koden. Etter dette er det veldig enkelt \u00e5 pakke sammen baldakinen. Beskrivelse av hvordan dette gj\u00f8res ligger vedlagt.<\/li>\n<\/ul>\n<p>SAFECAVE kan jordes og skjermer for elektriske felt. Jordingsutstyr bestilles separate.<\/p>\n<p><em>Baldakiner er bestillingsvare som sys p\u00e5 bestilling. Bestillingsvarer leveres normalt innen 7-14 dager etter mottatt betaling.<\/em><br \/>\n<em>Ang\u00e5ende angrerett; v\u00e6r oppmerksom p\u00e5 at av hygiene\u00e5rsaker tas kun ubrukte baldakiner i retur.<\/em><\/p>\n","protected":false},"excerpt":{"rendered":"<ul>\n<li>Farge: S\u00f8lv-beige<\/li>\n<li>Demping: 44 dB ved 1 GHz<\/li>\n<li>Materialer: 85% nylon, 15%s\u00f8lv<\/li>\n<li>Overflate ledningsvne 0,8 ohm\/tomme<\/li>\n<\/ul>\n<p>Vaskes forsiktig p\u00e5\u00a030\u00b0C,\u00a0M\u00e5 ikke strykes eller\u00a0tr\u00f8kes i t\u00f8rketrommel,\u00a0T\u00f8rkes p\u00e5 lav temperature, M\u00e5 ikke blekes.<\/p>\n<p><strong>For allergikere:<\/strong> Nye stoffer kan lukte noe, vi anbefaler derfor at du vasker stoffet f\u00f8r bruk! Bruk helst et <a href=\"https:\/\/emf-consult.com\/nettbutikk\/?s=%22texcare+vaske%22&amp;post_type=product\">vaskemiddel som et testet p\u00e5 slike skjermingsstoffer<\/a><\/p>\n<p><strong>MERK:<\/strong> Stoffer som inneholder s\u00f8lv vil kunne misfarges over tid. Dette er en naturlig oksideringsprosess som er vanlig for stoffer inneholdende s\u00f8lv og noen ganger leveres nye produkter med slike misfarginger. Denne misfargingen har ingen negative effect p\u00e5 skjermingen og er ikke \u00e5 anse som kvalitets avvik.<\/p>\n","protected":false},"featured_media":13647,"comment_status":"open","ping_status":"closed","template":"","meta":[],"product_brand":[],"product_cat":[45],"product_tag":[99,100,101,102,103],"class_list":{"0":"post-13646","1":"product","2":"type-product","3":"status-publish","4":"has-post-thumbnail","6":"product_cat-baldakiner-soveposer","7":"product_tag-skjerming","8":"product_tag-soverom","9":"product_tag-sovn","10":"product_tag-sovnkvalitet","11":"product_tag-straling","13":"first","14":"onbackorder","15":"taxable","16":"shipping-taxable","17":"purchasable","18":"product-type-simple"},"yoast_head":"<!-- This site is optimized with the Yoast SEO plugin v27.3 - https:\/\/yoast.com\/product\/yoast-seo-wordpress\/ -->\n<title>SAFECAVE - Reisebaldakin - EMF Consult<\/title>\n<meta name=\"description\" content=\"Skjermet &quot;pop-up&quot; sovetelt for \u00e9n person som &quot;pakker seg ut&quot; helt av seg selv, uten omfattende montering. Teltet er lukket p\u00e5 alle sider med s\u00f8lvstoff og glidel\u00e5s har ekstra beskyttelse for perfekt skjerming. Et kostnadseffektivt produkt for \u00e5 skjerme soveomr\u00e5det ditt hjemme eller n\u00e5r du er p\u00e5 reise.\u00a0\" \/>\n<meta name=\"robots\" content=\"index, follow, max-snippet:-1, max-image-preview:large, max-video-preview:-1\" \/>\n<link rel=\"canonical\" href=\"https:\/\/emf-consult.com\/nettbutikk\/produkt\/safecave-reisebaldakin\/\" \/>\n<meta property=\"og:locale\" content=\"nb_NO\" \/>\n<meta property=\"og:type\" content=\"article\" \/>\n<meta property=\"og:title\" content=\"SAFECAVE - Reisebaldakin\" \/>\n<meta property=\"og:description\" content=\"Skjermet &quot;pop-up&quot; sovetelt for \u00e9n person som &quot;pakker seg ut&quot; helt av seg selv, uten omfattende montering. Teltet er lukket p\u00e5 alle sider med s\u00f8lvstoff og glidel\u00e5s har ekstra beskyttelse for perfekt skjerming. Et kostnadseffektivt produkt for \u00e5 skjerme soveomr\u00e5det ditt hjemme eller n\u00e5r du er p\u00e5 reise.\u00a0\" \/>\n<meta property=\"og:url\" content=\"https:\/\/emf-consult.com\/nettbutikk\/produkt\/safecave-reisebaldakin\/\" \/>\n<meta property=\"og:site_name\" content=\"EMF Consult\" \/>\n<meta property=\"article:publisher\" content=\"https:\/\/www.facebook.com\/emfconsult\" \/>\n<meta property=\"article:modified_time\" content=\"2026-03-18T18:44:52+00:00\" \/>\n<meta property=\"og:image\" content=\"https:\/\/emf-consult.com\/nettbutikk\/wp-content\/uploads\/2021\/11\/YSHIELD-BST1-2nn-e1769595902976.jpg\" \/>\n\t<meta property=\"og:image:width\" content=\"998\" \/>\n\t<meta property=\"og:image:height\" content=\"903\" \/>\n\t<meta property=\"og:image:type\" content=\"image\/jpeg\" \/>\n<meta name=\"twitter:card\" content=\"summary_large_image\" \/>\n<meta name=\"twitter:label1\" content=\"Ansl. lesetid\" \/>\n\t<meta name=\"twitter:data1\" content=\"2 minutter\" \/>\n<script type=\"application\/ld+json\" class=\"yoast-schema-graph\">{\"@context\":\"https:\\\/\\\/schema.org\",\"@graph\":[{\"@type\":\"WebPage\",\"@id\":\"https:\\\/\\\/emf-consult.com\\\/nettbutikk\\\/produkt\\\/safecave-reisebaldakin\\\/\",\"url\":\"https:\\\/\\\/emf-consult.com\\\/nettbutikk\\\/produkt\\\/safecave-reisebaldakin\\\/\",\"name\":\"SAFECAVE - Reisebaldakin - EMF Consult\",\"isPartOf\":{\"@id\":\"https:\\\/\\\/emf-consult.com\\\/nettbutikk\\\/#website\"},\"primaryImageOfPage\":{\"@id\":\"https:\\\/\\\/emf-consult.com\\\/nettbutikk\\\/produkt\\\/safecave-reisebaldakin\\\/#primaryimage\"},\"image\":{\"@id\":\"https:\\\/\\\/emf-consult.com\\\/nettbutikk\\\/produkt\\\/safecave-reisebaldakin\\\/#primaryimage\"},\"thumbnailUrl\":\"https:\\\/\\\/emf-consult.com\\\/nettbutikk\\\/wp-content\\\/uploads\\\/2021\\\/11\\\/YSHIELD-BST1-1nn.jpg\",\"datePublished\":\"2021-11-01T09:35:02+00:00\",\"dateModified\":\"2026-03-18T18:44:52+00:00\",\"description\":\"Skjermet \\\"pop-up\\\" sovetelt for \u00e9n person som \\\"pakker seg ut\\\" helt av seg selv, uten omfattende montering. Teltet er lukket p\u00e5 alle sider med s\u00f8lvstoff og glidel\u00e5s har ekstra beskyttelse for perfekt skjerming. Et kostnadseffektivt produkt for \u00e5 skjerme soveomr\u00e5det ditt hjemme eller n\u00e5r du er p\u00e5 reise.\u00a0\",\"breadcrumb\":{\"@id\":\"https:\\\/\\\/emf-consult.com\\\/nettbutikk\\\/produkt\\\/safecave-reisebaldakin\\\/#breadcrumb\"},\"inLanguage\":\"nb-NO\",\"potentialAction\":[{\"@type\":\"ReadAction\",\"target\":[\"https:\\\/\\\/emf-consult.com\\\/nettbutikk\\\/produkt\\\/safecave-reisebaldakin\\\/\"]}]},{\"@type\":\"ImageObject\",\"inLanguage\":\"nb-NO\",\"@id\":\"https:\\\/\\\/emf-consult.com\\\/nettbutikk\\\/produkt\\\/safecave-reisebaldakin\\\/#primaryimage\",\"url\":\"https:\\\/\\\/emf-consult.com\\\/nettbutikk\\\/wp-content\\\/uploads\\\/2021\\\/11\\\/YSHIELD-BST1-1nn.jpg\",\"contentUrl\":\"https:\\\/\\\/emf-consult.com\\\/nettbutikk\\\/wp-content\\\/uploads\\\/2021\\\/11\\\/YSHIELD-BST1-1nn.jpg\",\"width\":1000,\"height\":998},{\"@type\":\"BreadcrumbList\",\"@id\":\"https:\\\/\\\/emf-consult.com\\\/nettbutikk\\\/produkt\\\/safecave-reisebaldakin\\\/#breadcrumb\",\"itemListElement\":[{\"@type\":\"ListItem\",\"position\":1,\"name\":\"Hjem\",\"item\":\"https:\\\/\\\/emf-consult.com\\\/nettbutikk\\\/\"},{\"@type\":\"ListItem\",\"position\":2,\"name\":\"Butikk\",\"item\":\"https:\\\/\\\/emf-consult.com\\\/nettbutikk\\\/butikk\\\/\"},{\"@type\":\"ListItem\",\"position\":3,\"name\":\"SAFECAVE &#8211; Reisebaldakin\"}]},{\"@type\":\"WebSite\",\"@id\":\"https:\\\/\\\/emf-consult.com\\\/nettbutikk\\\/#website\",\"url\":\"https:\\\/\\\/emf-consult.com\\\/nettbutikk\\\/\",\"name\":\"EMF Consult\",\"description\":\"Nettbutikk - Beskyttelse mot str\u00e5ling\",\"publisher\":{\"@id\":\"https:\\\/\\\/emf-consult.com\\\/nettbutikk\\\/#organization\"},\"potentialAction\":[{\"@type\":\"SearchAction\",\"target\":{\"@type\":\"EntryPoint\",\"urlTemplate\":\"https:\\\/\\\/emf-consult.com\\\/nettbutikk\\\/?s={search_term_string}\"},\"query-input\":{\"@type\":\"PropertyValueSpecification\",\"valueRequired\":true,\"valueName\":\"search_term_string\"}}],\"inLanguage\":\"nb-NO\"},{\"@type\":\"Organization\",\"@id\":\"https:\\\/\\\/emf-consult.com\\\/nettbutikk\\\/#organization\",\"name\":\"EMF Consult AS\",\"url\":\"https:\\\/\\\/emf-consult.com\\\/nettbutikk\\\/\",\"logo\":{\"@type\":\"ImageObject\",\"inLanguage\":\"nb-NO\",\"@id\":\"https:\\\/\\\/emf-consult.com\\\/nettbutikk\\\/#\\\/schema\\\/logo\\\/image\\\/\",\"url\":\"https:\\\/\\\/emf-consult.com\\\/nettbutikk\\\/wp-content\\\/uploads\\\/2022\\\/07\\\/cropped-Favikon-rod-e1658786300694.png\",\"contentUrl\":\"https:\\\/\\\/emf-consult.com\\\/nettbutikk\\\/wp-content\\\/uploads\\\/2022\\\/07\\\/cropped-Favikon-rod-e1658786300694.png\",\"width\":150,\"height\":150,\"caption\":\"EMF Consult AS\"},\"image\":{\"@id\":\"https:\\\/\\\/emf-consult.com\\\/nettbutikk\\\/#\\\/schema\\\/logo\\\/image\\\/\"},\"sameAs\":[\"https:\\\/\\\/www.facebook.com\\\/emfconsult\",\"https:\\\/\\\/www.linkedin.com\\\/company\\\/emf-consult\\\/\"]}]}<\/script>\n<!-- \/ Yoast SEO plugin. -->","yoast_head_json":{"title":"SAFECAVE - Reisebaldakin - EMF Consult","description":"Skjermet \"pop-up\" sovetelt for \u00e9n person som \"pakker seg ut\" helt av seg selv, uten omfattende montering. Teltet er lukket p\u00e5 alle sider med s\u00f8lvstoff og glidel\u00e5s har ekstra beskyttelse for perfekt skjerming. Et kostnadseffektivt produkt for \u00e5 skjerme soveomr\u00e5det ditt hjemme eller n\u00e5r du er p\u00e5 reise.\u00a0","robots":{"index":"index","follow":"follow","max-snippet":"max-snippet:-1","max-image-preview":"max-image-preview:large","max-video-preview":"max-video-preview:-1"},"canonical":"https:\/\/emf-consult.com\/nettbutikk\/produkt\/safecave-reisebaldakin\/","og_locale":"nb_NO","og_type":"article","og_title":"SAFECAVE - Reisebaldakin","og_description":"Skjermet \"pop-up\" sovetelt for \u00e9n person som \"pakker seg ut\" helt av seg selv, uten omfattende montering. Teltet er lukket p\u00e5 alle sider med s\u00f8lvstoff og glidel\u00e5s har ekstra beskyttelse for perfekt skjerming. Et kostnadseffektivt produkt for \u00e5 skjerme soveomr\u00e5det ditt hjemme eller n\u00e5r du er p\u00e5 reise.\u00a0","og_url":"https:\/\/emf-consult.com\/nettbutikk\/produkt\/safecave-reisebaldakin\/","og_site_name":"EMF Consult","article_publisher":"https:\/\/www.facebook.com\/emfconsult","article_modified_time":"2026-03-18T18:44:52+00:00","og_image":[{"width":998,"height":903,"url":"https:\/\/emf-consult.com\/nettbutikk\/wp-content\/uploads\/2021\/11\/YSHIELD-BST1-2nn-e1769595902976.jpg","type":"image\/jpeg"}],"twitter_card":"summary_large_image","twitter_misc":{"Ansl. lesetid":"2 minutter"},"schema":{"@context":"https:\/\/schema.org","@graph":[{"@type":"WebPage","@id":"https:\/\/emf-consult.com\/nettbutikk\/produkt\/safecave-reisebaldakin\/","url":"https:\/\/emf-consult.com\/nettbutikk\/produkt\/safecave-reisebaldakin\/","name":"SAFECAVE - Reisebaldakin - EMF Consult","isPartOf":{"@id":"https:\/\/emf-consult.com\/nettbutikk\/#website"},"primaryImageOfPage":{"@id":"https:\/\/emf-consult.com\/nettbutikk\/produkt\/safecave-reisebaldakin\/#primaryimage"},"image":{"@id":"https:\/\/emf-consult.com\/nettbutikk\/produkt\/safecave-reisebaldakin\/#primaryimage"},"thumbnailUrl":"https:\/\/emf-consult.com\/nettbutikk\/wp-content\/uploads\/2021\/11\/YSHIELD-BST1-1nn.jpg","datePublished":"2021-11-01T09:35:02+00:00","dateModified":"2026-03-18T18:44:52+00:00","description":"Skjermet \"pop-up\" sovetelt for \u00e9n person som \"pakker seg ut\" helt av seg selv, uten omfattende montering. Teltet er lukket p\u00e5 alle sider med s\u00f8lvstoff og glidel\u00e5s har ekstra beskyttelse for perfekt skjerming. Et kostnadseffektivt produkt for \u00e5 skjerme soveomr\u00e5det ditt hjemme eller n\u00e5r du er p\u00e5 reise.\u00a0","breadcrumb":{"@id":"https:\/\/emf-consult.com\/nettbutikk\/produkt\/safecave-reisebaldakin\/#breadcrumb"},"inLanguage":"nb-NO","potentialAction":[{"@type":"ReadAction","target":["https:\/\/emf-consult.com\/nettbutikk\/produkt\/safecave-reisebaldakin\/"]}]},{"@type":"ImageObject","inLanguage":"nb-NO","@id":"https:\/\/emf-consult.com\/nettbutikk\/produkt\/safecave-reisebaldakin\/#primaryimage","url":"https:\/\/emf-consult.com\/nettbutikk\/wp-content\/uploads\/2021\/11\/YSHIELD-BST1-1nn.jpg","contentUrl":"https:\/\/emf-consult.com\/nettbutikk\/wp-content\/uploads\/2021\/11\/YSHIELD-BST1-1nn.jpg","width":1000,"height":998},{"@type":"BreadcrumbList","@id":"https:\/\/emf-consult.com\/nettbutikk\/produkt\/safecave-reisebaldakin\/#breadcrumb","itemListElement":[{"@type":"ListItem","position":1,"name":"Hjem","item":"https:\/\/emf-consult.com\/nettbutikk\/"},{"@type":"ListItem","position":2,"name":"Butikk","item":"https:\/\/emf-consult.com\/nettbutikk\/butikk\/"},{"@type":"ListItem","position":3,"name":"SAFECAVE &#8211; Reisebaldakin"}]},{"@type":"WebSite","@id":"https:\/\/emf-consult.com\/nettbutikk\/#website","url":"https:\/\/emf-consult.com\/nettbutikk\/","name":"EMF Consult","description":"Nettbutikk - Beskyttelse mot str\u00e5ling","publisher":{"@id":"https:\/\/emf-consult.com\/nettbutikk\/#organization"},"potentialAction":[{"@type":"SearchAction","target":{"@type":"EntryPoint","urlTemplate":"https:\/\/emf-consult.com\/nettbutikk\/?s={search_term_string}"},"query-input":{"@type":"PropertyValueSpecification","valueRequired":true,"valueName":"search_term_string"}}],"inLanguage":"nb-NO"},{"@type":"Organization","@id":"https:\/\/emf-consult.com\/nettbutikk\/#organization","name":"EMF Consult AS","url":"https:\/\/emf-consult.com\/nettbutikk\/","logo":{"@type":"ImageObject","inLanguage":"nb-NO","@id":"https:\/\/emf-consult.com\/nettbutikk\/#\/schema\/logo\/image\/","url":"https:\/\/emf-consult.com\/nettbutikk\/wp-content\/uploads\/2022\/07\/cropped-Favikon-rod-e1658786300694.png","contentUrl":"https:\/\/emf-consult.com\/nettbutikk\/wp-content\/uploads\/2022\/07\/cropped-Favikon-rod-e1658786300694.png","width":150,"height":150,"caption":"EMF Consult AS"},"image":{"@id":"https:\/\/emf-consult.com\/nettbutikk\/#\/schema\/logo\/image\/"},"sameAs":["https:\/\/www.facebook.com\/emfconsult","https:\/\/www.linkedin.com\/company\/emf-consult\/"]}]}},"_links":{"self":[{"href":"https:\/\/emf-consult.com\/nettbutikk\/wp-json\/wp\/v2\/product\/13646","targetHints":{"allow":["GET"]}}],"collection":[{"href":"https:\/\/emf-consult.com\/nettbutikk\/wp-json\/wp\/v2\/product"}],"about":[{"href":"https:\/\/emf-consult.com\/nettbutikk\/wp-json\/wp\/v2\/types\/product"}],"replies":[{"embeddable":true,"href":"https:\/\/emf-consult.com\/nettbutikk\/wp-json\/wp\/v2\/comments?post=13646"}],"wp:featuredmedia":[{"embeddable":true,"href":"https:\/\/emf-consult.com\/nettbutikk\/wp-json\/wp\/v2\/media\/13647"}],"wp:attachment":[{"href":"https:\/\/emf-consult.com\/nettbutikk\/wp-json\/wp\/v2\/media?parent=13646"}],"wp:term":[{"taxonomy":"product_brand","embeddable":true,"href":"https:\/\/emf-consult.com\/nettbutikk\/wp-json\/wp\/v2\/product_brand?post=13646"},{"taxonomy":"product_cat","embeddable":true,"href":"https:\/\/emf-consult.com\/nettbutikk\/wp-json\/wp\/v2\/product_cat?post=13646"},{"taxonomy":"product_tag","embeddable":true,"href":"https:\/\/emf-consult.com\/nettbutikk\/wp-json\/wp\/v2\/product_tag?post=13646"}],"curies":[{"name":"wp","href":"https:\/\/api.w.org\/{rel}","templated":true}]}}