{"id":12873,"date":"2021-02-15T21:11:36","date_gmt":"2021-02-15T20:11:36","guid":{"rendered":"https:\/\/emf-consult.com\/nettbutikk\/?post_type=product&#038;p=12873"},"modified":"2026-03-31T11:09:41","modified_gmt":"2026-03-31T09:09:41","slug":"nettavkobler-na-16-2p-2-pol-for-it","status":"publish","type":"product","link":"https:\/\/emf-consult.com\/nettbutikk\/produkt\/nettavkobler-na-16-2p-2-pol-for-it\/","title":{"rendered":"Nettavkobler NA 16-2P (2-pol for IT og TN)"},"content":{"rendered":"<p>Er du en av de som g\u00e5r ut i sikringsskapet og sl\u00e5r av sikringskursen til soverommet f\u00f8r du legger deg for kvelden?<br \/>\nMed en automatisk nettavkobler kan du slippe \u00e5 tusle tilbake i sengen i m\u00f8rket <span class=\"pq6dq46d tbxw36s4 knj5qynh kvgmc6g5 ditlmg2l oygrvhab nvdbi5me sf5mxxl7 gl3lb2sf hhz5lgdu\"><img loading=\"lazy\" decoding=\"async\" src=\"https:\/\/www.facebook.com\/images\/emoji.php\/v9\/t7f\/1\/16\/1f60a.png\" alt=\"\ud83d\ude0a\" width=\"16\" height=\"16\" \/><\/span><\/p>\n<p><strong> Bruksomr\u00e5de:<\/strong><br \/>\nNA 16-2P er et Tysk kvalitetsprodukt som er utviklet for bruk i elektriske installasjoner hvor man \u00f8nsker \u00e5 redusere eksponeringen av elektromagnetiske felt til et minimum. Nettavkobleren anvendes fortrinnsvis i \u00e9n krets pr. rom installasjoner. Den automatiske nettavkobleren bryter samtidig faselederne L1 og L2(N).<br \/>\nDenne varianten kan brukes i b\u00e5de IT- og TN-nett, der man \u00f8nsker \u00e5 bryte begge lederne i kretsen. Automatisk nettavkobler brukes gjerne p\u00e5 str\u00f8mkretsen til soverom og kan ettermonteres i eksisterende installasjoner i hjemmet og p\u00e5 hytta.<\/p>\n<p><strong>Funksjoner:<\/strong><br \/>\nVed \u00e5 bruke h\u00f8ykvalitetskomponenter, er NA 16-2P spesielt kortslutningssikker og p\u00e5litelig og har lang levetid. Enheten overv\u00e5ker kretsen ved hjelp av en helse-sikker 100 VDC testspenning. N\u00e5r siste forbruker i kretsen sl\u00e5s av bryter den automatiske nettavkobleren kretsen og legger hele kretsen \u00abd\u00f8d\u00bb. Dette reduserer det elektriske og magnetiske vekselstr\u00f8m (AC) feltet i kretsen med n\u00e6r 100%. &#8211; Den medf\u00f8lgende lampen lyser n\u00e5r kretsen er utkoblet, og indikerer at nettavkoblingen er aktiv.<\/p>\n<p>\u2022 Automatisk nettavkobler for automatisk overv\u00e5king og nettverk frakobling, \u00e9n krets pr. rom<br \/>\n\u2022 Monteres p\u00e5 DIN skinne i fordelingsskap<br \/>\n\u2022 Indikator (LED) funksjoner: GR\u00d8NN: Nettspenning p\u00e5, R\u00d8D: Last aktiv\/innkoblet<br \/>\n\u2022 Automatikken kan overstyres med en &#8220;touch&#8221; sensor, LED indikator R\u00d8D\/GR\u00d8NN<br \/>\n\u2022 Brukes i IT-, TT- og TN-nett der man \u00f8nsker \u00e5 koble ut b\u00e5de L1 og L2(N) ledere samtidig (2-pol brudd)<\/p>\n<p>Datablad (engelsk): <a href=\"https:\/\/emf-consult.com\/nettbutikk\/wp-content\/uploads\/2021\/02\/EN-301092-DATA.ITEC-V3.0.1-NA16-2P-Standard-SHOP.pdf\" target=\"_blank\" rel=\"noopener\">NA16-2P-Standard<\/a><\/p>\n<p>&nbsp;<\/p>\n","protected":false},"excerpt":{"rendered":"<p><strong>Spesifikasjoner:<\/strong><\/p>\n<p>Automatisk AV\/P\u00c5 &#8211; 2 pol brudd<br \/>\nBelastning: 16 A \/ 230 VAC\/5oHz<br \/>\nForbruk: &lt; 1,6W<br \/>\nBrytereffekt: 3680 VA<br \/>\nF\u00f8lsomhet: fra 6 \/ 1,5W (justerbar)<br \/>\nMulighet for \u00e5 sl\u00e5 av den automatiske nettavkoblerfunksjonen ved hjelp av touch sensor<br \/>\nForsinkelse: Utkobling ca. 5 sek, Innkobling ca. 0,1 sek<br \/>\nMekanisk levetid: 10.000.000 inn\/ut koblinger<br \/>\nElektrisk levetid (rel\u00e9): 100.000 inn\/ut koblinger med max last 16A<br \/>\nBryter frekvens: max 6 ganger per minutt med 1000VA resistent last<br \/>\nOverv\u00e5kings spenning: 200V DC (rippel ca. 0,1VDC)<br \/>\nLengde\/Bredde\/H\u00f8yde: 90 x 17 x 60 mm<br \/>\nH\u00f8yde p\u00e5 DIN skinne: TS55 mm<br \/>\nTetthet: IP20<br \/>\nFarge \/ Vekt: Lys gr\u00e5 \/ ca. 100g<br \/>\nSikkerhet: Sv\u00e6rt kortslutningssikker og overspenningsvern i henhold til IEC<br \/>\nGodkjenning: CE merket<\/p>\n<p>Leveres komplett med f\u00f8lgende utstyr:<br \/>\nAutomatisk nettavkobler, Indikatorlys til \u00e5 putte i stikkontakt, brukermanual\/prinsippskisser (Engelsk).<\/p>\n<p>MERK: Denne enheten m\u00e5 utelukkende installeres av godkjent elektroinstallat\u00f8r!<\/p>\n<div class=\"tlid-results-container results-container\">\n<div class=\"tlid-result result-dict-wrapper\">\n<div><\/div>\n<\/div>\n<\/div>\n","protected":false},"featured_media":17120,"comment_status":"open","ping_status":"closed","template":"","meta":[],"product_brand":[],"product_cat":[23,27],"product_tag":[],"class_list":{"0":"post-12873","1":"product","2":"type-product","3":"status-publish","4":"has-post-thumbnail","6":"product_cat-el-installasjon","7":"product_cat-skjermingsmateriell","9":"first","10":"instock","11":"taxable","12":"shipping-taxable","13":"purchasable","14":"product-type-simple"},"yoast_head":"<!-- This site is optimized with the Yoast SEO plugin v27.4 - https:\/\/yoast.com\/product\/yoast-seo-wordpress\/ -->\n<title>Nettavkobler NA 16-2P (2-pol for IT og TN) - EMF Consult<\/title>\n<meta name=\"robots\" content=\"index, follow, max-snippet:-1, max-image-preview:large, max-video-preview:-1\" \/>\n<link rel=\"canonical\" href=\"https:\/\/emf-consult.com\/nettbutikk\/produkt\/nettavkobler-na-16-2p-2-pol-for-it\/\" \/>\n<meta property=\"og:locale\" content=\"nb_NO\" \/>\n<meta property=\"og:type\" content=\"article\" \/>\n<meta property=\"og:title\" content=\"Nettavkobler NA 16-2P (2-pol for IT og TN) - EMF Consult\" \/>\n<meta property=\"og:description\" content=\"Spesifikasjoner:  Automatisk AV\/P\u00c5 - 2 pol brudd Belastning: 16 A \/ 230 VAC\/5oHz Forbruk: &lt; 1,6W Brytereffekt: 3680 VA F\u00f8lsomhet: fra 6 \/ 1,5W (justerbar) Mulighet for \u00e5 sl\u00e5 av den automatiske nettavkoblerfunksjonen ved hjelp av touch sensor Forsinkelse: Utkobling ca. 5 sek, Innkobling ca. 0,1 sek Mekanisk levetid: 10.000.000 inn\/ut koblinger Elektrisk levetid (rel\u00e9): 100.000 inn\/ut koblinger med max last 16A Bryter frekvens: max 6 ganger per minutt med 1000VA resistent last Overv\u00e5kings spenning: 200V DC (rippel ca. 0,1VDC) Lengde\/Bredde\/H\u00f8yde: 90 x 17 x 60 mm H\u00f8yde p\u00e5 DIN skinne: TS55 mm Tetthet: IP20 Farge \/ Vekt: Lys gr\u00e5 \/ ca. 100g Sikkerhet: Sv\u00e6rt kortslutningssikker og overspenningsvern i henhold til IEC Godkjenning: CE merket  Leveres komplett med f\u00f8lgende utstyr: Automatisk nettavkobler, Indikatorlys til \u00e5 putte i stikkontakt, brukermanual\/prinsippskisser (Engelsk).  MERK: Denne enheten m\u00e5 utelukkende installeres av godkjent elektroinstallat\u00f8r!\" \/>\n<meta property=\"og:url\" content=\"https:\/\/emf-consult.com\/nettbutikk\/produkt\/nettavkobler-na-16-2p-2-pol-for-it\/\" \/>\n<meta property=\"og:site_name\" content=\"EMF Consult\" \/>\n<meta property=\"article:publisher\" content=\"https:\/\/www.facebook.com\/emfconsult\" \/>\n<meta property=\"article:modified_time\" content=\"2026-03-31T09:09:41+00:00\" \/>\n<meta property=\"og:image\" content=\"https:\/\/emf-consult.com\/nettbutikk\/wp-content\/uploads\/2021\/02\/NA16-2P.jpeg\" \/>\n\t<meta property=\"og:image:width\" content=\"720\" \/>\n\t<meta property=\"og:image:height\" content=\"720\" \/>\n\t<meta property=\"og:image:type\" content=\"image\/jpeg\" \/>\n<meta name=\"twitter:card\" content=\"summary_large_image\" \/>\n<meta name=\"twitter:label1\" content=\"Ansl. lesetid\" \/>\n\t<meta name=\"twitter:data1\" content=\"2 minutter\" \/>\n<script type=\"application\/ld+json\" class=\"yoast-schema-graph\">{\"@context\":\"https:\\\/\\\/schema.org\",\"@graph\":[{\"@type\":\"WebPage\",\"@id\":\"https:\\\/\\\/emf-consult.com\\\/nettbutikk\\\/produkt\\\/nettavkobler-na-16-2p-2-pol-for-it\\\/\",\"url\":\"https:\\\/\\\/emf-consult.com\\\/nettbutikk\\\/produkt\\\/nettavkobler-na-16-2p-2-pol-for-it\\\/\",\"name\":\"Nettavkobler NA 16-2P (2-pol for IT og TN) - EMF Consult\",\"isPartOf\":{\"@id\":\"https:\\\/\\\/emf-consult.com\\\/nettbutikk\\\/#website\"},\"primaryImageOfPage\":{\"@id\":\"https:\\\/\\\/emf-consult.com\\\/nettbutikk\\\/produkt\\\/nettavkobler-na-16-2p-2-pol-for-it\\\/#primaryimage\"},\"image\":{\"@id\":\"https:\\\/\\\/emf-consult.com\\\/nettbutikk\\\/produkt\\\/nettavkobler-na-16-2p-2-pol-for-it\\\/#primaryimage\"},\"thumbnailUrl\":\"https:\\\/\\\/emf-consult.com\\\/nettbutikk\\\/wp-content\\\/uploads\\\/2021\\\/02\\\/NA16-2P.jpeg\",\"datePublished\":\"2021-02-15T20:11:36+00:00\",\"dateModified\":\"2026-03-31T09:09:41+00:00\",\"breadcrumb\":{\"@id\":\"https:\\\/\\\/emf-consult.com\\\/nettbutikk\\\/produkt\\\/nettavkobler-na-16-2p-2-pol-for-it\\\/#breadcrumb\"},\"inLanguage\":\"nb-NO\",\"potentialAction\":[{\"@type\":\"ReadAction\",\"target\":[\"https:\\\/\\\/emf-consult.com\\\/nettbutikk\\\/produkt\\\/nettavkobler-na-16-2p-2-pol-for-it\\\/\"]}]},{\"@type\":\"ImageObject\",\"inLanguage\":\"nb-NO\",\"@id\":\"https:\\\/\\\/emf-consult.com\\\/nettbutikk\\\/produkt\\\/nettavkobler-na-16-2p-2-pol-for-it\\\/#primaryimage\",\"url\":\"https:\\\/\\\/emf-consult.com\\\/nettbutikk\\\/wp-content\\\/uploads\\\/2021\\\/02\\\/NA16-2P.jpeg\",\"contentUrl\":\"https:\\\/\\\/emf-consult.com\\\/nettbutikk\\\/wp-content\\\/uploads\\\/2021\\\/02\\\/NA16-2P.jpeg\",\"width\":720,\"height\":720},{\"@type\":\"BreadcrumbList\",\"@id\":\"https:\\\/\\\/emf-consult.com\\\/nettbutikk\\\/produkt\\\/nettavkobler-na-16-2p-2-pol-for-it\\\/#breadcrumb\",\"itemListElement\":[{\"@type\":\"ListItem\",\"position\":1,\"name\":\"Hjem\",\"item\":\"https:\\\/\\\/emf-consult.com\\\/nettbutikk\\\/\"},{\"@type\":\"ListItem\",\"position\":2,\"name\":\"Butikk\",\"item\":\"https:\\\/\\\/emf-consult.com\\\/nettbutikk\\\/butikk\\\/\"},{\"@type\":\"ListItem\",\"position\":3,\"name\":\"Nettavkobler NA 16-2P (2-pol for IT og TN)\"}]},{\"@type\":\"WebSite\",\"@id\":\"https:\\\/\\\/emf-consult.com\\\/nettbutikk\\\/#website\",\"url\":\"https:\\\/\\\/emf-consult.com\\\/nettbutikk\\\/\",\"name\":\"EMF Consult\",\"description\":\"Nettbutikk - Beskyttelse mot str\u00e5ling\",\"publisher\":{\"@id\":\"https:\\\/\\\/emf-consult.com\\\/nettbutikk\\\/#organization\"},\"potentialAction\":[{\"@type\":\"SearchAction\",\"target\":{\"@type\":\"EntryPoint\",\"urlTemplate\":\"https:\\\/\\\/emf-consult.com\\\/nettbutikk\\\/?s={search_term_string}\"},\"query-input\":{\"@type\":\"PropertyValueSpecification\",\"valueRequired\":true,\"valueName\":\"search_term_string\"}}],\"inLanguage\":\"nb-NO\"},{\"@type\":\"Organization\",\"@id\":\"https:\\\/\\\/emf-consult.com\\\/nettbutikk\\\/#organization\",\"name\":\"EMF Consult AS\",\"url\":\"https:\\\/\\\/emf-consult.com\\\/nettbutikk\\\/\",\"logo\":{\"@type\":\"ImageObject\",\"inLanguage\":\"nb-NO\",\"@id\":\"https:\\\/\\\/emf-consult.com\\\/nettbutikk\\\/#\\\/schema\\\/logo\\\/image\\\/\",\"url\":\"https:\\\/\\\/emf-consult.com\\\/nettbutikk\\\/wp-content\\\/uploads\\\/2022\\\/07\\\/cropped-Favikon-rod-e1658786300694.png\",\"contentUrl\":\"https:\\\/\\\/emf-consult.com\\\/nettbutikk\\\/wp-content\\\/uploads\\\/2022\\\/07\\\/cropped-Favikon-rod-e1658786300694.png\",\"width\":150,\"height\":150,\"caption\":\"EMF Consult AS\"},\"image\":{\"@id\":\"https:\\\/\\\/emf-consult.com\\\/nettbutikk\\\/#\\\/schema\\\/logo\\\/image\\\/\"},\"sameAs\":[\"https:\\\/\\\/www.facebook.com\\\/emfconsult\",\"https:\\\/\\\/www.linkedin.com\\\/company\\\/emf-consult\\\/\"]}]}<\/script>\n<!-- \/ Yoast SEO plugin. -->","yoast_head_json":{"title":"Nettavkobler NA 16-2P (2-pol for IT og TN) - EMF Consult","robots":{"index":"index","follow":"follow","max-snippet":"max-snippet:-1","max-image-preview":"max-image-preview:large","max-video-preview":"max-video-preview:-1"},"canonical":"https:\/\/emf-consult.com\/nettbutikk\/produkt\/nettavkobler-na-16-2p-2-pol-for-it\/","og_locale":"nb_NO","og_type":"article","og_title":"Nettavkobler NA 16-2P (2-pol for IT og TN) - EMF Consult","og_description":"Spesifikasjoner:  Automatisk AV\/P\u00c5 - 2 pol brudd Belastning: 16 A \/ 230 VAC\/5oHz Forbruk: &lt; 1,6W Brytereffekt: 3680 VA F\u00f8lsomhet: fra 6 \/ 1,5W (justerbar) Mulighet for \u00e5 sl\u00e5 av den automatiske nettavkoblerfunksjonen ved hjelp av touch sensor Forsinkelse: Utkobling ca. 5 sek, Innkobling ca. 0,1 sek Mekanisk levetid: 10.000.000 inn\/ut koblinger Elektrisk levetid (rel\u00e9): 100.000 inn\/ut koblinger med max last 16A Bryter frekvens: max 6 ganger per minutt med 1000VA resistent last Overv\u00e5kings spenning: 200V DC (rippel ca. 0,1VDC) Lengde\/Bredde\/H\u00f8yde: 90 x 17 x 60 mm H\u00f8yde p\u00e5 DIN skinne: TS55 mm Tetthet: IP20 Farge \/ Vekt: Lys gr\u00e5 \/ ca. 100g Sikkerhet: Sv\u00e6rt kortslutningssikker og overspenningsvern i henhold til IEC Godkjenning: CE merket  Leveres komplett med f\u00f8lgende utstyr: Automatisk nettavkobler, Indikatorlys til \u00e5 putte i stikkontakt, brukermanual\/prinsippskisser (Engelsk).  MERK: Denne enheten m\u00e5 utelukkende installeres av godkjent elektroinstallat\u00f8r!","og_url":"https:\/\/emf-consult.com\/nettbutikk\/produkt\/nettavkobler-na-16-2p-2-pol-for-it\/","og_site_name":"EMF Consult","article_publisher":"https:\/\/www.facebook.com\/emfconsult","article_modified_time":"2026-03-31T09:09:41+00:00","og_image":[{"width":720,"height":720,"url":"https:\/\/emf-consult.com\/nettbutikk\/wp-content\/uploads\/2021\/02\/NA16-2P.jpeg","type":"image\/jpeg"}],"twitter_card":"summary_large_image","twitter_misc":{"Ansl. lesetid":"2 minutter"},"schema":{"@context":"https:\/\/schema.org","@graph":[{"@type":"WebPage","@id":"https:\/\/emf-consult.com\/nettbutikk\/produkt\/nettavkobler-na-16-2p-2-pol-for-it\/","url":"https:\/\/emf-consult.com\/nettbutikk\/produkt\/nettavkobler-na-16-2p-2-pol-for-it\/","name":"Nettavkobler NA 16-2P (2-pol for IT og TN) - EMF Consult","isPartOf":{"@id":"https:\/\/emf-consult.com\/nettbutikk\/#website"},"primaryImageOfPage":{"@id":"https:\/\/emf-consult.com\/nettbutikk\/produkt\/nettavkobler-na-16-2p-2-pol-for-it\/#primaryimage"},"image":{"@id":"https:\/\/emf-consult.com\/nettbutikk\/produkt\/nettavkobler-na-16-2p-2-pol-for-it\/#primaryimage"},"thumbnailUrl":"https:\/\/emf-consult.com\/nettbutikk\/wp-content\/uploads\/2021\/02\/NA16-2P.jpeg","datePublished":"2021-02-15T20:11:36+00:00","dateModified":"2026-03-31T09:09:41+00:00","breadcrumb":{"@id":"https:\/\/emf-consult.com\/nettbutikk\/produkt\/nettavkobler-na-16-2p-2-pol-for-it\/#breadcrumb"},"inLanguage":"nb-NO","potentialAction":[{"@type":"ReadAction","target":["https:\/\/emf-consult.com\/nettbutikk\/produkt\/nettavkobler-na-16-2p-2-pol-for-it\/"]}]},{"@type":"ImageObject","inLanguage":"nb-NO","@id":"https:\/\/emf-consult.com\/nettbutikk\/produkt\/nettavkobler-na-16-2p-2-pol-for-it\/#primaryimage","url":"https:\/\/emf-consult.com\/nettbutikk\/wp-content\/uploads\/2021\/02\/NA16-2P.jpeg","contentUrl":"https:\/\/emf-consult.com\/nettbutikk\/wp-content\/uploads\/2021\/02\/NA16-2P.jpeg","width":720,"height":720},{"@type":"BreadcrumbList","@id":"https:\/\/emf-consult.com\/nettbutikk\/produkt\/nettavkobler-na-16-2p-2-pol-for-it\/#breadcrumb","itemListElement":[{"@type":"ListItem","position":1,"name":"Hjem","item":"https:\/\/emf-consult.com\/nettbutikk\/"},{"@type":"ListItem","position":2,"name":"Butikk","item":"https:\/\/emf-consult.com\/nettbutikk\/butikk\/"},{"@type":"ListItem","position":3,"name":"Nettavkobler NA 16-2P (2-pol for IT og TN)"}]},{"@type":"WebSite","@id":"https:\/\/emf-consult.com\/nettbutikk\/#website","url":"https:\/\/emf-consult.com\/nettbutikk\/","name":"EMF Consult","description":"Nettbutikk - Beskyttelse mot str\u00e5ling","publisher":{"@id":"https:\/\/emf-consult.com\/nettbutikk\/#organization"},"potentialAction":[{"@type":"SearchAction","target":{"@type":"EntryPoint","urlTemplate":"https:\/\/emf-consult.com\/nettbutikk\/?s={search_term_string}"},"query-input":{"@type":"PropertyValueSpecification","valueRequired":true,"valueName":"search_term_string"}}],"inLanguage":"nb-NO"},{"@type":"Organization","@id":"https:\/\/emf-consult.com\/nettbutikk\/#organization","name":"EMF Consult AS","url":"https:\/\/emf-consult.com\/nettbutikk\/","logo":{"@type":"ImageObject","inLanguage":"nb-NO","@id":"https:\/\/emf-consult.com\/nettbutikk\/#\/schema\/logo\/image\/","url":"https:\/\/emf-consult.com\/nettbutikk\/wp-content\/uploads\/2022\/07\/cropped-Favikon-rod-e1658786300694.png","contentUrl":"https:\/\/emf-consult.com\/nettbutikk\/wp-content\/uploads\/2022\/07\/cropped-Favikon-rod-e1658786300694.png","width":150,"height":150,"caption":"EMF Consult AS"},"image":{"@id":"https:\/\/emf-consult.com\/nettbutikk\/#\/schema\/logo\/image\/"},"sameAs":["https:\/\/www.facebook.com\/emfconsult","https:\/\/www.linkedin.com\/company\/emf-consult\/"]}]}},"_links":{"self":[{"href":"https:\/\/emf-consult.com\/nettbutikk\/wp-json\/wp\/v2\/product\/12873","targetHints":{"allow":["GET"]}}],"collection":[{"href":"https:\/\/emf-consult.com\/nettbutikk\/wp-json\/wp\/v2\/product"}],"about":[{"href":"https:\/\/emf-consult.com\/nettbutikk\/wp-json\/wp\/v2\/types\/product"}],"replies":[{"embeddable":true,"href":"https:\/\/emf-consult.com\/nettbutikk\/wp-json\/wp\/v2\/comments?post=12873"}],"wp:featuredmedia":[{"embeddable":true,"href":"https:\/\/emf-consult.com\/nettbutikk\/wp-json\/wp\/v2\/media\/17120"}],"wp:attachment":[{"href":"https:\/\/emf-consult.com\/nettbutikk\/wp-json\/wp\/v2\/media?parent=12873"}],"wp:term":[{"taxonomy":"product_brand","embeddable":true,"href":"https:\/\/emf-consult.com\/nettbutikk\/wp-json\/wp\/v2\/product_brand?post=12873"},{"taxonomy":"product_cat","embeddable":true,"href":"https:\/\/emf-consult.com\/nettbutikk\/wp-json\/wp\/v2\/product_cat?post=12873"},{"taxonomy":"product_tag","embeddable":true,"href":"https:\/\/emf-consult.com\/nettbutikk\/wp-json\/wp\/v2\/product_tag?post=12873"}],"curies":[{"name":"wp","href":"https:\/\/api.w.org\/{rel}","templated":true}]}}