{"id":12734,"date":"2021-01-23T22:17:48","date_gmt":"2021-01-23T22:17:48","guid":{"rendered":"https:\/\/emf-consult.com\/nettbutikk\/?post_type=product&#038;p=12734"},"modified":"2026-02-24T15:33:55","modified_gmt":"2026-02-24T14:33:55","slug":"h3-antenne-radiestesi","status":"publish","type":"product","link":"https:\/\/emf-consult.com\/nettbutikk\/produkt\/h3-antenne-radiestesi\/","title":{"rendered":"H3-antenne, Radiestesi"},"content":{"rendered":"<p>H3- antennen er en &#8220;Lecher&#8221;-antenne av meget god sveitsisk kvalitet, for bruk til p\u00e5visning av geopatiske stressoner (vann\u00e5rer, Hartmann- og Curry-soner, energetiske oppladnings- og utladingspunkt, forkastinger, osv.) og andre elektromagnetiske b\u00f8lger som kan p\u00e5virke kroppen. &#8211; H3-antennen er et allsidig testinstrument som benyttes bl.a. av byggbiologer for testing av diverse bioenergetiske aspekter knyttet til bolig og materialvalg, av r\u00f8rleggere for \u00e5 lokaliserer vannlekasjer og av br\u00f8nnborere for \u00e5 finne vann og teste dybde p\u00e5 vann\u00e5re\/reservoat, vanntrykk, vannkvalitet osv.<\/p>\n<p>Lecher-antennen er det viktigste vitenskapelige instrumentet som brukes til kvalitativ p\u00e5visning av subtile energifelt, og det prim\u00e6re verkt\u00f8yet som brukes innen radiestesi. H3-antennen er designet for \u00e5 m\u00e5le b\u00f8lgelengder og frekvens av elektromagnetiske b\u00f8lger n\u00f8yaktig. Antennen er spesielt kalibrert for organisk testing og har gjennomg\u00e5tt spesifikke modifikasjoner og tilpasninger som passer perfekt for medisinsk bruk og bioenergetisk analyse. Fordelen med en Lecher-antenne fremfor s\u00f8kevinkler er at det mentale aspektet er mindre avgj\u00f8rende for \u00e5 oppn\u00e5 gode resultater.<\/p>\n<p>Prinsippet antennen bygger p\u00e5 er etter den Tyske fysikeren, Ernst Lecher. Han oppdaget p\u00e5 1920-tallet prinsippet om resonans provosert av en ledningsn\u00f8kkel med en glidende shunt. Dette prinsippet b\u00e6rer navnet hans, &#8220;Lecher wire loop&#8221;.<\/p>\n<p>Hovedtrekkene med H3-antennen:<\/p>\n<ul>\n<li>En presisjonskalibrert skala for n\u00f8yaktig m\u00e5ling av h\u00f8yfrekvente b\u00f8lgelengder. Metrisk skala og kalibrert i samsvar med Reinhard Schneiders tester p\u00e5 Lecher-ledningssystemet.<\/li>\n<li>Justerbar slik at man enkelt kan stille inn p\u00e5 bestemte frekvenser\/b\u00f8lgelengder. Skyvbar glidebryter av plast med en vakker horisontal linje synlig over, en induktiv m\u00e5lebro som inneholder en gulltr\u00e5d i permanent kontakt med de vertikale stengene. &#8211; Materiale laget uten PVC for ikke \u00e5 forstyrre signalet som skal plukkes opp.<\/li>\n<li>\u00d8vre dreiebryter med tre-posisjoner for \u00e5 s\u00f8ke etter type I &#8220;Induktiv&#8221; (lukket), S &#8220;Halvleder&#8221; eller C &#8220;Kapasitiv&#8221; (\u00e5pen) felt. Forgylte kontaktflater som sikrer permanent kontakt.<\/li>\n<li>Nedre polaritetsbryter med tre posisjoner for \u00e5 bestemme str\u00f8mmen av energi i &#8220;H\u00f8yre eller Venstre polarisering&#8221; eller Unipolar. Fleksible bariummagneter som gir forskjellige polariteter. Forgylte kontaktflater som gir permanent kontakt.<\/li>\n<li>Funksjonaliteten p\u00e5 antennen kan utvides med tilbeh\u00f8r for \u00e5 detektere ultralyd og infralyd, infrar\u00f8dt lys og varme. Det finnes ogs\u00e5 ekstra tilbeh\u00f8r som kan hjelpe til med analyse av Yin- og Yang energier, samt nosode test.<\/li>\n<\/ul>\n<p>MERK: H3-antennen jobber i samspill med brukeren og krever at man bruker litt tid til \u00f8velse, og bli kjent med m\u00e5leteknikken, f\u00f8r man kan stole p\u00e5 sine resultater.<\/p>\n<p>Engelsk brukermanual: <a href=\"https:\/\/emf-consult.com\/nettbutikk\/wp-content\/uploads\/2021\/01\/H3-manual.pdf\" target=\"_blank\" rel=\"noopener\">H3-manual<\/a><\/p>\n","protected":false},"excerpt":{"rendered":"<p>&#8211; Material H3-antennen: Glassfiber (duroplast og keramisk komponent), gull, bariummagneter<\/p>\n<p>&#8211; L\u00e6rveske: svart okseskinn<\/p>\n<p>&#8211; Ytterm\u00e5l l\u00e6rveske: Lengde x bredde x h\u00f8yde = ca. 240 x 120 x 20 mm<\/p>\n<p>&#8211; Vekt: 150 gr.<\/p>\n<p>&nbsp;<\/p>\n","protected":false},"featured_media":12737,"comment_status":"closed","ping_status":"closed","template":"","meta":[],"product_brand":[],"product_cat":[53,93],"product_tag":[],"class_list":{"0":"post-12734","1":"product","2":"type-product","3":"status-publish","4":"has-post-thumbnail","6":"product_cat-nyheter","7":"product_cat-jordstraling","9":"first","10":"onbackorder","11":"taxable","12":"shipping-taxable","13":"purchasable","14":"product-type-simple"},"yoast_head":"<!-- This site is optimized with the Yoast SEO plugin v27.4 - https:\/\/yoast.com\/product\/yoast-seo-wordpress\/ -->\n<title>H3-antenne, Radiestesi - EMF Consult<\/title>\n<meta name=\"robots\" content=\"index, follow, max-snippet:-1, max-image-preview:large, max-video-preview:-1\" \/>\n<link rel=\"canonical\" href=\"https:\/\/emf-consult.com\/nettbutikk\/produkt\/h3-antenne-radiestesi\/\" \/>\n<meta property=\"og:locale\" content=\"nb_NO\" \/>\n<meta property=\"og:type\" content=\"article\" \/>\n<meta property=\"og:title\" content=\"H3-antenne, Radiestesi - EMF Consult\" \/>\n<meta property=\"og:description\" content=\"- Material H3-antennen: Glassfiber (duroplast og keramisk komponent), gull, bariummagneter  - L\u00e6rveske: svart okseskinn  - Ytterm\u00e5l l\u00e6rveske: Lengde x bredde x h\u00f8yde = ca. 240 x 120 x 20 mm  - Vekt: 150 gr.  &nbsp;\" \/>\n<meta property=\"og:url\" content=\"https:\/\/emf-consult.com\/nettbutikk\/produkt\/h3-antenne-radiestesi\/\" \/>\n<meta property=\"og:site_name\" content=\"EMF Consult\" \/>\n<meta property=\"article:publisher\" content=\"https:\/\/www.facebook.com\/emfconsult\" \/>\n<meta property=\"article:modified_time\" content=\"2026-02-24T14:33:55+00:00\" \/>\n<meta property=\"og:image\" content=\"https:\/\/emf-consult.com\/nettbutikk\/wp-content\/uploads\/2021\/01\/H3-antenne-ny.png\" \/>\n\t<meta property=\"og:image:width\" content=\"399\" \/>\n\t<meta property=\"og:image:height\" content=\"400\" \/>\n\t<meta property=\"og:image:type\" content=\"image\/png\" \/>\n<meta name=\"twitter:card\" content=\"summary_large_image\" \/>\n<meta name=\"twitter:label1\" content=\"Ansl. lesetid\" \/>\n\t<meta name=\"twitter:data1\" content=\"2 minutter\" \/>\n<script type=\"application\/ld+json\" class=\"yoast-schema-graph\">{\"@context\":\"https:\\\/\\\/schema.org\",\"@graph\":[{\"@type\":\"WebPage\",\"@id\":\"https:\\\/\\\/emf-consult.com\\\/nettbutikk\\\/produkt\\\/h3-antenne-radiestesi\\\/\",\"url\":\"https:\\\/\\\/emf-consult.com\\\/nettbutikk\\\/produkt\\\/h3-antenne-radiestesi\\\/\",\"name\":\"H3-antenne, Radiestesi - EMF Consult\",\"isPartOf\":{\"@id\":\"https:\\\/\\\/emf-consult.com\\\/nettbutikk\\\/#website\"},\"primaryImageOfPage\":{\"@id\":\"https:\\\/\\\/emf-consult.com\\\/nettbutikk\\\/produkt\\\/h3-antenne-radiestesi\\\/#primaryimage\"},\"image\":{\"@id\":\"https:\\\/\\\/emf-consult.com\\\/nettbutikk\\\/produkt\\\/h3-antenne-radiestesi\\\/#primaryimage\"},\"thumbnailUrl\":\"https:\\\/\\\/emf-consult.com\\\/nettbutikk\\\/wp-content\\\/uploads\\\/2021\\\/01\\\/H3-antenne-ny.png\",\"datePublished\":\"2021-01-23T22:17:48+00:00\",\"dateModified\":\"2026-02-24T14:33:55+00:00\",\"breadcrumb\":{\"@id\":\"https:\\\/\\\/emf-consult.com\\\/nettbutikk\\\/produkt\\\/h3-antenne-radiestesi\\\/#breadcrumb\"},\"inLanguage\":\"nb-NO\",\"potentialAction\":[{\"@type\":\"ReadAction\",\"target\":[\"https:\\\/\\\/emf-consult.com\\\/nettbutikk\\\/produkt\\\/h3-antenne-radiestesi\\\/\"]}]},{\"@type\":\"ImageObject\",\"inLanguage\":\"nb-NO\",\"@id\":\"https:\\\/\\\/emf-consult.com\\\/nettbutikk\\\/produkt\\\/h3-antenne-radiestesi\\\/#primaryimage\",\"url\":\"https:\\\/\\\/emf-consult.com\\\/nettbutikk\\\/wp-content\\\/uploads\\\/2021\\\/01\\\/H3-antenne-ny.png\",\"contentUrl\":\"https:\\\/\\\/emf-consult.com\\\/nettbutikk\\\/wp-content\\\/uploads\\\/2021\\\/01\\\/H3-antenne-ny.png\",\"width\":399,\"height\":400},{\"@type\":\"BreadcrumbList\",\"@id\":\"https:\\\/\\\/emf-consult.com\\\/nettbutikk\\\/produkt\\\/h3-antenne-radiestesi\\\/#breadcrumb\",\"itemListElement\":[{\"@type\":\"ListItem\",\"position\":1,\"name\":\"Hjem\",\"item\":\"https:\\\/\\\/emf-consult.com\\\/nettbutikk\\\/\"},{\"@type\":\"ListItem\",\"position\":2,\"name\":\"Butikk\",\"item\":\"https:\\\/\\\/emf-consult.com\\\/nettbutikk\\\/butikk\\\/\"},{\"@type\":\"ListItem\",\"position\":3,\"name\":\"H3-antenne, Radiestesi\"}]},{\"@type\":\"WebSite\",\"@id\":\"https:\\\/\\\/emf-consult.com\\\/nettbutikk\\\/#website\",\"url\":\"https:\\\/\\\/emf-consult.com\\\/nettbutikk\\\/\",\"name\":\"EMF Consult\",\"description\":\"Nettbutikk - Beskyttelse mot str\u00e5ling\",\"publisher\":{\"@id\":\"https:\\\/\\\/emf-consult.com\\\/nettbutikk\\\/#organization\"},\"potentialAction\":[{\"@type\":\"SearchAction\",\"target\":{\"@type\":\"EntryPoint\",\"urlTemplate\":\"https:\\\/\\\/emf-consult.com\\\/nettbutikk\\\/?s={search_term_string}\"},\"query-input\":{\"@type\":\"PropertyValueSpecification\",\"valueRequired\":true,\"valueName\":\"search_term_string\"}}],\"inLanguage\":\"nb-NO\"},{\"@type\":\"Organization\",\"@id\":\"https:\\\/\\\/emf-consult.com\\\/nettbutikk\\\/#organization\",\"name\":\"EMF Consult AS\",\"url\":\"https:\\\/\\\/emf-consult.com\\\/nettbutikk\\\/\",\"logo\":{\"@type\":\"ImageObject\",\"inLanguage\":\"nb-NO\",\"@id\":\"https:\\\/\\\/emf-consult.com\\\/nettbutikk\\\/#\\\/schema\\\/logo\\\/image\\\/\",\"url\":\"https:\\\/\\\/emf-consult.com\\\/nettbutikk\\\/wp-content\\\/uploads\\\/2022\\\/07\\\/cropped-Favikon-rod-e1658786300694.png\",\"contentUrl\":\"https:\\\/\\\/emf-consult.com\\\/nettbutikk\\\/wp-content\\\/uploads\\\/2022\\\/07\\\/cropped-Favikon-rod-e1658786300694.png\",\"width\":150,\"height\":150,\"caption\":\"EMF Consult AS\"},\"image\":{\"@id\":\"https:\\\/\\\/emf-consult.com\\\/nettbutikk\\\/#\\\/schema\\\/logo\\\/image\\\/\"},\"sameAs\":[\"https:\\\/\\\/www.facebook.com\\\/emfconsult\",\"https:\\\/\\\/www.linkedin.com\\\/company\\\/emf-consult\\\/\"]}]}<\/script>\n<!-- \/ Yoast SEO plugin. -->","yoast_head_json":{"title":"H3-antenne, Radiestesi - EMF Consult","robots":{"index":"index","follow":"follow","max-snippet":"max-snippet:-1","max-image-preview":"max-image-preview:large","max-video-preview":"max-video-preview:-1"},"canonical":"https:\/\/emf-consult.com\/nettbutikk\/produkt\/h3-antenne-radiestesi\/","og_locale":"nb_NO","og_type":"article","og_title":"H3-antenne, Radiestesi - EMF Consult","og_description":"- Material H3-antennen: Glassfiber (duroplast og keramisk komponent), gull, bariummagneter  - L\u00e6rveske: svart okseskinn  - Ytterm\u00e5l l\u00e6rveske: Lengde x bredde x h\u00f8yde = ca. 240 x 120 x 20 mm  - Vekt: 150 gr.  &nbsp;","og_url":"https:\/\/emf-consult.com\/nettbutikk\/produkt\/h3-antenne-radiestesi\/","og_site_name":"EMF Consult","article_publisher":"https:\/\/www.facebook.com\/emfconsult","article_modified_time":"2026-02-24T14:33:55+00:00","og_image":[{"width":399,"height":400,"url":"https:\/\/emf-consult.com\/nettbutikk\/wp-content\/uploads\/2021\/01\/H3-antenne-ny.png","type":"image\/png"}],"twitter_card":"summary_large_image","twitter_misc":{"Ansl. lesetid":"2 minutter"},"schema":{"@context":"https:\/\/schema.org","@graph":[{"@type":"WebPage","@id":"https:\/\/emf-consult.com\/nettbutikk\/produkt\/h3-antenne-radiestesi\/","url":"https:\/\/emf-consult.com\/nettbutikk\/produkt\/h3-antenne-radiestesi\/","name":"H3-antenne, Radiestesi - EMF Consult","isPartOf":{"@id":"https:\/\/emf-consult.com\/nettbutikk\/#website"},"primaryImageOfPage":{"@id":"https:\/\/emf-consult.com\/nettbutikk\/produkt\/h3-antenne-radiestesi\/#primaryimage"},"image":{"@id":"https:\/\/emf-consult.com\/nettbutikk\/produkt\/h3-antenne-radiestesi\/#primaryimage"},"thumbnailUrl":"https:\/\/emf-consult.com\/nettbutikk\/wp-content\/uploads\/2021\/01\/H3-antenne-ny.png","datePublished":"2021-01-23T22:17:48+00:00","dateModified":"2026-02-24T14:33:55+00:00","breadcrumb":{"@id":"https:\/\/emf-consult.com\/nettbutikk\/produkt\/h3-antenne-radiestesi\/#breadcrumb"},"inLanguage":"nb-NO","potentialAction":[{"@type":"ReadAction","target":["https:\/\/emf-consult.com\/nettbutikk\/produkt\/h3-antenne-radiestesi\/"]}]},{"@type":"ImageObject","inLanguage":"nb-NO","@id":"https:\/\/emf-consult.com\/nettbutikk\/produkt\/h3-antenne-radiestesi\/#primaryimage","url":"https:\/\/emf-consult.com\/nettbutikk\/wp-content\/uploads\/2021\/01\/H3-antenne-ny.png","contentUrl":"https:\/\/emf-consult.com\/nettbutikk\/wp-content\/uploads\/2021\/01\/H3-antenne-ny.png","width":399,"height":400},{"@type":"BreadcrumbList","@id":"https:\/\/emf-consult.com\/nettbutikk\/produkt\/h3-antenne-radiestesi\/#breadcrumb","itemListElement":[{"@type":"ListItem","position":1,"name":"Hjem","item":"https:\/\/emf-consult.com\/nettbutikk\/"},{"@type":"ListItem","position":2,"name":"Butikk","item":"https:\/\/emf-consult.com\/nettbutikk\/butikk\/"},{"@type":"ListItem","position":3,"name":"H3-antenne, Radiestesi"}]},{"@type":"WebSite","@id":"https:\/\/emf-consult.com\/nettbutikk\/#website","url":"https:\/\/emf-consult.com\/nettbutikk\/","name":"EMF Consult","description":"Nettbutikk - Beskyttelse mot str\u00e5ling","publisher":{"@id":"https:\/\/emf-consult.com\/nettbutikk\/#organization"},"potentialAction":[{"@type":"SearchAction","target":{"@type":"EntryPoint","urlTemplate":"https:\/\/emf-consult.com\/nettbutikk\/?s={search_term_string}"},"query-input":{"@type":"PropertyValueSpecification","valueRequired":true,"valueName":"search_term_string"}}],"inLanguage":"nb-NO"},{"@type":"Organization","@id":"https:\/\/emf-consult.com\/nettbutikk\/#organization","name":"EMF Consult AS","url":"https:\/\/emf-consult.com\/nettbutikk\/","logo":{"@type":"ImageObject","inLanguage":"nb-NO","@id":"https:\/\/emf-consult.com\/nettbutikk\/#\/schema\/logo\/image\/","url":"https:\/\/emf-consult.com\/nettbutikk\/wp-content\/uploads\/2022\/07\/cropped-Favikon-rod-e1658786300694.png","contentUrl":"https:\/\/emf-consult.com\/nettbutikk\/wp-content\/uploads\/2022\/07\/cropped-Favikon-rod-e1658786300694.png","width":150,"height":150,"caption":"EMF Consult AS"},"image":{"@id":"https:\/\/emf-consult.com\/nettbutikk\/#\/schema\/logo\/image\/"},"sameAs":["https:\/\/www.facebook.com\/emfconsult","https:\/\/www.linkedin.com\/company\/emf-consult\/"]}]}},"_links":{"self":[{"href":"https:\/\/emf-consult.com\/nettbutikk\/wp-json\/wp\/v2\/product\/12734","targetHints":{"allow":["GET"]}}],"collection":[{"href":"https:\/\/emf-consult.com\/nettbutikk\/wp-json\/wp\/v2\/product"}],"about":[{"href":"https:\/\/emf-consult.com\/nettbutikk\/wp-json\/wp\/v2\/types\/product"}],"replies":[{"embeddable":true,"href":"https:\/\/emf-consult.com\/nettbutikk\/wp-json\/wp\/v2\/comments?post=12734"}],"wp:featuredmedia":[{"embeddable":true,"href":"https:\/\/emf-consult.com\/nettbutikk\/wp-json\/wp\/v2\/media\/12737"}],"wp:attachment":[{"href":"https:\/\/emf-consult.com\/nettbutikk\/wp-json\/wp\/v2\/media?parent=12734"}],"wp:term":[{"taxonomy":"product_brand","embeddable":true,"href":"https:\/\/emf-consult.com\/nettbutikk\/wp-json\/wp\/v2\/product_brand?post=12734"},{"taxonomy":"product_cat","embeddable":true,"href":"https:\/\/emf-consult.com\/nettbutikk\/wp-json\/wp\/v2\/product_cat?post=12734"},{"taxonomy":"product_tag","embeddable":true,"href":"https:\/\/emf-consult.com\/nettbutikk\/wp-json\/wp\/v2\/product_tag?post=12734"}],"curies":[{"name":"wp","href":"https:\/\/api.w.org\/{rel}","templated":true}]}}