{"id":12706,"date":"2021-01-15T07:42:43","date_gmt":"2021-01-15T07:42:43","guid":{"rendered":"https:\/\/emf-consult.com\/nettbutikk\/?post_type=product&#038;p=12706"},"modified":"2026-04-17T19:27:22","modified_gmt":"2026-04-17T17:27:22","slug":"emf-beskyttende-hansker-hf-beroringsskjerm-kompatibel","status":"publish","type":"product","link":"https:\/\/emf-consult.com\/nettbutikk\/produkt\/emf-beskyttende-hansker-hf-beroringsskjerm-kompatibel\/","title":{"rendered":"EMF beskyttende hansker (HF), ber\u00f8ringsskjerm kompatibel"},"content":{"rendered":"<p>Hold hendene dine beskyttet mot tr\u00e5dl\u00f8s str\u00e5ling mens du bruker ber\u00f8ringsskjermenheter med DefenderShield\u00ae EMF str\u00e5lingsbeskyttende hansker, som er i stand til \u00e5 blokkere opptil 99% av tr\u00e5dl\u00f8s HF-str\u00e5ling i frekvensomr\u00e5det 300Hz-10GHz.<\/p>\n<p>Perfekt for: Bruk med alle tr\u00e5dl\u00f8se enheter med ber\u00f8ringsskjerm, b\u00e6rbare datamaskiner, mobiltelefoner, nettbrett og tr\u00e5dl\u00f8se tastaturer; redusere symptomer p\u00e5 elektromagnetisk overf\u00f8lsomhet (kriblende \/ brennende hender)<\/p>\n<p><strong>Alle funksjoner:<\/strong><\/p>\n<ul>\n<li>Avansert skjerming vevd inn i hanskene blokkerer opptil 99% av tr\u00e5dl\u00f8s EMF-str\u00e5ling (300Hz-10GHz) fra hendene dine<\/li>\n<li>Ber\u00f8ringsskjerm kompatibel<\/li>\n<li>Elastisk bomull \/ spandex og s\u00f8lvfiberblanding passer til de fleste hender<\/li>\n<li>Antimikrobiell, anti-lukt og antistatisk<\/li>\n<li>Kan brukes med b\u00e6rbare datamaskiner, mobiltelefoner, nettbrett, tastaturer eller andre elektroniske enheter<\/li>\n<\/ul>\n<p>Hanskene er ber\u00f8ringsskjermkompatible for \u00e5 sikre full funksjonalitet p\u00e5 enheten din. Men , ber\u00f8rings ID og fingeravtrykkskannerteknologi vil ikke fungere ikke n\u00e5r du bruker DefenderShield-hanskene.<\/p>\n<p>(Selges i par)<\/p>\n","protected":false},"excerpt":{"rendered":"<p>Materialer:<br \/>\nBomull\/Spandex og s\u00f8lvfibre, stretch.<br \/>\nDemper 30 dB\/99%<\/p>\n<p>Tilgjengelige farger:<br \/>\nLys gr\u00e5<\/p>\n<p>St\u00f8rrelser:<br \/>\nOne Size<\/p>\n<p>Renhold:<br \/>\nM\u00e5 ikke\u00a0t\u00f8rrenses. Maskinvask kun ved 30\u00b0C. Bruk bare\u00a0<a href=\"\/nettbutikk\/produkt\/texcare-vaskepulver-1kg\/\" data-slimstat=\"5\">godkjent vaskepulver<\/a>. (Andre vaskemidler kan ha en alvorlig effekt p\u00e5 skjermniv\u00e5et). Ikke h\u00e5ndvask. Ikke t\u00f8rk i t\u00f8rketrommel. Drypp t\u00f8rr. Stryke p\u00e5 LAV varme. M\u00e5 ikke blekes.igjengelige<\/p>\n","protected":false},"featured_media":12712,"comment_status":"open","ping_status":"closed","template":"","meta":[],"product_brand":[],"product_cat":[50],"product_tag":[],"class_list":{"0":"post-12706","1":"product","2":"type-product","3":"status-publish","4":"has-post-thumbnail","6":"product_cat-bekledning-klaer","7":"pa_storrelse-extra-stor-xl","8":"pa_storrelse-medium-m","9":"pa_storrelse-stor-l","11":"first","12":"instock","13":"taxable","14":"shipping-taxable","15":"purchasable","16":"product-type-simple"},"yoast_head":"<!-- This site is optimized with the Yoast SEO plugin v27.4 - https:\/\/yoast.com\/product\/yoast-seo-wordpress\/ -->\n<title>EMF beskyttende hansker (HF), ber\u00f8ringsskjerm kompatibel - EMF Consult<\/title>\n<meta name=\"robots\" content=\"index, follow, max-snippet:-1, max-image-preview:large, max-video-preview:-1\" \/>\n<link rel=\"canonical\" href=\"https:\/\/emf-consult.com\/nettbutikk\/produkt\/emf-beskyttende-hansker-hf-beroringsskjerm-kompatibel\/\" \/>\n<meta property=\"og:locale\" content=\"nb_NO\" \/>\n<meta property=\"og:type\" content=\"article\" \/>\n<meta property=\"og:title\" content=\"EMF beskyttende hansker (HF), ber\u00f8ringsskjerm kompatibel - EMF Consult\" \/>\n<meta property=\"og:description\" content=\"Materialer: Bomull\/Spandex og s\u00f8lvfibre, stretch. Demper 30 dB\/99%  Tilgjengelige farger: Lys gr\u00e5  St\u00f8rrelser: One Size  Renhold: M\u00e5 ikke\u00a0t\u00f8rrenses. Maskinvask kun ved 30\u00b0C. Bruk bare\u00a0godkjent vaskepulver. (Andre vaskemidler kan ha en alvorlig effekt p\u00e5 skjermniv\u00e5et). Ikke h\u00e5ndvask. Ikke t\u00f8rk i t\u00f8rketrommel. Drypp t\u00f8rr. Stryke p\u00e5 LAV varme. M\u00e5 ikke blekes.igjengelige\" \/>\n<meta property=\"og:url\" content=\"https:\/\/emf-consult.com\/nettbutikk\/produkt\/emf-beskyttende-hansker-hf-beroringsskjerm-kompatibel\/\" \/>\n<meta property=\"og:site_name\" content=\"EMF Consult\" \/>\n<meta property=\"article:publisher\" content=\"https:\/\/www.facebook.com\/emfconsult\" \/>\n<meta property=\"article:modified_time\" content=\"2026-04-17T17:27:22+00:00\" \/>\n<meta property=\"og:image\" content=\"https:\/\/emf-consult.com\/nettbutikk\/wp-content\/uploads\/2021\/01\/Hansker-3.png\" \/>\n\t<meta property=\"og:image:width\" content=\"400\" \/>\n\t<meta property=\"og:image:height\" content=\"399\" \/>\n\t<meta property=\"og:image:type\" content=\"image\/png\" \/>\n<meta name=\"twitter:card\" content=\"summary_large_image\" \/>\n<meta name=\"twitter:label1\" content=\"Ansl. lesetid\" \/>\n\t<meta name=\"twitter:data1\" content=\"1 minutt\" \/>\n<script type=\"application\/ld+json\" class=\"yoast-schema-graph\">{\"@context\":\"https:\\\/\\\/schema.org\",\"@graph\":[{\"@type\":\"WebPage\",\"@id\":\"https:\\\/\\\/emf-consult.com\\\/nettbutikk\\\/produkt\\\/emf-beskyttende-hansker-hf-beroringsskjerm-kompatibel\\\/\",\"url\":\"https:\\\/\\\/emf-consult.com\\\/nettbutikk\\\/produkt\\\/emf-beskyttende-hansker-hf-beroringsskjerm-kompatibel\\\/\",\"name\":\"EMF beskyttende hansker (HF), ber\u00f8ringsskjerm kompatibel - EMF Consult\",\"isPartOf\":{\"@id\":\"https:\\\/\\\/emf-consult.com\\\/nettbutikk\\\/#website\"},\"primaryImageOfPage\":{\"@id\":\"https:\\\/\\\/emf-consult.com\\\/nettbutikk\\\/produkt\\\/emf-beskyttende-hansker-hf-beroringsskjerm-kompatibel\\\/#primaryimage\"},\"image\":{\"@id\":\"https:\\\/\\\/emf-consult.com\\\/nettbutikk\\\/produkt\\\/emf-beskyttende-hansker-hf-beroringsskjerm-kompatibel\\\/#primaryimage\"},\"thumbnailUrl\":\"https:\\\/\\\/emf-consult.com\\\/nettbutikk\\\/wp-content\\\/uploads\\\/2021\\\/01\\\/Hansker-3.png\",\"datePublished\":\"2021-01-15T07:42:43+00:00\",\"dateModified\":\"2026-04-17T17:27:22+00:00\",\"breadcrumb\":{\"@id\":\"https:\\\/\\\/emf-consult.com\\\/nettbutikk\\\/produkt\\\/emf-beskyttende-hansker-hf-beroringsskjerm-kompatibel\\\/#breadcrumb\"},\"inLanguage\":\"nb-NO\",\"potentialAction\":[{\"@type\":\"ReadAction\",\"target\":[\"https:\\\/\\\/emf-consult.com\\\/nettbutikk\\\/produkt\\\/emf-beskyttende-hansker-hf-beroringsskjerm-kompatibel\\\/\"]}]},{\"@type\":\"ImageObject\",\"inLanguage\":\"nb-NO\",\"@id\":\"https:\\\/\\\/emf-consult.com\\\/nettbutikk\\\/produkt\\\/emf-beskyttende-hansker-hf-beroringsskjerm-kompatibel\\\/#primaryimage\",\"url\":\"https:\\\/\\\/emf-consult.com\\\/nettbutikk\\\/wp-content\\\/uploads\\\/2021\\\/01\\\/Hansker-3.png\",\"contentUrl\":\"https:\\\/\\\/emf-consult.com\\\/nettbutikk\\\/wp-content\\\/uploads\\\/2021\\\/01\\\/Hansker-3.png\",\"width\":400,\"height\":399},{\"@type\":\"BreadcrumbList\",\"@id\":\"https:\\\/\\\/emf-consult.com\\\/nettbutikk\\\/produkt\\\/emf-beskyttende-hansker-hf-beroringsskjerm-kompatibel\\\/#breadcrumb\",\"itemListElement\":[{\"@type\":\"ListItem\",\"position\":1,\"name\":\"Hjem\",\"item\":\"https:\\\/\\\/emf-consult.com\\\/nettbutikk\\\/\"},{\"@type\":\"ListItem\",\"position\":2,\"name\":\"Butikk\",\"item\":\"https:\\\/\\\/emf-consult.com\\\/nettbutikk\\\/butikk\\\/\"},{\"@type\":\"ListItem\",\"position\":3,\"name\":\"EMF beskyttende hansker (HF), ber\u00f8ringsskjerm kompatibel\"}]},{\"@type\":\"WebSite\",\"@id\":\"https:\\\/\\\/emf-consult.com\\\/nettbutikk\\\/#website\",\"url\":\"https:\\\/\\\/emf-consult.com\\\/nettbutikk\\\/\",\"name\":\"EMF Consult\",\"description\":\"Nettbutikk - Beskyttelse mot str\u00e5ling\",\"publisher\":{\"@id\":\"https:\\\/\\\/emf-consult.com\\\/nettbutikk\\\/#organization\"},\"potentialAction\":[{\"@type\":\"SearchAction\",\"target\":{\"@type\":\"EntryPoint\",\"urlTemplate\":\"https:\\\/\\\/emf-consult.com\\\/nettbutikk\\\/?s={search_term_string}\"},\"query-input\":{\"@type\":\"PropertyValueSpecification\",\"valueRequired\":true,\"valueName\":\"search_term_string\"}}],\"inLanguage\":\"nb-NO\"},{\"@type\":\"Organization\",\"@id\":\"https:\\\/\\\/emf-consult.com\\\/nettbutikk\\\/#organization\",\"name\":\"EMF Consult AS\",\"url\":\"https:\\\/\\\/emf-consult.com\\\/nettbutikk\\\/\",\"logo\":{\"@type\":\"ImageObject\",\"inLanguage\":\"nb-NO\",\"@id\":\"https:\\\/\\\/emf-consult.com\\\/nettbutikk\\\/#\\\/schema\\\/logo\\\/image\\\/\",\"url\":\"https:\\\/\\\/emf-consult.com\\\/nettbutikk\\\/wp-content\\\/uploads\\\/2022\\\/07\\\/cropped-Favikon-rod-e1658786300694.png\",\"contentUrl\":\"https:\\\/\\\/emf-consult.com\\\/nettbutikk\\\/wp-content\\\/uploads\\\/2022\\\/07\\\/cropped-Favikon-rod-e1658786300694.png\",\"width\":150,\"height\":150,\"caption\":\"EMF Consult AS\"},\"image\":{\"@id\":\"https:\\\/\\\/emf-consult.com\\\/nettbutikk\\\/#\\\/schema\\\/logo\\\/image\\\/\"},\"sameAs\":[\"https:\\\/\\\/www.facebook.com\\\/emfconsult\",\"https:\\\/\\\/www.linkedin.com\\\/company\\\/emf-consult\\\/\"]}]}<\/script>\n<!-- \/ Yoast SEO plugin. -->","yoast_head_json":{"title":"EMF beskyttende hansker (HF), ber\u00f8ringsskjerm kompatibel - EMF Consult","robots":{"index":"index","follow":"follow","max-snippet":"max-snippet:-1","max-image-preview":"max-image-preview:large","max-video-preview":"max-video-preview:-1"},"canonical":"https:\/\/emf-consult.com\/nettbutikk\/produkt\/emf-beskyttende-hansker-hf-beroringsskjerm-kompatibel\/","og_locale":"nb_NO","og_type":"article","og_title":"EMF beskyttende hansker (HF), ber\u00f8ringsskjerm kompatibel - EMF Consult","og_description":"Materialer: Bomull\/Spandex og s\u00f8lvfibre, stretch. Demper 30 dB\/99%  Tilgjengelige farger: Lys gr\u00e5  St\u00f8rrelser: One Size  Renhold: M\u00e5 ikke\u00a0t\u00f8rrenses. Maskinvask kun ved 30\u00b0C. Bruk bare\u00a0godkjent vaskepulver. (Andre vaskemidler kan ha en alvorlig effekt p\u00e5 skjermniv\u00e5et). Ikke h\u00e5ndvask. Ikke t\u00f8rk i t\u00f8rketrommel. Drypp t\u00f8rr. Stryke p\u00e5 LAV varme. M\u00e5 ikke blekes.igjengelige","og_url":"https:\/\/emf-consult.com\/nettbutikk\/produkt\/emf-beskyttende-hansker-hf-beroringsskjerm-kompatibel\/","og_site_name":"EMF Consult","article_publisher":"https:\/\/www.facebook.com\/emfconsult","article_modified_time":"2026-04-17T17:27:22+00:00","og_image":[{"width":400,"height":399,"url":"https:\/\/emf-consult.com\/nettbutikk\/wp-content\/uploads\/2021\/01\/Hansker-3.png","type":"image\/png"}],"twitter_card":"summary_large_image","twitter_misc":{"Ansl. lesetid":"1 minutt"},"schema":{"@context":"https:\/\/schema.org","@graph":[{"@type":"WebPage","@id":"https:\/\/emf-consult.com\/nettbutikk\/produkt\/emf-beskyttende-hansker-hf-beroringsskjerm-kompatibel\/","url":"https:\/\/emf-consult.com\/nettbutikk\/produkt\/emf-beskyttende-hansker-hf-beroringsskjerm-kompatibel\/","name":"EMF beskyttende hansker (HF), ber\u00f8ringsskjerm kompatibel - EMF Consult","isPartOf":{"@id":"https:\/\/emf-consult.com\/nettbutikk\/#website"},"primaryImageOfPage":{"@id":"https:\/\/emf-consult.com\/nettbutikk\/produkt\/emf-beskyttende-hansker-hf-beroringsskjerm-kompatibel\/#primaryimage"},"image":{"@id":"https:\/\/emf-consult.com\/nettbutikk\/produkt\/emf-beskyttende-hansker-hf-beroringsskjerm-kompatibel\/#primaryimage"},"thumbnailUrl":"https:\/\/emf-consult.com\/nettbutikk\/wp-content\/uploads\/2021\/01\/Hansker-3.png","datePublished":"2021-01-15T07:42:43+00:00","dateModified":"2026-04-17T17:27:22+00:00","breadcrumb":{"@id":"https:\/\/emf-consult.com\/nettbutikk\/produkt\/emf-beskyttende-hansker-hf-beroringsskjerm-kompatibel\/#breadcrumb"},"inLanguage":"nb-NO","potentialAction":[{"@type":"ReadAction","target":["https:\/\/emf-consult.com\/nettbutikk\/produkt\/emf-beskyttende-hansker-hf-beroringsskjerm-kompatibel\/"]}]},{"@type":"ImageObject","inLanguage":"nb-NO","@id":"https:\/\/emf-consult.com\/nettbutikk\/produkt\/emf-beskyttende-hansker-hf-beroringsskjerm-kompatibel\/#primaryimage","url":"https:\/\/emf-consult.com\/nettbutikk\/wp-content\/uploads\/2021\/01\/Hansker-3.png","contentUrl":"https:\/\/emf-consult.com\/nettbutikk\/wp-content\/uploads\/2021\/01\/Hansker-3.png","width":400,"height":399},{"@type":"BreadcrumbList","@id":"https:\/\/emf-consult.com\/nettbutikk\/produkt\/emf-beskyttende-hansker-hf-beroringsskjerm-kompatibel\/#breadcrumb","itemListElement":[{"@type":"ListItem","position":1,"name":"Hjem","item":"https:\/\/emf-consult.com\/nettbutikk\/"},{"@type":"ListItem","position":2,"name":"Butikk","item":"https:\/\/emf-consult.com\/nettbutikk\/butikk\/"},{"@type":"ListItem","position":3,"name":"EMF beskyttende hansker (HF), ber\u00f8ringsskjerm kompatibel"}]},{"@type":"WebSite","@id":"https:\/\/emf-consult.com\/nettbutikk\/#website","url":"https:\/\/emf-consult.com\/nettbutikk\/","name":"EMF Consult","description":"Nettbutikk - Beskyttelse mot str\u00e5ling","publisher":{"@id":"https:\/\/emf-consult.com\/nettbutikk\/#organization"},"potentialAction":[{"@type":"SearchAction","target":{"@type":"EntryPoint","urlTemplate":"https:\/\/emf-consult.com\/nettbutikk\/?s={search_term_string}"},"query-input":{"@type":"PropertyValueSpecification","valueRequired":true,"valueName":"search_term_string"}}],"inLanguage":"nb-NO"},{"@type":"Organization","@id":"https:\/\/emf-consult.com\/nettbutikk\/#organization","name":"EMF Consult AS","url":"https:\/\/emf-consult.com\/nettbutikk\/","logo":{"@type":"ImageObject","inLanguage":"nb-NO","@id":"https:\/\/emf-consult.com\/nettbutikk\/#\/schema\/logo\/image\/","url":"https:\/\/emf-consult.com\/nettbutikk\/wp-content\/uploads\/2022\/07\/cropped-Favikon-rod-e1658786300694.png","contentUrl":"https:\/\/emf-consult.com\/nettbutikk\/wp-content\/uploads\/2022\/07\/cropped-Favikon-rod-e1658786300694.png","width":150,"height":150,"caption":"EMF Consult AS"},"image":{"@id":"https:\/\/emf-consult.com\/nettbutikk\/#\/schema\/logo\/image\/"},"sameAs":["https:\/\/www.facebook.com\/emfconsult","https:\/\/www.linkedin.com\/company\/emf-consult\/"]}]}},"_links":{"self":[{"href":"https:\/\/emf-consult.com\/nettbutikk\/wp-json\/wp\/v2\/product\/12706","targetHints":{"allow":["GET"]}}],"collection":[{"href":"https:\/\/emf-consult.com\/nettbutikk\/wp-json\/wp\/v2\/product"}],"about":[{"href":"https:\/\/emf-consult.com\/nettbutikk\/wp-json\/wp\/v2\/types\/product"}],"replies":[{"embeddable":true,"href":"https:\/\/emf-consult.com\/nettbutikk\/wp-json\/wp\/v2\/comments?post=12706"}],"wp:featuredmedia":[{"embeddable":true,"href":"https:\/\/emf-consult.com\/nettbutikk\/wp-json\/wp\/v2\/media\/12712"}],"wp:attachment":[{"href":"https:\/\/emf-consult.com\/nettbutikk\/wp-json\/wp\/v2\/media?parent=12706"}],"wp:term":[{"taxonomy":"product_brand","embeddable":true,"href":"https:\/\/emf-consult.com\/nettbutikk\/wp-json\/wp\/v2\/product_brand?post=12706"},{"taxonomy":"product_cat","embeddable":true,"href":"https:\/\/emf-consult.com\/nettbutikk\/wp-json\/wp\/v2\/product_cat?post=12706"},{"taxonomy":"product_tag","embeddable":true,"href":"https:\/\/emf-consult.com\/nettbutikk\/wp-json\/wp\/v2\/product_tag?post=12706"}],"curies":[{"name":"wp","href":"https:\/\/api.w.org\/{rel}","templated":true}]}}