{"id":12644,"date":"2020-12-22T09:44:07","date_gmt":"2020-12-22T09:44:07","guid":{"rendered":"https:\/\/emf-consult.com\/nettbutikk\/?post_type=product&#038;p=12644"},"modified":"2020-12-22T10:37:29","modified_gmt":"2020-12-22T10:37:29","slug":"emf-undersokelse-av-bolig","status":"publish","type":"product","link":"https:\/\/emf-consult.com\/nettbutikk\/produkt\/emf-undersokelse-av-bolig\/","title":{"rendered":"EMF-unders\u00f8kelse av bolig"},"content":{"rendered":"<p>V\u00e5r prim\u00e6re anbefaling, f\u00f8r du starter med en EMF-sanering, er \u00e5 foreta en EMF-unders\u00f8kelse av boligen, enten selv eller sammen med en av v\u00e5re EMF-konsulenter.<\/p>\n<p>En EMF-unders\u00f8kelse av bolig best\u00e5r i \u00e5 analysere niv\u00e5et av elektromagnetiske felt og str\u00e5ling, fra b\u00e5de interne og eksterne kilder. Etter en grundig analyse av det totale bildet vi vil deretter diskutere m\u00e5ter \u00e5 avb\u00f8te problemene p\u00e5.<\/p>\n<p>Vi utf\u00f8rer EMF-unders\u00f8kelser via v\u00e5re <a href=\"https:\/\/emf-consult.com\/om-oss\/finn-din-naermeste-maletekniker\/\" target=\"_blank\" rel=\"noopener noreferrer\">EMF-konsulenter<\/a> i deler av Norge, sjekk ut om det er en EMF-konsulent n\u00e6r der du bor. Dersom du bor uforholdsmessig langt fra en av v\u00e5re konsulenter kan vi tilby en \u00ab<a href=\"https:\/\/emf-consult.com\/nettbutikk\/produkt\/virtuell-emf-undersokelse\/\">Virtuell\u00bb EMF-unders\u00f8kelse<\/a>.<\/p>\n<p>En EMF- konsultasjon av bolig varer vanligvis mellom 2-2 \u00bd time, inkludert en grundig muntlig gjennomgang av m\u00e5leresultater og r\u00e5dgivning om eventuelle EMF reduserende tiltak. Reiseutgifter kommer i tillegg.<\/p>\n<p><strong>Be om et uforpliktende pristilbud.<\/strong><br \/>\nSend oss en adresse for hvor du \u00f8nsker \u00e5 f\u00e5 utf\u00f8rt m\u00e5ling, sammen med en liten beskrivelse av m\u00e5leobjektet, s\u00e5 sender vi deg et skriftlig prisoverslag, inkludert reiseutgifter, og en mer detaljert beskrivelse av hva som er involvert i EMF-unders\u00f8kelsen.<\/p>\n<p>For ytterligere informasjon, kontakt oss p\u00e5 <a href=\"mailto:info@emf-consult.no\">info@emf-consult.no<\/a> eller ring 32 87 94 05<\/p>\n","protected":false},"excerpt":{"rendered":"<p>V\u00e5r prim\u00e6re anbefaling, f\u00f8r du starter med en EMF-sanering, er \u00e5 foreta en EMF-unders\u00f8kelse av boligen, enten selv eller sammen<\/p>\n","protected":false},"featured_media":12648,"comment_status":"open","ping_status":"closed","template":"","meta":[],"product_brand":[],"product_cat":[92],"product_tag":[],"class_list":{"0":"post-12644","1":"product","2":"type-product","3":"status-publish","4":"has-post-thumbnail","6":"product_cat-emf-konsultasjon","8":"first","9":"instock","10":"taxable","11":"shipping-taxable","12":"product-type-simple"},"yoast_head":"<!-- This site is optimized with the Yoast SEO plugin v27.4 - https:\/\/yoast.com\/product\/yoast-seo-wordpress\/ -->\n<title>EMF-unders\u00f8kelse av bolig - EMF Consult<\/title>\n<meta name=\"robots\" content=\"index, follow, max-snippet:-1, max-image-preview:large, max-video-preview:-1\" \/>\n<link rel=\"canonical\" href=\"https:\/\/emf-consult.com\/nettbutikk\/produkt\/emf-undersokelse-av-bolig\/\" \/>\n<meta property=\"og:locale\" content=\"nb_NO\" \/>\n<meta property=\"og:type\" content=\"article\" \/>\n<meta property=\"og:title\" content=\"EMF-unders\u00f8kelse av bolig - EMF Consult\" \/>\n<meta property=\"og:description\" content=\"V\u00e5r prim\u00e6re anbefaling, f\u00f8r du starter med en EMF-sanering, er \u00e5 foreta en EMF-unders\u00f8kelse av boligen, enten selv eller sammen\" \/>\n<meta property=\"og:url\" content=\"https:\/\/emf-consult.com\/nettbutikk\/produkt\/emf-undersokelse-av-bolig\/\" \/>\n<meta property=\"og:site_name\" content=\"EMF Consult\" \/>\n<meta property=\"article:publisher\" content=\"https:\/\/www.facebook.com\/emfconsult\" \/>\n<meta property=\"article:modified_time\" content=\"2020-12-22T10:37:29+00:00\" \/>\n<meta property=\"og:image\" content=\"https:\/\/emf-consult.com\/nettbutikk\/wp-content\/uploads\/2020\/12\/Hoyspent-barkaker-400x400-1.jpg\" \/>\n\t<meta property=\"og:image:width\" content=\"368\" \/>\n\t<meta property=\"og:image:height\" content=\"368\" \/>\n\t<meta property=\"og:image:type\" content=\"image\/jpeg\" \/>\n<meta name=\"twitter:card\" content=\"summary_large_image\" \/>\n<meta name=\"twitter:label1\" content=\"Ansl. lesetid\" \/>\n\t<meta name=\"twitter:data1\" content=\"1 minutt\" \/>\n<script type=\"application\/ld+json\" class=\"yoast-schema-graph\">{\"@context\":\"https:\\\/\\\/schema.org\",\"@graph\":[{\"@type\":\"WebPage\",\"@id\":\"https:\\\/\\\/emf-consult.com\\\/nettbutikk\\\/produkt\\\/emf-undersokelse-av-bolig\\\/\",\"url\":\"https:\\\/\\\/emf-consult.com\\\/nettbutikk\\\/produkt\\\/emf-undersokelse-av-bolig\\\/\",\"name\":\"EMF-unders\u00f8kelse av bolig - EMF Consult\",\"isPartOf\":{\"@id\":\"https:\\\/\\\/emf-consult.com\\\/nettbutikk\\\/#website\"},\"primaryImageOfPage\":{\"@id\":\"https:\\\/\\\/emf-consult.com\\\/nettbutikk\\\/produkt\\\/emf-undersokelse-av-bolig\\\/#primaryimage\"},\"image\":{\"@id\":\"https:\\\/\\\/emf-consult.com\\\/nettbutikk\\\/produkt\\\/emf-undersokelse-av-bolig\\\/#primaryimage\"},\"thumbnailUrl\":\"https:\\\/\\\/emf-consult.com\\\/nettbutikk\\\/wp-content\\\/uploads\\\/2020\\\/12\\\/Hoyspent-barkaker-400x400-1.jpg\",\"datePublished\":\"2020-12-22T09:44:07+00:00\",\"dateModified\":\"2020-12-22T10:37:29+00:00\",\"breadcrumb\":{\"@id\":\"https:\\\/\\\/emf-consult.com\\\/nettbutikk\\\/produkt\\\/emf-undersokelse-av-bolig\\\/#breadcrumb\"},\"inLanguage\":\"nb-NO\",\"potentialAction\":[{\"@type\":\"ReadAction\",\"target\":[\"https:\\\/\\\/emf-consult.com\\\/nettbutikk\\\/produkt\\\/emf-undersokelse-av-bolig\\\/\"]}]},{\"@type\":\"ImageObject\",\"inLanguage\":\"nb-NO\",\"@id\":\"https:\\\/\\\/emf-consult.com\\\/nettbutikk\\\/produkt\\\/emf-undersokelse-av-bolig\\\/#primaryimage\",\"url\":\"https:\\\/\\\/emf-consult.com\\\/nettbutikk\\\/wp-content\\\/uploads\\\/2020\\\/12\\\/Hoyspent-barkaker-400x400-1.jpg\",\"contentUrl\":\"https:\\\/\\\/emf-consult.com\\\/nettbutikk\\\/wp-content\\\/uploads\\\/2020\\\/12\\\/Hoyspent-barkaker-400x400-1.jpg\",\"width\":368,\"height\":368,\"caption\":\"Jording i boligen H\u00f8yspent bark\u00e5ker\"},{\"@type\":\"BreadcrumbList\",\"@id\":\"https:\\\/\\\/emf-consult.com\\\/nettbutikk\\\/produkt\\\/emf-undersokelse-av-bolig\\\/#breadcrumb\",\"itemListElement\":[{\"@type\":\"ListItem\",\"position\":1,\"name\":\"Hjem\",\"item\":\"https:\\\/\\\/emf-consult.com\\\/nettbutikk\\\/\"},{\"@type\":\"ListItem\",\"position\":2,\"name\":\"Butikk\",\"item\":\"https:\\\/\\\/emf-consult.com\\\/nettbutikk\\\/butikk\\\/\"},{\"@type\":\"ListItem\",\"position\":3,\"name\":\"EMF-unders\u00f8kelse av bolig\"}]},{\"@type\":\"WebSite\",\"@id\":\"https:\\\/\\\/emf-consult.com\\\/nettbutikk\\\/#website\",\"url\":\"https:\\\/\\\/emf-consult.com\\\/nettbutikk\\\/\",\"name\":\"EMF Consult\",\"description\":\"Nettbutikk - Beskyttelse mot str\u00e5ling\",\"publisher\":{\"@id\":\"https:\\\/\\\/emf-consult.com\\\/nettbutikk\\\/#organization\"},\"potentialAction\":[{\"@type\":\"SearchAction\",\"target\":{\"@type\":\"EntryPoint\",\"urlTemplate\":\"https:\\\/\\\/emf-consult.com\\\/nettbutikk\\\/?s={search_term_string}\"},\"query-input\":{\"@type\":\"PropertyValueSpecification\",\"valueRequired\":true,\"valueName\":\"search_term_string\"}}],\"inLanguage\":\"nb-NO\"},{\"@type\":\"Organization\",\"@id\":\"https:\\\/\\\/emf-consult.com\\\/nettbutikk\\\/#organization\",\"name\":\"EMF Consult AS\",\"url\":\"https:\\\/\\\/emf-consult.com\\\/nettbutikk\\\/\",\"logo\":{\"@type\":\"ImageObject\",\"inLanguage\":\"nb-NO\",\"@id\":\"https:\\\/\\\/emf-consult.com\\\/nettbutikk\\\/#\\\/schema\\\/logo\\\/image\\\/\",\"url\":\"https:\\\/\\\/emf-consult.com\\\/nettbutikk\\\/wp-content\\\/uploads\\\/2022\\\/07\\\/cropped-Favikon-rod-e1658786300694.png\",\"contentUrl\":\"https:\\\/\\\/emf-consult.com\\\/nettbutikk\\\/wp-content\\\/uploads\\\/2022\\\/07\\\/cropped-Favikon-rod-e1658786300694.png\",\"width\":150,\"height\":150,\"caption\":\"EMF Consult AS\"},\"image\":{\"@id\":\"https:\\\/\\\/emf-consult.com\\\/nettbutikk\\\/#\\\/schema\\\/logo\\\/image\\\/\"},\"sameAs\":[\"https:\\\/\\\/www.facebook.com\\\/emfconsult\",\"https:\\\/\\\/www.linkedin.com\\\/company\\\/emf-consult\\\/\"]}]}<\/script>\n<!-- \/ Yoast SEO plugin. -->","yoast_head_json":{"title":"EMF-unders\u00f8kelse av bolig - EMF Consult","robots":{"index":"index","follow":"follow","max-snippet":"max-snippet:-1","max-image-preview":"max-image-preview:large","max-video-preview":"max-video-preview:-1"},"canonical":"https:\/\/emf-consult.com\/nettbutikk\/produkt\/emf-undersokelse-av-bolig\/","og_locale":"nb_NO","og_type":"article","og_title":"EMF-unders\u00f8kelse av bolig - EMF Consult","og_description":"V\u00e5r prim\u00e6re anbefaling, f\u00f8r du starter med en EMF-sanering, er \u00e5 foreta en EMF-unders\u00f8kelse av boligen, enten selv eller sammen","og_url":"https:\/\/emf-consult.com\/nettbutikk\/produkt\/emf-undersokelse-av-bolig\/","og_site_name":"EMF Consult","article_publisher":"https:\/\/www.facebook.com\/emfconsult","article_modified_time":"2020-12-22T10:37:29+00:00","og_image":[{"width":368,"height":368,"url":"https:\/\/emf-consult.com\/nettbutikk\/wp-content\/uploads\/2020\/12\/Hoyspent-barkaker-400x400-1.jpg","type":"image\/jpeg"}],"twitter_card":"summary_large_image","twitter_misc":{"Ansl. lesetid":"1 minutt"},"schema":{"@context":"https:\/\/schema.org","@graph":[{"@type":"WebPage","@id":"https:\/\/emf-consult.com\/nettbutikk\/produkt\/emf-undersokelse-av-bolig\/","url":"https:\/\/emf-consult.com\/nettbutikk\/produkt\/emf-undersokelse-av-bolig\/","name":"EMF-unders\u00f8kelse av bolig - EMF Consult","isPartOf":{"@id":"https:\/\/emf-consult.com\/nettbutikk\/#website"},"primaryImageOfPage":{"@id":"https:\/\/emf-consult.com\/nettbutikk\/produkt\/emf-undersokelse-av-bolig\/#primaryimage"},"image":{"@id":"https:\/\/emf-consult.com\/nettbutikk\/produkt\/emf-undersokelse-av-bolig\/#primaryimage"},"thumbnailUrl":"https:\/\/emf-consult.com\/nettbutikk\/wp-content\/uploads\/2020\/12\/Hoyspent-barkaker-400x400-1.jpg","datePublished":"2020-12-22T09:44:07+00:00","dateModified":"2020-12-22T10:37:29+00:00","breadcrumb":{"@id":"https:\/\/emf-consult.com\/nettbutikk\/produkt\/emf-undersokelse-av-bolig\/#breadcrumb"},"inLanguage":"nb-NO","potentialAction":[{"@type":"ReadAction","target":["https:\/\/emf-consult.com\/nettbutikk\/produkt\/emf-undersokelse-av-bolig\/"]}]},{"@type":"ImageObject","inLanguage":"nb-NO","@id":"https:\/\/emf-consult.com\/nettbutikk\/produkt\/emf-undersokelse-av-bolig\/#primaryimage","url":"https:\/\/emf-consult.com\/nettbutikk\/wp-content\/uploads\/2020\/12\/Hoyspent-barkaker-400x400-1.jpg","contentUrl":"https:\/\/emf-consult.com\/nettbutikk\/wp-content\/uploads\/2020\/12\/Hoyspent-barkaker-400x400-1.jpg","width":368,"height":368,"caption":"Jording i boligen H\u00f8yspent bark\u00e5ker"},{"@type":"BreadcrumbList","@id":"https:\/\/emf-consult.com\/nettbutikk\/produkt\/emf-undersokelse-av-bolig\/#breadcrumb","itemListElement":[{"@type":"ListItem","position":1,"name":"Hjem","item":"https:\/\/emf-consult.com\/nettbutikk\/"},{"@type":"ListItem","position":2,"name":"Butikk","item":"https:\/\/emf-consult.com\/nettbutikk\/butikk\/"},{"@type":"ListItem","position":3,"name":"EMF-unders\u00f8kelse av bolig"}]},{"@type":"WebSite","@id":"https:\/\/emf-consult.com\/nettbutikk\/#website","url":"https:\/\/emf-consult.com\/nettbutikk\/","name":"EMF Consult","description":"Nettbutikk - Beskyttelse mot str\u00e5ling","publisher":{"@id":"https:\/\/emf-consult.com\/nettbutikk\/#organization"},"potentialAction":[{"@type":"SearchAction","target":{"@type":"EntryPoint","urlTemplate":"https:\/\/emf-consult.com\/nettbutikk\/?s={search_term_string}"},"query-input":{"@type":"PropertyValueSpecification","valueRequired":true,"valueName":"search_term_string"}}],"inLanguage":"nb-NO"},{"@type":"Organization","@id":"https:\/\/emf-consult.com\/nettbutikk\/#organization","name":"EMF Consult AS","url":"https:\/\/emf-consult.com\/nettbutikk\/","logo":{"@type":"ImageObject","inLanguage":"nb-NO","@id":"https:\/\/emf-consult.com\/nettbutikk\/#\/schema\/logo\/image\/","url":"https:\/\/emf-consult.com\/nettbutikk\/wp-content\/uploads\/2022\/07\/cropped-Favikon-rod-e1658786300694.png","contentUrl":"https:\/\/emf-consult.com\/nettbutikk\/wp-content\/uploads\/2022\/07\/cropped-Favikon-rod-e1658786300694.png","width":150,"height":150,"caption":"EMF Consult AS"},"image":{"@id":"https:\/\/emf-consult.com\/nettbutikk\/#\/schema\/logo\/image\/"},"sameAs":["https:\/\/www.facebook.com\/emfconsult","https:\/\/www.linkedin.com\/company\/emf-consult\/"]}]}},"_links":{"self":[{"href":"https:\/\/emf-consult.com\/nettbutikk\/wp-json\/wp\/v2\/product\/12644","targetHints":{"allow":["GET"]}}],"collection":[{"href":"https:\/\/emf-consult.com\/nettbutikk\/wp-json\/wp\/v2\/product"}],"about":[{"href":"https:\/\/emf-consult.com\/nettbutikk\/wp-json\/wp\/v2\/types\/product"}],"replies":[{"embeddable":true,"href":"https:\/\/emf-consult.com\/nettbutikk\/wp-json\/wp\/v2\/comments?post=12644"}],"wp:featuredmedia":[{"embeddable":true,"href":"https:\/\/emf-consult.com\/nettbutikk\/wp-json\/wp\/v2\/media\/12648"}],"wp:attachment":[{"href":"https:\/\/emf-consult.com\/nettbutikk\/wp-json\/wp\/v2\/media?parent=12644"}],"wp:term":[{"taxonomy":"product_brand","embeddable":true,"href":"https:\/\/emf-consult.com\/nettbutikk\/wp-json\/wp\/v2\/product_brand?post=12644"},{"taxonomy":"product_cat","embeddable":true,"href":"https:\/\/emf-consult.com\/nettbutikk\/wp-json\/wp\/v2\/product_cat?post=12644"},{"taxonomy":"product_tag","embeddable":true,"href":"https:\/\/emf-consult.com\/nettbutikk\/wp-json\/wp\/v2\/product_tag?post=12644"}],"curies":[{"name":"wp","href":"https:\/\/api.w.org\/{rel}","templated":true}]}}