{"id":12559,"date":"2020-12-08T08:22:00","date_gmt":"2020-12-08T07:22:00","guid":{"rendered":"https:\/\/emf-consult.com\/nettbutikk\/?post_type=product&#038;p=12559"},"modified":"2024-03-11T16:39:05","modified_gmt":"2024-03-11T15:39:05","slug":"radiolink-relekort-med-no-nc-utgang","status":"publish","type":"product","link":"https:\/\/emf-consult.com\/nettbutikk\/produkt\/radiolink-relekort-med-no-nc-utgang\/","title":{"rendered":"RadioLink relekort med NO\/NC utgang"},"content":{"rendered":"<p>Ei413, relekort med NO NC utgang for Ei Electronics RadioLink r\u00f8yk- og varmevarslere<\/p>\n<h4>Slik fungerer den<\/h4>\n<p>Ei413 relekort gir deg et grensesnitt mellom dine r\u00f8yk- og varmedetekktorer fra Ei Electronics og et eksternt smarthus eller brannalarmsystem. Ei413 huskodes enkelt sammen med dine r\u00f8yk- og varmevarslere fra Ei Electronics. Relekortet krever en 11-30VDC tilf\u00f8rsel som normalt tas fra ditt eksterne system.<\/p>\n<p>Ei413 dekoder &#8220;Brann&#8221;, &#8220;CO&#8221; og &#8220;Feilt&#8221; signaler fra RadioLINK-enheter og aktiverer utgangsrel\u00e9er.<br \/>\nRel\u00e9-utgangene kobles videre til inngangsterminaler p\u00e5 ditt alarmpanel.<\/p>\n<p>NO-spenningsfri kontaktinngang og\/eller likspenningsinngang, fra eksternt alarmsystem, vil n\u00e5r aktivert resultere i at Ei413 sender en tr\u00e5dl\u00f8s brannalarm signal som vil utl\u00f8se alle alarmene i RadioLINK-systemet. Disse inngangene blir betjent av enten av et brannalarmsignal eller et testalarmsignal fra panelet.<\/p>\n<div class=\"youtube\"><\/div>\n","protected":false},"excerpt":{"rendered":"<table class=\"info\" width=\"100%\" cellspacing=\"0\">\n<tbody>\n<tr id=\"sku\" class=\"even\">\n<td class=\"key\">Artikkelnummer<\/td>\n<td class=\"value\">EI413<\/td>\n<\/tr>\n<tr class=\"odd\">\n<td class=\"key\">Produsent<\/td>\n<td class=\"value\">Ei Electronics (Irland)<\/td>\n<\/tr>\n<tr class=\"even\">\n<td class=\"key\">Garanti<\/td>\n<td class=\"value\">2 \u00e5r<\/td>\n<\/tr>\n<tr class=\"odd\">\n<td class=\"key\">Frekvens<\/td>\n<td class=\"value\">868 Mhz<\/td>\n<\/tr>\n<tr class=\"even\">\n<td class=\"key\">Str\u00f8mforsyning<\/td>\n<td class=\"value\">11-30VDC tilf\u00f8rsel som normalt tas fra ditt eksterne system<\/td>\n<\/tr>\n<tr class=\"odd\">\n<td class=\"key\">Produksjon<\/td>\n<td class=\"value\">ISO 9001:2000 sertifisert<\/td>\n<\/tr>\n<tr class=\"even\">\n<td class=\"key\">Godkjenning<\/td>\n<td class=\"value\">EN 14604<\/td>\n<\/tr>\n<tr class=\"odd\">\n<td class=\"key\">Lydstyrke<\/td>\n<td class=\"value\">85 dB ved 3 m.<\/td>\n<\/tr>\n<tr class=\"even\">\n<td class=\"key\">Dimensjon (mm)<\/td>\n<td class=\"value\">88mm x 88mm x 42mm<\/td>\n<\/tr>\n<tr class=\"odd\">\n<td class=\"key\">Vekt<\/td>\n<td class=\"value\">190 gr.<\/td>\n<\/tr>\n<tr class=\"even\">\n<td class=\"key\">Alarm indikator<\/td>\n<td class=\"value\">R\u00f8dt lys for Brann (marked)<br \/>\nR\u00f8dt lys for CO (marked)<\/td>\n<\/tr>\n<tr class=\"odd\">\n<td class=\"key\">Alarmutganger<\/td>\n<td class=\"value\">Fire Alarm Relay (NO\/NC)<br \/>\nCO Alarm Relay (NO\/NC)<br \/>\nFault Alarm Relay (NO\/NC)<\/td>\n<\/tr>\n<tr class=\"even\">\n<td class=\"key\">Dokumentasjon (PDF)<\/td>\n<td class=\"value\"><a class=\"small-pdf\" href=\"https:\/\/www.sikkerheten-selv.no\/content\/uploads\/2019\/12\/ei413-datablad-engelsk.pdf\" target=\"_blank\" rel=\"noopener noreferrer\">Vis tilh\u00f8rende dokument<\/a><\/td>\n<\/tr>\n<\/tbody>\n<\/table>\n","protected":false},"featured_media":12565,"comment_status":"open","ping_status":"closed","template":"","meta":[],"product_brand":[],"product_cat":[87],"product_tag":[],"class_list":{"0":"post-12559","1":"product","2":"type-product","3":"status-publish","4":"has-post-thumbnail","6":"product_cat-roykvarsler-brannalarm","8":"first","9":"instock","10":"taxable","11":"shipping-taxable","12":"purchasable","13":"product-type-simple"},"yoast_head":"<!-- This site is optimized with the Yoast SEO plugin v27.4 - https:\/\/yoast.com\/product\/yoast-seo-wordpress\/ -->\n<title>RadioLink relekort med NO\/NC utgang - EMF Consult<\/title>\n<meta name=\"robots\" content=\"index, follow, max-snippet:-1, max-image-preview:large, max-video-preview:-1\" \/>\n<link rel=\"canonical\" href=\"https:\/\/emf-consult.com\/nettbutikk\/produkt\/radiolink-relekort-med-no-nc-utgang\/\" \/>\n<meta property=\"og:locale\" content=\"nb_NO\" \/>\n<meta property=\"og:type\" content=\"article\" \/>\n<meta property=\"og:title\" content=\"RadioLink relekort med NO\/NC utgang - EMF Consult\" \/>\n<meta property=\"og:description\" content=\"Artikkelnummer EI413   Produsent Ei Electronics (Irland)   Garanti 2 \u00e5r   Frekvens 868 Mhz   Str\u00f8mforsyning 11-30VDC tilf\u00f8rsel som normalt tas fra ditt eksterne system   Produksjon ISO 9001:2000 sertifisert   Godkjenning EN 14604   Lydstyrke 85 dB ved 3 m.   Dimensjon (mm) 88mm x 88mm x 42mm   Vekt 190 gr.   Alarm indikator R\u00f8dt lys for Brann (marked) R\u00f8dt lys for CO (marked)   Alarmutganger Fire Alarm Relay (NO\/NC) CO Alarm Relay (NO\/NC) Fault Alarm Relay (NO\/NC)   Dokumentasjon (PDF) Vis tilh\u00f8rende dokument\" \/>\n<meta property=\"og:url\" content=\"https:\/\/emf-consult.com\/nettbutikk\/produkt\/radiolink-relekort-med-no-nc-utgang\/\" \/>\n<meta property=\"og:site_name\" content=\"EMF Consult\" \/>\n<meta property=\"article:publisher\" content=\"https:\/\/www.facebook.com\/emfconsult\" \/>\n<meta property=\"article:modified_time\" content=\"2024-03-11T15:39:05+00:00\" \/>\n<meta property=\"og:image\" content=\"https:\/\/emf-consult.com\/nettbutikk\/wp-content\/uploads\/2020\/12\/2020-12-08_09h59_27.png\" \/>\n\t<meta property=\"og:image:width\" content=\"400\" \/>\n\t<meta property=\"og:image:height\" content=\"450\" \/>\n\t<meta property=\"og:image:type\" content=\"image\/png\" \/>\n<meta name=\"twitter:card\" content=\"summary_large_image\" \/>\n<meta name=\"twitter:label1\" content=\"Ansl. lesetid\" \/>\n\t<meta name=\"twitter:data1\" content=\"1 minutt\" \/>\n<script type=\"application\/ld+json\" class=\"yoast-schema-graph\">{\"@context\":\"https:\\\/\\\/schema.org\",\"@graph\":[{\"@type\":\"WebPage\",\"@id\":\"https:\\\/\\\/emf-consult.com\\\/nettbutikk\\\/produkt\\\/radiolink-relekort-med-no-nc-utgang\\\/\",\"url\":\"https:\\\/\\\/emf-consult.com\\\/nettbutikk\\\/produkt\\\/radiolink-relekort-med-no-nc-utgang\\\/\",\"name\":\"RadioLink relekort med NO\\\/NC utgang - EMF Consult\",\"isPartOf\":{\"@id\":\"https:\\\/\\\/emf-consult.com\\\/nettbutikk\\\/#website\"},\"primaryImageOfPage\":{\"@id\":\"https:\\\/\\\/emf-consult.com\\\/nettbutikk\\\/produkt\\\/radiolink-relekort-med-no-nc-utgang\\\/#primaryimage\"},\"image\":{\"@id\":\"https:\\\/\\\/emf-consult.com\\\/nettbutikk\\\/produkt\\\/radiolink-relekort-med-no-nc-utgang\\\/#primaryimage\"},\"thumbnailUrl\":\"https:\\\/\\\/emf-consult.com\\\/nettbutikk\\\/wp-content\\\/uploads\\\/2020\\\/12\\\/2020-12-08_09h59_27.png\",\"datePublished\":\"2020-12-08T07:22:00+00:00\",\"dateModified\":\"2024-03-11T15:39:05+00:00\",\"breadcrumb\":{\"@id\":\"https:\\\/\\\/emf-consult.com\\\/nettbutikk\\\/produkt\\\/radiolink-relekort-med-no-nc-utgang\\\/#breadcrumb\"},\"inLanguage\":\"nb-NO\",\"potentialAction\":[{\"@type\":\"ReadAction\",\"target\":[\"https:\\\/\\\/emf-consult.com\\\/nettbutikk\\\/produkt\\\/radiolink-relekort-med-no-nc-utgang\\\/\"]}]},{\"@type\":\"ImageObject\",\"inLanguage\":\"nb-NO\",\"@id\":\"https:\\\/\\\/emf-consult.com\\\/nettbutikk\\\/produkt\\\/radiolink-relekort-med-no-nc-utgang\\\/#primaryimage\",\"url\":\"https:\\\/\\\/emf-consult.com\\\/nettbutikk\\\/wp-content\\\/uploads\\\/2020\\\/12\\\/2020-12-08_09h59_27.png\",\"contentUrl\":\"https:\\\/\\\/emf-consult.com\\\/nettbutikk\\\/wp-content\\\/uploads\\\/2020\\\/12\\\/2020-12-08_09h59_27.png\",\"width\":400,\"height\":450},{\"@type\":\"BreadcrumbList\",\"@id\":\"https:\\\/\\\/emf-consult.com\\\/nettbutikk\\\/produkt\\\/radiolink-relekort-med-no-nc-utgang\\\/#breadcrumb\",\"itemListElement\":[{\"@type\":\"ListItem\",\"position\":1,\"name\":\"Hjem\",\"item\":\"https:\\\/\\\/emf-consult.com\\\/nettbutikk\\\/\"},{\"@type\":\"ListItem\",\"position\":2,\"name\":\"Butikk\",\"item\":\"https:\\\/\\\/emf-consult.com\\\/nettbutikk\\\/butikk\\\/\"},{\"@type\":\"ListItem\",\"position\":3,\"name\":\"RadioLink relekort med NO\\\/NC utgang\"}]},{\"@type\":\"WebSite\",\"@id\":\"https:\\\/\\\/emf-consult.com\\\/nettbutikk\\\/#website\",\"url\":\"https:\\\/\\\/emf-consult.com\\\/nettbutikk\\\/\",\"name\":\"EMF Consult\",\"description\":\"Nettbutikk - Beskyttelse mot str\u00e5ling\",\"publisher\":{\"@id\":\"https:\\\/\\\/emf-consult.com\\\/nettbutikk\\\/#organization\"},\"potentialAction\":[{\"@type\":\"SearchAction\",\"target\":{\"@type\":\"EntryPoint\",\"urlTemplate\":\"https:\\\/\\\/emf-consult.com\\\/nettbutikk\\\/?s={search_term_string}\"},\"query-input\":{\"@type\":\"PropertyValueSpecification\",\"valueRequired\":true,\"valueName\":\"search_term_string\"}}],\"inLanguage\":\"nb-NO\"},{\"@type\":\"Organization\",\"@id\":\"https:\\\/\\\/emf-consult.com\\\/nettbutikk\\\/#organization\",\"name\":\"EMF Consult AS\",\"url\":\"https:\\\/\\\/emf-consult.com\\\/nettbutikk\\\/\",\"logo\":{\"@type\":\"ImageObject\",\"inLanguage\":\"nb-NO\",\"@id\":\"https:\\\/\\\/emf-consult.com\\\/nettbutikk\\\/#\\\/schema\\\/logo\\\/image\\\/\",\"url\":\"https:\\\/\\\/emf-consult.com\\\/nettbutikk\\\/wp-content\\\/uploads\\\/2022\\\/07\\\/cropped-Favikon-rod-e1658786300694.png\",\"contentUrl\":\"https:\\\/\\\/emf-consult.com\\\/nettbutikk\\\/wp-content\\\/uploads\\\/2022\\\/07\\\/cropped-Favikon-rod-e1658786300694.png\",\"width\":150,\"height\":150,\"caption\":\"EMF Consult AS\"},\"image\":{\"@id\":\"https:\\\/\\\/emf-consult.com\\\/nettbutikk\\\/#\\\/schema\\\/logo\\\/image\\\/\"},\"sameAs\":[\"https:\\\/\\\/www.facebook.com\\\/emfconsult\",\"https:\\\/\\\/www.linkedin.com\\\/company\\\/emf-consult\\\/\"]}]}<\/script>\n<!-- \/ Yoast SEO plugin. -->","yoast_head_json":{"title":"RadioLink relekort med NO\/NC utgang - EMF Consult","robots":{"index":"index","follow":"follow","max-snippet":"max-snippet:-1","max-image-preview":"max-image-preview:large","max-video-preview":"max-video-preview:-1"},"canonical":"https:\/\/emf-consult.com\/nettbutikk\/produkt\/radiolink-relekort-med-no-nc-utgang\/","og_locale":"nb_NO","og_type":"article","og_title":"RadioLink relekort med NO\/NC utgang - EMF Consult","og_description":"Artikkelnummer EI413   Produsent Ei Electronics (Irland)   Garanti 2 \u00e5r   Frekvens 868 Mhz   Str\u00f8mforsyning 11-30VDC tilf\u00f8rsel som normalt tas fra ditt eksterne system   Produksjon ISO 9001:2000 sertifisert   Godkjenning EN 14604   Lydstyrke 85 dB ved 3 m.   Dimensjon (mm) 88mm x 88mm x 42mm   Vekt 190 gr.   Alarm indikator R\u00f8dt lys for Brann (marked) R\u00f8dt lys for CO (marked)   Alarmutganger Fire Alarm Relay (NO\/NC) CO Alarm Relay (NO\/NC) Fault Alarm Relay (NO\/NC)   Dokumentasjon (PDF) Vis tilh\u00f8rende dokument","og_url":"https:\/\/emf-consult.com\/nettbutikk\/produkt\/radiolink-relekort-med-no-nc-utgang\/","og_site_name":"EMF Consult","article_publisher":"https:\/\/www.facebook.com\/emfconsult","article_modified_time":"2024-03-11T15:39:05+00:00","og_image":[{"width":400,"height":450,"url":"https:\/\/emf-consult.com\/nettbutikk\/wp-content\/uploads\/2020\/12\/2020-12-08_09h59_27.png","type":"image\/png"}],"twitter_card":"summary_large_image","twitter_misc":{"Ansl. lesetid":"1 minutt"},"schema":{"@context":"https:\/\/schema.org","@graph":[{"@type":"WebPage","@id":"https:\/\/emf-consult.com\/nettbutikk\/produkt\/radiolink-relekort-med-no-nc-utgang\/","url":"https:\/\/emf-consult.com\/nettbutikk\/produkt\/radiolink-relekort-med-no-nc-utgang\/","name":"RadioLink relekort med NO\/NC utgang - EMF Consult","isPartOf":{"@id":"https:\/\/emf-consult.com\/nettbutikk\/#website"},"primaryImageOfPage":{"@id":"https:\/\/emf-consult.com\/nettbutikk\/produkt\/radiolink-relekort-med-no-nc-utgang\/#primaryimage"},"image":{"@id":"https:\/\/emf-consult.com\/nettbutikk\/produkt\/radiolink-relekort-med-no-nc-utgang\/#primaryimage"},"thumbnailUrl":"https:\/\/emf-consult.com\/nettbutikk\/wp-content\/uploads\/2020\/12\/2020-12-08_09h59_27.png","datePublished":"2020-12-08T07:22:00+00:00","dateModified":"2024-03-11T15:39:05+00:00","breadcrumb":{"@id":"https:\/\/emf-consult.com\/nettbutikk\/produkt\/radiolink-relekort-med-no-nc-utgang\/#breadcrumb"},"inLanguage":"nb-NO","potentialAction":[{"@type":"ReadAction","target":["https:\/\/emf-consult.com\/nettbutikk\/produkt\/radiolink-relekort-med-no-nc-utgang\/"]}]},{"@type":"ImageObject","inLanguage":"nb-NO","@id":"https:\/\/emf-consult.com\/nettbutikk\/produkt\/radiolink-relekort-med-no-nc-utgang\/#primaryimage","url":"https:\/\/emf-consult.com\/nettbutikk\/wp-content\/uploads\/2020\/12\/2020-12-08_09h59_27.png","contentUrl":"https:\/\/emf-consult.com\/nettbutikk\/wp-content\/uploads\/2020\/12\/2020-12-08_09h59_27.png","width":400,"height":450},{"@type":"BreadcrumbList","@id":"https:\/\/emf-consult.com\/nettbutikk\/produkt\/radiolink-relekort-med-no-nc-utgang\/#breadcrumb","itemListElement":[{"@type":"ListItem","position":1,"name":"Hjem","item":"https:\/\/emf-consult.com\/nettbutikk\/"},{"@type":"ListItem","position":2,"name":"Butikk","item":"https:\/\/emf-consult.com\/nettbutikk\/butikk\/"},{"@type":"ListItem","position":3,"name":"RadioLink relekort med NO\/NC utgang"}]},{"@type":"WebSite","@id":"https:\/\/emf-consult.com\/nettbutikk\/#website","url":"https:\/\/emf-consult.com\/nettbutikk\/","name":"EMF Consult","description":"Nettbutikk - Beskyttelse mot str\u00e5ling","publisher":{"@id":"https:\/\/emf-consult.com\/nettbutikk\/#organization"},"potentialAction":[{"@type":"SearchAction","target":{"@type":"EntryPoint","urlTemplate":"https:\/\/emf-consult.com\/nettbutikk\/?s={search_term_string}"},"query-input":{"@type":"PropertyValueSpecification","valueRequired":true,"valueName":"search_term_string"}}],"inLanguage":"nb-NO"},{"@type":"Organization","@id":"https:\/\/emf-consult.com\/nettbutikk\/#organization","name":"EMF Consult AS","url":"https:\/\/emf-consult.com\/nettbutikk\/","logo":{"@type":"ImageObject","inLanguage":"nb-NO","@id":"https:\/\/emf-consult.com\/nettbutikk\/#\/schema\/logo\/image\/","url":"https:\/\/emf-consult.com\/nettbutikk\/wp-content\/uploads\/2022\/07\/cropped-Favikon-rod-e1658786300694.png","contentUrl":"https:\/\/emf-consult.com\/nettbutikk\/wp-content\/uploads\/2022\/07\/cropped-Favikon-rod-e1658786300694.png","width":150,"height":150,"caption":"EMF Consult AS"},"image":{"@id":"https:\/\/emf-consult.com\/nettbutikk\/#\/schema\/logo\/image\/"},"sameAs":["https:\/\/www.facebook.com\/emfconsult","https:\/\/www.linkedin.com\/company\/emf-consult\/"]}]}},"_links":{"self":[{"href":"https:\/\/emf-consult.com\/nettbutikk\/wp-json\/wp\/v2\/product\/12559","targetHints":{"allow":["GET"]}}],"collection":[{"href":"https:\/\/emf-consult.com\/nettbutikk\/wp-json\/wp\/v2\/product"}],"about":[{"href":"https:\/\/emf-consult.com\/nettbutikk\/wp-json\/wp\/v2\/types\/product"}],"replies":[{"embeddable":true,"href":"https:\/\/emf-consult.com\/nettbutikk\/wp-json\/wp\/v2\/comments?post=12559"}],"wp:featuredmedia":[{"embeddable":true,"href":"https:\/\/emf-consult.com\/nettbutikk\/wp-json\/wp\/v2\/media\/12565"}],"wp:attachment":[{"href":"https:\/\/emf-consult.com\/nettbutikk\/wp-json\/wp\/v2\/media?parent=12559"}],"wp:term":[{"taxonomy":"product_brand","embeddable":true,"href":"https:\/\/emf-consult.com\/nettbutikk\/wp-json\/wp\/v2\/product_brand?post=12559"},{"taxonomy":"product_cat","embeddable":true,"href":"https:\/\/emf-consult.com\/nettbutikk\/wp-json\/wp\/v2\/product_cat?post=12559"},{"taxonomy":"product_tag","embeddable":true,"href":"https:\/\/emf-consult.com\/nettbutikk\/wp-json\/wp\/v2\/product_tag?post=12559"}],"curies":[{"name":"wp","href":"https:\/\/api.w.org\/{rel}","templated":true}]}}