{"id":12341,"date":"2020-11-03T06:45:25","date_gmt":"2020-11-03T06:45:25","guid":{"rendered":"https:\/\/emf-consult.com\/nettbutikk\/?post_type=product&#038;p=12341"},"modified":"2026-02-04T20:26:48","modified_gmt":"2026-02-04T19:26:48","slug":"nettverk-switch-pro-5-port-10-100-mbps","status":"publish","type":"product","link":"https:\/\/emf-consult.com\/nettbutikk\/produkt\/nettverk-switch-pro-5-port-10-100-mbps\/","title":{"rendered":"Nettverk Switch Pro (5 Port 10\/100 Mbps)"},"content":{"rendered":"<p>5 port Nettverk Switch i metallhus fra D-Link<br \/>\n10\/100 Mbps, Full Duplex.<\/p>\n<p>Denne 5 port nettverk switch-en gj\u00f8r det mulig \u00e5 koble til flere PC-er eller enheter til et LAN nettverk.<br \/>\nNettverk switch-en st\u00f8tter Full Duplex. Det er derfor mulig \u00e5 overf\u00f8re data med helt opp til 100 Mbps begge veier p\u00e5 alle porter samtidig.<\/p>\n<p>Metallhuset sikrer optimal varmeavledning, varme forkorter levetiden av elektronikken. Metallhuset sikrer lang og p\u00e5litelig levetid av switchen.<\/p>\n<p>Det er et tilkoblingspunkt p\u00e5 baksiden av switchen som benyttes for \u00e5 jorde metallhuset og LAN-portene. Sammen med v\u00e5r <a href=\"https:\/\/emf-consult.com\/nettbutikk\/produkt\/skjermet-ethernettkabel-stp-cat5e-hvit\/\">Skjermet Ethernetkabel<\/a> vil du kunne redusere de elektriske feltene til et minimum.<\/p>\n<p>Kobler du en 10 Mbps enhet til denne 10\/100 Mbps nettverk switch-en reduseres hastigheten bare p\u00e5 den ene linjen som den langsomme enheten er koblet til. Alle de \u00f8vrige enhetene som er tilkoblet nettverk switch-en kan stadig kj\u00f8re full hastighet.<\/p>\n<p>Denne high performance 5 port nettverk switch-en kan plasseres p\u00e5 skrivebord mm.<\/p>\n<p>5 port nettverk switch med LED-indikatorer som indikerer inn- og utg\u00e5ende datatransmisjoner samt tilkoblingsstatus.<\/p>\n<p>Nettverk switch-ens innebygde prosessor behandler effektivt inng\u00e5ende- og utg\u00e5ende data. Dermed har denne nettverk switch-en en konstant dataoverf\u00f8ringshastighet p\u00e5 helt opp til 100 Mbps p\u00e5 hver eneste port.<\/p>\n","protected":false},"excerpt":{"rendered":"<p><strong>Tekniske detaljer:<\/strong><br \/>\nSt\u00f8tter IEEE802.3 10BASE-T Ethernet (Twisted-pair copper) Standard<br \/>\nSt\u00f8tter IEEE802.3U 100BASE-TX Fast Ethernet (Twisted-pair copper) Standard<br \/>\n5 stk. 10\/100M N-Way porter<br \/>\nFull duplex Flow control<br \/>\nHalf duplex Backpressure<br \/>\nSt\u00f8tter Broadcast storm Filtering, Dynamic buffer Assign og network load alance, unng\u00e5 pakketap<br \/>\nSt\u00f8tter Auto MDI\/MDI-X<br \/>\n4K MAC address<br \/>\nMAC Auto learning, Auto refresh<br \/>\n2Mbps fast pakkebuffer<br \/>\nAuto Verify Frame Error, Ensure all package Integrality<br \/>\nHigh performance switch power inside, AC 110-220V 50\/60Hz input<\/p>\n<p><strong>Produktinfo:<\/strong><br \/>\nFarge: Svart<br \/>\nAntall porter: 5<br \/>\nMerke: D-Link<br \/>\nMaks hastighet (Mbps): 100<br \/>\nSt\u00f8tter PoE: Nej<\/p>\n","protected":false},"featured_media":12342,"comment_status":"open","ping_status":"closed","template":"","meta":[],"product_brand":[],"product_cat":[29],"product_tag":[],"class_list":{"0":"post-12341","1":"product","2":"type-product","3":"status-publish","4":"has-post-thumbnail","6":"product_cat-data-tele","8":"first","9":"instock","10":"taxable","11":"shipping-taxable","12":"purchasable","13":"product-type-simple"},"yoast_head":"<!-- This site is optimized with the Yoast SEO plugin v27.4 - https:\/\/yoast.com\/product\/yoast-seo-wordpress\/ -->\n<title>Nettverk Switch Pro (5 Port 10\/100 Mbps) - EMF Consult<\/title>\n<meta name=\"robots\" content=\"index, follow, max-snippet:-1, max-image-preview:large, max-video-preview:-1\" \/>\n<link rel=\"canonical\" href=\"https:\/\/emf-consult.com\/nettbutikk\/produkt\/nettverk-switch-pro-5-port-10-100-mbps\/\" \/>\n<meta property=\"og:locale\" content=\"nb_NO\" \/>\n<meta property=\"og:type\" content=\"article\" \/>\n<meta property=\"og:title\" content=\"Nettverk Switch Pro (5 Port 10\/100 Mbps) - EMF Consult\" \/>\n<meta property=\"og:description\" content=\"Tekniske detaljer: St\u00f8tter IEEE802.3 10BASE-T Ethernet (Twisted-pair copper) Standard St\u00f8tter IEEE802.3U 100BASE-TX Fast Ethernet (Twisted-pair copper) Standard 5 stk. 10\/100M N-Way porter Full duplex Flow control Half duplex Backpressure St\u00f8tter Broadcast storm Filtering, Dynamic buffer Assign og network load alance, unng\u00e5 pakketap St\u00f8tter Auto MDI\/MDI-X 4K MAC address MAC Auto learning, Auto refresh 2Mbps fast pakkebuffer Auto Verify Frame Error, Ensure all package Integrality High performance switch power inside, AC 110-220V 50\/60Hz input  Produktinfo: Farge: Svart Antall porter: 5 Merke: D-Link Maks hastighet (Mbps): 100 St\u00f8tter PoE: Nej\" \/>\n<meta property=\"og:url\" content=\"https:\/\/emf-consult.com\/nettbutikk\/produkt\/nettverk-switch-pro-5-port-10-100-mbps\/\" \/>\n<meta property=\"og:site_name\" content=\"EMF Consult\" \/>\n<meta property=\"article:publisher\" content=\"https:\/\/www.facebook.com\/emfconsult\" \/>\n<meta property=\"article:modified_time\" content=\"2026-02-04T19:26:48+00:00\" \/>\n<meta property=\"og:image\" content=\"https:\/\/emf-consult.com\/nettbutikk\/wp-content\/uploads\/2020\/11\/netvaerk-switch-5-port-pro-big.jpg\" \/>\n\t<meta property=\"og:image:width\" content=\"600\" \/>\n\t<meta property=\"og:image:height\" content=\"600\" \/>\n\t<meta property=\"og:image:type\" content=\"image\/jpeg\" \/>\n<meta name=\"twitter:card\" content=\"summary_large_image\" \/>\n<meta name=\"twitter:label1\" content=\"Ansl. lesetid\" \/>\n\t<meta name=\"twitter:data1\" content=\"2 minutter\" \/>\n<script type=\"application\/ld+json\" class=\"yoast-schema-graph\">{\"@context\":\"https:\\\/\\\/schema.org\",\"@graph\":[{\"@type\":\"WebPage\",\"@id\":\"https:\\\/\\\/emf-consult.com\\\/nettbutikk\\\/produkt\\\/nettverk-switch-pro-5-port-10-100-mbps\\\/\",\"url\":\"https:\\\/\\\/emf-consult.com\\\/nettbutikk\\\/produkt\\\/nettverk-switch-pro-5-port-10-100-mbps\\\/\",\"name\":\"Nettverk Switch Pro (5 Port 10\\\/100 Mbps) - EMF Consult\",\"isPartOf\":{\"@id\":\"https:\\\/\\\/emf-consult.com\\\/nettbutikk\\\/#website\"},\"primaryImageOfPage\":{\"@id\":\"https:\\\/\\\/emf-consult.com\\\/nettbutikk\\\/produkt\\\/nettverk-switch-pro-5-port-10-100-mbps\\\/#primaryimage\"},\"image\":{\"@id\":\"https:\\\/\\\/emf-consult.com\\\/nettbutikk\\\/produkt\\\/nettverk-switch-pro-5-port-10-100-mbps\\\/#primaryimage\"},\"thumbnailUrl\":\"https:\\\/\\\/emf-consult.com\\\/nettbutikk\\\/wp-content\\\/uploads\\\/2020\\\/11\\\/netvaerk-switch-5-port-pro-big.jpg\",\"datePublished\":\"2020-11-03T06:45:25+00:00\",\"dateModified\":\"2026-02-04T19:26:48+00:00\",\"breadcrumb\":{\"@id\":\"https:\\\/\\\/emf-consult.com\\\/nettbutikk\\\/produkt\\\/nettverk-switch-pro-5-port-10-100-mbps\\\/#breadcrumb\"},\"inLanguage\":\"nb-NO\",\"potentialAction\":[{\"@type\":\"ReadAction\",\"target\":[\"https:\\\/\\\/emf-consult.com\\\/nettbutikk\\\/produkt\\\/nettverk-switch-pro-5-port-10-100-mbps\\\/\"]}]},{\"@type\":\"ImageObject\",\"inLanguage\":\"nb-NO\",\"@id\":\"https:\\\/\\\/emf-consult.com\\\/nettbutikk\\\/produkt\\\/nettverk-switch-pro-5-port-10-100-mbps\\\/#primaryimage\",\"url\":\"https:\\\/\\\/emf-consult.com\\\/nettbutikk\\\/wp-content\\\/uploads\\\/2020\\\/11\\\/netvaerk-switch-5-port-pro-big.jpg\",\"contentUrl\":\"https:\\\/\\\/emf-consult.com\\\/nettbutikk\\\/wp-content\\\/uploads\\\/2020\\\/11\\\/netvaerk-switch-5-port-pro-big.jpg\",\"width\":600,\"height\":600},{\"@type\":\"BreadcrumbList\",\"@id\":\"https:\\\/\\\/emf-consult.com\\\/nettbutikk\\\/produkt\\\/nettverk-switch-pro-5-port-10-100-mbps\\\/#breadcrumb\",\"itemListElement\":[{\"@type\":\"ListItem\",\"position\":1,\"name\":\"Hjem\",\"item\":\"https:\\\/\\\/emf-consult.com\\\/nettbutikk\\\/\"},{\"@type\":\"ListItem\",\"position\":2,\"name\":\"Butikk\",\"item\":\"https:\\\/\\\/emf-consult.com\\\/nettbutikk\\\/butikk\\\/\"},{\"@type\":\"ListItem\",\"position\":3,\"name\":\"Nettverk Switch Pro (5 Port 10\\\/100 Mbps)\"}]},{\"@type\":\"WebSite\",\"@id\":\"https:\\\/\\\/emf-consult.com\\\/nettbutikk\\\/#website\",\"url\":\"https:\\\/\\\/emf-consult.com\\\/nettbutikk\\\/\",\"name\":\"EMF Consult\",\"description\":\"Nettbutikk - Beskyttelse mot str\u00e5ling\",\"publisher\":{\"@id\":\"https:\\\/\\\/emf-consult.com\\\/nettbutikk\\\/#organization\"},\"potentialAction\":[{\"@type\":\"SearchAction\",\"target\":{\"@type\":\"EntryPoint\",\"urlTemplate\":\"https:\\\/\\\/emf-consult.com\\\/nettbutikk\\\/?s={search_term_string}\"},\"query-input\":{\"@type\":\"PropertyValueSpecification\",\"valueRequired\":true,\"valueName\":\"search_term_string\"}}],\"inLanguage\":\"nb-NO\"},{\"@type\":\"Organization\",\"@id\":\"https:\\\/\\\/emf-consult.com\\\/nettbutikk\\\/#organization\",\"name\":\"EMF Consult AS\",\"url\":\"https:\\\/\\\/emf-consult.com\\\/nettbutikk\\\/\",\"logo\":{\"@type\":\"ImageObject\",\"inLanguage\":\"nb-NO\",\"@id\":\"https:\\\/\\\/emf-consult.com\\\/nettbutikk\\\/#\\\/schema\\\/logo\\\/image\\\/\",\"url\":\"https:\\\/\\\/emf-consult.com\\\/nettbutikk\\\/wp-content\\\/uploads\\\/2022\\\/07\\\/cropped-Favikon-rod-e1658786300694.png\",\"contentUrl\":\"https:\\\/\\\/emf-consult.com\\\/nettbutikk\\\/wp-content\\\/uploads\\\/2022\\\/07\\\/cropped-Favikon-rod-e1658786300694.png\",\"width\":150,\"height\":150,\"caption\":\"EMF Consult AS\"},\"image\":{\"@id\":\"https:\\\/\\\/emf-consult.com\\\/nettbutikk\\\/#\\\/schema\\\/logo\\\/image\\\/\"},\"sameAs\":[\"https:\\\/\\\/www.facebook.com\\\/emfconsult\",\"https:\\\/\\\/www.linkedin.com\\\/company\\\/emf-consult\\\/\"]}]}<\/script>\n<!-- \/ Yoast SEO plugin. -->","yoast_head_json":{"title":"Nettverk Switch Pro (5 Port 10\/100 Mbps) - EMF Consult","robots":{"index":"index","follow":"follow","max-snippet":"max-snippet:-1","max-image-preview":"max-image-preview:large","max-video-preview":"max-video-preview:-1"},"canonical":"https:\/\/emf-consult.com\/nettbutikk\/produkt\/nettverk-switch-pro-5-port-10-100-mbps\/","og_locale":"nb_NO","og_type":"article","og_title":"Nettverk Switch Pro (5 Port 10\/100 Mbps) - EMF Consult","og_description":"Tekniske detaljer: St\u00f8tter IEEE802.3 10BASE-T Ethernet (Twisted-pair copper) Standard St\u00f8tter IEEE802.3U 100BASE-TX Fast Ethernet (Twisted-pair copper) Standard 5 stk. 10\/100M N-Way porter Full duplex Flow control Half duplex Backpressure St\u00f8tter Broadcast storm Filtering, Dynamic buffer Assign og network load alance, unng\u00e5 pakketap St\u00f8tter Auto MDI\/MDI-X 4K MAC address MAC Auto learning, Auto refresh 2Mbps fast pakkebuffer Auto Verify Frame Error, Ensure all package Integrality High performance switch power inside, AC 110-220V 50\/60Hz input  Produktinfo: Farge: Svart Antall porter: 5 Merke: D-Link Maks hastighet (Mbps): 100 St\u00f8tter PoE: Nej","og_url":"https:\/\/emf-consult.com\/nettbutikk\/produkt\/nettverk-switch-pro-5-port-10-100-mbps\/","og_site_name":"EMF Consult","article_publisher":"https:\/\/www.facebook.com\/emfconsult","article_modified_time":"2026-02-04T19:26:48+00:00","og_image":[{"width":600,"height":600,"url":"https:\/\/emf-consult.com\/nettbutikk\/wp-content\/uploads\/2020\/11\/netvaerk-switch-5-port-pro-big.jpg","type":"image\/jpeg"}],"twitter_card":"summary_large_image","twitter_misc":{"Ansl. lesetid":"2 minutter"},"schema":{"@context":"https:\/\/schema.org","@graph":[{"@type":"WebPage","@id":"https:\/\/emf-consult.com\/nettbutikk\/produkt\/nettverk-switch-pro-5-port-10-100-mbps\/","url":"https:\/\/emf-consult.com\/nettbutikk\/produkt\/nettverk-switch-pro-5-port-10-100-mbps\/","name":"Nettverk Switch Pro (5 Port 10\/100 Mbps) - EMF Consult","isPartOf":{"@id":"https:\/\/emf-consult.com\/nettbutikk\/#website"},"primaryImageOfPage":{"@id":"https:\/\/emf-consult.com\/nettbutikk\/produkt\/nettverk-switch-pro-5-port-10-100-mbps\/#primaryimage"},"image":{"@id":"https:\/\/emf-consult.com\/nettbutikk\/produkt\/nettverk-switch-pro-5-port-10-100-mbps\/#primaryimage"},"thumbnailUrl":"https:\/\/emf-consult.com\/nettbutikk\/wp-content\/uploads\/2020\/11\/netvaerk-switch-5-port-pro-big.jpg","datePublished":"2020-11-03T06:45:25+00:00","dateModified":"2026-02-04T19:26:48+00:00","breadcrumb":{"@id":"https:\/\/emf-consult.com\/nettbutikk\/produkt\/nettverk-switch-pro-5-port-10-100-mbps\/#breadcrumb"},"inLanguage":"nb-NO","potentialAction":[{"@type":"ReadAction","target":["https:\/\/emf-consult.com\/nettbutikk\/produkt\/nettverk-switch-pro-5-port-10-100-mbps\/"]}]},{"@type":"ImageObject","inLanguage":"nb-NO","@id":"https:\/\/emf-consult.com\/nettbutikk\/produkt\/nettverk-switch-pro-5-port-10-100-mbps\/#primaryimage","url":"https:\/\/emf-consult.com\/nettbutikk\/wp-content\/uploads\/2020\/11\/netvaerk-switch-5-port-pro-big.jpg","contentUrl":"https:\/\/emf-consult.com\/nettbutikk\/wp-content\/uploads\/2020\/11\/netvaerk-switch-5-port-pro-big.jpg","width":600,"height":600},{"@type":"BreadcrumbList","@id":"https:\/\/emf-consult.com\/nettbutikk\/produkt\/nettverk-switch-pro-5-port-10-100-mbps\/#breadcrumb","itemListElement":[{"@type":"ListItem","position":1,"name":"Hjem","item":"https:\/\/emf-consult.com\/nettbutikk\/"},{"@type":"ListItem","position":2,"name":"Butikk","item":"https:\/\/emf-consult.com\/nettbutikk\/butikk\/"},{"@type":"ListItem","position":3,"name":"Nettverk Switch Pro (5 Port 10\/100 Mbps)"}]},{"@type":"WebSite","@id":"https:\/\/emf-consult.com\/nettbutikk\/#website","url":"https:\/\/emf-consult.com\/nettbutikk\/","name":"EMF Consult","description":"Nettbutikk - Beskyttelse mot str\u00e5ling","publisher":{"@id":"https:\/\/emf-consult.com\/nettbutikk\/#organization"},"potentialAction":[{"@type":"SearchAction","target":{"@type":"EntryPoint","urlTemplate":"https:\/\/emf-consult.com\/nettbutikk\/?s={search_term_string}"},"query-input":{"@type":"PropertyValueSpecification","valueRequired":true,"valueName":"search_term_string"}}],"inLanguage":"nb-NO"},{"@type":"Organization","@id":"https:\/\/emf-consult.com\/nettbutikk\/#organization","name":"EMF Consult AS","url":"https:\/\/emf-consult.com\/nettbutikk\/","logo":{"@type":"ImageObject","inLanguage":"nb-NO","@id":"https:\/\/emf-consult.com\/nettbutikk\/#\/schema\/logo\/image\/","url":"https:\/\/emf-consult.com\/nettbutikk\/wp-content\/uploads\/2022\/07\/cropped-Favikon-rod-e1658786300694.png","contentUrl":"https:\/\/emf-consult.com\/nettbutikk\/wp-content\/uploads\/2022\/07\/cropped-Favikon-rod-e1658786300694.png","width":150,"height":150,"caption":"EMF Consult AS"},"image":{"@id":"https:\/\/emf-consult.com\/nettbutikk\/#\/schema\/logo\/image\/"},"sameAs":["https:\/\/www.facebook.com\/emfconsult","https:\/\/www.linkedin.com\/company\/emf-consult\/"]}]}},"_links":{"self":[{"href":"https:\/\/emf-consult.com\/nettbutikk\/wp-json\/wp\/v2\/product\/12341","targetHints":{"allow":["GET"]}}],"collection":[{"href":"https:\/\/emf-consult.com\/nettbutikk\/wp-json\/wp\/v2\/product"}],"about":[{"href":"https:\/\/emf-consult.com\/nettbutikk\/wp-json\/wp\/v2\/types\/product"}],"replies":[{"embeddable":true,"href":"https:\/\/emf-consult.com\/nettbutikk\/wp-json\/wp\/v2\/comments?post=12341"}],"wp:featuredmedia":[{"embeddable":true,"href":"https:\/\/emf-consult.com\/nettbutikk\/wp-json\/wp\/v2\/media\/12342"}],"wp:attachment":[{"href":"https:\/\/emf-consult.com\/nettbutikk\/wp-json\/wp\/v2\/media?parent=12341"}],"wp:term":[{"taxonomy":"product_brand","embeddable":true,"href":"https:\/\/emf-consult.com\/nettbutikk\/wp-json\/wp\/v2\/product_brand?post=12341"},{"taxonomy":"product_cat","embeddable":true,"href":"https:\/\/emf-consult.com\/nettbutikk\/wp-json\/wp\/v2\/product_cat?post=12341"},{"taxonomy":"product_tag","embeddable":true,"href":"https:\/\/emf-consult.com\/nettbutikk\/wp-json\/wp\/v2\/product_tag?post=12341"}],"curies":[{"name":"wp","href":"https:\/\/api.w.org\/{rel}","templated":true}]}}