{"id":12237,"date":"2020-10-01T06:27:44","date_gmt":"2020-10-01T06:27:44","guid":{"rendered":"https:\/\/emf-consult.com\/nettbutikk\/?post_type=product&#038;p=12237"},"modified":"2025-06-20T08:18:54","modified_gmt":"2025-06-20T06:18:54","slug":"gamma-scout-stralings-detektor-oppladbar-med-usb-port","status":"publish","type":"product","link":"https:\/\/emf-consult.com\/nettbutikk\/produkt\/gamma-scout-stralings-detektor-oppladbar-med-usb-port\/","title":{"rendered":"Gamma Scout str\u00e5lings detektor, oppladbar med USB-Port"},"content":{"rendered":"<p>Gamma-Scout h\u00e5ndholdt geigerteller, er en m\u00e5ler for m\u00e5ling og p\u00e5visning av ioniserende str\u00e5ling. Den er lett \u00e5 ha med seg og kan oppdage alfa-, beta-, gamma- og r\u00f8ntgenstr\u00e5ling. Du kan bruke Gamma-Scout-geigerteller til \u00e5:<\/p>\n<ul>\n<li>bestemme kilden til str\u00e5lingslekkasjer<\/li>\n<li>overv\u00e5ke omgivelsenes str\u00e5lingsavvik<\/li>\n<li>overv\u00e5ke personlig kumulativ doseeksponering<\/li>\n<li>oppdage radioaktive elementer i metallskrap<\/li>\n<li>kontrollere bergarter fra jorden for radioaktivitet<\/li>\n<\/ul>\n<p>Fordeler med den oppladbare modellen:<\/p>\n<ul>\n<li>den har i tillegg et h\u00f8rbart klikk i n\u00e6rv\u00e6r av str\u00e5ling.<\/li>\n<li>du kan ogs\u00e5 angi en str\u00e5lingsterskel for \u00e5 varsle.<\/li>\n<li>Det oppladbare batteriet varer utrolig lenge og kan lades opp n\u00e5r batteristr\u00f8mmen er t\u00f8mt. Ved normal bruk kan enheten g\u00e5 mange m\u00e5neder f\u00f8r en opplading.<\/li>\n<\/ul>\n<p>M\u00e5leren lagrer m\u00e5ledata kontinuerlig og du kan hente ut disse datene ved \u00e5 koble m\u00e5leren til en PC.<\/p>\n<p>Les mer om hva slags str\u00e5lingskilder du kan m\u00e5le med denne m\u00e5leren:\u00a0 <a href=\"http:\/\/hps.org\/publicinformation\/ate\/faqs\/radiationtypes.html\" target=\"_blank\" rel=\"noopener noreferrer\">http:\/\/hps.org\/publicinformation\/ate\/faqs\/radiationtypes.html<\/a><\/p>\n","protected":false},"excerpt":{"rendered":"<p>Hva gj\u00f8r Gamma-Scout overlegen sammenlignet med andre Geiger-tellere?<br \/>\nDet er en rekke Geiger-tellere tilgjengelig p\u00e5 markedet i dag. Hva gj\u00f8r Gamma-Scout til et overlegen produkt?<br \/>\nI tillegg til de allerede nevnte funksjoner er det to faktorer som b\u00f8r utheves:<\/p>\n<ol>\n<li>Kjernekomponenten i hver Geiger-teller er et Geiger-M\u00fcller-teller\u00f8r. Blant eksperter er den mest kjente telle r\u00f8r av mindre dimensjon et produkt laget i USA (LND Incorporated). Det er dyrt, men h\u00f8yt kvalitet. Gamma-Scout opererer med dette teller\u00f8ret, som ogs\u00e5 kan m\u00e5le alfastr\u00e5ling (f.eks. Radongass\/plutonium). Billigere Geiger-tellere bruker teller\u00f8r av lavere kvalitet og kan bare m\u00e5le gammastr\u00e5ling.<\/li>\n<li>Helserisikoen for\u00e5rsaket av \u00f8kt str\u00e5ling er spesielt h\u00f8y for langvarig eksponering. Dette er grunnen hvorfor str\u00e5levernforordningen ikke inneholder kortsiktige terskelverdier, men oppgir 20 millisieverts\/\u00e5r\u00a0 (= 20.000 mikrosievert\/\u00e5r). For daglig overv\u00e5king er det praktisk \u00e5 nedskalere det \u00e5rlige verdien til en timesverdi (for \u00e5 m\u00e5le minutter og sekunder), men hovedform\u00e5let er fortsatt \u00e5 kontrollere kumulativ verdi (kumulativ dose). For dette form\u00e5let m\u00e5 enheten telle og samle verdiene over en lang periode, noe som ikke er mulig hvis Geiger-telleren bare opererer i en time og er da avsl\u00e5tt. For kontinuerlig m\u00e5ling m\u00e5 batteriet vare i lang tid. Derfor, enheten m\u00e5 ha ekstremt lavt str\u00f8mforbruk. Gamma-Scouts str\u00f8mforbruk er s\u00e5 lavt (ca. 10 mikroampere i grunnleggende driftsmodus) som batteriet holder i mange \u00e5r. Fysikere sier at bestemmelse av ytterligere str\u00e5lingseksponering bare er mulig gjennom langsiktige data akkumulering. Ekstra str\u00e5lingseksponering dobler lett folks \u00e5rlige eksponering (fra ca. 2 til 4 mSv a) og skjer gjennom for eksempel medisinsk utstyr, flyreiser (5 til 10 \u00b5Sv\/h, som er 25 ganger til 50 ganger h\u00f8yere enn normal omgivende str\u00e5ling), og gjennom ferier i st\u00f8rre h\u00f8yder eller ved monazittimpregnerte sandstrender. For \u00e5 oppn\u00e5 solide m\u00e5leresultater for disse lave str\u00e5lingsniv\u00e5ene, b\u00f8r m\u00e5letiden v\u00e6re minst flere timer, eller enda bedre, flere dager.<\/li>\n<\/ol>\n<p><img loading=\"lazy\" decoding=\"async\" class=\" wd-lazy-fade size-full wp-image-12208 aligncenter\" src=\"https:\/\/emf-consult.com\/nettbutikk\/wp-content\/themes\/woodmart\/images\/lazy.svg\" data-src=\"https:\/\/emf-consult.com\/nettbutikk\/wp-content\/uploads\/2020\/09\/Tabell-str\u00e5lingsdoser.jpg\" alt=\"\" width=\"399\" height=\"705\" srcset=\"\" data-srcset=\"https:\/\/emf-consult.com\/nettbutikk\/wp-content\/uploads\/2020\/09\/Tabell-str\u00e5lingsdoser.jpg 399w, https:\/\/emf-consult.com\/nettbutikk\/wp-content\/uploads\/2020\/09\/Tabell-str\u00e5lingsdoser-150x265.jpg 150w, https:\/\/emf-consult.com\/nettbutikk\/wp-content\/uploads\/2020\/09\/Tabell-str\u00e5lingsdoser-170x300.jpg 170w\" sizes=\"auto, (max-width: 399px) 100vw, 399px\" \/><\/p>\n<h1>Technical Data<\/h1>\n<table>\n<tbody>\n<tr>\n<td><strong>Display<\/strong><\/td>\n<td colspan=\"2\">Liquid-crystal display (LCD), 4-digit, numeric with dimension,<br \/>\nquasi-analogue logarithmic bar chart.<br \/>\nOperating mode indicators<\/td>\n<\/tr>\n<tr>\n<td><strong>Ray detector<\/strong><\/td>\n<td colspan=\"2\">End-window alpha-beta-gamma detector counting tube according to<br \/>\nthe Geiger-M\u00fcller principle<br \/>\nStainless steel housing<br \/>\nMeasuring length 38.1 mm, measuring diameter 9.1 mm<br \/>\nMica window 1.5 to 2 mg\/cm2Zero rate &lt;10 pulses per minute with sreening by 3mm AI and<br \/>\n50mm Pb Operating temperature -20 bis +60\u00b0C, operating voltage<br \/>\napprox. 450 V Calibrated scale 0.01 \u00b5Sv\/h up to 5000.00 \u00b5Sv\/h<\/td>\n<\/tr>\n<tr>\n<td><strong>Ray types<\/strong><\/td>\n<td>a<\/td>\n<td>from 4 MeV;<\/td>\n<\/tr>\n<tr>\n<td><\/td>\n<td>\u00df<\/td>\n<td>from 0.2 MeV<\/td>\n<\/tr>\n<tr>\n<td><\/td>\n<td>y<\/td>\n<td>from 30 keV<\/td>\n<\/tr>\n<tr>\n<td><strong>Ray selection<\/strong><\/td>\n<td>a + \u00df + y<\/td>\n<td>without shielding<\/td>\n<\/tr>\n<tr>\n<td><\/td>\n<td>\u00df + y<\/td>\n<td>AI foil approx. 0.1 mm, shields off a completely<\/td>\n<\/tr>\n<tr>\n<td><\/td>\n<td>y<\/td>\n<td>Al shielding approx. 3 mm, Shielding off a completely<br \/>\nand \u00df to 2 MeV, weakens y less than 7% based on Cs-137<\/td>\n<\/tr>\n<tr>\n<td><strong>Recycling<\/strong><\/td>\n<td colspan=\"2\">We recycle returned devices cost-free<\/td>\n<\/tr>\n<tr>\n<td><strong>Power consumption<\/strong><\/td>\n<td colspan=\"2\">Less than 10 microamperes under environmental radiation<\/td>\n<\/tr>\n<tr>\n<td><strong>Memory<\/strong><\/td>\n<td colspan=\"2\">256 Kbyte (110,000 data sets)<\/td>\n<\/tr>\n<tr>\n<td><strong>Housing<\/strong><\/td>\n<td colspan=\"2\">impact-resistant plastic<\/td>\n<\/tr>\n<tr>\n<td><strong>Dimensions<\/strong><\/td>\n<td colspan=\"2\">Length 163 mm x width 72 mm x height 30 mm<\/td>\n<\/tr>\n<tr>\n<td><strong>Interference protections<\/strong><\/td>\n<td colspan=\"2\">European CE standard, US-standard FCC-15<\/td>\n<\/tr>\n<tr>\n<td><\/td>\n<td colspan=\"2\"><\/td>\n<\/tr>\n<tr>\n<td><strong>State<\/strong><\/td>\n<td colspan=\"2\">November, 2015 (Right of modification reserved)<\/td>\n<\/tr>\n<\/tbody>\n<\/table>\n","protected":false},"featured_media":12200,"comment_status":"open","ping_status":"closed","template":"","meta":[],"product_brand":[],"product_cat":[19,53,91],"product_tag":[],"class_list":{"0":"post-12237","1":"product","2":"type-product","3":"status-publish","4":"has-post-thumbnail","6":"product_cat-maleinstrumenter","7":"product_cat-nyheter","8":"product_cat-radon-og-radioaktivitet","10":"first","11":"instock","12":"taxable","13":"shipping-taxable","14":"purchasable","15":"product-type-simple"},"yoast_head":"<!-- This site is optimized with the Yoast SEO plugin v27.4 - https:\/\/yoast.com\/product\/yoast-seo-wordpress\/ -->\n<title>Gamma Scout str\u00e5lings detektor, oppladbar med USB-Port - EMF Consult<\/title>\n<meta name=\"robots\" content=\"index, follow, max-snippet:-1, max-image-preview:large, max-video-preview:-1\" \/>\n<link rel=\"canonical\" href=\"https:\/\/emf-consult.com\/nettbutikk\/produkt\/gamma-scout-stralings-detektor-oppladbar-med-usb-port\/\" \/>\n<meta property=\"og:locale\" content=\"nb_NO\" \/>\n<meta property=\"og:type\" content=\"article\" \/>\n<meta property=\"og:title\" content=\"Gamma Scout str\u00e5lings detektor, oppladbar med USB-Port - EMF Consult\" \/>\n<meta property=\"og:description\" content=\"Hva gj\u00f8r Gamma-Scout overlegen sammenlignet med andre Geiger-tellere? Det er en rekke Geiger-tellere tilgjengelig p\u00e5 markedet i dag. Hva gj\u00f8r Gamma-Scout til et overlegen produkt? I tillegg til de allerede nevnte funksjoner er det to faktorer som b\u00f8r utheves:   Kjernekomponenten i hver Geiger-teller er et Geiger-M\u00fcller-teller\u00f8r. Blant eksperter er den mest kjente telle r\u00f8r av mindre dimensjon et produkt laget i USA (LND Incorporated). Det er dyrt, men h\u00f8yt kvalitet. Gamma-Scout opererer med dette teller\u00f8ret, som ogs\u00e5 kan m\u00e5le alfastr\u00e5ling (f.eks. Radongass\/plutonium). Billigere Geiger-tellere bruker teller\u00f8r av lavere kvalitet og kan bare m\u00e5le gammastr\u00e5ling.  Helserisikoen for\u00e5rsaket av \u00f8kt str\u00e5ling er spesielt h\u00f8y for langvarig eksponering. Dette er grunnen hvorfor str\u00e5levernforordningen ikke inneholder kortsiktige terskelverdier, men oppgir 20 millisieverts\/\u00e5r\u00a0 (= 20.000 mikrosievert\/\u00e5r). For daglig overv\u00e5king er det praktisk \u00e5 nedskalere det \u00e5rlige verdien til en timesverdi (for \u00e5 m\u00e5le minutter og sekunder), men hovedform\u00e5let er fortsatt \u00e5 kontrollere kumulativ verdi (kumulativ dose). For dette form\u00e5let m\u00e5 enheten telle og samle verdiene over en lang periode, noe som ikke er mulig hvis Geiger-telleren bare opererer i en time og er da avsl\u00e5tt. For kontinuerlig m\u00e5ling m\u00e5 batteriet vare i lang tid. Derfor, enheten m\u00e5 ha ekstremt lavt str\u00f8mforbruk. Gamma-Scouts str\u00f8mforbruk er s\u00e5 lavt (ca. 10 mikroampere i grunnleggende driftsmodus) som batteriet holder i mange \u00e5r. Fysikere sier at bestemmelse av ytterligere str\u00e5lingseksponering bare er mulig gjennom langsiktige data akkumulering. Ekstra str\u00e5lingseksponering dobler lett folks \u00e5rlige eksponering (fra ca. 2 til 4 mSv a) og skjer gjennom for eksempel medisinsk utstyr, flyreiser (5 til 10 \u00b5Sv\/h, som er 25 ganger til 50 ganger h\u00f8yere enn normal omgivende str\u00e5ling), og gjennom ferier i st\u00f8rre h\u00f8yder eller ved monazittimpregnerte sandstrender. For \u00e5 oppn\u00e5 solide m\u00e5leresultater for disse lave str\u00e5lingsniv\u00e5ene, b\u00f8r m\u00e5letiden v\u00e6re minst flere timer, eller enda bedre, flere dager.   Technical Data    Display Liquid-crystal display (LCD), 4-digit, numeric with dimension, quasi-analogue logarithmic bar chart. Operating mode indicators   Ray detector End-window alpha-beta-gamma detector counting tube according to the Geiger-M\u00fcller principle Stainless steel housing Measuring length 38.1 mm, measuring diameter 9.1 mm Mica window 1.5 to 2 mg\/cm2Zero rate &lt;10 pulses per minute with sreening by 3mm AI and 50mm Pb Operating temperature -20 bis +60\u00b0C, operating voltage approx. 450 V Calibrated scale 0.01 \u00b5Sv\/h up to 5000.00 \u00b5Sv\/h   Ray types a from 4 MeV;    \u00df from 0.2 MeV    y from 30 keV   Ray selection a + \u00df + y without shielding    \u00df + y AI foil approx. 0.1 mm, shields off a completely    y Al shielding approx. 3 mm, Shielding off a completely and \u00df to 2 MeV, weakens y less than 7% based on Cs-137   Recycling We recycle returned devices cost-free   Power consumption Less than 10 microamperes under environmental radiation   Memory 256 Kbyte (110,000 data sets)   Housing impact-resistant plastic   Dimensions Length 163 mm x width 72 mm x height 30 mm   Interference protections European CE standard, US-standard FCC-15       State November, 2015 (Right of modification reserved)\" \/>\n<meta property=\"og:url\" content=\"https:\/\/emf-consult.com\/nettbutikk\/produkt\/gamma-scout-stralings-detektor-oppladbar-med-usb-port\/\" \/>\n<meta property=\"og:site_name\" content=\"EMF Consult\" \/>\n<meta property=\"article:publisher\" content=\"https:\/\/www.facebook.com\/emfconsult\" \/>\n<meta property=\"article:modified_time\" content=\"2025-06-20T06:18:54+00:00\" \/>\n<meta property=\"og:image\" content=\"https:\/\/emf-consult.com\/nettbutikk\/wp-content\/uploads\/2020\/09\/gamma-scout-rechargeable-geiger-counter-radiation-meter.jpg\" \/>\n\t<meta property=\"og:image:width\" content=\"1120\" \/>\n\t<meta property=\"og:image:height\" content=\"1120\" \/>\n\t<meta property=\"og:image:type\" content=\"image\/jpeg\" \/>\n<meta name=\"twitter:card\" content=\"summary_large_image\" \/>\n<meta name=\"twitter:label1\" content=\"Ansl. lesetid\" \/>\n\t<meta name=\"twitter:data1\" content=\"1 minutt\" \/>\n<script type=\"application\/ld+json\" class=\"yoast-schema-graph\">{\"@context\":\"https:\\\/\\\/schema.org\",\"@graph\":[{\"@type\":\"WebPage\",\"@id\":\"https:\\\/\\\/emf-consult.com\\\/nettbutikk\\\/produkt\\\/gamma-scout-stralings-detektor-oppladbar-med-usb-port\\\/\",\"url\":\"https:\\\/\\\/emf-consult.com\\\/nettbutikk\\\/produkt\\\/gamma-scout-stralings-detektor-oppladbar-med-usb-port\\\/\",\"name\":\"Gamma Scout str\u00e5lings detektor, oppladbar med USB-Port - EMF Consult\",\"isPartOf\":{\"@id\":\"https:\\\/\\\/emf-consult.com\\\/nettbutikk\\\/#website\"},\"primaryImageOfPage\":{\"@id\":\"https:\\\/\\\/emf-consult.com\\\/nettbutikk\\\/produkt\\\/gamma-scout-stralings-detektor-oppladbar-med-usb-port\\\/#primaryimage\"},\"image\":{\"@id\":\"https:\\\/\\\/emf-consult.com\\\/nettbutikk\\\/produkt\\\/gamma-scout-stralings-detektor-oppladbar-med-usb-port\\\/#primaryimage\"},\"thumbnailUrl\":\"https:\\\/\\\/emf-consult.com\\\/nettbutikk\\\/wp-content\\\/uploads\\\/2020\\\/09\\\/gamma-scout-rechargeable-geiger-counter-radiation-meter.jpg\",\"datePublished\":\"2020-10-01T06:27:44+00:00\",\"dateModified\":\"2025-06-20T06:18:54+00:00\",\"breadcrumb\":{\"@id\":\"https:\\\/\\\/emf-consult.com\\\/nettbutikk\\\/produkt\\\/gamma-scout-stralings-detektor-oppladbar-med-usb-port\\\/#breadcrumb\"},\"inLanguage\":\"nb-NO\",\"potentialAction\":[{\"@type\":\"ReadAction\",\"target\":[\"https:\\\/\\\/emf-consult.com\\\/nettbutikk\\\/produkt\\\/gamma-scout-stralings-detektor-oppladbar-med-usb-port\\\/\"]}]},{\"@type\":\"ImageObject\",\"inLanguage\":\"nb-NO\",\"@id\":\"https:\\\/\\\/emf-consult.com\\\/nettbutikk\\\/produkt\\\/gamma-scout-stralings-detektor-oppladbar-med-usb-port\\\/#primaryimage\",\"url\":\"https:\\\/\\\/emf-consult.com\\\/nettbutikk\\\/wp-content\\\/uploads\\\/2020\\\/09\\\/gamma-scout-rechargeable-geiger-counter-radiation-meter.jpg\",\"contentUrl\":\"https:\\\/\\\/emf-consult.com\\\/nettbutikk\\\/wp-content\\\/uploads\\\/2020\\\/09\\\/gamma-scout-rechargeable-geiger-counter-radiation-meter.jpg\",\"width\":1120,\"height\":1120},{\"@type\":\"BreadcrumbList\",\"@id\":\"https:\\\/\\\/emf-consult.com\\\/nettbutikk\\\/produkt\\\/gamma-scout-stralings-detektor-oppladbar-med-usb-port\\\/#breadcrumb\",\"itemListElement\":[{\"@type\":\"ListItem\",\"position\":1,\"name\":\"Hjem\",\"item\":\"https:\\\/\\\/emf-consult.com\\\/nettbutikk\\\/\"},{\"@type\":\"ListItem\",\"position\":2,\"name\":\"Butikk\",\"item\":\"https:\\\/\\\/emf-consult.com\\\/nettbutikk\\\/butikk\\\/\"},{\"@type\":\"ListItem\",\"position\":3,\"name\":\"Gamma Scout str\u00e5lings detektor, oppladbar med USB-Port\"}]},{\"@type\":\"WebSite\",\"@id\":\"https:\\\/\\\/emf-consult.com\\\/nettbutikk\\\/#website\",\"url\":\"https:\\\/\\\/emf-consult.com\\\/nettbutikk\\\/\",\"name\":\"EMF Consult\",\"description\":\"Nettbutikk - Beskyttelse mot str\u00e5ling\",\"publisher\":{\"@id\":\"https:\\\/\\\/emf-consult.com\\\/nettbutikk\\\/#organization\"},\"potentialAction\":[{\"@type\":\"SearchAction\",\"target\":{\"@type\":\"EntryPoint\",\"urlTemplate\":\"https:\\\/\\\/emf-consult.com\\\/nettbutikk\\\/?s={search_term_string}\"},\"query-input\":{\"@type\":\"PropertyValueSpecification\",\"valueRequired\":true,\"valueName\":\"search_term_string\"}}],\"inLanguage\":\"nb-NO\"},{\"@type\":\"Organization\",\"@id\":\"https:\\\/\\\/emf-consult.com\\\/nettbutikk\\\/#organization\",\"name\":\"EMF Consult AS\",\"url\":\"https:\\\/\\\/emf-consult.com\\\/nettbutikk\\\/\",\"logo\":{\"@type\":\"ImageObject\",\"inLanguage\":\"nb-NO\",\"@id\":\"https:\\\/\\\/emf-consult.com\\\/nettbutikk\\\/#\\\/schema\\\/logo\\\/image\\\/\",\"url\":\"https:\\\/\\\/emf-consult.com\\\/nettbutikk\\\/wp-content\\\/uploads\\\/2022\\\/07\\\/cropped-Favikon-rod-e1658786300694.png\",\"contentUrl\":\"https:\\\/\\\/emf-consult.com\\\/nettbutikk\\\/wp-content\\\/uploads\\\/2022\\\/07\\\/cropped-Favikon-rod-e1658786300694.png\",\"width\":150,\"height\":150,\"caption\":\"EMF Consult AS\"},\"image\":{\"@id\":\"https:\\\/\\\/emf-consult.com\\\/nettbutikk\\\/#\\\/schema\\\/logo\\\/image\\\/\"},\"sameAs\":[\"https:\\\/\\\/www.facebook.com\\\/emfconsult\",\"https:\\\/\\\/www.linkedin.com\\\/company\\\/emf-consult\\\/\"]}]}<\/script>\n<!-- \/ Yoast SEO plugin. -->","yoast_head_json":{"title":"Gamma Scout str\u00e5lings detektor, oppladbar med USB-Port - EMF Consult","robots":{"index":"index","follow":"follow","max-snippet":"max-snippet:-1","max-image-preview":"max-image-preview:large","max-video-preview":"max-video-preview:-1"},"canonical":"https:\/\/emf-consult.com\/nettbutikk\/produkt\/gamma-scout-stralings-detektor-oppladbar-med-usb-port\/","og_locale":"nb_NO","og_type":"article","og_title":"Gamma Scout str\u00e5lings detektor, oppladbar med USB-Port - EMF Consult","og_description":"Hva gj\u00f8r Gamma-Scout overlegen sammenlignet med andre Geiger-tellere? Det er en rekke Geiger-tellere tilgjengelig p\u00e5 markedet i dag. Hva gj\u00f8r Gamma-Scout til et overlegen produkt? I tillegg til de allerede nevnte funksjoner er det to faktorer som b\u00f8r utheves:   Kjernekomponenten i hver Geiger-teller er et Geiger-M\u00fcller-teller\u00f8r. Blant eksperter er den mest kjente telle r\u00f8r av mindre dimensjon et produkt laget i USA (LND Incorporated). Det er dyrt, men h\u00f8yt kvalitet. Gamma-Scout opererer med dette teller\u00f8ret, som ogs\u00e5 kan m\u00e5le alfastr\u00e5ling (f.eks. Radongass\/plutonium). Billigere Geiger-tellere bruker teller\u00f8r av lavere kvalitet og kan bare m\u00e5le gammastr\u00e5ling.  Helserisikoen for\u00e5rsaket av \u00f8kt str\u00e5ling er spesielt h\u00f8y for langvarig eksponering. Dette er grunnen hvorfor str\u00e5levernforordningen ikke inneholder kortsiktige terskelverdier, men oppgir 20 millisieverts\/\u00e5r\u00a0 (= 20.000 mikrosievert\/\u00e5r). For daglig overv\u00e5king er det praktisk \u00e5 nedskalere det \u00e5rlige verdien til en timesverdi (for \u00e5 m\u00e5le minutter og sekunder), men hovedform\u00e5let er fortsatt \u00e5 kontrollere kumulativ verdi (kumulativ dose). For dette form\u00e5let m\u00e5 enheten telle og samle verdiene over en lang periode, noe som ikke er mulig hvis Geiger-telleren bare opererer i en time og er da avsl\u00e5tt. For kontinuerlig m\u00e5ling m\u00e5 batteriet vare i lang tid. Derfor, enheten m\u00e5 ha ekstremt lavt str\u00f8mforbruk. Gamma-Scouts str\u00f8mforbruk er s\u00e5 lavt (ca. 10 mikroampere i grunnleggende driftsmodus) som batteriet holder i mange \u00e5r. Fysikere sier at bestemmelse av ytterligere str\u00e5lingseksponering bare er mulig gjennom langsiktige data akkumulering. Ekstra str\u00e5lingseksponering dobler lett folks \u00e5rlige eksponering (fra ca. 2 til 4 mSv a) og skjer gjennom for eksempel medisinsk utstyr, flyreiser (5 til 10 \u00b5Sv\/h, som er 25 ganger til 50 ganger h\u00f8yere enn normal omgivende str\u00e5ling), og gjennom ferier i st\u00f8rre h\u00f8yder eller ved monazittimpregnerte sandstrender. For \u00e5 oppn\u00e5 solide m\u00e5leresultater for disse lave str\u00e5lingsniv\u00e5ene, b\u00f8r m\u00e5letiden v\u00e6re minst flere timer, eller enda bedre, flere dager.   Technical Data    Display Liquid-crystal display (LCD), 4-digit, numeric with dimension, quasi-analogue logarithmic bar chart. Operating mode indicators   Ray detector End-window alpha-beta-gamma detector counting tube according to the Geiger-M\u00fcller principle Stainless steel housing Measuring length 38.1 mm, measuring diameter 9.1 mm Mica window 1.5 to 2 mg\/cm2Zero rate &lt;10 pulses per minute with sreening by 3mm AI and 50mm Pb Operating temperature -20 bis +60\u00b0C, operating voltage approx. 450 V Calibrated scale 0.01 \u00b5Sv\/h up to 5000.00 \u00b5Sv\/h   Ray types a from 4 MeV;    \u00df from 0.2 MeV    y from 30 keV   Ray selection a + \u00df + y without shielding    \u00df + y AI foil approx. 0.1 mm, shields off a completely    y Al shielding approx. 3 mm, Shielding off a completely and \u00df to 2 MeV, weakens y less than 7% based on Cs-137   Recycling We recycle returned devices cost-free   Power consumption Less than 10 microamperes under environmental radiation   Memory 256 Kbyte (110,000 data sets)   Housing impact-resistant plastic   Dimensions Length 163 mm x width 72 mm x height 30 mm   Interference protections European CE standard, US-standard FCC-15       State November, 2015 (Right of modification reserved)","og_url":"https:\/\/emf-consult.com\/nettbutikk\/produkt\/gamma-scout-stralings-detektor-oppladbar-med-usb-port\/","og_site_name":"EMF Consult","article_publisher":"https:\/\/www.facebook.com\/emfconsult","article_modified_time":"2025-06-20T06:18:54+00:00","og_image":[{"width":1120,"height":1120,"url":"https:\/\/emf-consult.com\/nettbutikk\/wp-content\/uploads\/2020\/09\/gamma-scout-rechargeable-geiger-counter-radiation-meter.jpg","type":"image\/jpeg"}],"twitter_card":"summary_large_image","twitter_misc":{"Ansl. lesetid":"1 minutt"},"schema":{"@context":"https:\/\/schema.org","@graph":[{"@type":"WebPage","@id":"https:\/\/emf-consult.com\/nettbutikk\/produkt\/gamma-scout-stralings-detektor-oppladbar-med-usb-port\/","url":"https:\/\/emf-consult.com\/nettbutikk\/produkt\/gamma-scout-stralings-detektor-oppladbar-med-usb-port\/","name":"Gamma Scout str\u00e5lings detektor, oppladbar med USB-Port - EMF Consult","isPartOf":{"@id":"https:\/\/emf-consult.com\/nettbutikk\/#website"},"primaryImageOfPage":{"@id":"https:\/\/emf-consult.com\/nettbutikk\/produkt\/gamma-scout-stralings-detektor-oppladbar-med-usb-port\/#primaryimage"},"image":{"@id":"https:\/\/emf-consult.com\/nettbutikk\/produkt\/gamma-scout-stralings-detektor-oppladbar-med-usb-port\/#primaryimage"},"thumbnailUrl":"https:\/\/emf-consult.com\/nettbutikk\/wp-content\/uploads\/2020\/09\/gamma-scout-rechargeable-geiger-counter-radiation-meter.jpg","datePublished":"2020-10-01T06:27:44+00:00","dateModified":"2025-06-20T06:18:54+00:00","breadcrumb":{"@id":"https:\/\/emf-consult.com\/nettbutikk\/produkt\/gamma-scout-stralings-detektor-oppladbar-med-usb-port\/#breadcrumb"},"inLanguage":"nb-NO","potentialAction":[{"@type":"ReadAction","target":["https:\/\/emf-consult.com\/nettbutikk\/produkt\/gamma-scout-stralings-detektor-oppladbar-med-usb-port\/"]}]},{"@type":"ImageObject","inLanguage":"nb-NO","@id":"https:\/\/emf-consult.com\/nettbutikk\/produkt\/gamma-scout-stralings-detektor-oppladbar-med-usb-port\/#primaryimage","url":"https:\/\/emf-consult.com\/nettbutikk\/wp-content\/uploads\/2020\/09\/gamma-scout-rechargeable-geiger-counter-radiation-meter.jpg","contentUrl":"https:\/\/emf-consult.com\/nettbutikk\/wp-content\/uploads\/2020\/09\/gamma-scout-rechargeable-geiger-counter-radiation-meter.jpg","width":1120,"height":1120},{"@type":"BreadcrumbList","@id":"https:\/\/emf-consult.com\/nettbutikk\/produkt\/gamma-scout-stralings-detektor-oppladbar-med-usb-port\/#breadcrumb","itemListElement":[{"@type":"ListItem","position":1,"name":"Hjem","item":"https:\/\/emf-consult.com\/nettbutikk\/"},{"@type":"ListItem","position":2,"name":"Butikk","item":"https:\/\/emf-consult.com\/nettbutikk\/butikk\/"},{"@type":"ListItem","position":3,"name":"Gamma Scout str\u00e5lings detektor, oppladbar med USB-Port"}]},{"@type":"WebSite","@id":"https:\/\/emf-consult.com\/nettbutikk\/#website","url":"https:\/\/emf-consult.com\/nettbutikk\/","name":"EMF Consult","description":"Nettbutikk - Beskyttelse mot str\u00e5ling","publisher":{"@id":"https:\/\/emf-consult.com\/nettbutikk\/#organization"},"potentialAction":[{"@type":"SearchAction","target":{"@type":"EntryPoint","urlTemplate":"https:\/\/emf-consult.com\/nettbutikk\/?s={search_term_string}"},"query-input":{"@type":"PropertyValueSpecification","valueRequired":true,"valueName":"search_term_string"}}],"inLanguage":"nb-NO"},{"@type":"Organization","@id":"https:\/\/emf-consult.com\/nettbutikk\/#organization","name":"EMF Consult AS","url":"https:\/\/emf-consult.com\/nettbutikk\/","logo":{"@type":"ImageObject","inLanguage":"nb-NO","@id":"https:\/\/emf-consult.com\/nettbutikk\/#\/schema\/logo\/image\/","url":"https:\/\/emf-consult.com\/nettbutikk\/wp-content\/uploads\/2022\/07\/cropped-Favikon-rod-e1658786300694.png","contentUrl":"https:\/\/emf-consult.com\/nettbutikk\/wp-content\/uploads\/2022\/07\/cropped-Favikon-rod-e1658786300694.png","width":150,"height":150,"caption":"EMF Consult AS"},"image":{"@id":"https:\/\/emf-consult.com\/nettbutikk\/#\/schema\/logo\/image\/"},"sameAs":["https:\/\/www.facebook.com\/emfconsult","https:\/\/www.linkedin.com\/company\/emf-consult\/"]}]}},"_links":{"self":[{"href":"https:\/\/emf-consult.com\/nettbutikk\/wp-json\/wp\/v2\/product\/12237","targetHints":{"allow":["GET"]}}],"collection":[{"href":"https:\/\/emf-consult.com\/nettbutikk\/wp-json\/wp\/v2\/product"}],"about":[{"href":"https:\/\/emf-consult.com\/nettbutikk\/wp-json\/wp\/v2\/types\/product"}],"replies":[{"embeddable":true,"href":"https:\/\/emf-consult.com\/nettbutikk\/wp-json\/wp\/v2\/comments?post=12237"}],"wp:featuredmedia":[{"embeddable":true,"href":"https:\/\/emf-consult.com\/nettbutikk\/wp-json\/wp\/v2\/media\/12200"}],"wp:attachment":[{"href":"https:\/\/emf-consult.com\/nettbutikk\/wp-json\/wp\/v2\/media?parent=12237"}],"wp:term":[{"taxonomy":"product_brand","embeddable":true,"href":"https:\/\/emf-consult.com\/nettbutikk\/wp-json\/wp\/v2\/product_brand?post=12237"},{"taxonomy":"product_cat","embeddable":true,"href":"https:\/\/emf-consult.com\/nettbutikk\/wp-json\/wp\/v2\/product_cat?post=12237"},{"taxonomy":"product_tag","embeddable":true,"href":"https:\/\/emf-consult.com\/nettbutikk\/wp-json\/wp\/v2\/product_tag?post=12237"}],"curies":[{"name":"wp","href":"https:\/\/api.w.org\/{rel}","templated":true}]}}