{"id":1223,"date":"2017-03-30T16:39:04","date_gmt":"2017-03-30T14:39:04","guid":{"rendered":"https:\/\/emfconsult.nyside.net\/nettbutikk\/produkt\/skjermende-stoff-silver-tulle\/"},"modified":"2026-01-30T09:59:42","modified_gmt":"2026-01-30T08:59:42","slug":"skjermende-stoff-silver-tulle","status":"publish","type":"product","link":"https:\/\/emf-consult.com\/nettbutikk\/produkt\/skjermende-stoff-silver-tulle\/","title":{"rendered":"Skjermende stoff SILVER-TULLE"},"content":{"rendered":"<p>SILVER-TULLE er et\u00a0s\u00f8lv-beige transparent stoff for beskyttelse mot h\u00f8y-frekvens (HF) str\u00e5ling og lav-frekvens felt (LF).<\/p>\n<p>Kan brukes\u00a0som gardin, skillevegg eller som baldakin.<\/p>\n<ul>\n<li>SILVER-TULLE er halv-transparent og slipper inn godt med lys<\/li>\n<li>Et lett og luftig stoff med noe glans<\/li>\n<li>Tekstilegenskaper: Vaskbart, lett \u00e5\u00a0bearbeide<\/li>\n<li>Meget h\u00f8y kvalitet<\/li>\n<li>Demper HF str\u00e5ling med 48db (99,999%) ved 1GHz<\/li>\n<\/ul>\n<p>SILVER-TULLE kan\u00a0jordes\u00a0og skjermer for elektriske felt. Jordingsutstyr bestilles separate.<\/p>\n<p>EMF Consult kan v\u00e6re behjelpelig med \u00e5 f\u00e5 sydd etter m\u00e5l. Ta kontakt for \u00e5 avtale kundetilpassede gardiner og baldakiner.<\/p>\n","protected":false},"excerpt":{"rendered":"<ul>\n<li>Farge: S\u00f8lv-beige<\/li>\n<li>Bredde: 130 cm, + \/ \u2013 2 cm<\/li>\n<li>Lengde: Metervare<\/li>\n<li>Demping:\u00a048 dB ved 1 GHz<\/li>\n<li>Materialer: 80% nylon, 20%s\u00f8lv<\/li>\n<li>Overflate ledningsvne 0,8 ohm\/tomme<\/li>\n<\/ul>\n<p>Vaskes forsiktig p\u00e5\u00a030\u00b0C,\u00a0M\u00e5 ikke strykes eller\u00a0tr\u00f8kes i t\u00f8rketrommel,\u00a0T\u00f8rkes p\u00e5 lav temperature, M\u00e5 ikke blekes.<\/p>\n<p><strong>For allergikere:<\/strong> Nye stoffer kan lukte noe, vi anbefaler derfor at du vasker stoffet f\u00f8r bruk!<\/p>\n<p><strong>MERK:<\/strong> Stoffer som inneholder s\u00f8lv vil kunne misfarges over tid. Dette er en naturlig oksideringsprosess som er vanlig for stoffer inneholdende s\u00f8lv og noen ganger leveres nye produkter med slike misfarginger. Denne misfargingen har ingen negative effect p\u00e5 skjermingen og er ikke \u00e5 anse som kvalitets avvik.<\/p>\n","protected":false},"featured_media":1224,"comment_status":"open","ping_status":"closed","template":"","meta":[],"product_brand":[],"product_cat":[27,43],"product_tag":[104,99,100,101,102,103],"class_list":{"0":"post-1223","1":"product","2":"type-product","3":"status-publish","4":"has-post-thumbnail","6":"product_cat-skjermingsmateriell","7":"product_cat-stoff-gardiner","8":"product_tag-gardin","9":"product_tag-skjerming","10":"product_tag-soverom","11":"product_tag-sovn","12":"product_tag-sovnkvalitet","13":"product_tag-straling","15":"first","16":"outofstock","17":"taxable","18":"shipping-taxable","19":"purchasable","20":"product-type-variable"},"yoast_head":"<!-- This site is optimized with the Yoast SEO plugin v27.3 - https:\/\/yoast.com\/product\/yoast-seo-wordpress\/ -->\n<title>Skjermende stoff SILVER-TULLE - EMF Consult<\/title>\n<meta name=\"robots\" content=\"index, follow, max-snippet:-1, max-image-preview:large, max-video-preview:-1\" \/>\n<link rel=\"canonical\" href=\"https:\/\/emf-consult.com\/nettbutikk\/produkt\/skjermende-stoff-silver-tulle\/\" \/>\n<meta property=\"og:locale\" content=\"nb_NO\" \/>\n<meta property=\"og:type\" content=\"article\" \/>\n<meta property=\"og:title\" content=\"Skjermende stoff SILVER-TULLE - EMF Consult\" \/>\n<meta property=\"og:description\" content=\"Farge: S\u00f8lv-beige  Bredde: 130 cm, + \/ \u2013 2 cm  Lengde: Metervare  Demping:\u00a048 dB ved 1 GHz  Materialer: 80% nylon, 20%s\u00f8lv  Overflate ledningsvne 0,8 ohm\/tomme  Vaskes forsiktig p\u00e5\u00a030\u00b0C,\u00a0M\u00e5 ikke strykes eller\u00a0tr\u00f8kes i t\u00f8rketrommel,\u00a0T\u00f8rkes p\u00e5 lav temperature, M\u00e5 ikke blekes.  For allergikere: Nye stoffer kan lukte noe, vi anbefaler derfor at du vasker stoffet f\u00f8r bruk!  MERK: Stoffer som inneholder s\u00f8lv vil kunne misfarges over tid. Dette er en naturlig oksideringsprosess som er vanlig for stoffer inneholdende s\u00f8lv og noen ganger leveres nye produkter med slike misfarginger. Denne misfargingen har ingen negative effect p\u00e5 skjermingen og er ikke \u00e5 anse som kvalitets avvik.\" \/>\n<meta property=\"og:url\" content=\"https:\/\/emf-consult.com\/nettbutikk\/produkt\/skjermende-stoff-silver-tulle\/\" \/>\n<meta property=\"og:site_name\" content=\"EMF Consult\" \/>\n<meta property=\"article:publisher\" content=\"https:\/\/www.facebook.com\/emfconsult\" \/>\n<meta property=\"article:modified_time\" content=\"2026-01-30T08:59:42+00:00\" \/>\n<meta property=\"og:image\" content=\"https:\/\/emf-consult.com\/nettbutikk\/wp-content\/uploads\/2019\/11\/EMF-16-2.jpg\" \/>\n\t<meta property=\"og:image:width\" content=\"400\" \/>\n\t<meta property=\"og:image:height\" content=\"450\" \/>\n\t<meta property=\"og:image:type\" content=\"image\/jpeg\" \/>\n<meta name=\"twitter:card\" content=\"summary_large_image\" \/>\n<script type=\"application\/ld+json\" class=\"yoast-schema-graph\">{\"@context\":\"https:\\\/\\\/schema.org\",\"@graph\":[{\"@type\":\"WebPage\",\"@id\":\"https:\\\/\\\/emf-consult.com\\\/nettbutikk\\\/produkt\\\/skjermende-stoff-silver-tulle\\\/\",\"url\":\"https:\\\/\\\/emf-consult.com\\\/nettbutikk\\\/produkt\\\/skjermende-stoff-silver-tulle\\\/\",\"name\":\"Skjermende stoff SILVER-TULLE - EMF Consult\",\"isPartOf\":{\"@id\":\"https:\\\/\\\/emf-consult.com\\\/nettbutikk\\\/#website\"},\"primaryImageOfPage\":{\"@id\":\"https:\\\/\\\/emf-consult.com\\\/nettbutikk\\\/produkt\\\/skjermende-stoff-silver-tulle\\\/#primaryimage\"},\"image\":{\"@id\":\"https:\\\/\\\/emf-consult.com\\\/nettbutikk\\\/produkt\\\/skjermende-stoff-silver-tulle\\\/#primaryimage\"},\"thumbnailUrl\":\"https:\\\/\\\/emf-consult.com\\\/nettbutikk\\\/wp-content\\\/uploads\\\/2019\\\/11\\\/EMF-16-2.jpg\",\"datePublished\":\"2017-03-30T14:39:04+00:00\",\"dateModified\":\"2026-01-30T08:59:42+00:00\",\"breadcrumb\":{\"@id\":\"https:\\\/\\\/emf-consult.com\\\/nettbutikk\\\/produkt\\\/skjermende-stoff-silver-tulle\\\/#breadcrumb\"},\"inLanguage\":\"nb-NO\",\"potentialAction\":[{\"@type\":\"ReadAction\",\"target\":[\"https:\\\/\\\/emf-consult.com\\\/nettbutikk\\\/produkt\\\/skjermende-stoff-silver-tulle\\\/\"]}]},{\"@type\":\"ImageObject\",\"inLanguage\":\"nb-NO\",\"@id\":\"https:\\\/\\\/emf-consult.com\\\/nettbutikk\\\/produkt\\\/skjermende-stoff-silver-tulle\\\/#primaryimage\",\"url\":\"https:\\\/\\\/emf-consult.com\\\/nettbutikk\\\/wp-content\\\/uploads\\\/2019\\\/11\\\/EMF-16-2.jpg\",\"contentUrl\":\"https:\\\/\\\/emf-consult.com\\\/nettbutikk\\\/wp-content\\\/uploads\\\/2019\\\/11\\\/EMF-16-2.jpg\",\"width\":400,\"height\":450,\"caption\":\"Skjermende stoff SILVER-TULLE\"},{\"@type\":\"BreadcrumbList\",\"@id\":\"https:\\\/\\\/emf-consult.com\\\/nettbutikk\\\/produkt\\\/skjermende-stoff-silver-tulle\\\/#breadcrumb\",\"itemListElement\":[{\"@type\":\"ListItem\",\"position\":1,\"name\":\"Hjem\",\"item\":\"https:\\\/\\\/emf-consult.com\\\/nettbutikk\\\/\"},{\"@type\":\"ListItem\",\"position\":2,\"name\":\"Butikk\",\"item\":\"https:\\\/\\\/emf-consult.com\\\/nettbutikk\\\/butikk\\\/\"},{\"@type\":\"ListItem\",\"position\":3,\"name\":\"Skjermende stoff SILVER-TULLE\"}]},{\"@type\":\"WebSite\",\"@id\":\"https:\\\/\\\/emf-consult.com\\\/nettbutikk\\\/#website\",\"url\":\"https:\\\/\\\/emf-consult.com\\\/nettbutikk\\\/\",\"name\":\"EMF Consult\",\"description\":\"Nettbutikk - Beskyttelse mot str\u00e5ling\",\"publisher\":{\"@id\":\"https:\\\/\\\/emf-consult.com\\\/nettbutikk\\\/#organization\"},\"potentialAction\":[{\"@type\":\"SearchAction\",\"target\":{\"@type\":\"EntryPoint\",\"urlTemplate\":\"https:\\\/\\\/emf-consult.com\\\/nettbutikk\\\/?s={search_term_string}\"},\"query-input\":{\"@type\":\"PropertyValueSpecification\",\"valueRequired\":true,\"valueName\":\"search_term_string\"}}],\"inLanguage\":\"nb-NO\"},{\"@type\":\"Organization\",\"@id\":\"https:\\\/\\\/emf-consult.com\\\/nettbutikk\\\/#organization\",\"name\":\"EMF Consult AS\",\"url\":\"https:\\\/\\\/emf-consult.com\\\/nettbutikk\\\/\",\"logo\":{\"@type\":\"ImageObject\",\"inLanguage\":\"nb-NO\",\"@id\":\"https:\\\/\\\/emf-consult.com\\\/nettbutikk\\\/#\\\/schema\\\/logo\\\/image\\\/\",\"url\":\"https:\\\/\\\/emf-consult.com\\\/nettbutikk\\\/wp-content\\\/uploads\\\/2022\\\/07\\\/cropped-Favikon-rod-e1658786300694.png\",\"contentUrl\":\"https:\\\/\\\/emf-consult.com\\\/nettbutikk\\\/wp-content\\\/uploads\\\/2022\\\/07\\\/cropped-Favikon-rod-e1658786300694.png\",\"width\":150,\"height\":150,\"caption\":\"EMF Consult AS\"},\"image\":{\"@id\":\"https:\\\/\\\/emf-consult.com\\\/nettbutikk\\\/#\\\/schema\\\/logo\\\/image\\\/\"},\"sameAs\":[\"https:\\\/\\\/www.facebook.com\\\/emfconsult\",\"https:\\\/\\\/www.linkedin.com\\\/company\\\/emf-consult\\\/\"]}]}<\/script>\n<!-- \/ Yoast SEO plugin. -->","yoast_head_json":{"title":"Skjermende stoff SILVER-TULLE - EMF Consult","robots":{"index":"index","follow":"follow","max-snippet":"max-snippet:-1","max-image-preview":"max-image-preview:large","max-video-preview":"max-video-preview:-1"},"canonical":"https:\/\/emf-consult.com\/nettbutikk\/produkt\/skjermende-stoff-silver-tulle\/","og_locale":"nb_NO","og_type":"article","og_title":"Skjermende stoff SILVER-TULLE - EMF Consult","og_description":"Farge: S\u00f8lv-beige  Bredde: 130 cm, + \/ \u2013 2 cm  Lengde: Metervare  Demping:\u00a048 dB ved 1 GHz  Materialer: 80% nylon, 20%s\u00f8lv  Overflate ledningsvne 0,8 ohm\/tomme  Vaskes forsiktig p\u00e5\u00a030\u00b0C,\u00a0M\u00e5 ikke strykes eller\u00a0tr\u00f8kes i t\u00f8rketrommel,\u00a0T\u00f8rkes p\u00e5 lav temperature, M\u00e5 ikke blekes.  For allergikere: Nye stoffer kan lukte noe, vi anbefaler derfor at du vasker stoffet f\u00f8r bruk!  MERK: Stoffer som inneholder s\u00f8lv vil kunne misfarges over tid. Dette er en naturlig oksideringsprosess som er vanlig for stoffer inneholdende s\u00f8lv og noen ganger leveres nye produkter med slike misfarginger. Denne misfargingen har ingen negative effect p\u00e5 skjermingen og er ikke \u00e5 anse som kvalitets avvik.","og_url":"https:\/\/emf-consult.com\/nettbutikk\/produkt\/skjermende-stoff-silver-tulle\/","og_site_name":"EMF Consult","article_publisher":"https:\/\/www.facebook.com\/emfconsult","article_modified_time":"2026-01-30T08:59:42+00:00","og_image":[{"width":400,"height":450,"url":"https:\/\/emf-consult.com\/nettbutikk\/wp-content\/uploads\/2019\/11\/EMF-16-2.jpg","type":"image\/jpeg"}],"twitter_card":"summary_large_image","schema":{"@context":"https:\/\/schema.org","@graph":[{"@type":"WebPage","@id":"https:\/\/emf-consult.com\/nettbutikk\/produkt\/skjermende-stoff-silver-tulle\/","url":"https:\/\/emf-consult.com\/nettbutikk\/produkt\/skjermende-stoff-silver-tulle\/","name":"Skjermende stoff SILVER-TULLE - EMF Consult","isPartOf":{"@id":"https:\/\/emf-consult.com\/nettbutikk\/#website"},"primaryImageOfPage":{"@id":"https:\/\/emf-consult.com\/nettbutikk\/produkt\/skjermende-stoff-silver-tulle\/#primaryimage"},"image":{"@id":"https:\/\/emf-consult.com\/nettbutikk\/produkt\/skjermende-stoff-silver-tulle\/#primaryimage"},"thumbnailUrl":"https:\/\/emf-consult.com\/nettbutikk\/wp-content\/uploads\/2019\/11\/EMF-16-2.jpg","datePublished":"2017-03-30T14:39:04+00:00","dateModified":"2026-01-30T08:59:42+00:00","breadcrumb":{"@id":"https:\/\/emf-consult.com\/nettbutikk\/produkt\/skjermende-stoff-silver-tulle\/#breadcrumb"},"inLanguage":"nb-NO","potentialAction":[{"@type":"ReadAction","target":["https:\/\/emf-consult.com\/nettbutikk\/produkt\/skjermende-stoff-silver-tulle\/"]}]},{"@type":"ImageObject","inLanguage":"nb-NO","@id":"https:\/\/emf-consult.com\/nettbutikk\/produkt\/skjermende-stoff-silver-tulle\/#primaryimage","url":"https:\/\/emf-consult.com\/nettbutikk\/wp-content\/uploads\/2019\/11\/EMF-16-2.jpg","contentUrl":"https:\/\/emf-consult.com\/nettbutikk\/wp-content\/uploads\/2019\/11\/EMF-16-2.jpg","width":400,"height":450,"caption":"Skjermende stoff SILVER-TULLE"},{"@type":"BreadcrumbList","@id":"https:\/\/emf-consult.com\/nettbutikk\/produkt\/skjermende-stoff-silver-tulle\/#breadcrumb","itemListElement":[{"@type":"ListItem","position":1,"name":"Hjem","item":"https:\/\/emf-consult.com\/nettbutikk\/"},{"@type":"ListItem","position":2,"name":"Butikk","item":"https:\/\/emf-consult.com\/nettbutikk\/butikk\/"},{"@type":"ListItem","position":3,"name":"Skjermende stoff SILVER-TULLE"}]},{"@type":"WebSite","@id":"https:\/\/emf-consult.com\/nettbutikk\/#website","url":"https:\/\/emf-consult.com\/nettbutikk\/","name":"EMF Consult","description":"Nettbutikk - Beskyttelse mot str\u00e5ling","publisher":{"@id":"https:\/\/emf-consult.com\/nettbutikk\/#organization"},"potentialAction":[{"@type":"SearchAction","target":{"@type":"EntryPoint","urlTemplate":"https:\/\/emf-consult.com\/nettbutikk\/?s={search_term_string}"},"query-input":{"@type":"PropertyValueSpecification","valueRequired":true,"valueName":"search_term_string"}}],"inLanguage":"nb-NO"},{"@type":"Organization","@id":"https:\/\/emf-consult.com\/nettbutikk\/#organization","name":"EMF Consult AS","url":"https:\/\/emf-consult.com\/nettbutikk\/","logo":{"@type":"ImageObject","inLanguage":"nb-NO","@id":"https:\/\/emf-consult.com\/nettbutikk\/#\/schema\/logo\/image\/","url":"https:\/\/emf-consult.com\/nettbutikk\/wp-content\/uploads\/2022\/07\/cropped-Favikon-rod-e1658786300694.png","contentUrl":"https:\/\/emf-consult.com\/nettbutikk\/wp-content\/uploads\/2022\/07\/cropped-Favikon-rod-e1658786300694.png","width":150,"height":150,"caption":"EMF Consult AS"},"image":{"@id":"https:\/\/emf-consult.com\/nettbutikk\/#\/schema\/logo\/image\/"},"sameAs":["https:\/\/www.facebook.com\/emfconsult","https:\/\/www.linkedin.com\/company\/emf-consult\/"]}]}},"_links":{"self":[{"href":"https:\/\/emf-consult.com\/nettbutikk\/wp-json\/wp\/v2\/product\/1223","targetHints":{"allow":["GET"]}}],"collection":[{"href":"https:\/\/emf-consult.com\/nettbutikk\/wp-json\/wp\/v2\/product"}],"about":[{"href":"https:\/\/emf-consult.com\/nettbutikk\/wp-json\/wp\/v2\/types\/product"}],"replies":[{"embeddable":true,"href":"https:\/\/emf-consult.com\/nettbutikk\/wp-json\/wp\/v2\/comments?post=1223"}],"wp:featuredmedia":[{"embeddable":true,"href":"https:\/\/emf-consult.com\/nettbutikk\/wp-json\/wp\/v2\/media\/1224"}],"wp:attachment":[{"href":"https:\/\/emf-consult.com\/nettbutikk\/wp-json\/wp\/v2\/media?parent=1223"}],"wp:term":[{"taxonomy":"product_brand","embeddable":true,"href":"https:\/\/emf-consult.com\/nettbutikk\/wp-json\/wp\/v2\/product_brand?post=1223"},{"taxonomy":"product_cat","embeddable":true,"href":"https:\/\/emf-consult.com\/nettbutikk\/wp-json\/wp\/v2\/product_cat?post=1223"},{"taxonomy":"product_tag","embeddable":true,"href":"https:\/\/emf-consult.com\/nettbutikk\/wp-json\/wp\/v2\/product_tag?post=1223"}],"curies":[{"name":"wp","href":"https:\/\/api.w.org\/{rel}","templated":true}]}}