{"id":11475,"date":"2020-04-01T11:03:46","date_gmt":"2020-04-01T11:03:46","guid":{"rendered":"https:\/\/emf-consult.com\/nettbutikk\/?post_type=product&#038;p=11475"},"modified":"2026-03-28T16:20:41","modified_gmt":"2026-03-28T15:20:41","slug":"leie-av-hf-lf-analysator-sett-ed88tplus-me3830b-pris-pr-uke","status":"publish","type":"product","link":"https:\/\/emf-consult.com\/nettbutikk\/produkt\/leie-av-hf-lf-analysator-sett-ed88tplus-me3830b-pris-pr-uke\/","title":{"rendered":"Leie av HF\/LF analysator sett ED88TPlus\/ME3830B (pris pr. uke)"},"content":{"rendered":"<p>En m\u00e5lepakke med to m\u00e5leapparater, ED88TPlus og ME3830B.<\/p>\n<p><strong>ED88TPlus m\u00e5ler HF-\/ LF felektromagnetiske felt i m\u00e5leomr\u00e5dene 100MHz-8GHz \/ 50Hz-10KHz.<\/strong><br \/>\nEn feltstyrkem\u00e5ler med b\u00e5de numerisk-, visuell-, lyd- og lys indikasjon.<br \/>\nKan logge og lagre inntil 1000 m\u00e5lepunkter hvert o,5 sek, 1 sek, 10 sek, 1 min, eller 3 min. Dette tillater inntil 50 timer logging som kan overf\u00f8res til PC via USB.<br \/>\nN\u00e5r ED88TPlus er tilkoblet PC via USB for langtidslogging vil denne\u00a0bruke spenning fra USB.<\/p>\n<p>Et rimelig og godt alternativ for m\u00e5ling av str\u00e5lingen i ditt hjem, p\u00e5 din arbeidsplass eller ditt n\u00e6rmilj\u00f8, og en god reisevenn.<\/p>\n<p>Funksjoner:<\/p>\n<p>Elektromagnetisk feltstyrke m\u00e5ling. B\u00e5de lav frekvens og h\u00f8y frekvens.<br \/>\nMobiltelefon basestasjon str\u00e5lingssikkerhet m\u00e5ling.<br \/>\nDeteksjon av Telekommunikasjon (TETRA, GSM, DECT, 3G, 4G).<br \/>\nDeteksjon av Tr\u00e5dl\u00f8se nett (WLAN, Wi-Fi), Smart meter, Spionkamera, Mikrob\u00f8lgeovn lekkasje.<br \/>\nViser frekvensen til det dominerende signalet i m\u00e5leomr\u00e5det 100MHz &#8211; 2.7GHz. NB: Viser kun frekvens n\u00e5r signalet er over 180 \u00b5W\/m2. Ved en blanding av forskjellige kilder kan denne frekvensverdien v\u00e6re noe ustabil.<\/p>\n<p>M\u00e5ler ogs\u00e5 Magnetiske felt og Elektriske felt.<\/p>\n<p>Norsk bruksanvisning &#8211;&gt; <a href=\"https:\/\/emf-consult.com\/nettbutikk\/wp-content\/uploads\/2016\/11\/Bruksanvisning-Cornet-ED88TPlus-rev4.pdf\" target=\"_blank\" rel=\"noopener noreferrer\">Bruksanvisning Cornet ED88TPlus v4<\/a><\/p>\n<p>&nbsp;<\/p>\n<p><strong>ME3830B\u00a0m\u00e5ler lavfrekvens magnetiske felt (M-felt) og elektriske felt (E-felt) i m\u00e5leomr\u00e5det 16 Hz \u2013 100 KHz.<\/strong><\/p>\n<p>Brukes for \u00e5 m\u00e5le elektromagnetiske felt fra den elektriske installasjonen i hjemmet\/kontoret og utstyr knyttet til dette.<\/p>\n<p>Apparatet er meget enkelt \u00e5 betjene og har en skala som er lett \u00e5 lese. M\u00e5leverdiene angis i enheter som er vanlig brukt (V\/m og nT) \u2013 ingen omregning er n\u00f8dvendig n\u00e5r en skal sammenligne med grenseverdier.<\/p>\n<p>Apparatet har lydsignal som kan sl\u00e5s av\/p\u00e5. Lydsignalet varierer med feltstyrken \u2013 en funksjon som er nyttig n\u00e5r en skal finne str\u00e5lingskilder.<\/p>\n<p>Instrumentet er s\u00e5kalt en-akset type (feltene m\u00e5les i en akse om gangen).<\/p>\n<p>Norsk bruksanvisning &#8211;&gt; <a href=\"https:\/\/emf-consult.com\/nettbutikk\/wp-content\/uploads\/2020\/04\/Bruksanvisning-ME3830B-v1.pdf\" target=\"_blank\" rel=\"noopener noreferrer\">Bruksanvisning ME3830B<\/a><\/p>\n<p>MERK: Leietaker betaler returporto med Postnord<\/p>\n<h4><strong>PS: Vi anbefaler at alle som leier m\u00e5leapparat f\u00f8rst leser v\u00e5r gratis <\/strong><b>veileder <span style=\"color: #ff0000;\"><a style=\"color: #ff0000;\" href=\"https:\/\/emf-consult.com\/wp-content\/uploads\/2021\/01\/E-bok-EMF-Maling-enkel-rev03.pdf\" target=\"_blank\" rel=\"noopener\">M\u00e5ling av elektromagnetiske felt<\/a>.<\/span>\u00a0 <\/b><strong>Om du trenger hjelp til \u00e5 tolke m\u00e5leresultatene og f\u00e5 konkrete forslag til EMF-reduserende tiltak kan du kombinere leie av m\u00e5leapparat med en <span style=\"color: #ff0000;\"><a style=\"color: #ff0000;\" href=\"https:\/\/emf-consult.com\/nettbutikk\/produkt\/virtuell-emf-undersokelse\/\" target=\"_blank\" rel=\"noopener\">Virtuell EMF-unders\u00f8kelse<\/a><\/span>. Dette kan du eventuelt kontakte oss og bestille i ettertid.<\/strong><\/h4>\n<p><em>Disse m\u00e5leapparatene er designet for \u00e5 f\u00e5 en rask EMF-evaluering av ditt bomilj\u00f8 og er kun til referansebruk. Offisielle EMF-m\u00e5leprosedyrer er komplisert og b\u00f8r h\u00e5ndteres av en trenet teknisk person med laboratorieinstrumenter. Vennligst ikke bruk apparatene i medisinske, juridiske, kommersielle form\u00e5l eller andre relaterte applikasjoner (kun til personlig bruk).<\/em><\/p>\n","protected":false},"excerpt":{"rendered":"<p>ED88TPlus: Tre operasjonsmodus: HF Feltstyrke, LF Gauss meter modus og E-felt meter.<\/p>\n<p><strong>Frekvens:<\/strong><br \/>\n\u2022 HF: 100 MHz til 8 GHz (-60 dBm til +5 dBm), (0.5 \u00b5w\/m2 til 1.8 w\/m2), (14 mV\/m til 26.2 V\/m)<br \/>\n\u2022 Viser frekvens til sterkeste signal i frekvensomr\u00e5det 100MHz &#8211; 2,7GHz<br \/>\n\u2022 LF1: 50 til 10KHz (0.1 \u00b5T til 60 \u00b5T) \/ (1 mg til 600 mg), tilsvarende 100 nT til 60.000 nT<br \/>\n\u2022 LF2: 50 til 1 kHz (0.01 \u00b5T til 1 \u00b5T) \/ (0,1 mg til 10 mg), tilsvarende 10 nT til 1000 nT<br \/>\n\u2022 E-felt: 50 Hz til 50 kHz (10 V\/m til 1000 V\/m)<br \/>\n\u2022 LCD-skjerm med histogram og stolpediagram for \u00e5 vise felt tetthet.<br \/>\n\u2022 LCD-baklys: 15 sekunder auto-av og manuell p\u00e5\/av kontroll.<br \/>\n\u2022 Samplingrate: 10000\/sec.<br \/>\n\u2022 Skjerm oppdateringshastighet: 2\/sec.<br \/>\n\u2022 Feilrate: HF +\/- 3.5 dBm, LF: 20%, EField 25%<br \/>\n\u2022 Analog HF (AM, FM) og Digital HF (TETRA, GSM, 3G, 4G, DECT, Bluetooth, WiFi, WiMAX 2,4 GHz, 3,6 GHz, 5.8 GHz).<br \/>\n\u2022 Max og Hold funksjon, mW\/m2, V\/m, dBm, MG, \u00b5T.<br \/>\n\u2022 Gjennomsnittlig m\u00e5ling, lydutgang, kalibrering korreksjon.<br \/>\n\u2022 \u00d8replugg utgang, 3,5mm<br \/>\n\u2022 Lyd volumkontroll og programmerbar lydalarm trigger niv\u00e5.<br \/>\n\u2022 N\u00f8yaktig, lett \u00e5 bruke, utmerket for personlig elektrosmog eksponering og evaluering av bomilj\u00f8, for eksempel i n\u00e6rheten Mobiltelefon basestasjon eller transformatorstasjoner.<br \/>\n\u2022 Liten, kompakt h\u00e5ndholdt design, 69 mm x 110 mm.<br \/>\n\u2022 Batteridrevet (9V DC) &#8211; ett batteri er inkludert.<\/p>\n<p>NB: Dette instrumentet er bra for m\u00e5ling av h\u00f8yfrekvens str\u00e5ling, og lavfrekvens magnetfelt fra huset str\u00f8mnett. ED88TPlus vil dog ikke kunne m\u00e5le lavfrekvens elektromagnetisk st\u00f8y fra for eksempel sparep\u00e6rer, lysstoffr\u00f8r, induksjonsovner, induktivt ladeutstyr og jernbane. Vi anbefaler derfor alltid \u00e5 supplere ED88tPlus med f.eks. <a href=\"\/nettbutikk\/produkt\/lf-analysator-me-3830b\/\">ME3830B<\/a>, et lavfrekvensinstrument i m\u00e5leomr\u00e5det 16Hz-100KHz<\/p>\n<p>ME3830B: T0 operasjonsmodus: LF Gauss meter modus og E-felt meter.<\/p>\n<p>Frekvensomr\u00e5de:<br \/>\n16 Hz \u2013 100 KHz (kompensert, bedre enn -2 dB).<\/p>\n<p>M\u00e5leomr\u00e5de:<br \/>\nMagnetisk felt (flukstetthet): 1 \u2013 1999 nT<br \/>\nElektrisk feltstyrke: 1 \u2013 1999 V\/m<\/p>\n<p>N\u00f8yaktighet: +\/- 2 %, +\/- 14 siffer @ 50\/60 Hz<\/p>\n<p>Sensor:<br \/>\nE-felt sensor for elektrisk LF- felt (en-akset)<br \/>\nH-felt sensor for magnetisk LF-felt (en-akset)<\/p>\n<p>Audio analyse: Akustisk signal som er proporsjonalt med feltstyrke \u201cGeiger-teller effekt\u201d<br \/>\nStr\u00f8mforsyning: 9 Volt Alkaline batteri (inkludert), gjennomsnittlig brukstid 24 \u2013 36 timer.<\/p>\n","protected":false},"featured_media":4703,"comment_status":"open","ping_status":"closed","template":"","meta":[],"product_brand":[],"product_cat":[22,24],"product_tag":[],"class_list":{"0":"post-11475","1":"product","2":"type-product","3":"status-publish","4":"has-post-thumbnail","6":"product_cat-maleinstrument-pakker-lf-hf","7":"product_cat-utleie-av-maleapparat","9":"first","10":"onbackorder","11":"taxable","12":"shipping-taxable","13":"purchasable","14":"product-type-simple"},"yoast_head":"<!-- This site is optimized with the Yoast SEO plugin v27.4 - https:\/\/yoast.com\/product\/yoast-seo-wordpress\/ -->\n<title>Leie av HF\/LF analysator sett ED88TPlus\/ME3830B (pris pr. uke) - EMF Consult<\/title>\n<meta name=\"robots\" content=\"index, follow, max-snippet:-1, max-image-preview:large, max-video-preview:-1\" \/>\n<link rel=\"canonical\" href=\"https:\/\/emf-consult.com\/nettbutikk\/produkt\/leie-av-hf-lf-analysator-sett-ed88tplus-me3830b-pris-pr-uke\/\" \/>\n<meta property=\"og:locale\" content=\"nb_NO\" \/>\n<meta property=\"og:type\" content=\"article\" \/>\n<meta property=\"og:title\" content=\"Leie av HF\/LF analysator sett ED88TPlus\/ME3830B (pris pr. uke) - EMF Consult\" \/>\n<meta property=\"og:description\" content=\"ED88TPlus: Tre operasjonsmodus: HF Feltstyrke, LF Gauss meter modus og E-felt meter.  Frekvens: \u2022 HF: 100 MHz til 8 GHz (-60 dBm til +5 dBm), (0.5 \u00b5w\/m2 til 1.8 w\/m2), (14 mV\/m til 26.2 V\/m) \u2022 Viser frekvens til sterkeste signal i frekvensomr\u00e5det 100MHz - 2,7GHz \u2022 LF1: 50 til 10KHz (0.1 \u00b5T til 60 \u00b5T) \/ (1 mg til 600 mg), tilsvarende 100 nT til 60.000 nT \u2022 LF2: 50 til 1 kHz (0.01 \u00b5T til 1 \u00b5T) \/ (0,1 mg til 10 mg), tilsvarende 10 nT til 1000 nT \u2022 E-felt: 50 Hz til 50 kHz (10 V\/m til 1000 V\/m) \u2022 LCD-skjerm med histogram og stolpediagram for \u00e5 vise felt tetthet. \u2022 LCD-baklys: 15 sekunder auto-av og manuell p\u00e5\/av kontroll. \u2022 Samplingrate: 10000\/sec. \u2022 Skjerm oppdateringshastighet: 2\/sec. \u2022 Feilrate: HF +\/- 3.5 dBm, LF: 20%, EField 25% \u2022 Analog HF (AM, FM) og Digital HF (TETRA, GSM, 3G, 4G, DECT, Bluetooth, WiFi, WiMAX 2,4 GHz, 3,6 GHz, 5.8 GHz). \u2022 Max og Hold funksjon, mW\/m2, V\/m, dBm, MG, \u00b5T. \u2022 Gjennomsnittlig m\u00e5ling, lydutgang, kalibrering korreksjon. \u2022 \u00d8replugg utgang, 3,5mm \u2022 Lyd volumkontroll og programmerbar lydalarm trigger niv\u00e5. \u2022 N\u00f8yaktig, lett \u00e5 bruke, utmerket for personlig elektrosmog eksponering og evaluering av bomilj\u00f8, for eksempel i n\u00e6rheten Mobiltelefon basestasjon eller transformatorstasjoner. \u2022 Liten, kompakt h\u00e5ndholdt design, 69 mm x 110 mm. \u2022 Batteridrevet (9V DC) - ett batteri er inkludert.  NB: Dette instrumentet er bra for m\u00e5ling av h\u00f8yfrekvens str\u00e5ling, og lavfrekvens magnetfelt fra huset str\u00f8mnett. ED88TPlus vil dog ikke kunne m\u00e5le lavfrekvens elektromagnetisk st\u00f8y fra for eksempel sparep\u00e6rer, lysstoffr\u00f8r, induksjonsovner, induktivt ladeutstyr og jernbane. Vi anbefaler derfor alltid \u00e5 supplere ED88tPlus med f.eks. ME3830B, et lavfrekvensinstrument i m\u00e5leomr\u00e5det 16Hz-100KHz  ME3830B: T0 operasjonsmodus: LF Gauss meter modus og E-felt meter.  Frekvensomr\u00e5de: 16 Hz \u2013 100 KHz (kompensert, bedre enn -2 dB).  M\u00e5leomr\u00e5de: Magnetisk felt (flukstetthet): 1 \u2013 1999 nT Elektrisk feltstyrke: 1 \u2013 1999 V\/m  N\u00f8yaktighet: +\/- 2 %, +\/- 14 siffer @ 50\/60 Hz  Sensor: E-felt sensor for elektrisk LF- felt (en-akset) H-felt sensor for magnetisk LF-felt (en-akset)  Audio analyse: Akustisk signal som er proporsjonalt med feltstyrke \u201cGeiger-teller effekt\u201d Str\u00f8mforsyning: 9 Volt Alkaline batteri (inkludert), gjennomsnittlig brukstid 24 \u2013 36 timer.\" \/>\n<meta property=\"og:url\" content=\"https:\/\/emf-consult.com\/nettbutikk\/produkt\/leie-av-hf-lf-analysator-sett-ed88tplus-me3830b-pris-pr-uke\/\" \/>\n<meta property=\"og:site_name\" content=\"EMF Consult\" \/>\n<meta property=\"article:publisher\" content=\"https:\/\/www.facebook.com\/emfconsult\" \/>\n<meta property=\"article:modified_time\" content=\"2026-03-28T15:20:41+00:00\" \/>\n<meta property=\"og:image\" content=\"https:\/\/emf-consult.com\/nettbutikk\/wp-content\/uploads\/2019\/11\/M\u00e5lesett-e1544400977675.jpg\" \/>\n\t<meta property=\"og:image:width\" content=\"450\" \/>\n\t<meta property=\"og:image:height\" content=\"450\" \/>\n\t<meta property=\"og:image:type\" content=\"image\/jpeg\" \/>\n<meta name=\"twitter:card\" content=\"summary_large_image\" \/>\n<meta name=\"twitter:label1\" content=\"Ansl. lesetid\" \/>\n\t<meta name=\"twitter:data1\" content=\"3 minutter\" \/>\n<script type=\"application\/ld+json\" class=\"yoast-schema-graph\">{\"@context\":\"https:\\\/\\\/schema.org\",\"@graph\":[{\"@type\":\"WebPage\",\"@id\":\"https:\\\/\\\/emf-consult.com\\\/nettbutikk\\\/produkt\\\/leie-av-hf-lf-analysator-sett-ed88tplus-me3830b-pris-pr-uke\\\/\",\"url\":\"https:\\\/\\\/emf-consult.com\\\/nettbutikk\\\/produkt\\\/leie-av-hf-lf-analysator-sett-ed88tplus-me3830b-pris-pr-uke\\\/\",\"name\":\"Leie av HF\\\/LF analysator sett ED88TPlus\\\/ME3830B (pris pr. uke) - EMF Consult\",\"isPartOf\":{\"@id\":\"https:\\\/\\\/emf-consult.com\\\/nettbutikk\\\/#website\"},\"primaryImageOfPage\":{\"@id\":\"https:\\\/\\\/emf-consult.com\\\/nettbutikk\\\/produkt\\\/leie-av-hf-lf-analysator-sett-ed88tplus-me3830b-pris-pr-uke\\\/#primaryimage\"},\"image\":{\"@id\":\"https:\\\/\\\/emf-consult.com\\\/nettbutikk\\\/produkt\\\/leie-av-hf-lf-analysator-sett-ed88tplus-me3830b-pris-pr-uke\\\/#primaryimage\"},\"thumbnailUrl\":\"https:\\\/\\\/emf-consult.com\\\/nettbutikk\\\/wp-content\\\/uploads\\\/2019\\\/11\\\/M\u00e5lesett-e1544400977675.jpg\",\"datePublished\":\"2020-04-01T11:03:46+00:00\",\"dateModified\":\"2026-03-28T15:20:41+00:00\",\"breadcrumb\":{\"@id\":\"https:\\\/\\\/emf-consult.com\\\/nettbutikk\\\/produkt\\\/leie-av-hf-lf-analysator-sett-ed88tplus-me3830b-pris-pr-uke\\\/#breadcrumb\"},\"inLanguage\":\"nb-NO\",\"potentialAction\":[{\"@type\":\"ReadAction\",\"target\":[\"https:\\\/\\\/emf-consult.com\\\/nettbutikk\\\/produkt\\\/leie-av-hf-lf-analysator-sett-ed88tplus-me3830b-pris-pr-uke\\\/\"]}]},{\"@type\":\"ImageObject\",\"inLanguage\":\"nb-NO\",\"@id\":\"https:\\\/\\\/emf-consult.com\\\/nettbutikk\\\/produkt\\\/leie-av-hf-lf-analysator-sett-ed88tplus-me3830b-pris-pr-uke\\\/#primaryimage\",\"url\":\"https:\\\/\\\/emf-consult.com\\\/nettbutikk\\\/wp-content\\\/uploads\\\/2019\\\/11\\\/M\u00e5lesett-e1544400977675.jpg\",\"contentUrl\":\"https:\\\/\\\/emf-consult.com\\\/nettbutikk\\\/wp-content\\\/uploads\\\/2019\\\/11\\\/M\u00e5lesett-e1544400977675.jpg\",\"width\":450,\"height\":450,\"caption\":\"Leie av HF\\\/LF analysator sett ED88TPlus\\\/ME3830B (pris pr. uke)\"},{\"@type\":\"BreadcrumbList\",\"@id\":\"https:\\\/\\\/emf-consult.com\\\/nettbutikk\\\/produkt\\\/leie-av-hf-lf-analysator-sett-ed88tplus-me3830b-pris-pr-uke\\\/#breadcrumb\",\"itemListElement\":[{\"@type\":\"ListItem\",\"position\":1,\"name\":\"Hjem\",\"item\":\"https:\\\/\\\/emf-consult.com\\\/nettbutikk\\\/\"},{\"@type\":\"ListItem\",\"position\":2,\"name\":\"Butikk\",\"item\":\"https:\\\/\\\/emf-consult.com\\\/nettbutikk\\\/butikk\\\/\"},{\"@type\":\"ListItem\",\"position\":3,\"name\":\"Leie av HF\\\/LF analysator sett ED88TPlus\\\/ME3830B (pris pr. uke)\"}]},{\"@type\":\"WebSite\",\"@id\":\"https:\\\/\\\/emf-consult.com\\\/nettbutikk\\\/#website\",\"url\":\"https:\\\/\\\/emf-consult.com\\\/nettbutikk\\\/\",\"name\":\"EMF Consult\",\"description\":\"Nettbutikk - Beskyttelse mot str\u00e5ling\",\"publisher\":{\"@id\":\"https:\\\/\\\/emf-consult.com\\\/nettbutikk\\\/#organization\"},\"potentialAction\":[{\"@type\":\"SearchAction\",\"target\":{\"@type\":\"EntryPoint\",\"urlTemplate\":\"https:\\\/\\\/emf-consult.com\\\/nettbutikk\\\/?s={search_term_string}\"},\"query-input\":{\"@type\":\"PropertyValueSpecification\",\"valueRequired\":true,\"valueName\":\"search_term_string\"}}],\"inLanguage\":\"nb-NO\"},{\"@type\":\"Organization\",\"@id\":\"https:\\\/\\\/emf-consult.com\\\/nettbutikk\\\/#organization\",\"name\":\"EMF Consult AS\",\"url\":\"https:\\\/\\\/emf-consult.com\\\/nettbutikk\\\/\",\"logo\":{\"@type\":\"ImageObject\",\"inLanguage\":\"nb-NO\",\"@id\":\"https:\\\/\\\/emf-consult.com\\\/nettbutikk\\\/#\\\/schema\\\/logo\\\/image\\\/\",\"url\":\"https:\\\/\\\/emf-consult.com\\\/nettbutikk\\\/wp-content\\\/uploads\\\/2022\\\/07\\\/cropped-Favikon-rod-e1658786300694.png\",\"contentUrl\":\"https:\\\/\\\/emf-consult.com\\\/nettbutikk\\\/wp-content\\\/uploads\\\/2022\\\/07\\\/cropped-Favikon-rod-e1658786300694.png\",\"width\":150,\"height\":150,\"caption\":\"EMF Consult AS\"},\"image\":{\"@id\":\"https:\\\/\\\/emf-consult.com\\\/nettbutikk\\\/#\\\/schema\\\/logo\\\/image\\\/\"},\"sameAs\":[\"https:\\\/\\\/www.facebook.com\\\/emfconsult\",\"https:\\\/\\\/www.linkedin.com\\\/company\\\/emf-consult\\\/\"]}]}<\/script>\n<!-- \/ Yoast SEO plugin. -->","yoast_head_json":{"title":"Leie av HF\/LF analysator sett ED88TPlus\/ME3830B (pris pr. uke) - EMF Consult","robots":{"index":"index","follow":"follow","max-snippet":"max-snippet:-1","max-image-preview":"max-image-preview:large","max-video-preview":"max-video-preview:-1"},"canonical":"https:\/\/emf-consult.com\/nettbutikk\/produkt\/leie-av-hf-lf-analysator-sett-ed88tplus-me3830b-pris-pr-uke\/","og_locale":"nb_NO","og_type":"article","og_title":"Leie av HF\/LF analysator sett ED88TPlus\/ME3830B (pris pr. uke) - EMF Consult","og_description":"ED88TPlus: Tre operasjonsmodus: HF Feltstyrke, LF Gauss meter modus og E-felt meter.  Frekvens: \u2022 HF: 100 MHz til 8 GHz (-60 dBm til +5 dBm), (0.5 \u00b5w\/m2 til 1.8 w\/m2), (14 mV\/m til 26.2 V\/m) \u2022 Viser frekvens til sterkeste signal i frekvensomr\u00e5det 100MHz - 2,7GHz \u2022 LF1: 50 til 10KHz (0.1 \u00b5T til 60 \u00b5T) \/ (1 mg til 600 mg), tilsvarende 100 nT til 60.000 nT \u2022 LF2: 50 til 1 kHz (0.01 \u00b5T til 1 \u00b5T) \/ (0,1 mg til 10 mg), tilsvarende 10 nT til 1000 nT \u2022 E-felt: 50 Hz til 50 kHz (10 V\/m til 1000 V\/m) \u2022 LCD-skjerm med histogram og stolpediagram for \u00e5 vise felt tetthet. \u2022 LCD-baklys: 15 sekunder auto-av og manuell p\u00e5\/av kontroll. \u2022 Samplingrate: 10000\/sec. \u2022 Skjerm oppdateringshastighet: 2\/sec. \u2022 Feilrate: HF +\/- 3.5 dBm, LF: 20%, EField 25% \u2022 Analog HF (AM, FM) og Digital HF (TETRA, GSM, 3G, 4G, DECT, Bluetooth, WiFi, WiMAX 2,4 GHz, 3,6 GHz, 5.8 GHz). \u2022 Max og Hold funksjon, mW\/m2, V\/m, dBm, MG, \u00b5T. \u2022 Gjennomsnittlig m\u00e5ling, lydutgang, kalibrering korreksjon. \u2022 \u00d8replugg utgang, 3,5mm \u2022 Lyd volumkontroll og programmerbar lydalarm trigger niv\u00e5. \u2022 N\u00f8yaktig, lett \u00e5 bruke, utmerket for personlig elektrosmog eksponering og evaluering av bomilj\u00f8, for eksempel i n\u00e6rheten Mobiltelefon basestasjon eller transformatorstasjoner. \u2022 Liten, kompakt h\u00e5ndholdt design, 69 mm x 110 mm. \u2022 Batteridrevet (9V DC) - ett batteri er inkludert.  NB: Dette instrumentet er bra for m\u00e5ling av h\u00f8yfrekvens str\u00e5ling, og lavfrekvens magnetfelt fra huset str\u00f8mnett. ED88TPlus vil dog ikke kunne m\u00e5le lavfrekvens elektromagnetisk st\u00f8y fra for eksempel sparep\u00e6rer, lysstoffr\u00f8r, induksjonsovner, induktivt ladeutstyr og jernbane. Vi anbefaler derfor alltid \u00e5 supplere ED88tPlus med f.eks. ME3830B, et lavfrekvensinstrument i m\u00e5leomr\u00e5det 16Hz-100KHz  ME3830B: T0 operasjonsmodus: LF Gauss meter modus og E-felt meter.  Frekvensomr\u00e5de: 16 Hz \u2013 100 KHz (kompensert, bedre enn -2 dB).  M\u00e5leomr\u00e5de: Magnetisk felt (flukstetthet): 1 \u2013 1999 nT Elektrisk feltstyrke: 1 \u2013 1999 V\/m  N\u00f8yaktighet: +\/- 2 %, +\/- 14 siffer @ 50\/60 Hz  Sensor: E-felt sensor for elektrisk LF- felt (en-akset) H-felt sensor for magnetisk LF-felt (en-akset)  Audio analyse: Akustisk signal som er proporsjonalt med feltstyrke \u201cGeiger-teller effekt\u201d Str\u00f8mforsyning: 9 Volt Alkaline batteri (inkludert), gjennomsnittlig brukstid 24 \u2013 36 timer.","og_url":"https:\/\/emf-consult.com\/nettbutikk\/produkt\/leie-av-hf-lf-analysator-sett-ed88tplus-me3830b-pris-pr-uke\/","og_site_name":"EMF Consult","article_publisher":"https:\/\/www.facebook.com\/emfconsult","article_modified_time":"2026-03-28T15:20:41+00:00","og_image":[{"width":450,"height":450,"url":"https:\/\/emf-consult.com\/nettbutikk\/wp-content\/uploads\/2019\/11\/M\u00e5lesett-e1544400977675.jpg","type":"image\/jpeg"}],"twitter_card":"summary_large_image","twitter_misc":{"Ansl. lesetid":"3 minutter"},"schema":{"@context":"https:\/\/schema.org","@graph":[{"@type":"WebPage","@id":"https:\/\/emf-consult.com\/nettbutikk\/produkt\/leie-av-hf-lf-analysator-sett-ed88tplus-me3830b-pris-pr-uke\/","url":"https:\/\/emf-consult.com\/nettbutikk\/produkt\/leie-av-hf-lf-analysator-sett-ed88tplus-me3830b-pris-pr-uke\/","name":"Leie av HF\/LF analysator sett ED88TPlus\/ME3830B (pris pr. uke) - EMF Consult","isPartOf":{"@id":"https:\/\/emf-consult.com\/nettbutikk\/#website"},"primaryImageOfPage":{"@id":"https:\/\/emf-consult.com\/nettbutikk\/produkt\/leie-av-hf-lf-analysator-sett-ed88tplus-me3830b-pris-pr-uke\/#primaryimage"},"image":{"@id":"https:\/\/emf-consult.com\/nettbutikk\/produkt\/leie-av-hf-lf-analysator-sett-ed88tplus-me3830b-pris-pr-uke\/#primaryimage"},"thumbnailUrl":"https:\/\/emf-consult.com\/nettbutikk\/wp-content\/uploads\/2019\/11\/M\u00e5lesett-e1544400977675.jpg","datePublished":"2020-04-01T11:03:46+00:00","dateModified":"2026-03-28T15:20:41+00:00","breadcrumb":{"@id":"https:\/\/emf-consult.com\/nettbutikk\/produkt\/leie-av-hf-lf-analysator-sett-ed88tplus-me3830b-pris-pr-uke\/#breadcrumb"},"inLanguage":"nb-NO","potentialAction":[{"@type":"ReadAction","target":["https:\/\/emf-consult.com\/nettbutikk\/produkt\/leie-av-hf-lf-analysator-sett-ed88tplus-me3830b-pris-pr-uke\/"]}]},{"@type":"ImageObject","inLanguage":"nb-NO","@id":"https:\/\/emf-consult.com\/nettbutikk\/produkt\/leie-av-hf-lf-analysator-sett-ed88tplus-me3830b-pris-pr-uke\/#primaryimage","url":"https:\/\/emf-consult.com\/nettbutikk\/wp-content\/uploads\/2019\/11\/M\u00e5lesett-e1544400977675.jpg","contentUrl":"https:\/\/emf-consult.com\/nettbutikk\/wp-content\/uploads\/2019\/11\/M\u00e5lesett-e1544400977675.jpg","width":450,"height":450,"caption":"Leie av HF\/LF analysator sett ED88TPlus\/ME3830B (pris pr. uke)"},{"@type":"BreadcrumbList","@id":"https:\/\/emf-consult.com\/nettbutikk\/produkt\/leie-av-hf-lf-analysator-sett-ed88tplus-me3830b-pris-pr-uke\/#breadcrumb","itemListElement":[{"@type":"ListItem","position":1,"name":"Hjem","item":"https:\/\/emf-consult.com\/nettbutikk\/"},{"@type":"ListItem","position":2,"name":"Butikk","item":"https:\/\/emf-consult.com\/nettbutikk\/butikk\/"},{"@type":"ListItem","position":3,"name":"Leie av HF\/LF analysator sett ED88TPlus\/ME3830B (pris pr. uke)"}]},{"@type":"WebSite","@id":"https:\/\/emf-consult.com\/nettbutikk\/#website","url":"https:\/\/emf-consult.com\/nettbutikk\/","name":"EMF Consult","description":"Nettbutikk - Beskyttelse mot str\u00e5ling","publisher":{"@id":"https:\/\/emf-consult.com\/nettbutikk\/#organization"},"potentialAction":[{"@type":"SearchAction","target":{"@type":"EntryPoint","urlTemplate":"https:\/\/emf-consult.com\/nettbutikk\/?s={search_term_string}"},"query-input":{"@type":"PropertyValueSpecification","valueRequired":true,"valueName":"search_term_string"}}],"inLanguage":"nb-NO"},{"@type":"Organization","@id":"https:\/\/emf-consult.com\/nettbutikk\/#organization","name":"EMF Consult AS","url":"https:\/\/emf-consult.com\/nettbutikk\/","logo":{"@type":"ImageObject","inLanguage":"nb-NO","@id":"https:\/\/emf-consult.com\/nettbutikk\/#\/schema\/logo\/image\/","url":"https:\/\/emf-consult.com\/nettbutikk\/wp-content\/uploads\/2022\/07\/cropped-Favikon-rod-e1658786300694.png","contentUrl":"https:\/\/emf-consult.com\/nettbutikk\/wp-content\/uploads\/2022\/07\/cropped-Favikon-rod-e1658786300694.png","width":150,"height":150,"caption":"EMF Consult AS"},"image":{"@id":"https:\/\/emf-consult.com\/nettbutikk\/#\/schema\/logo\/image\/"},"sameAs":["https:\/\/www.facebook.com\/emfconsult","https:\/\/www.linkedin.com\/company\/emf-consult\/"]}]}},"_links":{"self":[{"href":"https:\/\/emf-consult.com\/nettbutikk\/wp-json\/wp\/v2\/product\/11475","targetHints":{"allow":["GET"]}}],"collection":[{"href":"https:\/\/emf-consult.com\/nettbutikk\/wp-json\/wp\/v2\/product"}],"about":[{"href":"https:\/\/emf-consult.com\/nettbutikk\/wp-json\/wp\/v2\/types\/product"}],"replies":[{"embeddable":true,"href":"https:\/\/emf-consult.com\/nettbutikk\/wp-json\/wp\/v2\/comments?post=11475"}],"wp:featuredmedia":[{"embeddable":true,"href":"https:\/\/emf-consult.com\/nettbutikk\/wp-json\/wp\/v2\/media\/4703"}],"wp:attachment":[{"href":"https:\/\/emf-consult.com\/nettbutikk\/wp-json\/wp\/v2\/media?parent=11475"}],"wp:term":[{"taxonomy":"product_brand","embeddable":true,"href":"https:\/\/emf-consult.com\/nettbutikk\/wp-json\/wp\/v2\/product_brand?post=11475"},{"taxonomy":"product_cat","embeddable":true,"href":"https:\/\/emf-consult.com\/nettbutikk\/wp-json\/wp\/v2\/product_cat?post=11475"},{"taxonomy":"product_tag","embeddable":true,"href":"https:\/\/emf-consult.com\/nettbutikk\/wp-json\/wp\/v2\/product_tag?post=11475"}],"curies":[{"name":"wp","href":"https:\/\/api.w.org\/{rel}","templated":true}]}}