{"id":6390,"date":"2019-11-25T20:56:59","date_gmt":"2019-11-25T20:56:59","guid":{"rendered":"https:\/\/emfconsult.nyside.net\/nettbutikk\/?page_id=6390"},"modified":"2023-08-08T23:02:35","modified_gmt":"2023-08-08T21:02:35","slug":"ferdig-sydde-gardiner","status":"publish","type":"page","link":"https:\/\/emf-consult.com\/nettbutikk\/ferdig-sydde-gardiner\/","title":{"rendered":"Ferdig sydde gardiner"},"content":{"rendered":"<p class=\"hero--headline panel--title\"><span title=\"Custom made curtains at no extra charge are especially popular among end customers.\">Skreddersydde gardiner for kun kr. 300\u00a0 pr. gardin er spesielt popul\u00e6rt blant v\u00e5re kunder!<\/span><\/p>\n<p class=\"hero--headline panel--title\"><span title=\"Per curtain we need and surcharge 15 cm seam.\"><strong>Per gardinlengde m\u00e5 vi i tillegg legge til prisen for\u00a015 cm av stoffet til s\u00f8m.<\/strong><\/span><\/p>\n<p><span title=\"Which service is for free? \"><strong>F\u00f8lgende gardiner koster\u00a0<span title=\"Custom made curtains at no extra charge are especially popular among end customers.\">kr. 300 pr. gardinlengde (standard vindu):<\/span><\/strong><br \/>\n<\/span><span title=\"\u2022Curtains with a heading tape on top and a lead weight at the bottom. \">\u2022 Gardiner med en BORREL\u00c5S p\u00e5 toppen og en\u00a0blyvekt\u00a0i bunnen.<br \/>\n<\/span><span title=\"\u2022Curtains with a drawstring on top and a lead weight at the bottom. \">\u2022 Gardiner med RYNKEB\u00c5ND p\u00e5 toppen og en blyvekt\u00a0i bunnen.<\/span><br \/>\n<span title=\"\u2022Curtains with a drawstring on top and a lead weight at the bottom. \">\u2022 Gardiner med TUNNEL p\u00e5 toppen og en blyvekt\u00a0i bunnen.<br \/>\n<\/span><span title=\"\u2022Ideally, the curtains have a rectangular shape.\">\u2022 Gardiner med en rektangul\u00e6r form. <\/span><\/p>\n<p><span title=\"However, we also try to sew other shapes or wishes (e.g. hook-and-loop fasteners) upon request without any extra charge! \">Har du behov for \u00e5 sy st\u00f8rre gardiner eller \u00f8nsker andre former kan vi fikse det ogs\u00e5 p\u00e5 foresp\u00f8rsel. <span title=\"If you are interested, we would be pleased to make you an individual offer. \">Hvis du er interessert vil vi gjerne gi deg et individuelt tilbud.<\/span><br \/>\n<\/span><\/p>\n<p><strong><span title=\"Fabric widths \">Stoffbredder<\/span><\/strong><\/p>\n<p><span title=\"Our shielding fabrics have widths from 130 cm to 260 cm.\">V\u00e5re skjerming stoffer har bredder fra 130 cm til 260 cm. <\/span><span title=\"We can use the width either as height or width of a curtain.\">Vi kan bruke bredden enten som h\u00f8yde eller bredde p\u00e5 en gardin. <\/span><strong><span title=\"As regards width, about 8 cm will be lost due to the edging.\">N\u00e5r det gjelder bredde, vil ca 8 cm g\u00e5 tapt p\u00e5 grunn av innsying\u00a0av\u00a0kanter. <\/span><span title=\"As regards height, about 15 cm will be lost due to the heading tape and the lead weight.\">N\u00e5r det gjelder h\u00f8yde, vil ca 15 cm g\u00e5 tapt p\u00e5 grunn av\u00a0toppb\u00e5nd og blyvekt. <\/span><\/strong><span title=\"Consequently, width and height of a fabric depend on the fabric width!\">F\u00f8lgelig, bredde og h\u00f8yde av et stoff, avhenger av stoffbredden! <\/span><\/p>\n<p><span title=\"Example: If you want to cover an area of 400 cm (width) x 230 cm (height): 1) With Naturell you need 4.0 linear meters (LM) as the 250 cm of the Naturell are sufficient for the required height of 230 cm\">Eksempel: Hvis man \u00f8nsker \u00e5 dekke et omr\u00e5de p\u00e5 400 cm (bredde) x 230 cm (h\u00f8yde): <\/span><\/p>\n<ul>\n<li><span title=\"Example: If you want to cover an area of 400 cm (width) x 230 cm (height): 1) With Naturell you need 4.0 linear meters (LM) as the 250 cm of the Naturell are sufficient for the required height of 230 cm\">Med Naturell man trenger 4,0 l\u00f8pemeter (LM) som de 250 cm av Naturell er tilstrekkelig for den n\u00f8dvendige h\u00f8yde av 230 cm <\/span><span title=\".\">. <\/span><\/li>\n<li><span title=\"2) With Silver-Tulle you need 6.9 linear meters for 3 curtains.\">Med Silver-Tulle du trenger 6,9 l\u00f8pemeter for 3 gardiner. <\/span><span title=\"If you need assistance in calculating the measures of your curtain(s), we will be pleased to help you! \">Hvis du trenger hjelp til \u00e5 beregne tiltak av din gardin(er), vil vi gjerne hjelpe deg!<\/span><\/li>\n<\/ul>\n<p><strong><span title=\"Front side \/ Back side \">Front \/ Bakside<\/span><\/strong><\/p>\n<p><span title=\"Some fabrics (e.g. Silver-Twin, Steel-Twin) have a light front side and a dark back side with metal threads.\">Noen stoffer (for eksempel Silver-Twin, Steel-Twin) har et lys fremsiden og en m\u00f8rk bakside med metalltr\u00e5der. <\/span><span title=\"By default, the light side faces the room.\">Som standard st\u00e5r den lyse siden rommet. <\/span><span title=\"Please let us know if you would like to hang the fabric the other way round. \">Gi oss beskjed hvis du \u00f8nsker \u00e5 henge stoffet den andre veien rundt.<\/span><\/p>\n<p><strong><span title=\"Dimensions \/ Size accuracy \">M\u00e5l \/ St\u00f8rrelse n\u00f8yaktighet<\/span><\/strong><\/p>\n<p><span title=\"We understand your stated dimensions as final dimensions (sewed curtains incl. heading tape or drawstring, hemmed edges, etc.).\">Vi forst\u00e5r dine uttalte m\u00e5l som endelig m\u00e5l (ferdig sydde gardiner inkl. innsydde kanter\u00a0og med opplegg i topp og bunn). <\/span><span title=\"If you wish drapery you should add 20-50 % for the width!\">Hvis du \u00f8nsker draperi b\u00f8r du legge til\u00a020-50%\u00a0p\u00e5 bredden! <\/span><span title=\"For most fabrics we achieve a size accuracy of +\/- 2 cm.\">For de fleste stoffer oppn\u00e5r vi en st\u00f8rrelse n\u00f8yaktighet p\u00e5 +\/- 2 cm. <\/span><span title=\"Stretchy fabrics (e.g. Silver-Tulle, Perspective) are more difficult to sew, size accuracy can be up to +\/- 5 cm! \">Elastiske stoffer (for eksempel Silver-Tulle) er vanskeligere \u00e5 sy, her kan st\u00f8rrelses n\u00f8yaktighet v\u00e6re opp til +\/- 5 cm!<\/span><\/p>\n<p><strong><span title=\"Best possible shielding \">Best mulig skjerming<\/span><\/strong><\/p>\n<p><span title=\"As a general point, it should be noted that shielding as such is more important than a perfect optic! \">Som et generelt punkt, b\u00f8r det bemerkes at skjerming som s\u00e5dan er viktigere enn \u00e5 f\u00e5 en gardin som ser godt ut!<\/span><\/p>\n<ul>\n<li><span title=\"\u2022Curtains must cover the complete window, window sill included.\">Gardiner m\u00e5 dekke hele vinduet, vinduskarmen inkludert. <\/span><span title=\"In front of doors they must contact the floor!\">Foran d\u00f8rer m\u00e5 de ta kontakt med gulvet!\u00a0<\/span><span title=\"Only in this way will it be possible to achieve a continous shielding as unshielded gaps will be covered also. \">Man m\u00e5 huske p\u00e5 \u00e5 dekke over \u00e5pningene under d\u00f8ren, kun p\u00e5 denne m\u00e5ten vil det v\u00e6re mulig \u00e5 oppn\u00e5 en kontinuerlig skjerming.<\/span><\/li>\n<li><span title=\"\u2022Always cover window apertures in such a way that the walls next to them are covered as well (20-40 cm).\">Dekk alltid vindus\u00e5pninger slik at veggene ved siden av dem er dekket. Henger gardinen p\u00e5 vanlig gardinstang m\u00e5 du beregne inntil 20-40 cm overlapp med vegg. Henger du gardin opp med gardinwire som ligger helt inntil vegg kan du klare deg med 10-15 cm overlapp. <\/span><span title=\"Only if the inner wall shielding (e.g. shielding paint) overlaps with the shielding fabric you will achieve a good result. \">Bare hvis veggavskjerming (f.eks skjerming maling eller tapet) overlapper med skjermingsstoffet vil man oppn\u00e5 et godt resultat.\u00a0<\/span><\/li>\n<li><span title=\"\u2022If possible, curtains are to be put up with only little distance to the wall.\">Hvis mulig b\u00f8r man henge opp gardiner\u00a0med s\u00e5 liten avstand til veggen som mulig. <\/span><span title=\"The larger the gap, the more electromagnetic radiation may get through it.\">Jo st\u00f8rre gap, jo\u00a0mer elektromagnetisk str\u00e5ling vil komme gjennom den.<\/span><\/li>\n<\/ul>\n<p>&nbsp;<\/p>\n","protected":false},"excerpt":{"rendered":"<p>Skreddersydde gardiner for kun kr. 300\u00a0 pr. gardin er spesielt popul\u00e6rt blant v\u00e5re kunder! Per gardinlengde m\u00e5 vi i tillegg<\/p>\n","protected":false},"author":1,"featured_media":0,"parent":0,"menu_order":0,"comment_status":"closed","ping_status":"closed","template":"","meta":{"footnotes":""},"class_list":["post-6390","page","type-page","status-publish","hentry"],"yoast_head":"<!-- This site is optimized with the Yoast SEO plugin v27.3 - https:\/\/yoast.com\/product\/yoast-seo-wordpress\/ -->\n<title>Ferdig sydde gardiner - EMF Consult<\/title>\n<meta name=\"robots\" content=\"index, follow, max-snippet:-1, max-image-preview:large, max-video-preview:-1\" \/>\n<link rel=\"canonical\" href=\"https:\/\/emf-consult.com\/nettbutikk\/ferdig-sydde-gardiner\/\" \/>\n<meta property=\"og:locale\" content=\"nb_NO\" \/>\n<meta property=\"og:type\" content=\"article\" \/>\n<meta property=\"og:title\" content=\"Ferdig sydde gardiner - EMF Consult\" \/>\n<meta property=\"og:description\" content=\"Skreddersydde gardiner for kun kr. 300\u00a0 pr. gardin er spesielt popul\u00e6rt blant v\u00e5re kunder! Per gardinlengde m\u00e5 vi i tillegg\" \/>\n<meta property=\"og:url\" content=\"https:\/\/emf-consult.com\/nettbutikk\/ferdig-sydde-gardiner\/\" \/>\n<meta property=\"og:site_name\" content=\"EMF Consult\" \/>\n<meta property=\"article:publisher\" content=\"https:\/\/www.facebook.com\/emfconsult\" \/>\n<meta property=\"article:modified_time\" content=\"2023-08-08T21:02:35+00:00\" \/>\n<meta name=\"twitter:card\" content=\"summary_large_image\" \/>\n<meta name=\"twitter:label1\" content=\"Ansl. lesetid\" \/>\n\t<meta name=\"twitter:data1\" content=\"3 minutter\" \/>\n<script type=\"application\/ld+json\" class=\"yoast-schema-graph\">{\"@context\":\"https:\\\/\\\/schema.org\",\"@graph\":[{\"@type\":\"WebPage\",\"@id\":\"https:\\\/\\\/emf-consult.com\\\/nettbutikk\\\/ferdig-sydde-gardiner\\\/\",\"url\":\"https:\\\/\\\/emf-consult.com\\\/nettbutikk\\\/ferdig-sydde-gardiner\\\/\",\"name\":\"Ferdig sydde gardiner - EMF Consult\",\"isPartOf\":{\"@id\":\"https:\\\/\\\/emf-consult.com\\\/nettbutikk\\\/#website\"},\"datePublished\":\"2019-11-25T20:56:59+00:00\",\"dateModified\":\"2023-08-08T21:02:35+00:00\",\"breadcrumb\":{\"@id\":\"https:\\\/\\\/emf-consult.com\\\/nettbutikk\\\/ferdig-sydde-gardiner\\\/#breadcrumb\"},\"inLanguage\":\"nb-NO\",\"potentialAction\":[{\"@type\":\"ReadAction\",\"target\":[\"https:\\\/\\\/emf-consult.com\\\/nettbutikk\\\/ferdig-sydde-gardiner\\\/\"]}]},{\"@type\":\"BreadcrumbList\",\"@id\":\"https:\\\/\\\/emf-consult.com\\\/nettbutikk\\\/ferdig-sydde-gardiner\\\/#breadcrumb\",\"itemListElement\":[{\"@type\":\"ListItem\",\"position\":1,\"name\":\"Hjem\",\"item\":\"https:\\\/\\\/emf-consult.com\\\/nettbutikk\\\/\"},{\"@type\":\"ListItem\",\"position\":2,\"name\":\"Ferdig sydde gardiner\"}]},{\"@type\":\"WebSite\",\"@id\":\"https:\\\/\\\/emf-consult.com\\\/nettbutikk\\\/#website\",\"url\":\"https:\\\/\\\/emf-consult.com\\\/nettbutikk\\\/\",\"name\":\"EMF Consult\",\"description\":\"Nettbutikk - Beskyttelse mot str\u00e5ling\",\"publisher\":{\"@id\":\"https:\\\/\\\/emf-consult.com\\\/nettbutikk\\\/#organization\"},\"potentialAction\":[{\"@type\":\"SearchAction\",\"target\":{\"@type\":\"EntryPoint\",\"urlTemplate\":\"https:\\\/\\\/emf-consult.com\\\/nettbutikk\\\/?s={search_term_string}\"},\"query-input\":{\"@type\":\"PropertyValueSpecification\",\"valueRequired\":true,\"valueName\":\"search_term_string\"}}],\"inLanguage\":\"nb-NO\"},{\"@type\":\"Organization\",\"@id\":\"https:\\\/\\\/emf-consult.com\\\/nettbutikk\\\/#organization\",\"name\":\"EMF Consult AS\",\"url\":\"https:\\\/\\\/emf-consult.com\\\/nettbutikk\\\/\",\"logo\":{\"@type\":\"ImageObject\",\"inLanguage\":\"nb-NO\",\"@id\":\"https:\\\/\\\/emf-consult.com\\\/nettbutikk\\\/#\\\/schema\\\/logo\\\/image\\\/\",\"url\":\"https:\\\/\\\/emf-consult.com\\\/nettbutikk\\\/wp-content\\\/uploads\\\/2022\\\/07\\\/cropped-Favikon-rod-e1658786300694.png\",\"contentUrl\":\"https:\\\/\\\/emf-consult.com\\\/nettbutikk\\\/wp-content\\\/uploads\\\/2022\\\/07\\\/cropped-Favikon-rod-e1658786300694.png\",\"width\":150,\"height\":150,\"caption\":\"EMF Consult AS\"},\"image\":{\"@id\":\"https:\\\/\\\/emf-consult.com\\\/nettbutikk\\\/#\\\/schema\\\/logo\\\/image\\\/\"},\"sameAs\":[\"https:\\\/\\\/www.facebook.com\\\/emfconsult\",\"https:\\\/\\\/www.linkedin.com\\\/company\\\/emf-consult\\\/\"]}]}<\/script>\n<!-- \/ Yoast SEO plugin. -->","yoast_head_json":{"title":"Ferdig sydde gardiner - EMF Consult","robots":{"index":"index","follow":"follow","max-snippet":"max-snippet:-1","max-image-preview":"max-image-preview:large","max-video-preview":"max-video-preview:-1"},"canonical":"https:\/\/emf-consult.com\/nettbutikk\/ferdig-sydde-gardiner\/","og_locale":"nb_NO","og_type":"article","og_title":"Ferdig sydde gardiner - EMF Consult","og_description":"Skreddersydde gardiner for kun kr. 300\u00a0 pr. gardin er spesielt popul\u00e6rt blant v\u00e5re kunder! Per gardinlengde m\u00e5 vi i tillegg","og_url":"https:\/\/emf-consult.com\/nettbutikk\/ferdig-sydde-gardiner\/","og_site_name":"EMF Consult","article_publisher":"https:\/\/www.facebook.com\/emfconsult","article_modified_time":"2023-08-08T21:02:35+00:00","twitter_card":"summary_large_image","twitter_misc":{"Ansl. lesetid":"3 minutter"},"schema":{"@context":"https:\/\/schema.org","@graph":[{"@type":"WebPage","@id":"https:\/\/emf-consult.com\/nettbutikk\/ferdig-sydde-gardiner\/","url":"https:\/\/emf-consult.com\/nettbutikk\/ferdig-sydde-gardiner\/","name":"Ferdig sydde gardiner - EMF Consult","isPartOf":{"@id":"https:\/\/emf-consult.com\/nettbutikk\/#website"},"datePublished":"2019-11-25T20:56:59+00:00","dateModified":"2023-08-08T21:02:35+00:00","breadcrumb":{"@id":"https:\/\/emf-consult.com\/nettbutikk\/ferdig-sydde-gardiner\/#breadcrumb"},"inLanguage":"nb-NO","potentialAction":[{"@type":"ReadAction","target":["https:\/\/emf-consult.com\/nettbutikk\/ferdig-sydde-gardiner\/"]}]},{"@type":"BreadcrumbList","@id":"https:\/\/emf-consult.com\/nettbutikk\/ferdig-sydde-gardiner\/#breadcrumb","itemListElement":[{"@type":"ListItem","position":1,"name":"Hjem","item":"https:\/\/emf-consult.com\/nettbutikk\/"},{"@type":"ListItem","position":2,"name":"Ferdig sydde gardiner"}]},{"@type":"WebSite","@id":"https:\/\/emf-consult.com\/nettbutikk\/#website","url":"https:\/\/emf-consult.com\/nettbutikk\/","name":"EMF Consult","description":"Nettbutikk - Beskyttelse mot str\u00e5ling","publisher":{"@id":"https:\/\/emf-consult.com\/nettbutikk\/#organization"},"potentialAction":[{"@type":"SearchAction","target":{"@type":"EntryPoint","urlTemplate":"https:\/\/emf-consult.com\/nettbutikk\/?s={search_term_string}"},"query-input":{"@type":"PropertyValueSpecification","valueRequired":true,"valueName":"search_term_string"}}],"inLanguage":"nb-NO"},{"@type":"Organization","@id":"https:\/\/emf-consult.com\/nettbutikk\/#organization","name":"EMF Consult AS","url":"https:\/\/emf-consult.com\/nettbutikk\/","logo":{"@type":"ImageObject","inLanguage":"nb-NO","@id":"https:\/\/emf-consult.com\/nettbutikk\/#\/schema\/logo\/image\/","url":"https:\/\/emf-consult.com\/nettbutikk\/wp-content\/uploads\/2022\/07\/cropped-Favikon-rod-e1658786300694.png","contentUrl":"https:\/\/emf-consult.com\/nettbutikk\/wp-content\/uploads\/2022\/07\/cropped-Favikon-rod-e1658786300694.png","width":150,"height":150,"caption":"EMF Consult AS"},"image":{"@id":"https:\/\/emf-consult.com\/nettbutikk\/#\/schema\/logo\/image\/"},"sameAs":["https:\/\/www.facebook.com\/emfconsult","https:\/\/www.linkedin.com\/company\/emf-consult\/"]}]}},"_links":{"self":[{"href":"https:\/\/emf-consult.com\/nettbutikk\/wp-json\/wp\/v2\/pages\/6390","targetHints":{"allow":["GET"]}}],"collection":[{"href":"https:\/\/emf-consult.com\/nettbutikk\/wp-json\/wp\/v2\/pages"}],"about":[{"href":"https:\/\/emf-consult.com\/nettbutikk\/wp-json\/wp\/v2\/types\/page"}],"author":[{"embeddable":true,"href":"https:\/\/emf-consult.com\/nettbutikk\/wp-json\/wp\/v2\/users\/1"}],"replies":[{"embeddable":true,"href":"https:\/\/emf-consult.com\/nettbutikk\/wp-json\/wp\/v2\/comments?post=6390"}],"version-history":[{"count":0,"href":"https:\/\/emf-consult.com\/nettbutikk\/wp-json\/wp\/v2\/pages\/6390\/revisions"}],"wp:attachment":[{"href":"https:\/\/emf-consult.com\/nettbutikk\/wp-json\/wp\/v2\/media?parent=6390"}],"curies":[{"name":"wp","href":"https:\/\/api.w.org\/{rel}","templated":true}]}}