{"id":6382,"date":"2019-11-25T20:48:36","date_gmt":"2019-11-25T20:48:36","guid":{"rendered":"https:\/\/emfconsult.nyside.net\/nettbutikk\/?page_id=6382"},"modified":"2022-02-01T21:34:20","modified_gmt":"2022-02-01T20:34:20","slug":"vask-av-skjermende-stoff-og-baldakiner","status":"publish","type":"page","link":"https:\/\/emf-consult.com\/nettbutikk\/vask-av-skjermende-stoff-og-baldakiner\/","title":{"rendered":"Vask av skjermende stoff og baldakiner"},"content":{"rendered":"<p><span title=\"Shielding fabrics loose their attenuation during washing and in case of movement.\">Skjermingstoffer mister noe av sin\u00a0dempende effekt\u00a0under vask. <\/span><span title=\"As there is still considerable misinformation on this, we publish here our 9th washing test (August 2016). \">Ettersom det er fortsatt betydelig feilinformasjon om dette, publiserer vi\u00a0her v\u00e5r niende vasketest (august 2016).<\/span><\/p>\n<p><span title=\"We have washed all known fabrics on the market 50 times at 30\u00b0C.\">Vi har vasket alle kjente stoffer p\u00e5 markedet 50 ganger ved 30\u00b0C.\u00a0T<\/span><span title=\"We did the test on two washing machines parallel (Bosch and Samsung) and averaged the results.\">esten er gjennomf\u00f8rt\u00a0p\u00e5 to vaskemaskiner parallelt (Bosch og Samsung) og vi presenterer\u00a0gjennomsnitt av resultatene. <\/span><span title=\"We used our special detergent TEXCARE. \">Vi brukte v\u00e5r spesielle vaskemiddel <a href=\"\/nettbutikk\/produkt\/texcare-vaskemiddel-1-liter\/\">TEXCARE<\/a>.<\/span><\/p>\n<p><span title=\"Measuring method \"><strong>M\u00e5lemetode<\/strong><\/span><\/p>\n<p><span title=\"We opted for the standard ASTM D4935-10.\">Vi satset p\u00e5 standard ASTM D4935-10. <\/span><span title=\"This method provides a radial measurement (in all polarisation directions) which is most close to reality!\">Denne metoden gir en radiell m\u00e5ling (i alle polarisasjonsretninger) som er mest n\u00e6r virkeligheten! <\/span><span title=\"In addition, the frequency range from 30 MHz to 18 GHz can be measured in a single step with the two coaxial TEM measuring heads.\">I tillegg kan det frekvensomr\u00e5det fra 30 MHz til 18 GHz bli m\u00e5lt i et enkelt trinn med to koaksiale TEM m\u00e5lehoder. <\/span><span title=\"The orange bar stands for the attenuation before washing.\">Den oransje linjen st\u00e5r for demping f\u00f8r vask. <\/span><span title=\"The numbers to the left indicate the attenuation in dB at 1 GHz.\">Tallene til venstre angir dempningen i dB ved 1 GHz. <\/span><span title=\"Each further bar stands for 10 wash cycles. \">Hver ytterligere bar st\u00e5r for 10 vaskesykluser.<\/span><\/p>\n<p><strong><span title=\"Result at 30\u00b0C \">Resultat ved 30 \u00b0 C<\/span><\/strong><\/p>\n<p><span title=\"Result at 30\u00b0C \"><a href=\"\/nettbutikk\/wp-content\/uploads\/2019\/11\/waschtest-30.jpg\"><img loading=\"lazy\" decoding=\"async\" class=\" wd-lazy-fade wp-image-1486 size-full alignnone\" src=\"https:\/\/emf-consult.com\/nettbutikk\/wp-content\/themes\/woodmart\/images\/lazy.svg\" data-src=\"\/nettbutikk\/wp-content\/uploads\/2019\/11\/waschtest-30.jpg\" alt=\"\" width=\"980\" height=\"250\" \/><\/a><\/span><\/p>\n<p><span title=\"Conclusion \"><strong>Konklusjon<\/strong><\/span><\/p>\n<p><span title=\"The good washing results of all our fabrics at 30\u00b0C are related to the fact, that we have removed all unstable fabrics from our product range over the years.\">De gode vaskeresultatene\u00a0for\u00a0alle v\u00e5re tekstiler ved 30\u00b0C er knyttet til det faktum at vi har fjernet alle ustabile stoffer fra v\u00e5rt produktspekter gjennom \u00e5rene. <\/span><span title=\"The results with competitive fabrics (not in the diagram) are partly much worse.\">Resultatene for konkurrerende stoffer (ikke i diagrammet) er dels mye verre. <\/span><span title=\"For 60\u00b0C washing temperature we have 3 fabrics in our product range: Steel-Twin, Steel-Gray and Silver-Silk. \">For 60\u00b0C vasketemperatur har vi 3 stoffer i v\u00e5rt sortiment: Steel-Twin,\u00a0Steel-Gray og Silver-Silk.<\/span><\/p>\n<p><span title=\"Washing tips \"><strong>Vasketips (<a href=\"https:\/\/emf-consult.com\/nettbutikk\/wp-content\/uploads\/2022\/02\/Renhold-av-Leblok-produkter-1.pdf\" target=\"_blank\" rel=\"noopener\">Renhold av skjermingskl\u00e6r<\/a>)<\/strong><br \/>\n<\/span><\/p>\n<p><span title=\"\u2022Washing detergent: In previous washing tests we tested different kinds of detergents (cheap, ecological, liquid, powder, etc.).\"><strong>Vaskemiddel:<\/strong> I tidligere vasketester vi testet forskjellige typer vaskemidler (billig, \u00f8kologiske, v\u00e6ske, pulver, etc.). <\/span><span title=\"Due to this detergent tests we only can recommend our own washing detergent TEXCARE, which is the only one to preserves all fabrics best! \">P\u00e5 grunn av disse vaskemiddeltestene\u00a0anbefaler vi n\u00e5 kun\u00a0v\u00e5rt eget vaskemiddel TEXCARE, som er det eneste som best bevarer alle stoffer!<br \/>\n<\/span><\/p>\n<p><strong>Vaskeprogram:<\/strong>\u00a0De fleste skjermingsstoff vaskes p\u00e5 finvask og 30\u00b0C. Enkelte stoffer kan vaskes p\u00e5 60\u00b0C, se over.<\/p>\n<p><span title=\"\u2022Drying: The best way is to simply hang up the washing for drying.\"><strong>T\u00f8rking:<\/strong> Den beste m\u00e5ten er \u00e5 bare henge opp vask for luftt\u00f8rking. <\/span><span title=\"High temperatures in a dryer will destroy the fabrics.\">H\u00f8ye temperaturer i en t\u00f8rketrommel vil \u00f8delegge tekstiler. <\/span><span title=\"If you choose to use a dryer, you will have to keep the temperature low. \">Hvis du velger \u00e5 bruke en t\u00f8rketrommel, m\u00e5 du holde temperaturen lav.<\/span><span title=\"If you choose to use a dryer, you will have to keep the temperature low. \"><br \/>\n<\/span><\/p>\n<p><span title=\"\u2022Ironing: It will be best to not iron the fabrics.\"><strong>Stryking:<\/strong> Det vil v\u00e6re best \u00e5 ikke stryke stoffene. <\/span><span title=\"If you must iron the fabric, as e.g.\">Hvis du m\u00e5 stryke stoffet, som f.eks <\/span><span title=\"for Naturell which is wrinkling very much, always iron at low temperature, at degree 1, with less steam.\">for Naturell som kan\u00a0lett rynke en del, sett alltid strykejernet p\u00e5 lav temperatur, ved en grad, med mindre damp.<\/span><\/p>\n","protected":false},"excerpt":{"rendered":"<p>Skjermingstoffer mister noe av sin\u00a0dempende effekt\u00a0under vask. Ettersom det er fortsatt betydelig feilinformasjon om dette, publiserer vi\u00a0her v\u00e5r niende vasketest<\/p>\n","protected":false},"author":1,"featured_media":0,"parent":0,"menu_order":0,"comment_status":"closed","ping_status":"closed","template":"","meta":{"footnotes":""},"class_list":["post-6382","page","type-page","status-publish","hentry"],"yoast_head":"<!-- This site is optimized with the Yoast SEO plugin v27.3 - https:\/\/yoast.com\/product\/yoast-seo-wordpress\/ -->\n<title>Vask av skjermende stoff og baldakiner - EMF Consult<\/title>\n<meta name=\"robots\" content=\"index, follow, max-snippet:-1, max-image-preview:large, max-video-preview:-1\" \/>\n<link rel=\"canonical\" href=\"https:\/\/emf-consult.com\/nettbutikk\/vask-av-skjermende-stoff-og-baldakiner\/\" \/>\n<meta property=\"og:locale\" content=\"nb_NO\" \/>\n<meta property=\"og:type\" content=\"article\" \/>\n<meta property=\"og:title\" content=\"Vask av skjermende stoff og baldakiner - EMF Consult\" \/>\n<meta property=\"og:description\" content=\"Skjermingstoffer mister noe av sin\u00a0dempende effekt\u00a0under vask. Ettersom det er fortsatt betydelig feilinformasjon om dette, publiserer vi\u00a0her v\u00e5r niende vasketest\" \/>\n<meta property=\"og:url\" content=\"https:\/\/emf-consult.com\/nettbutikk\/vask-av-skjermende-stoff-og-baldakiner\/\" \/>\n<meta property=\"og:site_name\" content=\"EMF Consult\" \/>\n<meta property=\"article:publisher\" content=\"https:\/\/www.facebook.com\/emfconsult\" \/>\n<meta property=\"article:modified_time\" content=\"2022-02-01T20:34:20+00:00\" \/>\n<meta name=\"twitter:card\" content=\"summary_large_image\" \/>\n<meta name=\"twitter:label1\" content=\"Ansl. lesetid\" \/>\n\t<meta name=\"twitter:data1\" content=\"2 minutter\" \/>\n<script type=\"application\/ld+json\" class=\"yoast-schema-graph\">{\"@context\":\"https:\\\/\\\/schema.org\",\"@graph\":[{\"@type\":\"WebPage\",\"@id\":\"https:\\\/\\\/emf-consult.com\\\/nettbutikk\\\/vask-av-skjermende-stoff-og-baldakiner\\\/\",\"url\":\"https:\\\/\\\/emf-consult.com\\\/nettbutikk\\\/vask-av-skjermende-stoff-og-baldakiner\\\/\",\"name\":\"Vask av skjermende stoff og baldakiner - EMF Consult\",\"isPartOf\":{\"@id\":\"https:\\\/\\\/emf-consult.com\\\/nettbutikk\\\/#website\"},\"datePublished\":\"2019-11-25T20:48:36+00:00\",\"dateModified\":\"2022-02-01T20:34:20+00:00\",\"breadcrumb\":{\"@id\":\"https:\\\/\\\/emf-consult.com\\\/nettbutikk\\\/vask-av-skjermende-stoff-og-baldakiner\\\/#breadcrumb\"},\"inLanguage\":\"nb-NO\",\"potentialAction\":[{\"@type\":\"ReadAction\",\"target\":[\"https:\\\/\\\/emf-consult.com\\\/nettbutikk\\\/vask-av-skjermende-stoff-og-baldakiner\\\/\"]}]},{\"@type\":\"BreadcrumbList\",\"@id\":\"https:\\\/\\\/emf-consult.com\\\/nettbutikk\\\/vask-av-skjermende-stoff-og-baldakiner\\\/#breadcrumb\",\"itemListElement\":[{\"@type\":\"ListItem\",\"position\":1,\"name\":\"Hjem\",\"item\":\"https:\\\/\\\/emf-consult.com\\\/nettbutikk\\\/\"},{\"@type\":\"ListItem\",\"position\":2,\"name\":\"Vask av skjermende stoff og baldakiner\"}]},{\"@type\":\"WebSite\",\"@id\":\"https:\\\/\\\/emf-consult.com\\\/nettbutikk\\\/#website\",\"url\":\"https:\\\/\\\/emf-consult.com\\\/nettbutikk\\\/\",\"name\":\"EMF Consult\",\"description\":\"Nettbutikk - Beskyttelse mot str\u00e5ling\",\"publisher\":{\"@id\":\"https:\\\/\\\/emf-consult.com\\\/nettbutikk\\\/#organization\"},\"potentialAction\":[{\"@type\":\"SearchAction\",\"target\":{\"@type\":\"EntryPoint\",\"urlTemplate\":\"https:\\\/\\\/emf-consult.com\\\/nettbutikk\\\/?s={search_term_string}\"},\"query-input\":{\"@type\":\"PropertyValueSpecification\",\"valueRequired\":true,\"valueName\":\"search_term_string\"}}],\"inLanguage\":\"nb-NO\"},{\"@type\":\"Organization\",\"@id\":\"https:\\\/\\\/emf-consult.com\\\/nettbutikk\\\/#organization\",\"name\":\"EMF Consult AS\",\"url\":\"https:\\\/\\\/emf-consult.com\\\/nettbutikk\\\/\",\"logo\":{\"@type\":\"ImageObject\",\"inLanguage\":\"nb-NO\",\"@id\":\"https:\\\/\\\/emf-consult.com\\\/nettbutikk\\\/#\\\/schema\\\/logo\\\/image\\\/\",\"url\":\"https:\\\/\\\/emf-consult.com\\\/nettbutikk\\\/wp-content\\\/uploads\\\/2022\\\/07\\\/cropped-Favikon-rod-e1658786300694.png\",\"contentUrl\":\"https:\\\/\\\/emf-consult.com\\\/nettbutikk\\\/wp-content\\\/uploads\\\/2022\\\/07\\\/cropped-Favikon-rod-e1658786300694.png\",\"width\":150,\"height\":150,\"caption\":\"EMF Consult AS\"},\"image\":{\"@id\":\"https:\\\/\\\/emf-consult.com\\\/nettbutikk\\\/#\\\/schema\\\/logo\\\/image\\\/\"},\"sameAs\":[\"https:\\\/\\\/www.facebook.com\\\/emfconsult\",\"https:\\\/\\\/www.linkedin.com\\\/company\\\/emf-consult\\\/\"]}]}<\/script>\n<!-- \/ Yoast SEO plugin. -->","yoast_head_json":{"title":"Vask av skjermende stoff og baldakiner - EMF Consult","robots":{"index":"index","follow":"follow","max-snippet":"max-snippet:-1","max-image-preview":"max-image-preview:large","max-video-preview":"max-video-preview:-1"},"canonical":"https:\/\/emf-consult.com\/nettbutikk\/vask-av-skjermende-stoff-og-baldakiner\/","og_locale":"nb_NO","og_type":"article","og_title":"Vask av skjermende stoff og baldakiner - EMF Consult","og_description":"Skjermingstoffer mister noe av sin\u00a0dempende effekt\u00a0under vask. Ettersom det er fortsatt betydelig feilinformasjon om dette, publiserer vi\u00a0her v\u00e5r niende vasketest","og_url":"https:\/\/emf-consult.com\/nettbutikk\/vask-av-skjermende-stoff-og-baldakiner\/","og_site_name":"EMF Consult","article_publisher":"https:\/\/www.facebook.com\/emfconsult","article_modified_time":"2022-02-01T20:34:20+00:00","twitter_card":"summary_large_image","twitter_misc":{"Ansl. lesetid":"2 minutter"},"schema":{"@context":"https:\/\/schema.org","@graph":[{"@type":"WebPage","@id":"https:\/\/emf-consult.com\/nettbutikk\/vask-av-skjermende-stoff-og-baldakiner\/","url":"https:\/\/emf-consult.com\/nettbutikk\/vask-av-skjermende-stoff-og-baldakiner\/","name":"Vask av skjermende stoff og baldakiner - EMF Consult","isPartOf":{"@id":"https:\/\/emf-consult.com\/nettbutikk\/#website"},"datePublished":"2019-11-25T20:48:36+00:00","dateModified":"2022-02-01T20:34:20+00:00","breadcrumb":{"@id":"https:\/\/emf-consult.com\/nettbutikk\/vask-av-skjermende-stoff-og-baldakiner\/#breadcrumb"},"inLanguage":"nb-NO","potentialAction":[{"@type":"ReadAction","target":["https:\/\/emf-consult.com\/nettbutikk\/vask-av-skjermende-stoff-og-baldakiner\/"]}]},{"@type":"BreadcrumbList","@id":"https:\/\/emf-consult.com\/nettbutikk\/vask-av-skjermende-stoff-og-baldakiner\/#breadcrumb","itemListElement":[{"@type":"ListItem","position":1,"name":"Hjem","item":"https:\/\/emf-consult.com\/nettbutikk\/"},{"@type":"ListItem","position":2,"name":"Vask av skjermende stoff og baldakiner"}]},{"@type":"WebSite","@id":"https:\/\/emf-consult.com\/nettbutikk\/#website","url":"https:\/\/emf-consult.com\/nettbutikk\/","name":"EMF Consult","description":"Nettbutikk - Beskyttelse mot str\u00e5ling","publisher":{"@id":"https:\/\/emf-consult.com\/nettbutikk\/#organization"},"potentialAction":[{"@type":"SearchAction","target":{"@type":"EntryPoint","urlTemplate":"https:\/\/emf-consult.com\/nettbutikk\/?s={search_term_string}"},"query-input":{"@type":"PropertyValueSpecification","valueRequired":true,"valueName":"search_term_string"}}],"inLanguage":"nb-NO"},{"@type":"Organization","@id":"https:\/\/emf-consult.com\/nettbutikk\/#organization","name":"EMF Consult AS","url":"https:\/\/emf-consult.com\/nettbutikk\/","logo":{"@type":"ImageObject","inLanguage":"nb-NO","@id":"https:\/\/emf-consult.com\/nettbutikk\/#\/schema\/logo\/image\/","url":"https:\/\/emf-consult.com\/nettbutikk\/wp-content\/uploads\/2022\/07\/cropped-Favikon-rod-e1658786300694.png","contentUrl":"https:\/\/emf-consult.com\/nettbutikk\/wp-content\/uploads\/2022\/07\/cropped-Favikon-rod-e1658786300694.png","width":150,"height":150,"caption":"EMF Consult AS"},"image":{"@id":"https:\/\/emf-consult.com\/nettbutikk\/#\/schema\/logo\/image\/"},"sameAs":["https:\/\/www.facebook.com\/emfconsult","https:\/\/www.linkedin.com\/company\/emf-consult\/"]}]}},"_links":{"self":[{"href":"https:\/\/emf-consult.com\/nettbutikk\/wp-json\/wp\/v2\/pages\/6382","targetHints":{"allow":["GET"]}}],"collection":[{"href":"https:\/\/emf-consult.com\/nettbutikk\/wp-json\/wp\/v2\/pages"}],"about":[{"href":"https:\/\/emf-consult.com\/nettbutikk\/wp-json\/wp\/v2\/types\/page"}],"author":[{"embeddable":true,"href":"https:\/\/emf-consult.com\/nettbutikk\/wp-json\/wp\/v2\/users\/1"}],"replies":[{"embeddable":true,"href":"https:\/\/emf-consult.com\/nettbutikk\/wp-json\/wp\/v2\/comments?post=6382"}],"version-history":[{"count":0,"href":"https:\/\/emf-consult.com\/nettbutikk\/wp-json\/wp\/v2\/pages\/6382\/revisions"}],"wp:attachment":[{"href":"https:\/\/emf-consult.com\/nettbutikk\/wp-json\/wp\/v2\/media?parent=6382"}],"curies":[{"name":"wp","href":"https:\/\/api.w.org\/{rel}","templated":true}]}}