{"id":6375,"date":"2019-11-25T20:37:08","date_gmt":"2019-11-25T20:37:08","guid":{"rendered":"https:\/\/emfconsult.nyside.net\/nettbutikk\/?page_id=6375"},"modified":"2025-03-12T15:05:02","modified_gmt":"2025-03-12T14:05:02","slug":"vare-anbefalte-maleinstrumentpakker","status":"publish","type":"page","link":"https:\/\/emf-consult.com\/nettbutikk\/vare-anbefalte-maleinstrumentpakker\/","title":{"rendered":"V\u00e5re anbefalte m\u00e5leinstrumentpakker"},"content":{"rendered":"<div class=\"wpb-content-wrapper\"><p>[vc_row][vc_column][vc_column_text css=&#8221;&#8221; text_larger=&#8221;no&#8221; woodmart_inline=&#8221;no&#8221;]For noen \u00e5r siden var det enkelt \u00e5 velge instrumenter for m\u00e5ling av elektromagnetiske felt og en kunne f\u00e5 gode instrumenter for et relativt rimelig bel\u00f8p. De senere \u00e5rene har det v\u00e6rt en rivende teknologisk utvikling innen b\u00e5de lavfrekvens- og h\u00f8yfrekvens-omr\u00e5det som gj\u00f8r at vi eksponeres for nye frekvensomr\u00e5der og nye signaltyper i v\u00e5r hverdag. Dette setter h\u00f8yere krav til m\u00e5leinstumentenes kvalitet og kompetansen hos de som skal utf\u00f8re m\u00e5linger.<\/p>\n<p>Vi kjenner alle uttrykket \u00abDet vi ikke ser har vi ikke vondt av\u00bb. Hensikten med m\u00e5leinstrumenter er \u00e5 gj\u00f8re synlig det vi ikke ser. Da m\u00e5 instrumentene detektere de ulike typer str\u00e5ling som vi m\u00f8ter i hverdagen \u2013 det har ingen hensikt \u00e5 bruke instrumenter som ikke gir utslag for visse typer str\u00e5ling, da lurer vi b\u00e5de oss selv og kundene vi m\u00e5ler hos. Men det er ikke tilstrekkelig at instrumentene detekterer str\u00e5lingen vi blir utsatt for. De m\u00e5 ogs\u00e5 gi en riktig m\u00e5leverdi og hjelpe oss \u00e5 identifiser hovedkildene for str\u00e5lingen. De instrumentene som er anbefalt nedenfor (bortsett fra kategorien Privat\/Hjemme bruk) tilfredstiller disse hovedkravene.<\/p>\n<p>Det er ikke alltid s\u00e5 lett \u00e5 finne frem i jungelen av m\u00e5leinstrumenter. Vi har derfor satt sammen &#8220;produktpakker&#8221; som er tilpasset forskjellige brukeres behov. Dette er kun ment som en anbefaling og man kan selvf\u00f8lgelig bare kj\u00f8pe ett instrument om man \u00f8nsker det, eller kombinere alle v\u00e5re instrumenter etter eget \u00f8nske.<\/p>\n<p><em>PS: Klikk p\u00e5 bildet under for en utskriftsvennlig PDF.<\/em><\/p>\n<p><img loading=\"lazy\" decoding=\"async\" class=\" wd-lazy-fade alignnone wp-image-17871 size-full\" src=\"https:\/\/emf-consult.com\/nettbutikk\/wp-content\/themes\/woodmart\/images\/lazy.svg\" data-src=\"https:\/\/emf-consult.com\/nettbutikk\/wp-content\/uploads\/2025\/03\/Anbefalte-malepakker-2025.png\" alt=\"\" width=\"1277\" height=\"740\" srcset=\"\" data-srcset=\"https:\/\/emf-consult.com\/nettbutikk\/wp-content\/uploads\/2025\/03\/Anbefalte-malepakker-2025.png 1277w, https:\/\/emf-consult.com\/nettbutikk\/wp-content\/uploads\/2025\/03\/Anbefalte-malepakker-2025-300x174.png 300w, https:\/\/emf-consult.com\/nettbutikk\/wp-content\/uploads\/2025\/03\/Anbefalte-malepakker-2025-1024x593.png 1024w, https:\/\/emf-consult.com\/nettbutikk\/wp-content\/uploads\/2025\/03\/Anbefalte-malepakker-2025-768x445.png 768w, https:\/\/emf-consult.com\/nettbutikk\/wp-content\/uploads\/2025\/03\/Anbefalte-malepakker-2025-1200x695.png 1200w, https:\/\/emf-consult.com\/nettbutikk\/wp-content\/uploads\/2025\/03\/Anbefalte-malepakker-2025-150x87.png 150w\" sizes=\"auto, (max-width: 1277px) 100vw, 1277px\" \/>[\/vc_column_text][vc_row_inner][vc_column_inner width=&#8221;1\/2&#8243;][vc_column_text]<strong>Forkortelser:<br \/>\n<\/strong>HMS (Helse, Milj\u00f8 og Sikkerhet)<br \/>\nEMF (ElektroMagnetiske Felt)<br \/>\nTCO (Tj\u00e4nstem\u00e4nnens CentralOrganisation)<br \/>\nGSM (Global System for Mobile Communications)<br \/>\nUMTS (Universal Mobile Telecommunications System ) &#8211; 3G standard<br \/>\nCDMA (er navn p\u00e5 en 3G standard brukt av bl.a. ICE)<br \/>\nDVB-T (Digital Video Broadcasting \u2013 Terrestrial)<\/p>\n<p>DAB+ (Digital Audio Broadcasting)<br \/>\nTETRA (TErrestrial Trunked RAdio)[\/vc_column_text][\/vc_column_inner][vc_column_inner width=&#8221;1\/2&#8243;][vc_column_text css=&#8221;.vc_custom_1741788226132{padding-top: 20px !important;}&#8221; woodmart_inline=&#8221;no&#8221; text_larger=&#8221;no&#8221;]LTE (Long Term Evolution) &#8211; 4G standard<br \/>\nNR (New Radio) &#8211; 5G standard<br \/>\nWiMax (Worldwide Interoperability for Microwave Access)<br \/>\nWi-Fi (Wireless Fidelity)<br \/>\nWLAN (Wireless Local Area Network)<br \/>\nDLAN (Direct Local Area Network)<br \/>\nCT1+ (Cordless Telephone)<br \/>\nDECT (Digital Enhanced Cordless Telecommunications)<\/p>\n<p>AMS (Avansert M\u00e5le- og Styringssystem)<br \/>\nRADAR (RAdio Detection And Ranging)[\/vc_column_text][\/vc_column_inner][\/vc_row_inner][\/vc_column][\/vc_row][vc_row][vc_column][vc_separator][\/vc_column][\/vc_row][vc_row][vc_column][vc_column_text text_larger=&#8221;no&#8221;]<\/p>\n<h3 class=\"font_5\">Bakgrunn for anbefaling av &#8220;proff&#8221; instrumentene<\/h3>\n<h4 class=\"font_6\">Lavfrekvens instrumenter:<\/h4>\n<p class=\"font_8\"><strong>Kilder som m\u00e5 kunne m\u00e5les:<\/strong><\/p>\n<ul class=\"font_8\">\n<li>\n<p class=\"font_8\">Jernbane 16,7 Hz, str\u00f8mnettet 50 Hz, 50 Hz overharmoniske, sparep\u00e6rer\/LED, switching str\u00f8mforsyning, induksjon koketopp, ladematter for smarttelefoner \u2013 og etter hvert tr\u00e5dl\u00f8s lading av elbiler.<\/p>\n<\/li>\n<\/ul>\n<p class=\"font_8\"><strong>Frekvensomr\u00e5de for \u00e5 m\u00e5le disse kildene:<\/strong><\/p>\n<ul class=\"font_8\">\n<li>\n<p class=\"font_8\">Minimum\u00a05 Hz \u2013 400 kHz (for \u00e5 kunne m\u00e5le i henhold til <a href=\"http:\/\/tcodevelopment.com\/files\/2013\/04\/TCO-Certified-Displays-6.0.pdf\" target=\"_blank\" rel=\"noopener noreferrer\" data-type=\"external\" data-content=\"http:\/\/tcodevelopment.com\/files\/2013\/04\/TCO-Certified-Displays-6.0.pdf\">TCO Standarden<\/a>)<\/p>\n<\/li>\n<\/ul>\n<p class=\"font_8\"><strong>Identifisering av kilder:<\/strong><\/p>\n<ul class=\"font_8\">\n<li>\n<p class=\"font_8\">Innebygd filter for enkel frekvens-identifisering<\/p>\n<\/li>\n<\/ul>\n<p class=\"font_8\"><strong>M\u00e5lesensor type:<\/strong><\/p>\n<ul class=\"font_8\">\n<li>\n<p class=\"font_8\">Magnetfelt (M-felt) sensor:\u00a0En-akset (ME3951A) eller tre-akset (NFA1000).<\/p>\n<\/li>\n<li>\n<p class=\"font_8\">Elektriske felt (E-felt) sensor:\u00a0En-akset (ME3951A) eller tre-akset (NFA1000).<\/p>\n<\/li>\n<li>\n<p class=\"font_8\">Begge instrumentene kan m\u00e5le b\u00e5de med jord som referanse og potensialfritt.<\/p>\n<\/li>\n<\/ul>\n<p class=\"font_8\"><strong>Kommentar til m\u00e5lesensor:<\/strong><\/p>\n<ul class=\"font_8\">\n<li>\n<p class=\"font_8\">Det er to typer m\u00e5lesensensorer som brukes i lavfrekvens m\u00e5leinstrumenter.<\/p>\n<\/li>\n<li>\n<p class=\"font_8\">De rimeligste instumentene (ME-serien) har m\u00e5lesensorer som m\u00e5ler feltet i en bestemt retning. Disse kalles en-akset instrument. Alle lavfrekvens felt har en retning, og for \u00e5 f\u00e5 korrekt m\u00e5leresutat m\u00e5 en vri og vende p\u00e5 instrumentet slik at det f\u00e5r riktig retning i forhold til feltet som m\u00e5les.<\/p>\n<\/li>\n<li>\n<p class=\"font_8\">De profesjonelle \u2013 og dyrere instrumentene (NFA-serien) har tre-akset m\u00e5lesensor slik at instrumentet selv beregner feltets styrke uavehngig av hvordan en holder instrumentet. Disse instrumentene gir en raskere og sikrere\u00a0innsamling av m\u00e5leresultater og er de eneste som gir mulighet for en fullgod kartelgging av elektriske felt. I tillegg har de loggemulighet slik at en kan foreta langtids registrering av b\u00e5de lavfrekvens data og\/eller data fra et h\u00f8yfrekvens m\u00e5leapparat.<\/p>\n<\/li>\n<\/ul>\n<h4 class=\"font_6\">H\u00f8yfrekvens m\u00e5leinstrumenter<\/h4>\n<p class=\"font_8\"><strong>Kilder som m\u00e5 kunne m\u00e5les:<\/strong><\/p>\n<ul class=\"font_8\">\n<li>\n<p class=\"font_8\">N\u00f8dnettet (TETRA), Digitalt bakkenett (DVB-T), Ice-nett, Mobilnett (GSM900\/1800, UMTS-3G og LTE-4G), Tr\u00e5dl\u00f8se telefoner og Baby Call (DECT), tr\u00e5dl\u00f8st nett (WLAN 2,4 og 5 GHz), radar og andre tr\u00e5l\u00f8se &#8220;duppeditter&#8221;.<\/p>\n<\/li>\n<\/ul>\n<p class=\"font_8\"><strong>Frekvensomr\u00e5de for \u00e5 m\u00e5le disse kildene:<\/strong><\/p>\n<ul class=\"font_8\">\n<li>\n<p class=\"font_8\">Minimum 27 MHz \u2013 6 GHz. Skal du m\u00e5le radar signaler b\u00f8r du velge et instrument som g\u00e5r til 10 GHz<\/p>\n<\/li>\n<\/ul>\n<p class=\"font_8\"><strong>Identifisering av kilder:<\/strong><\/p>\n<ul class=\"font_8\">\n<li>\n<p class=\"font_8\">Separat frekvensfilter (FF6E) for identifisering av kilder<\/p>\n<\/li>\n<\/ul>\n<p class=\"font_8\"><strong>Antenner &#8211; to typer anbefales, begge settene leveres med f\u00f8lgende antenner:<\/strong><\/p>\n<ul class=\"font_8\">\n<li>\n<p class=\"font_8\">Isotrop:\u00a0Egnet for \u00e5 m\u00e5le total str\u00e5ling<\/p>\n<\/li>\n<li>\n<p class=\"font_8\">Logper:\u00a0Egnet for \u00e5 m\u00e5le str\u00e5ling fra en bestemt retning<\/p>\n<\/li>\n<\/ul>\n<p class=\"font_8\"><strong>Kommentar til instrumentvalg:<\/strong><\/p>\n<ul class=\"font_8\">\n<li>\n<p class=\"font_8\">Frekvensomr\u00e5det som m\u00e5 dekkes er s\u00e5 stort at en ender opp med to m\u00e5leinstrumenter, et for frekvensomr\u00e5det 27 MHz \u2013 3,3 GHz og et fra 2,4 GHz &#8211; 10 GHz.<\/p>\n<\/li>\n<li>\n<p class=\"font_8\">Det finnes instrumenter i to kostnadsgrupper. De billigste instrumentene HF35C-serien dekker frekvensomr\u00e5det opp til 6 GHz,\u00a0som betyr at de ikke\u00a0dekker\u00a0bl.a.\u00a0X-band radar fra skip.<\/p>\n<\/li>\n<li>\n<p class=\"font_8\">De mer profesjonelle og dyrere instrumentene (HF59-serien) har egne innstillinger som dekker en st\u00f8rre b\u00e5ndbredde, som er n\u00f8dvendig for m\u00e5ling av UMTS\/LTE mobil-signaler og radar. Med en raskt \u00f8kende utbygging av mobilnettet vil etter hvert UMTS\/LTE-systemene bli bygd ut i hele landet \u2013 og stadig nye frekvensb\u00e5nd tas i bruk for slike signaler. HF59-serien m\u00e5ler slike signaler korrekt, noe som er viktig n\u00e5r en skal m\u00e5le p\u00e5 oppdragsbasis.<\/p>\n<\/li>\n<li>\n<p class=\"font_8\">Isotrop antenne benyttes for \u00e5 f\u00e5 en rask oversikt over total str\u00e5ling p\u00e5 et m\u00e5lepunkt, mens logper antenne benyttes for \u00e5 identifisere retningen som str\u00e5lingen kommer fra. Slik antenne er n\u00f8dvendig ved vurdering av skjerming.<\/p>\n<\/li>\n<li>\n<p class=\"font_8\">Frekvensfilteret (FF6E) er en separat enhet som koples mellom antenne og m\u00e5leinstrumentet og brukes for \u00e5 identifisere str\u00e5lingskilder.<\/p>\n<\/li>\n<\/ul>\n<p>&nbsp;<\/p>\n<p>Sjekk ut v\u00e5re m\u00e5leinstrument i <a href=\"\/nettbutikk\/produktkategori\/malinginstrumenter\/\" target=\"_blank\" rel=\"noopener noreferrer\">NETTBUTIKKEN\u00a0<\/a>[\/vc_column_text][\/vc_column][\/vc_row]<\/p>\n<\/div>","protected":false},"excerpt":{"rendered":"<p>[vc_row][vc_column][vc_column_text css=&#8221;&#8221; text_larger=&#8221;no&#8221; woodmart_inline=&#8221;no&#8221;]For noen \u00e5r siden var det enkelt \u00e5 velge instrumenter for m\u00e5ling av elektromagnetiske felt og en<\/p>\n","protected":false},"author":1,"featured_media":0,"parent":0,"menu_order":0,"comment_status":"closed","ping_status":"closed","template":"","meta":{"footnotes":""},"class_list":["post-6375","page","type-page","status-publish","hentry"],"yoast_head":"<!-- This site is optimized with the Yoast SEO plugin v27.3 - https:\/\/yoast.com\/product\/yoast-seo-wordpress\/ -->\n<title>V\u00e5re anbefalte m\u00e5leinstrumentpakker - EMF Consult<\/title>\n<meta name=\"robots\" content=\"index, follow, max-snippet:-1, max-image-preview:large, max-video-preview:-1\" \/>\n<link rel=\"canonical\" href=\"https:\/\/emf-consult.com\/nettbutikk\/vare-anbefalte-maleinstrumentpakker\/\" \/>\n<meta property=\"og:locale\" content=\"nb_NO\" \/>\n<meta property=\"og:type\" content=\"article\" \/>\n<meta property=\"og:title\" content=\"V\u00e5re anbefalte m\u00e5leinstrumentpakker - EMF Consult\" \/>\n<meta property=\"og:description\" content=\"[vc_row][vc_column][vc_column_text css=&#8221;&#8221; text_larger=&#8221;no&#8221; woodmart_inline=&#8221;no&#8221;]For noen \u00e5r siden var det enkelt \u00e5 velge instrumenter for m\u00e5ling av elektromagnetiske felt og en\" \/>\n<meta property=\"og:url\" content=\"https:\/\/emf-consult.com\/nettbutikk\/vare-anbefalte-maleinstrumentpakker\/\" \/>\n<meta property=\"og:site_name\" content=\"EMF Consult\" \/>\n<meta property=\"article:publisher\" content=\"https:\/\/www.facebook.com\/emfconsult\" \/>\n<meta property=\"article:modified_time\" content=\"2025-03-12T14:05:02+00:00\" \/>\n<meta property=\"og:image\" content=\"https:\/\/emf-consult.com\/nettbutikk\/wp-content\/uploads\/2025\/03\/Anbefalte-malepakker-2025.png\" \/>\n\t<meta property=\"og:image:width\" content=\"1277\" \/>\n\t<meta property=\"og:image:height\" content=\"740\" \/>\n\t<meta property=\"og:image:type\" content=\"image\/png\" \/>\n<meta name=\"twitter:card\" content=\"summary_large_image\" \/>\n<meta name=\"twitter:label1\" content=\"Ansl. lesetid\" \/>\n\t<meta name=\"twitter:data1\" content=\"5 minutter\" \/>\n<script type=\"application\/ld+json\" class=\"yoast-schema-graph\">{\"@context\":\"https:\\\/\\\/schema.org\",\"@graph\":[{\"@type\":\"WebPage\",\"@id\":\"https:\\\/\\\/emf-consult.com\\\/nettbutikk\\\/vare-anbefalte-maleinstrumentpakker\\\/\",\"url\":\"https:\\\/\\\/emf-consult.com\\\/nettbutikk\\\/vare-anbefalte-maleinstrumentpakker\\\/\",\"name\":\"V\u00e5re anbefalte m\u00e5leinstrumentpakker - EMF Consult\",\"isPartOf\":{\"@id\":\"https:\\\/\\\/emf-consult.com\\\/nettbutikk\\\/#website\"},\"primaryImageOfPage\":{\"@id\":\"https:\\\/\\\/emf-consult.com\\\/nettbutikk\\\/vare-anbefalte-maleinstrumentpakker\\\/#primaryimage\"},\"image\":{\"@id\":\"https:\\\/\\\/emf-consult.com\\\/nettbutikk\\\/vare-anbefalte-maleinstrumentpakker\\\/#primaryimage\"},\"thumbnailUrl\":\"https:\\\/\\\/emf-consult.com\\\/nettbutikk\\\/wp-content\\\/uploads\\\/2025\\\/03\\\/Anbefalte-malepakker-2025.png\",\"datePublished\":\"2019-11-25T20:37:08+00:00\",\"dateModified\":\"2025-03-12T14:05:02+00:00\",\"breadcrumb\":{\"@id\":\"https:\\\/\\\/emf-consult.com\\\/nettbutikk\\\/vare-anbefalte-maleinstrumentpakker\\\/#breadcrumb\"},\"inLanguage\":\"nb-NO\",\"potentialAction\":[{\"@type\":\"ReadAction\",\"target\":[\"https:\\\/\\\/emf-consult.com\\\/nettbutikk\\\/vare-anbefalte-maleinstrumentpakker\\\/\"]}]},{\"@type\":\"ImageObject\",\"inLanguage\":\"nb-NO\",\"@id\":\"https:\\\/\\\/emf-consult.com\\\/nettbutikk\\\/vare-anbefalte-maleinstrumentpakker\\\/#primaryimage\",\"url\":\"https:\\\/\\\/emf-consult.com\\\/nettbutikk\\\/wp-content\\\/uploads\\\/2025\\\/03\\\/Anbefalte-malepakker-2025.png\",\"contentUrl\":\"https:\\\/\\\/emf-consult.com\\\/nettbutikk\\\/wp-content\\\/uploads\\\/2025\\\/03\\\/Anbefalte-malepakker-2025.png\",\"width\":1277,\"height\":740,\"caption\":\"m\u00e5lepakker 2025\"},{\"@type\":\"BreadcrumbList\",\"@id\":\"https:\\\/\\\/emf-consult.com\\\/nettbutikk\\\/vare-anbefalte-maleinstrumentpakker\\\/#breadcrumb\",\"itemListElement\":[{\"@type\":\"ListItem\",\"position\":1,\"name\":\"Hjem\",\"item\":\"https:\\\/\\\/emf-consult.com\\\/nettbutikk\\\/\"},{\"@type\":\"ListItem\",\"position\":2,\"name\":\"V\u00e5re anbefalte m\u00e5leinstrumentpakker\"}]},{\"@type\":\"WebSite\",\"@id\":\"https:\\\/\\\/emf-consult.com\\\/nettbutikk\\\/#website\",\"url\":\"https:\\\/\\\/emf-consult.com\\\/nettbutikk\\\/\",\"name\":\"EMF Consult\",\"description\":\"Nettbutikk - Beskyttelse mot str\u00e5ling\",\"publisher\":{\"@id\":\"https:\\\/\\\/emf-consult.com\\\/nettbutikk\\\/#organization\"},\"potentialAction\":[{\"@type\":\"SearchAction\",\"target\":{\"@type\":\"EntryPoint\",\"urlTemplate\":\"https:\\\/\\\/emf-consult.com\\\/nettbutikk\\\/?s={search_term_string}\"},\"query-input\":{\"@type\":\"PropertyValueSpecification\",\"valueRequired\":true,\"valueName\":\"search_term_string\"}}],\"inLanguage\":\"nb-NO\"},{\"@type\":\"Organization\",\"@id\":\"https:\\\/\\\/emf-consult.com\\\/nettbutikk\\\/#organization\",\"name\":\"EMF Consult AS\",\"url\":\"https:\\\/\\\/emf-consult.com\\\/nettbutikk\\\/\",\"logo\":{\"@type\":\"ImageObject\",\"inLanguage\":\"nb-NO\",\"@id\":\"https:\\\/\\\/emf-consult.com\\\/nettbutikk\\\/#\\\/schema\\\/logo\\\/image\\\/\",\"url\":\"https:\\\/\\\/emf-consult.com\\\/nettbutikk\\\/wp-content\\\/uploads\\\/2022\\\/07\\\/cropped-Favikon-rod-e1658786300694.png\",\"contentUrl\":\"https:\\\/\\\/emf-consult.com\\\/nettbutikk\\\/wp-content\\\/uploads\\\/2022\\\/07\\\/cropped-Favikon-rod-e1658786300694.png\",\"width\":150,\"height\":150,\"caption\":\"EMF Consult AS\"},\"image\":{\"@id\":\"https:\\\/\\\/emf-consult.com\\\/nettbutikk\\\/#\\\/schema\\\/logo\\\/image\\\/\"},\"sameAs\":[\"https:\\\/\\\/www.facebook.com\\\/emfconsult\",\"https:\\\/\\\/www.linkedin.com\\\/company\\\/emf-consult\\\/\"]}]}<\/script>\n<!-- \/ Yoast SEO plugin. -->","yoast_head_json":{"title":"V\u00e5re anbefalte m\u00e5leinstrumentpakker - EMF Consult","robots":{"index":"index","follow":"follow","max-snippet":"max-snippet:-1","max-image-preview":"max-image-preview:large","max-video-preview":"max-video-preview:-1"},"canonical":"https:\/\/emf-consult.com\/nettbutikk\/vare-anbefalte-maleinstrumentpakker\/","og_locale":"nb_NO","og_type":"article","og_title":"V\u00e5re anbefalte m\u00e5leinstrumentpakker - EMF Consult","og_description":"[vc_row][vc_column][vc_column_text css=&#8221;&#8221; text_larger=&#8221;no&#8221; woodmart_inline=&#8221;no&#8221;]For noen \u00e5r siden var det enkelt \u00e5 velge instrumenter for m\u00e5ling av elektromagnetiske felt og en","og_url":"https:\/\/emf-consult.com\/nettbutikk\/vare-anbefalte-maleinstrumentpakker\/","og_site_name":"EMF Consult","article_publisher":"https:\/\/www.facebook.com\/emfconsult","article_modified_time":"2025-03-12T14:05:02+00:00","og_image":[{"width":1277,"height":740,"url":"https:\/\/emf-consult.com\/nettbutikk\/wp-content\/uploads\/2025\/03\/Anbefalte-malepakker-2025.png","type":"image\/png"}],"twitter_card":"summary_large_image","twitter_misc":{"Ansl. lesetid":"5 minutter"},"schema":{"@context":"https:\/\/schema.org","@graph":[{"@type":"WebPage","@id":"https:\/\/emf-consult.com\/nettbutikk\/vare-anbefalte-maleinstrumentpakker\/","url":"https:\/\/emf-consult.com\/nettbutikk\/vare-anbefalte-maleinstrumentpakker\/","name":"V\u00e5re anbefalte m\u00e5leinstrumentpakker - EMF Consult","isPartOf":{"@id":"https:\/\/emf-consult.com\/nettbutikk\/#website"},"primaryImageOfPage":{"@id":"https:\/\/emf-consult.com\/nettbutikk\/vare-anbefalte-maleinstrumentpakker\/#primaryimage"},"image":{"@id":"https:\/\/emf-consult.com\/nettbutikk\/vare-anbefalte-maleinstrumentpakker\/#primaryimage"},"thumbnailUrl":"https:\/\/emf-consult.com\/nettbutikk\/wp-content\/uploads\/2025\/03\/Anbefalte-malepakker-2025.png","datePublished":"2019-11-25T20:37:08+00:00","dateModified":"2025-03-12T14:05:02+00:00","breadcrumb":{"@id":"https:\/\/emf-consult.com\/nettbutikk\/vare-anbefalte-maleinstrumentpakker\/#breadcrumb"},"inLanguage":"nb-NO","potentialAction":[{"@type":"ReadAction","target":["https:\/\/emf-consult.com\/nettbutikk\/vare-anbefalte-maleinstrumentpakker\/"]}]},{"@type":"ImageObject","inLanguage":"nb-NO","@id":"https:\/\/emf-consult.com\/nettbutikk\/vare-anbefalte-maleinstrumentpakker\/#primaryimage","url":"https:\/\/emf-consult.com\/nettbutikk\/wp-content\/uploads\/2025\/03\/Anbefalte-malepakker-2025.png","contentUrl":"https:\/\/emf-consult.com\/nettbutikk\/wp-content\/uploads\/2025\/03\/Anbefalte-malepakker-2025.png","width":1277,"height":740,"caption":"m\u00e5lepakker 2025"},{"@type":"BreadcrumbList","@id":"https:\/\/emf-consult.com\/nettbutikk\/vare-anbefalte-maleinstrumentpakker\/#breadcrumb","itemListElement":[{"@type":"ListItem","position":1,"name":"Hjem","item":"https:\/\/emf-consult.com\/nettbutikk\/"},{"@type":"ListItem","position":2,"name":"V\u00e5re anbefalte m\u00e5leinstrumentpakker"}]},{"@type":"WebSite","@id":"https:\/\/emf-consult.com\/nettbutikk\/#website","url":"https:\/\/emf-consult.com\/nettbutikk\/","name":"EMF Consult","description":"Nettbutikk - Beskyttelse mot str\u00e5ling","publisher":{"@id":"https:\/\/emf-consult.com\/nettbutikk\/#organization"},"potentialAction":[{"@type":"SearchAction","target":{"@type":"EntryPoint","urlTemplate":"https:\/\/emf-consult.com\/nettbutikk\/?s={search_term_string}"},"query-input":{"@type":"PropertyValueSpecification","valueRequired":true,"valueName":"search_term_string"}}],"inLanguage":"nb-NO"},{"@type":"Organization","@id":"https:\/\/emf-consult.com\/nettbutikk\/#organization","name":"EMF Consult AS","url":"https:\/\/emf-consult.com\/nettbutikk\/","logo":{"@type":"ImageObject","inLanguage":"nb-NO","@id":"https:\/\/emf-consult.com\/nettbutikk\/#\/schema\/logo\/image\/","url":"https:\/\/emf-consult.com\/nettbutikk\/wp-content\/uploads\/2022\/07\/cropped-Favikon-rod-e1658786300694.png","contentUrl":"https:\/\/emf-consult.com\/nettbutikk\/wp-content\/uploads\/2022\/07\/cropped-Favikon-rod-e1658786300694.png","width":150,"height":150,"caption":"EMF Consult AS"},"image":{"@id":"https:\/\/emf-consult.com\/nettbutikk\/#\/schema\/logo\/image\/"},"sameAs":["https:\/\/www.facebook.com\/emfconsult","https:\/\/www.linkedin.com\/company\/emf-consult\/"]}]}},"_links":{"self":[{"href":"https:\/\/emf-consult.com\/nettbutikk\/wp-json\/wp\/v2\/pages\/6375","targetHints":{"allow":["GET"]}}],"collection":[{"href":"https:\/\/emf-consult.com\/nettbutikk\/wp-json\/wp\/v2\/pages"}],"about":[{"href":"https:\/\/emf-consult.com\/nettbutikk\/wp-json\/wp\/v2\/types\/page"}],"author":[{"embeddable":true,"href":"https:\/\/emf-consult.com\/nettbutikk\/wp-json\/wp\/v2\/users\/1"}],"replies":[{"embeddable":true,"href":"https:\/\/emf-consult.com\/nettbutikk\/wp-json\/wp\/v2\/comments?post=6375"}],"version-history":[{"count":3,"href":"https:\/\/emf-consult.com\/nettbutikk\/wp-json\/wp\/v2\/pages\/6375\/revisions"}],"predecessor-version":[{"id":17874,"href":"https:\/\/emf-consult.com\/nettbutikk\/wp-json\/wp\/v2\/pages\/6375\/revisions\/17874"}],"wp:attachment":[{"href":"https:\/\/emf-consult.com\/nettbutikk\/wp-json\/wp\/v2\/media?parent=6375"}],"curies":[{"name":"wp","href":"https:\/\/api.w.org\/{rel}","templated":true}]}}