{"id":15732,"date":"2023-04-20T09:20:12","date_gmt":"2023-04-20T07:20:12","guid":{"rendered":"https:\/\/emf-consult.com\/nettbutikk\/?page_id=15732"},"modified":"2024-02-19T08:42:40","modified_gmt":"2024-02-19T07:42:40","slug":"destillert-vann-naturens-egen-kilde-til-god-helse","status":"publish","type":"page","link":"https:\/\/emf-consult.com\/nettbutikk\/destillert-vann-naturens-egen-kilde-til-god-helse\/","title":{"rendered":"Destillert vann, naturens egen kilde til god helse!"},"content":{"rendered":"<p>Destillasjon er metoden som brukes for \u00e5 lage helt rent vann. Jordens eget \u00f8kosystem &#8220;destillerer&#8221; overflatevann, ved at vannet fra sj\u00f8er og innsj\u00f8er fordamper og lager skyer som igjen gir fra seg regn. Rent regnvann har gjennom tusener av \u00e5r v\u00e6rt benyttet som drikkevann f\u00f8r luftforurensningen \u00f8dela det rene livgivende vannet. N\u00e5 kan vi derimot etterligne denne prosessen med en destillator og dermed til enhver tid ha tilgang til rent, helsegivende vann uten forurensning \u263a<\/p>\n<p><img loading=\"lazy\" decoding=\"async\" class=\" wd-lazy-fade size-full wp-image-15737 aligncenter\" src=\"https:\/\/emf-consult.com\/nettbutikk\/wp-content\/themes\/woodmart\/images\/lazy.svg\" data-src=\"https:\/\/emf-consult.com\/nettbutikk\/wp-content\/uploads\/2023\/04\/Water-cycle-1.jpg\" alt=\"\" width=\"940\" height=\"478\" srcset=\"\" data-srcset=\"https:\/\/emf-consult.com\/nettbutikk\/wp-content\/uploads\/2023\/04\/Water-cycle-1.jpg 940w, https:\/\/emf-consult.com\/nettbutikk\/wp-content\/uploads\/2023\/04\/Water-cycle-1-300x153.jpg 300w, https:\/\/emf-consult.com\/nettbutikk\/wp-content\/uploads\/2023\/04\/Water-cycle-1-768x391.jpg 768w, https:\/\/emf-consult.com\/nettbutikk\/wp-content\/uploads\/2023\/04\/Water-cycle-1-150x76.jpg 150w\" sizes=\"auto, (max-width: 940px) 100vw, 940px\" \/><\/p>\n<p>Vannet som produseres av v\u00e5re destillatorer blir alltid 99,9 \u2013 100% rent. Ved \u00e5 destillere vannet kan du alts\u00e5 selv produsere vann som er\u00a0<em>veldig<\/em>\u00a0mye renere enn vannet i springen eller noen type vann du f\u00e5r kj\u00f8pt i butikken. I tillegg er det bevist at vann fra destillasjon alltid vil v\u00e6re renere enn fra alle andre former for vannbehandling, inkludert filtrering, UV-behandling eller enkel koking av vannet.<\/p>\n<h2>Hvordan virker en destillator? Hvordan destillere vann?<\/h2>\n<p>I v\u00e5re destillatorer kokes vannet opp i en beholder laget av rustfritt st\u00e5l. Dette medf\u00f8rer i f\u00f8rste rekke at samtlige virus og bakterier drepes. Dampen som dannes n\u00e5r vannet kokes best\u00e5r av rene H<sub>2<\/sub>O-molekyler. Den ledes\u00a0 gjennom en rustfri st\u00e5lspiral hvor den kj\u00f8les ned slik at helt rent, flytende H<sub>2<\/sub>O dannes ved kondensering. Destillatoren har ogs\u00e5 et aktivt kullfilter som fjerner s\u00e5kalte flyktige organiske forbindelser, som har et lavere fordampningspunkt enn vann.\u00a0Prosessen etterlater hele 99,8% av forurensende og giftige stoffer i destillatorens kokekammer. Resten av urenheter fanges opp i kullfilteret, slik at vannet som drypper ut alltid er tiln\u00e6rmet lik 100% rent.<\/p>\n<p><img loading=\"lazy\" decoding=\"async\" class=\" wd-lazy-fade alignnone wp-image-15733 \" src=\"https:\/\/emf-consult.com\/nettbutikk\/wp-content\/themes\/woodmart\/images\/lazy.svg\" data-src=\"https:\/\/emf-consult.com\/nettbutikk\/wp-content\/uploads\/2023\/04\/Collage-2-e1681975918590.png\" alt=\"\" width=\"961\" height=\"355\" srcset=\"\" data-srcset=\"https:\/\/emf-consult.com\/nettbutikk\/wp-content\/uploads\/2023\/04\/Collage-2-e1681975918590.png 999w, https:\/\/emf-consult.com\/nettbutikk\/wp-content\/uploads\/2023\/04\/Collage-2-e1681975918590-300x111.png 300w, https:\/\/emf-consult.com\/nettbutikk\/wp-content\/uploads\/2023\/04\/Collage-2-e1681975918590-768x284.png 768w, https:\/\/emf-consult.com\/nettbutikk\/wp-content\/uploads\/2023\/04\/Collage-2-e1681975918590-150x55.png 150w\" sizes=\"auto, (max-width: 961px) 100vw, 961px\" \/><\/p>\n<p><em>Bildet lengst til h\u00f8yre viser hvor mye \u201cavfallsstoffer\u201d som ligger igjen i bunn av destillator etter \u00e5 ha destillert 25 liter med vann fra springen!<\/em><\/p>\n<p>Det rene vannet anbefales \u00e5\u00a0 oppbevares i \u2013 og drikkes fra \u2013 beholdere laget av glass, da destillert vann l\u00f8ser opp aluminium og mange former for plast n\u00e5r det kommer i kontakt med disse. Og slike partikler skal\u00a0<em>ikke<\/em>\u00a0inn i kroppen v\u00e5r hvis vi \u00f8nsker \u00e5 holde oss friske og raske.<\/p>\n<h2>Hvordan sammenlignes destillering av vann med andre typer vannbehandlig?<\/h2>\n<p>To andre vanlige metoder for rensing av vann er bruk av aktivt kullfilter og omvendt osmose. Av disse to er omvendt osmose den mest effektive teknikken totalt, men tester i laboratorium viser allikevel at destillasjon er\u00a0<em>vesentlig\u00a0<\/em>mer effektivt enn omvendt osmose. Kullfilter er sv\u00e6rt effektivt mot flyktige organiske forbindelser, og slike filtre er en del av v\u00e5re destillatorer.<\/p>\n<p>I laboratorium er det p\u00e5vist at en destillator fra Megahome fjerner 99,9 \u2013 100% av f\u00f8lgende elementer:<\/p>\n<p><strong>Organiske kjemikalier:<\/strong><br \/>\nAntibiotika, gj\u00f8dsel, plantevernmidler, insektmidler, ugressmidler, l\u00f8semidler, veksthormoner.<\/p>\n<p><strong>Uorganiske elementer:<\/strong><br \/>\nAluminium, fosfor, asbest, selen, natrium, fluor, jern, bly, kvikks\u00f8lv, barium, nitrater, kobber, bly, klor, arsenikk, og alle mineraler som lager \u00abhardt vann\u00bb.<\/p>\n<p><strong>Biologiske elementer:<\/strong><br \/>\nVirus, bakterier, parasitter, chryptosporidium, klamydia, giardia m.m.<\/p>\n<p><strong>Radioaktive elementer:<\/strong><br \/>\nRadium, strontium 90 og plutonium.<\/p>\n<h2>PH-verdien p\u00e5 destillert vann<\/h2>\n<p><strong>Q: Hvilken pH er destillert vann?<\/strong><\/p>\n<p>A: pH-verdien til nydestillert vann er n\u00e6r n\u00f8ytral, rundt 5.8. Det kan variere fra 5.7 til 7 etter \u00e5 ha absorbert noe atmosf\u00e6risk CO2.<\/p>\n<p><strong>Q:\u00a0Er destillert vann syre\u00a0eller alkalisk?<\/strong><\/p>\n<p>A: Destillert vann er verken surt eller alkalisk. Uten ioner tilsatt forblir den n\u00f8ytral og favoriserer ikke syrer eller baser.<\/p>\n<p><strong>Sp\u00f8rsm\u00e5l: Hvordan er pH i destillert vann sammenlignet med vann fra springen?<\/strong><\/p>\n<p>A: Vann fra springen har en tendens til \u00e5 v\u00e6re litt surt, med en pH mellom 6.5 og 8.5. Destillert vann er n\u00e6rmere en n\u00f8ytral 7 pH.<\/p>\n<p>&nbsp;<\/p>\n<div class=\"et_pb_testimonial_description_inner\">\n<div class=\"et_pb_testimonial_content\">\n<h3 style=\"text-align: center;\"><em>&#8220;Destillert vann er naturens kraftigste l\u00f8semiddel. Det er den eneste formen for\u00a0 vann <\/em><\/h3>\n<h3 style=\"text-align: center;\"><em>som kan inntas uten at kroppens vev tar skade. Det forskere og <\/em><\/h3>\n<h3 style=\"text-align: center;\"><em>allmennheten aldri har innsett er at mineraler som inntas fra drikkevann <\/em><\/h3>\n<h3 style=\"text-align: center;\"><em>utelukkende er uorganiske mineraler som ikke kan ford\u00f8yes i kroppen. De eneste <\/em><\/h3>\n<h3 style=\"text-align: center;\"><em>mineralene kroppen kan bruke er organiske mineraler fra frukt og gr\u00f8nnsaker. Alle <\/em><\/h3>\n<h3 style=\"text-align: center;\"><em>andre former for mineraler er fremmede stoffer for kroppen og m\u00e5 elimineres.&#8221;<\/em><\/h3>\n<p style=\"text-align: center;\"><strong>DR. ALLEN E. BANIK<\/strong><\/p>\n<\/div>\n<\/div>\n<p class=\"et_pb_testimonial_meta\" style=\"text-align: center;\"><span class=\"et_pb_testimonial_company\">Forfatter av b\u00f8kene &#8220;The choice is Clear &#8221; og &#8220;Your Water and Your Health.&#8221;<\/span><\/p>\n<p>&nbsp;<\/p>\n<div class=\"et_pb_column et_pb_column_1_2 et_pb_column_2 et_pb_css_mix_blend_mode_passthrough\">\n<div class=\"et_pb_module et_pb_text et_pb_text_1 et_pb_text_align_left et_pb_bg_layout_light\">\n<div class=\"et_pb_text_inner\">\n<h1>Kj\u00f8p deg en\u00a0vanndestillator!<\/h1>\n<p><span class=\"et_pb_image_wrap \"><img loading=\"lazy\" decoding=\"async\" class=\" wd-lazy-fade wp-image-254 alignright\" title=\"\" src=\"https:\/\/emf-consult.com\/nettbutikk\/wp-content\/themes\/woodmart\/images\/lazy.svg\" data-src=\"https:\/\/rent-vann.no\/wp-content\/uploads\/2017\/01\/megahome-vann-destillator.jpg\" sizes=\"auto, (max-width: 1853px) 100vw, 1853px\" srcset=\"\" data-srcset=\"https:\/\/rent-vann.no\/wp-content\/uploads\/2017\/01\/megahome-vann-destillator.jpg 1853w, https:\/\/rent-vann.no\/wp-content\/uploads\/2017\/01\/megahome-vann-destillator-510x408.jpg 510w, https:\/\/rent-vann.no\/wp-content\/uploads\/2017\/01\/megahome-vann-destillator-300x240.jpg 300w, https:\/\/rent-vann.no\/wp-content\/uploads\/2017\/01\/megahome-vann-destillator-768x614.jpg 768w, https:\/\/rent-vann.no\/wp-content\/uploads\/2017\/01\/megahome-vann-destillator-1024x819.jpg 1024w, https:\/\/rent-vann.no\/wp-content\/uploads\/2017\/01\/megahome-vann-destillator-1080x864.jpg 1080w\" alt=\"\" width=\"447\" height=\"357\" \/><\/span>En destillator fra Megahome lager 4 liter rent vann per destillasjon. Alt du trenger \u00e5 gj\u00f8re er \u00e5 fylle den opp med vann og sl\u00e5 den p\u00e5. Den ordner resten selv. Maskinen har en innebygget sensor som gj\u00f8r at den automatisk sl\u00e5r seg av n\u00e5r kokekammeret er tomt.<\/p>\n<p>Destillatoren er er sv\u00e6rt enkel \u00e5 ta med seg p\u00e5 reise, f.eks til hytta, eller som h\u00e5ndbagasje p\u00e5 flyet til Syden.<\/p>\n<\/div>\n<\/div>\n<h4 class=\"et_pb_button_module_wrapper et_pb_button_0_wrapper et_pb_button_alignment_left et_pb_module \"><span style=\"color: #ff0000;\"><a style=\"color: #ff0000;\" href=\"https:\/\/emf-consult.com\/nettbutikk\/produkt\/megahome316\/\" target=\"_blank\" rel=\"noopener\">G\u00e5 til nettbutikken<\/a><\/span><\/h4>\n<\/div>\n<div class=\"et_pb_column et_pb_column_1_2 et_pb_column_3 et_pb_css_mix_blend_mode_passthrough et-last-child\">\n<div class=\"et_pb_module et_pb_image et_pb_image_0\"><\/div>\n<\/div>\n","protected":false},"excerpt":{"rendered":"<p>Destillasjon er metoden som brukes for \u00e5 lage helt rent vann. Jordens eget \u00f8kosystem &#8220;destillerer&#8221; overflatevann, ved at vannet fra<\/p>\n","protected":false},"author":1,"featured_media":0,"parent":0,"menu_order":0,"comment_status":"closed","ping_status":"closed","template":"","meta":{"footnotes":""},"class_list":["post-15732","page","type-page","status-publish","hentry"],"yoast_head":"<!-- This site is optimized with the Yoast SEO plugin v27.4 - https:\/\/yoast.com\/product\/yoast-seo-wordpress\/ -->\n<title>Destillert vann, naturens egen kilde til god helse! - EMF Consult<\/title>\n<meta name=\"robots\" content=\"index, follow, max-snippet:-1, max-image-preview:large, max-video-preview:-1\" \/>\n<link rel=\"canonical\" href=\"https:\/\/emf-consult.com\/nettbutikk\/destillert-vann-naturens-egen-kilde-til-god-helse\/\" \/>\n<meta property=\"og:locale\" content=\"nb_NO\" \/>\n<meta property=\"og:type\" content=\"article\" \/>\n<meta property=\"og:title\" content=\"Destillert vann, naturens egen kilde til god helse! - EMF Consult\" \/>\n<meta property=\"og:description\" content=\"Destillasjon er metoden som brukes for \u00e5 lage helt rent vann. Jordens eget \u00f8kosystem &#8220;destillerer&#8221; overflatevann, ved at vannet fra\" \/>\n<meta property=\"og:url\" content=\"https:\/\/emf-consult.com\/nettbutikk\/destillert-vann-naturens-egen-kilde-til-god-helse\/\" \/>\n<meta property=\"og:site_name\" content=\"EMF Consult\" \/>\n<meta property=\"article:publisher\" content=\"https:\/\/www.facebook.com\/emfconsult\" \/>\n<meta property=\"article:modified_time\" content=\"2024-02-19T07:42:40+00:00\" \/>\n<meta property=\"og:image\" content=\"https:\/\/emf-consult.com\/nettbutikk\/wp-content\/uploads\/2023\/04\/Water-cycle-1.jpg\" \/>\n<meta name=\"twitter:card\" content=\"summary_large_image\" \/>\n<meta name=\"twitter:label1\" content=\"Ansl. lesetid\" \/>\n\t<meta name=\"twitter:data1\" content=\"5 minutter\" \/>\n<script type=\"application\/ld+json\" class=\"yoast-schema-graph\">{\"@context\":\"https:\\\/\\\/schema.org\",\"@graph\":[{\"@type\":\"WebPage\",\"@id\":\"https:\\\/\\\/emf-consult.com\\\/nettbutikk\\\/destillert-vann-naturens-egen-kilde-til-god-helse\\\/\",\"url\":\"https:\\\/\\\/emf-consult.com\\\/nettbutikk\\\/destillert-vann-naturens-egen-kilde-til-god-helse\\\/\",\"name\":\"Destillert vann, naturens egen kilde til god helse! - EMF Consult\",\"isPartOf\":{\"@id\":\"https:\\\/\\\/emf-consult.com\\\/nettbutikk\\\/#website\"},\"primaryImageOfPage\":{\"@id\":\"https:\\\/\\\/emf-consult.com\\\/nettbutikk\\\/destillert-vann-naturens-egen-kilde-til-god-helse\\\/#primaryimage\"},\"image\":{\"@id\":\"https:\\\/\\\/emf-consult.com\\\/nettbutikk\\\/destillert-vann-naturens-egen-kilde-til-god-helse\\\/#primaryimage\"},\"thumbnailUrl\":\"https:\\\/\\\/emf-consult.com\\\/nettbutikk\\\/wp-content\\\/uploads\\\/2023\\\/04\\\/Water-cycle-1.jpg\",\"datePublished\":\"2023-04-20T07:20:12+00:00\",\"dateModified\":\"2024-02-19T07:42:40+00:00\",\"breadcrumb\":{\"@id\":\"https:\\\/\\\/emf-consult.com\\\/nettbutikk\\\/destillert-vann-naturens-egen-kilde-til-god-helse\\\/#breadcrumb\"},\"inLanguage\":\"nb-NO\",\"potentialAction\":[{\"@type\":\"ReadAction\",\"target\":[\"https:\\\/\\\/emf-consult.com\\\/nettbutikk\\\/destillert-vann-naturens-egen-kilde-til-god-helse\\\/\"]}]},{\"@type\":\"ImageObject\",\"inLanguage\":\"nb-NO\",\"@id\":\"https:\\\/\\\/emf-consult.com\\\/nettbutikk\\\/destillert-vann-naturens-egen-kilde-til-god-helse\\\/#primaryimage\",\"url\":\"https:\\\/\\\/emf-consult.com\\\/nettbutikk\\\/wp-content\\\/uploads\\\/2023\\\/04\\\/Water-cycle-1.jpg\",\"contentUrl\":\"https:\\\/\\\/emf-consult.com\\\/nettbutikk\\\/wp-content\\\/uploads\\\/2023\\\/04\\\/Water-cycle-1.jpg\",\"width\":940,\"height\":478},{\"@type\":\"BreadcrumbList\",\"@id\":\"https:\\\/\\\/emf-consult.com\\\/nettbutikk\\\/destillert-vann-naturens-egen-kilde-til-god-helse\\\/#breadcrumb\",\"itemListElement\":[{\"@type\":\"ListItem\",\"position\":1,\"name\":\"Hjem\",\"item\":\"https:\\\/\\\/emf-consult.com\\\/nettbutikk\\\/\"},{\"@type\":\"ListItem\",\"position\":2,\"name\":\"Destillert vann, naturens egen kilde til god helse!\"}]},{\"@type\":\"WebSite\",\"@id\":\"https:\\\/\\\/emf-consult.com\\\/nettbutikk\\\/#website\",\"url\":\"https:\\\/\\\/emf-consult.com\\\/nettbutikk\\\/\",\"name\":\"EMF Consult\",\"description\":\"Nettbutikk - Beskyttelse mot str\u00e5ling\",\"publisher\":{\"@id\":\"https:\\\/\\\/emf-consult.com\\\/nettbutikk\\\/#organization\"},\"potentialAction\":[{\"@type\":\"SearchAction\",\"target\":{\"@type\":\"EntryPoint\",\"urlTemplate\":\"https:\\\/\\\/emf-consult.com\\\/nettbutikk\\\/?s={search_term_string}\"},\"query-input\":{\"@type\":\"PropertyValueSpecification\",\"valueRequired\":true,\"valueName\":\"search_term_string\"}}],\"inLanguage\":\"nb-NO\"},{\"@type\":\"Organization\",\"@id\":\"https:\\\/\\\/emf-consult.com\\\/nettbutikk\\\/#organization\",\"name\":\"EMF Consult AS\",\"url\":\"https:\\\/\\\/emf-consult.com\\\/nettbutikk\\\/\",\"logo\":{\"@type\":\"ImageObject\",\"inLanguage\":\"nb-NO\",\"@id\":\"https:\\\/\\\/emf-consult.com\\\/nettbutikk\\\/#\\\/schema\\\/logo\\\/image\\\/\",\"url\":\"https:\\\/\\\/emf-consult.com\\\/nettbutikk\\\/wp-content\\\/uploads\\\/2022\\\/07\\\/cropped-Favikon-rod-e1658786300694.png\",\"contentUrl\":\"https:\\\/\\\/emf-consult.com\\\/nettbutikk\\\/wp-content\\\/uploads\\\/2022\\\/07\\\/cropped-Favikon-rod-e1658786300694.png\",\"width\":150,\"height\":150,\"caption\":\"EMF Consult AS\"},\"image\":{\"@id\":\"https:\\\/\\\/emf-consult.com\\\/nettbutikk\\\/#\\\/schema\\\/logo\\\/image\\\/\"},\"sameAs\":[\"https:\\\/\\\/www.facebook.com\\\/emfconsult\",\"https:\\\/\\\/www.linkedin.com\\\/company\\\/emf-consult\\\/\"]}]}<\/script>\n<!-- \/ Yoast SEO plugin. -->","yoast_head_json":{"title":"Destillert vann, naturens egen kilde til god helse! - EMF Consult","robots":{"index":"index","follow":"follow","max-snippet":"max-snippet:-1","max-image-preview":"max-image-preview:large","max-video-preview":"max-video-preview:-1"},"canonical":"https:\/\/emf-consult.com\/nettbutikk\/destillert-vann-naturens-egen-kilde-til-god-helse\/","og_locale":"nb_NO","og_type":"article","og_title":"Destillert vann, naturens egen kilde til god helse! - EMF Consult","og_description":"Destillasjon er metoden som brukes for \u00e5 lage helt rent vann. Jordens eget \u00f8kosystem &#8220;destillerer&#8221; overflatevann, ved at vannet fra","og_url":"https:\/\/emf-consult.com\/nettbutikk\/destillert-vann-naturens-egen-kilde-til-god-helse\/","og_site_name":"EMF Consult","article_publisher":"https:\/\/www.facebook.com\/emfconsult","article_modified_time":"2024-02-19T07:42:40+00:00","og_image":[{"url":"https:\/\/emf-consult.com\/nettbutikk\/wp-content\/uploads\/2023\/04\/Water-cycle-1.jpg","type":"","width":"","height":""}],"twitter_card":"summary_large_image","twitter_misc":{"Ansl. lesetid":"5 minutter"},"schema":{"@context":"https:\/\/schema.org","@graph":[{"@type":"WebPage","@id":"https:\/\/emf-consult.com\/nettbutikk\/destillert-vann-naturens-egen-kilde-til-god-helse\/","url":"https:\/\/emf-consult.com\/nettbutikk\/destillert-vann-naturens-egen-kilde-til-god-helse\/","name":"Destillert vann, naturens egen kilde til god helse! - EMF Consult","isPartOf":{"@id":"https:\/\/emf-consult.com\/nettbutikk\/#website"},"primaryImageOfPage":{"@id":"https:\/\/emf-consult.com\/nettbutikk\/destillert-vann-naturens-egen-kilde-til-god-helse\/#primaryimage"},"image":{"@id":"https:\/\/emf-consult.com\/nettbutikk\/destillert-vann-naturens-egen-kilde-til-god-helse\/#primaryimage"},"thumbnailUrl":"https:\/\/emf-consult.com\/nettbutikk\/wp-content\/uploads\/2023\/04\/Water-cycle-1.jpg","datePublished":"2023-04-20T07:20:12+00:00","dateModified":"2024-02-19T07:42:40+00:00","breadcrumb":{"@id":"https:\/\/emf-consult.com\/nettbutikk\/destillert-vann-naturens-egen-kilde-til-god-helse\/#breadcrumb"},"inLanguage":"nb-NO","potentialAction":[{"@type":"ReadAction","target":["https:\/\/emf-consult.com\/nettbutikk\/destillert-vann-naturens-egen-kilde-til-god-helse\/"]}]},{"@type":"ImageObject","inLanguage":"nb-NO","@id":"https:\/\/emf-consult.com\/nettbutikk\/destillert-vann-naturens-egen-kilde-til-god-helse\/#primaryimage","url":"https:\/\/emf-consult.com\/nettbutikk\/wp-content\/uploads\/2023\/04\/Water-cycle-1.jpg","contentUrl":"https:\/\/emf-consult.com\/nettbutikk\/wp-content\/uploads\/2023\/04\/Water-cycle-1.jpg","width":940,"height":478},{"@type":"BreadcrumbList","@id":"https:\/\/emf-consult.com\/nettbutikk\/destillert-vann-naturens-egen-kilde-til-god-helse\/#breadcrumb","itemListElement":[{"@type":"ListItem","position":1,"name":"Hjem","item":"https:\/\/emf-consult.com\/nettbutikk\/"},{"@type":"ListItem","position":2,"name":"Destillert vann, naturens egen kilde til god helse!"}]},{"@type":"WebSite","@id":"https:\/\/emf-consult.com\/nettbutikk\/#website","url":"https:\/\/emf-consult.com\/nettbutikk\/","name":"EMF Consult","description":"Nettbutikk - Beskyttelse mot str\u00e5ling","publisher":{"@id":"https:\/\/emf-consult.com\/nettbutikk\/#organization"},"potentialAction":[{"@type":"SearchAction","target":{"@type":"EntryPoint","urlTemplate":"https:\/\/emf-consult.com\/nettbutikk\/?s={search_term_string}"},"query-input":{"@type":"PropertyValueSpecification","valueRequired":true,"valueName":"search_term_string"}}],"inLanguage":"nb-NO"},{"@type":"Organization","@id":"https:\/\/emf-consult.com\/nettbutikk\/#organization","name":"EMF Consult AS","url":"https:\/\/emf-consult.com\/nettbutikk\/","logo":{"@type":"ImageObject","inLanguage":"nb-NO","@id":"https:\/\/emf-consult.com\/nettbutikk\/#\/schema\/logo\/image\/","url":"https:\/\/emf-consult.com\/nettbutikk\/wp-content\/uploads\/2022\/07\/cropped-Favikon-rod-e1658786300694.png","contentUrl":"https:\/\/emf-consult.com\/nettbutikk\/wp-content\/uploads\/2022\/07\/cropped-Favikon-rod-e1658786300694.png","width":150,"height":150,"caption":"EMF Consult AS"},"image":{"@id":"https:\/\/emf-consult.com\/nettbutikk\/#\/schema\/logo\/image\/"},"sameAs":["https:\/\/www.facebook.com\/emfconsult","https:\/\/www.linkedin.com\/company\/emf-consult\/"]}]}},"_links":{"self":[{"href":"https:\/\/emf-consult.com\/nettbutikk\/wp-json\/wp\/v2\/pages\/15732","targetHints":{"allow":["GET"]}}],"collection":[{"href":"https:\/\/emf-consult.com\/nettbutikk\/wp-json\/wp\/v2\/pages"}],"about":[{"href":"https:\/\/emf-consult.com\/nettbutikk\/wp-json\/wp\/v2\/types\/page"}],"author":[{"embeddable":true,"href":"https:\/\/emf-consult.com\/nettbutikk\/wp-json\/wp\/v2\/users\/1"}],"replies":[{"embeddable":true,"href":"https:\/\/emf-consult.com\/nettbutikk\/wp-json\/wp\/v2\/comments?post=15732"}],"version-history":[{"count":1,"href":"https:\/\/emf-consult.com\/nettbutikk\/wp-json\/wp\/v2\/pages\/15732\/revisions"}],"predecessor-version":[{"id":16755,"href":"https:\/\/emf-consult.com\/nettbutikk\/wp-json\/wp\/v2\/pages\/15732\/revisions\/16755"}],"wp:attachment":[{"href":"https:\/\/emf-consult.com\/nettbutikk\/wp-json\/wp\/v2\/media?parent=15732"}],"curies":[{"name":"wp","href":"https:\/\/api.w.org\/{rel}","templated":true}]}}